{"id":11276,"date":"2023-05-03T07:54:31","date_gmt":"2023-05-03T05:54:31","guid":{"rendered":"https:\/\/vinoforever.ee\/?post_type=product&#038;p=11276"},"modified":"2025-11-30T12:31:28","modified_gmt":"2025-11-30T10:31:28","slug":"savian-mybird-bianco-igt-veneto","status":"publish","type":"product","link":"https:\/\/vinoforever.ee\/en\/toode\/savian-mybird-bianco-igt-veneto\/","title":{"rendered":"Savian MyBrid Bianco IGT Veneto"},"content":{"rendered":"<p><strong>Veinist<\/strong>: Mybrid on Saviani veinimaja esimene vein, mis on valmistatud residentsetest\/vasutpidavatest viinamarjadest. P\u00e4rast aastatepikkust \u00f5ppimist ja uurimist\u00f6\u00f6d, on nad saanud esimese aastak\u00e4igu Souvignier Gris, Fleurtai ja Soreli viinamarjadest valmistatud veini. Aastast 2023 kuuluvad nad rahvusvahelisse organisatsiooni PIWI. L\u00fchidalt \u00f6eldes on PIWI organisatsioon, mis tegeleb seenhaigustele residentsete viinamarjasortide aretamisega.<\/p>\n<p><a href=\"https:\/\/piwi-international.org\/en\/\">PIWI International &#8211; Promotion of fungus-resistant grape varieties (piwi-international.org)<\/a><\/p>\n<p>Sildil on k\u00e4sitsi joonistatud poeetiline illustratsioon, mis kujutab metafooriliselt William Saviani unistust: looduskeskkonda, mille peategelaseks on viinamarjaistandused, mis on nagu puu &#8211; tervitab k\u00f5iki elusolendeid, taimi, loomi ja mehi, koht kus elavad k\u00f5ik koos t\u00e4iuslikus tasakaalus.<\/p>\n<p>Vein on \u00f5lgkollase v\u00e4rvusega, millel on rohekad peegeldused. Lopsakalt puuviljase aroomiga, milles tunda melonit, aprikoosi, ananassi, magusaid v\u00fcrtse nagu vanilje, taamal k\u00fcdoonia. Maitselt kuiv puuviljase karakteriga valge vein, milles hea mineraalsus ja struktuur.<\/p>\n<p><strong>Toidusoovitus:<\/strong> Ideaalne kala juurde, samuti karpidega ning delikaatsemate juustude juurde. Kuna vein on lopsakalt puuviljane sobib ideaalselt ka v\u00fcrtsikate toitude k\u00f5rvale.<\/p>\n<p><strong>PS!<\/strong> Pudelil on klaaskork, mida soovitame alles hoida, seda saab korduvalt kasutada, kui soovite avatud veini k\u00fclmikus hoiustada. Klaaskork on teadlik valik, soovitakse pakkuda alternatiivi korgitammest korkidele. Seda k\u00f5ike ikka, selleks, et s\u00e4\u00e4sta loodust.<\/p>\n<p><strong>Auhinnad<\/strong>: Aasta Vein 2024 <a href=\"https:\/\/aastavein.ee\/\">Aasta vein &#8211; Sinu abiline leidmaks parimaid veine Eestis<\/a> &#8211; pronks, mis t\u00e4hendab, et tegu on omas klassis hea veiniga.<\/p>\n<p>Itaalia Veinipidu Haapsalus 2025a. 2.koht<\/p>\n<p><strong>Serveerimis temperatuur:<\/strong> 6-8\u00b0C<\/p>\n<p><strong>Alkoholisisaldus:<\/strong> 12%<\/p>\n<p><strong>Pudeli suurus:<\/strong>\u00a075cl<\/p>\n<p>Mahe sertifitseerimis-\/kontroll asutus: IT-BIO-006 v\u00f5i Istituto per la Certificazione Etica ed Ambientale<\/p>\n","protected":false},"excerpt":{"rendered":"<p>Veinist: Mybrid on Saviani veinimaja esimene vein, mis on valmistatud residentsetest\/vasutpidavatest viinamarjadest. P\u00e4rast aastatepikkust \u00f5ppimist ja uurimist\u00f6\u00f6d, on nad saanud<\/p>\n","protected":false},"featured_media":12418,"comment_status":"open","ping_status":"closed","template":"","meta":[],"product_brand":[],"product_cat":[155,103],"product_tag":[],"class_list":{"0":"post-11276","1":"product","2":"type-product","3":"status-publish","4":"has-post-thumbnail","6":"product_cat-sooduspakkumised","7":"product_cat-valged-veinid","9":"first","10":"instock","11":"sale","12":"taxable","13":"shipping-taxable","14":"purchasable","15":"product-type-simple"},"yoast_head":"<!-- This site is optimized with the Yoast SEO plugin v27.1 - https:\/\/yoast.com\/product\/yoast-seo-wordpress\/ -->\n<title>Savian MyBrid Bianco IGT Veneto - Vinoforever<\/title>\n<meta name=\"description\" content=\"Vinoforever s\u00fcndis soovist pakkuda Eestis kvaliteetseid v\u00e4iksemate tootjate organic veine, teisis\u00f5nu maheveine. Eesti aastavein 2024.\" \/>\n<meta name=\"robots\" content=\"index, follow, max-snippet:-1, max-image-preview:large, max-video-preview:-1\" \/>\n<link rel=\"canonical\" href=\"https:\/\/vinoforever.ee\/en\/toode\/savian-mybird-bianco-igt-veneto\/\" \/>\n<meta property=\"og:locale\" content=\"en_US\" \/>\n<meta property=\"og:type\" content=\"article\" \/>\n<meta property=\"og:title\" content=\"Savian MyBrid Bianco IGT Veneto - Vinoforever\" \/>\n<meta property=\"og:description\" content=\"Vinoforever s\u00fcndis soovist pakkuda Eestis kvaliteetseid v\u00e4iksemate tootjate organic veine, teisis\u00f5nu maheveine. Eesti aastavein 2024.\" \/>\n<meta property=\"og:url\" content=\"https:\/\/vinoforever.ee\/en\/toode\/savian-mybird-bianco-igt-veneto\/\" \/>\n<meta property=\"og:site_name\" content=\"Vinoforever\" \/>\n<meta property=\"article:publisher\" content=\"https:\/\/www.facebook.com\/vinoforever\/\" \/>\n<meta property=\"article:modified_time\" content=\"2025-11-30T10:31:28+00:00\" \/>\n<meta property=\"og:image\" content=\"https:\/\/vinoforever.ee\/wp-content\/uploads\/2023\/01\/MyBrid-bianco-Haapsalu-veinipidu.jpg\" \/>\n\t<meta property=\"og:image:width\" content=\"740\" \/>\n\t<meta property=\"og:image:height\" content=\"740\" \/>\n\t<meta property=\"og:image:type\" content=\"image\/jpeg\" \/>\n<meta name=\"twitter:label1\" content=\"Est. reading time\" \/>\n\t<meta name=\"twitter:data1\" content=\"2 minutes\" \/>\n<script type=\"application\/ld+json\" class=\"yoast-schema-graph\">{\"@context\":\"https:\/\/schema.org\",\"@graph\":[{\"@type\":\"WebPage\",\"@id\":\"https:\/\/vinoforever.ee\/en\/toode\/savian-mybird-bianco-igt-veneto\/\",\"url\":\"https:\/\/vinoforever.ee\/en\/toode\/savian-mybird-bianco-igt-veneto\/\",\"name\":\"Savian MyBrid Bianco IGT Veneto - Vinoforever\",\"isPartOf\":{\"@id\":\"https:\/\/vinoforever.ee\/en\/#website\"},\"primaryImageOfPage\":{\"@id\":\"https:\/\/vinoforever.ee\/en\/toode\/savian-mybird-bianco-igt-veneto\/#primaryimage\"},\"image\":{\"@id\":\"https:\/\/vinoforever.ee\/en\/toode\/savian-mybird-bianco-igt-veneto\/#primaryimage\"},\"thumbnailUrl\":\"https:\/\/vinoforever.ee\/wp-content\/uploads\/2023\/01\/MyBrid-bianco-Haapsalu-veinipidu.jpg\",\"datePublished\":\"2023-05-03T05:54:31+00:00\",\"dateModified\":\"2025-11-30T10:31:28+00:00\",\"description\":\"Vinoforever s\u00fcndis soovist pakkuda Eestis kvaliteetseid v\u00e4iksemate tootjate organic veine, teisis\u00f5nu maheveine. Eesti aastavein 2024.\",\"breadcrumb\":{\"@id\":\"https:\/\/vinoforever.ee\/en\/toode\/savian-mybird-bianco-igt-veneto\/#breadcrumb\"},\"inLanguage\":\"en-US\",\"potentialAction\":[{\"@type\":\"ReadAction\",\"target\":[\"https:\/\/vinoforever.ee\/en\/toode\/savian-mybird-bianco-igt-veneto\/\"]}]},{\"@type\":\"ImageObject\",\"inLanguage\":\"en-US\",\"@id\":\"https:\/\/vinoforever.ee\/en\/toode\/savian-mybird-bianco-igt-veneto\/#primaryimage\",\"url\":\"https:\/\/vinoforever.ee\/wp-content\/uploads\/2023\/01\/MyBrid-bianco-Haapsalu-veinipidu.jpg\",\"contentUrl\":\"https:\/\/vinoforever.ee\/wp-content\/uploads\/2023\/01\/MyBrid-bianco-Haapsalu-veinipidu.jpg\",\"width\":740,\"height\":740},{\"@type\":\"BreadcrumbList\",\"@id\":\"https:\/\/vinoforever.ee\/en\/toode\/savian-mybird-bianco-igt-veneto\/#breadcrumb\",\"itemListElement\":[{\"@type\":\"ListItem\",\"position\":1,\"name\":\"Home\",\"item\":\"https:\/\/vinoforever.ee\/en\/\"},{\"@type\":\"ListItem\",\"position\":2,\"name\":\"Shop\",\"item\":\"https:\/\/vinoforever.ee\/en\/shop\/\"},{\"@type\":\"ListItem\",\"position\":3,\"name\":\"Savian MyBrid Bianco IGT Veneto\"}]},{\"@type\":\"WebSite\",\"@id\":\"https:\/\/vinoforever.ee\/en\/#website\",\"url\":\"https:\/\/vinoforever.ee\/en\/\",\"name\":\"Vinoforever\",\"description\":\"Ainult head veinid\",\"publisher\":{\"@id\":\"https:\/\/vinoforever.ee\/en\/#organization\"},\"alternateName\":\"Mahedad veinid tunnustatud veinimajadelt\",\"potentialAction\":[{\"@type\":\"SearchAction\",\"target\":{\"@type\":\"EntryPoint\",\"urlTemplate\":\"https:\/\/vinoforever.ee\/en\/?s={search_term_string}\"},\"query-input\":{\"@type\":\"PropertyValueSpecification\",\"valueRequired\":true,\"valueName\":\"search_term_string\"}}],\"inLanguage\":\"en-US\"},{\"@type\":\"Organization\",\"@id\":\"https:\/\/vinoforever.ee\/en\/#organization\",\"name\":\"Vinoforever O\u00dc\",\"url\":\"https:\/\/vinoforever.ee\/en\/\",\"logo\":{\"@type\":\"ImageObject\",\"inLanguage\":\"en-US\",\"@id\":\"https:\/\/vinoforever.ee\/en\/#\/schema\/logo\/image\/\",\"url\":\"https:\/\/vinoforever.ee\/wp-content\/uploads\/2023\/01\/VinoForever_logo.png\",\"contentUrl\":\"https:\/\/vinoforever.ee\/wp-content\/uploads\/2023\/01\/VinoForever_logo.png\",\"width\":800,\"height\":300,\"caption\":\"Vinoforever O\u00dc\"},\"image\":{\"@id\":\"https:\/\/vinoforever.ee\/en\/#\/schema\/logo\/image\/\"},\"sameAs\":[\"https:\/\/www.facebook.com\/vinoforever\/\",\"https:\/\/www.instagram.com\/vinoforever_wines\/\"]}]}<\/script>\n<!-- \/ Yoast SEO plugin. -->","yoast_head_json":{"title":"Savian MyBrid Bianco IGT Veneto - Vinoforever","description":"Vinoforever s\u00fcndis soovist pakkuda Eestis kvaliteetseid v\u00e4iksemate tootjate organic veine, teisis\u00f5nu maheveine. Eesti aastavein 2024.","robots":{"index":"index","follow":"follow","max-snippet":"max-snippet:-1","max-image-preview":"max-image-preview:large","max-video-preview":"max-video-preview:-1"},"canonical":"https:\/\/vinoforever.ee\/en\/toode\/savian-mybird-bianco-igt-veneto\/","og_locale":"en_US","og_type":"article","og_title":"Savian MyBrid Bianco IGT Veneto - Vinoforever","og_description":"Vinoforever s\u00fcndis soovist pakkuda Eestis kvaliteetseid v\u00e4iksemate tootjate organic veine, teisis\u00f5nu maheveine. Eesti aastavein 2024.","og_url":"https:\/\/vinoforever.ee\/en\/toode\/savian-mybird-bianco-igt-veneto\/","og_site_name":"Vinoforever","article_publisher":"https:\/\/www.facebook.com\/vinoforever\/","article_modified_time":"2025-11-30T10:31:28+00:00","og_image":[{"width":740,"height":740,"url":"https:\/\/vinoforever.ee\/wp-content\/uploads\/2023\/01\/MyBrid-bianco-Haapsalu-veinipidu.jpg","type":"image\/jpeg"}],"twitter_misc":{"Est. reading time":"2 minutes"},"schema":{"@context":"https:\/\/schema.org","@graph":[{"@type":"WebPage","@id":"https:\/\/vinoforever.ee\/en\/toode\/savian-mybird-bianco-igt-veneto\/","url":"https:\/\/vinoforever.ee\/en\/toode\/savian-mybird-bianco-igt-veneto\/","name":"Savian MyBrid Bianco IGT Veneto - Vinoforever","isPartOf":{"@id":"https:\/\/vinoforever.ee\/en\/#website"},"primaryImageOfPage":{"@id":"https:\/\/vinoforever.ee\/en\/toode\/savian-mybird-bianco-igt-veneto\/#primaryimage"},"image":{"@id":"https:\/\/vinoforever.ee\/en\/toode\/savian-mybird-bianco-igt-veneto\/#primaryimage"},"thumbnailUrl":"https:\/\/vinoforever.ee\/wp-content\/uploads\/2023\/01\/MyBrid-bianco-Haapsalu-veinipidu.jpg","datePublished":"2023-05-03T05:54:31+00:00","dateModified":"2025-11-30T10:31:28+00:00","description":"Vinoforever s\u00fcndis soovist pakkuda Eestis kvaliteetseid v\u00e4iksemate tootjate organic veine, teisis\u00f5nu maheveine. Eesti aastavein 2024.","breadcrumb":{"@id":"https:\/\/vinoforever.ee\/en\/toode\/savian-mybird-bianco-igt-veneto\/#breadcrumb"},"inLanguage":"en-US","potentialAction":[{"@type":"ReadAction","target":["https:\/\/vinoforever.ee\/en\/toode\/savian-mybird-bianco-igt-veneto\/"]}]},{"@type":"ImageObject","inLanguage":"en-US","@id":"https:\/\/vinoforever.ee\/en\/toode\/savian-mybird-bianco-igt-veneto\/#primaryimage","url":"https:\/\/vinoforever.ee\/wp-content\/uploads\/2023\/01\/MyBrid-bianco-Haapsalu-veinipidu.jpg","contentUrl":"https:\/\/vinoforever.ee\/wp-content\/uploads\/2023\/01\/MyBrid-bianco-Haapsalu-veinipidu.jpg","width":740,"height":740},{"@type":"BreadcrumbList","@id":"https:\/\/vinoforever.ee\/en\/toode\/savian-mybird-bianco-igt-veneto\/#breadcrumb","itemListElement":[{"@type":"ListItem","position":1,"name":"Home","item":"https:\/\/vinoforever.ee\/en\/"},{"@type":"ListItem","position":2,"name":"Shop","item":"https:\/\/vinoforever.ee\/en\/shop\/"},{"@type":"ListItem","position":3,"name":"Savian MyBrid Bianco IGT Veneto"}]},{"@type":"WebSite","@id":"https:\/\/vinoforever.ee\/en\/#website","url":"https:\/\/vinoforever.ee\/en\/","name":"Vinoforever","description":"Ainult head veinid","publisher":{"@id":"https:\/\/vinoforever.ee\/en\/#organization"},"alternateName":"Mahedad veinid tunnustatud veinimajadelt","potentialAction":[{"@type":"SearchAction","target":{"@type":"EntryPoint","urlTemplate":"https:\/\/vinoforever.ee\/en\/?s={search_term_string}"},"query-input":{"@type":"PropertyValueSpecification","valueRequired":true,"valueName":"search_term_string"}}],"inLanguage":"en-US"},{"@type":"Organization","@id":"https:\/\/vinoforever.ee\/en\/#organization","name":"Vinoforever O\u00dc","url":"https:\/\/vinoforever.ee\/en\/","logo":{"@type":"ImageObject","inLanguage":"en-US","@id":"https:\/\/vinoforever.ee\/en\/#\/schema\/logo\/image\/","url":"https:\/\/vinoforever.ee\/wp-content\/uploads\/2023\/01\/VinoForever_logo.png","contentUrl":"https:\/\/vinoforever.ee\/wp-content\/uploads\/2023\/01\/VinoForever_logo.png","width":800,"height":300,"caption":"Vinoforever O\u00dc"},"image":{"@id":"https:\/\/vinoforever.ee\/en\/#\/schema\/logo\/image\/"},"sameAs":["https:\/\/www.facebook.com\/vinoforever\/","https:\/\/www.instagram.com\/vinoforever_wines\/"]}]}},"_links":{"self":[{"href":"https:\/\/vinoforever.ee\/en\/wp-json\/wp\/v2\/product\/11276","targetHints":{"allow":["GET"]}}],"collection":[{"href":"https:\/\/vinoforever.ee\/en\/wp-json\/wp\/v2\/product"}],"about":[{"href":"https:\/\/vinoforever.ee\/en\/wp-json\/wp\/v2\/types\/product"}],"replies":[{"embeddable":true,"href":"https:\/\/vinoforever.ee\/en\/wp-json\/wp\/v2\/comments?post=11276"}],"version-history":[{"count":5,"href":"https:\/\/vinoforever.ee\/en\/wp-json\/wp\/v2\/product\/11276\/revisions"}],"predecessor-version":[{"id":12425,"href":"https:\/\/vinoforever.ee\/en\/wp-json\/wp\/v2\/product\/11276\/revisions\/12425"}],"wp:featuredmedia":[{"embeddable":true,"href":"https:\/\/vinoforever.ee\/en\/wp-json\/wp\/v2\/media\/12418"}],"wp:attachment":[{"href":"https:\/\/vinoforever.ee\/en\/wp-json\/wp\/v2\/media?parent=11276"}],"wp:term":[{"taxonomy":"product_brand","embeddable":true,"href":"https:\/\/vinoforever.ee\/en\/wp-json\/wp\/v2\/product_brand?post=11276"},{"taxonomy":"product_cat","embeddable":true,"href":"https:\/\/vinoforever.ee\/en\/wp-json\/wp\/v2\/product_cat?post=11276"},{"taxonomy":"product_tag","embeddable":true,"href":"https:\/\/vinoforever.ee\/en\/wp-json\/wp\/v2\/product_tag?post=11276"}],"curies":[{"name":"wp","href":"https:\/\/api.w.org\/{rel}","templated":true}]}}