{"id":11279,"date":"2023-05-04T15:56:29","date_gmt":"2023-05-04T13:56:29","guid":{"rendered":"https:\/\/vinoforever.ee\/?post_type=product&#038;p=11279"},"modified":"2026-04-02T20:02:48","modified_gmt":"2026-04-02T18:02:48","slug":"savian-ti-amo-vino-rosso","status":"publish","type":"product","link":"https:\/\/vinoforever.ee\/en\/toode\/savian-ti-amo-vino-rosso\/","title":{"rendered":"Ti Amo Vino Rosso Savian"},"content":{"rendered":"<p><strong>Veinist<\/strong>:\u00a0\u201cTi Amo\u201d t\u00f5lkes Ma armastan sind, t\u00e4hendusrikas nimi veinile, mille viinamarjad on p\u00e4rit Saviani vanimatest viinapuuaedadest. Vein, mis soovib meenutada armastust traditsioonide vastu ning armastust tuleviku ja uuenduste vastu.<\/p>\n<p>Vein on v\u00e4rvilt s\u00fcgav rubiinpunane violetse helgiga. Aroomilt lopsakas, esmalt tunda vaarikaid ja murakat, seej\u00e4rel k\u00fcpsetusv\u00fcrtse, milleks on kaneel ja vanilje. Veini klaasis keerutades tunda ka alusmetsa, tubakat, lagritsa ja viiruki noote. Vein on \u00fcle keskmise kehandiga. Heas tasakaalus t\u00e4idlane kuiv punane vein, mille l\u00f5ppmaitses tunda musta kirssi ja lagritsa noote.<\/p>\n<p><strong>Toidusoovitus<\/strong>: Ideaalne grillitud punase liha juurde.<\/p>\n<p><strong>Serveerimis temperatuur:<\/strong>\u00a016-18\u00b0C<\/p>\n<p><strong>Alkoholisisaldus:<\/strong>\u00a012,5%<\/p>\n<p><strong>Pudeli suurus:<\/strong>\u00a075cl<\/p>\n<p>Mahe sertifitseerimis-\/kontroll asutus: IT-BIO-006 v\u00f5i Istituto per la Certificazione Etica ed Ambientale<\/p>\n","protected":false},"excerpt":{"rendered":"<p>&nbsp;<\/p>\n<p>&nbsp;<\/p>\n","protected":false},"featured_media":11341,"comment_status":"open","ping_status":"closed","template":"","meta":[],"product_brand":[],"product_cat":[20],"product_tag":[],"class_list":{"0":"post-11279","1":"product","2":"type-product","3":"status-publish","4":"has-post-thumbnail","6":"product_cat-punased-veinid","8":"first","9":"instock","10":"taxable","11":"shipping-taxable","12":"purchasable","13":"product-type-simple"},"yoast_head":"<!-- This site is optimized with the Yoast SEO plugin v27.1 - https:\/\/yoast.com\/product\/yoast-seo-wordpress\/ -->\n<title>Ti Amo Vino Rosso Savian - Vinoforever<\/title>\n<meta name=\"description\" content=\"\u201cTi Amo\u201d t\u00f5lkes Ma armastan sind. Vein, mis soovib meenutada armastust traditsioonide vastu ning armastust tuleviku ja uuenduste vastu.\" \/>\n<meta name=\"robots\" content=\"index, follow, max-snippet:-1, max-image-preview:large, max-video-preview:-1\" \/>\n<link rel=\"canonical\" href=\"https:\/\/vinoforever.ee\/en\/toode\/savian-ti-amo-vino-rosso\/\" \/>\n<meta property=\"og:locale\" content=\"en_US\" \/>\n<meta property=\"og:type\" content=\"article\" \/>\n<meta property=\"og:title\" content=\"Ti Amo Vino Rosso Savian - Vinoforever\" \/>\n<meta property=\"og:description\" content=\"\u201cTi Amo\u201d t\u00f5lkes Ma armastan sind. Vein, mis soovib meenutada armastust traditsioonide vastu ning armastust tuleviku ja uuenduste vastu.\" \/>\n<meta property=\"og:url\" content=\"https:\/\/vinoforever.ee\/en\/toode\/savian-ti-amo-vino-rosso\/\" \/>\n<meta property=\"og:site_name\" content=\"Vinoforever\" \/>\n<meta property=\"article:publisher\" content=\"https:\/\/www.facebook.com\/vinoforever\/\" \/>\n<meta property=\"article:modified_time\" content=\"2026-04-02T18:02:48+00:00\" \/>\n<meta property=\"og:image\" content=\"https:\/\/vinoforever.ee\/wp-content\/uploads\/2023\/05\/ti-amo-vino-rosso-savian.png.jpg\" \/>\n\t<meta property=\"og:image:width\" content=\"741\" \/>\n\t<meta property=\"og:image:height\" content=\"740\" \/>\n\t<meta property=\"og:image:type\" content=\"image\/jpeg\" \/>\n<meta name=\"twitter:label1\" content=\"Est. reading time\" \/>\n\t<meta name=\"twitter:data1\" content=\"1 minute\" \/>\n<script type=\"application\/ld+json\" class=\"yoast-schema-graph\">{\"@context\":\"https:\/\/schema.org\",\"@graph\":[{\"@type\":\"WebPage\",\"@id\":\"https:\/\/vinoforever.ee\/en\/toode\/savian-ti-amo-vino-rosso\/\",\"url\":\"https:\/\/vinoforever.ee\/en\/toode\/savian-ti-amo-vino-rosso\/\",\"name\":\"Ti Amo Vino Rosso Savian - Vinoforever\",\"isPartOf\":{\"@id\":\"https:\/\/vinoforever.ee\/en\/#website\"},\"primaryImageOfPage\":{\"@id\":\"https:\/\/vinoforever.ee\/en\/toode\/savian-ti-amo-vino-rosso\/#primaryimage\"},\"image\":{\"@id\":\"https:\/\/vinoforever.ee\/en\/toode\/savian-ti-amo-vino-rosso\/#primaryimage\"},\"thumbnailUrl\":\"https:\/\/vinoforever.ee\/wp-content\/uploads\/2023\/05\/ti-amo-vino-rosso-savian.png.jpg\",\"datePublished\":\"2023-05-04T13:56:29+00:00\",\"dateModified\":\"2026-04-02T18:02:48+00:00\",\"description\":\"\u201cTi Amo\u201d t\u00f5lkes Ma armastan sind. Vein, mis soovib meenutada armastust traditsioonide vastu ning armastust tuleviku ja uuenduste vastu.\",\"breadcrumb\":{\"@id\":\"https:\/\/vinoforever.ee\/en\/toode\/savian-ti-amo-vino-rosso\/#breadcrumb\"},\"inLanguage\":\"en-US\",\"potentialAction\":[{\"@type\":\"ReadAction\",\"target\":[\"https:\/\/vinoforever.ee\/en\/toode\/savian-ti-amo-vino-rosso\/\"]}]},{\"@type\":\"ImageObject\",\"inLanguage\":\"en-US\",\"@id\":\"https:\/\/vinoforever.ee\/en\/toode\/savian-ti-amo-vino-rosso\/#primaryimage\",\"url\":\"https:\/\/vinoforever.ee\/wp-content\/uploads\/2023\/05\/ti-amo-vino-rosso-savian.png.jpg\",\"contentUrl\":\"https:\/\/vinoforever.ee\/wp-content\/uploads\/2023\/05\/ti-amo-vino-rosso-savian.png.jpg\",\"width\":741,\"height\":740,\"caption\":\"Ti Amo - punane vein Saviani veinimajast\"},{\"@type\":\"BreadcrumbList\",\"@id\":\"https:\/\/vinoforever.ee\/en\/toode\/savian-ti-amo-vino-rosso\/#breadcrumb\",\"itemListElement\":[{\"@type\":\"ListItem\",\"position\":1,\"name\":\"Home\",\"item\":\"https:\/\/vinoforever.ee\/en\/\"},{\"@type\":\"ListItem\",\"position\":2,\"name\":\"Shop\",\"item\":\"https:\/\/vinoforever.ee\/en\/shop\/\"},{\"@type\":\"ListItem\",\"position\":3,\"name\":\"Ti Amo Vino Rosso Savian\"}]},{\"@type\":\"WebSite\",\"@id\":\"https:\/\/vinoforever.ee\/en\/#website\",\"url\":\"https:\/\/vinoforever.ee\/en\/\",\"name\":\"Vinoforever\",\"description\":\"Ainult head veinid\",\"publisher\":{\"@id\":\"https:\/\/vinoforever.ee\/en\/#organization\"},\"alternateName\":\"Mahedad veinid tunnustatud veinimajadelt\",\"potentialAction\":[{\"@type\":\"SearchAction\",\"target\":{\"@type\":\"EntryPoint\",\"urlTemplate\":\"https:\/\/vinoforever.ee\/en\/?s={search_term_string}\"},\"query-input\":{\"@type\":\"PropertyValueSpecification\",\"valueRequired\":true,\"valueName\":\"search_term_string\"}}],\"inLanguage\":\"en-US\"},{\"@type\":\"Organization\",\"@id\":\"https:\/\/vinoforever.ee\/en\/#organization\",\"name\":\"Vinoforever O\u00dc\",\"url\":\"https:\/\/vinoforever.ee\/en\/\",\"logo\":{\"@type\":\"ImageObject\",\"inLanguage\":\"en-US\",\"@id\":\"https:\/\/vinoforever.ee\/en\/#\/schema\/logo\/image\/\",\"url\":\"https:\/\/vinoforever.ee\/wp-content\/uploads\/2023\/01\/VinoForever_logo.png\",\"contentUrl\":\"https:\/\/vinoforever.ee\/wp-content\/uploads\/2023\/01\/VinoForever_logo.png\",\"width\":800,\"height\":300,\"caption\":\"Vinoforever O\u00dc\"},\"image\":{\"@id\":\"https:\/\/vinoforever.ee\/en\/#\/schema\/logo\/image\/\"},\"sameAs\":[\"https:\/\/www.facebook.com\/vinoforever\/\",\"https:\/\/www.instagram.com\/vinoforever_wines\/\"]}]}<\/script>\n<!-- \/ Yoast SEO plugin. -->","yoast_head_json":{"title":"Ti Amo Vino Rosso Savian - Vinoforever","description":"\u201cTi Amo\u201d t\u00f5lkes Ma armastan sind. Vein, mis soovib meenutada armastust traditsioonide vastu ning armastust tuleviku ja uuenduste vastu.","robots":{"index":"index","follow":"follow","max-snippet":"max-snippet:-1","max-image-preview":"max-image-preview:large","max-video-preview":"max-video-preview:-1"},"canonical":"https:\/\/vinoforever.ee\/en\/toode\/savian-ti-amo-vino-rosso\/","og_locale":"en_US","og_type":"article","og_title":"Ti Amo Vino Rosso Savian - Vinoforever","og_description":"\u201cTi Amo\u201d t\u00f5lkes Ma armastan sind. Vein, mis soovib meenutada armastust traditsioonide vastu ning armastust tuleviku ja uuenduste vastu.","og_url":"https:\/\/vinoforever.ee\/en\/toode\/savian-ti-amo-vino-rosso\/","og_site_name":"Vinoforever","article_publisher":"https:\/\/www.facebook.com\/vinoforever\/","article_modified_time":"2026-04-02T18:02:48+00:00","og_image":[{"width":741,"height":740,"url":"https:\/\/vinoforever.ee\/wp-content\/uploads\/2023\/05\/ti-amo-vino-rosso-savian.png.jpg","type":"image\/jpeg"}],"twitter_misc":{"Est. reading time":"1 minute"},"schema":{"@context":"https:\/\/schema.org","@graph":[{"@type":"WebPage","@id":"https:\/\/vinoforever.ee\/en\/toode\/savian-ti-amo-vino-rosso\/","url":"https:\/\/vinoforever.ee\/en\/toode\/savian-ti-amo-vino-rosso\/","name":"Ti Amo Vino Rosso Savian - Vinoforever","isPartOf":{"@id":"https:\/\/vinoforever.ee\/en\/#website"},"primaryImageOfPage":{"@id":"https:\/\/vinoforever.ee\/en\/toode\/savian-ti-amo-vino-rosso\/#primaryimage"},"image":{"@id":"https:\/\/vinoforever.ee\/en\/toode\/savian-ti-amo-vino-rosso\/#primaryimage"},"thumbnailUrl":"https:\/\/vinoforever.ee\/wp-content\/uploads\/2023\/05\/ti-amo-vino-rosso-savian.png.jpg","datePublished":"2023-05-04T13:56:29+00:00","dateModified":"2026-04-02T18:02:48+00:00","description":"\u201cTi Amo\u201d t\u00f5lkes Ma armastan sind. Vein, mis soovib meenutada armastust traditsioonide vastu ning armastust tuleviku ja uuenduste vastu.","breadcrumb":{"@id":"https:\/\/vinoforever.ee\/en\/toode\/savian-ti-amo-vino-rosso\/#breadcrumb"},"inLanguage":"en-US","potentialAction":[{"@type":"ReadAction","target":["https:\/\/vinoforever.ee\/en\/toode\/savian-ti-amo-vino-rosso\/"]}]},{"@type":"ImageObject","inLanguage":"en-US","@id":"https:\/\/vinoforever.ee\/en\/toode\/savian-ti-amo-vino-rosso\/#primaryimage","url":"https:\/\/vinoforever.ee\/wp-content\/uploads\/2023\/05\/ti-amo-vino-rosso-savian.png.jpg","contentUrl":"https:\/\/vinoforever.ee\/wp-content\/uploads\/2023\/05\/ti-amo-vino-rosso-savian.png.jpg","width":741,"height":740,"caption":"Ti Amo - punane vein Saviani veinimajast"},{"@type":"BreadcrumbList","@id":"https:\/\/vinoforever.ee\/en\/toode\/savian-ti-amo-vino-rosso\/#breadcrumb","itemListElement":[{"@type":"ListItem","position":1,"name":"Home","item":"https:\/\/vinoforever.ee\/en\/"},{"@type":"ListItem","position":2,"name":"Shop","item":"https:\/\/vinoforever.ee\/en\/shop\/"},{"@type":"ListItem","position":3,"name":"Ti Amo Vino Rosso Savian"}]},{"@type":"WebSite","@id":"https:\/\/vinoforever.ee\/en\/#website","url":"https:\/\/vinoforever.ee\/en\/","name":"Vinoforever","description":"Ainult head veinid","publisher":{"@id":"https:\/\/vinoforever.ee\/en\/#organization"},"alternateName":"Mahedad veinid tunnustatud veinimajadelt","potentialAction":[{"@type":"SearchAction","target":{"@type":"EntryPoint","urlTemplate":"https:\/\/vinoforever.ee\/en\/?s={search_term_string}"},"query-input":{"@type":"PropertyValueSpecification","valueRequired":true,"valueName":"search_term_string"}}],"inLanguage":"en-US"},{"@type":"Organization","@id":"https:\/\/vinoforever.ee\/en\/#organization","name":"Vinoforever O\u00dc","url":"https:\/\/vinoforever.ee\/en\/","logo":{"@type":"ImageObject","inLanguage":"en-US","@id":"https:\/\/vinoforever.ee\/en\/#\/schema\/logo\/image\/","url":"https:\/\/vinoforever.ee\/wp-content\/uploads\/2023\/01\/VinoForever_logo.png","contentUrl":"https:\/\/vinoforever.ee\/wp-content\/uploads\/2023\/01\/VinoForever_logo.png","width":800,"height":300,"caption":"Vinoforever O\u00dc"},"image":{"@id":"https:\/\/vinoforever.ee\/en\/#\/schema\/logo\/image\/"},"sameAs":["https:\/\/www.facebook.com\/vinoforever\/","https:\/\/www.instagram.com\/vinoforever_wines\/"]}]}},"_links":{"self":[{"href":"https:\/\/vinoforever.ee\/en\/wp-json\/wp\/v2\/product\/11279","targetHints":{"allow":["GET"]}}],"collection":[{"href":"https:\/\/vinoforever.ee\/en\/wp-json\/wp\/v2\/product"}],"about":[{"href":"https:\/\/vinoforever.ee\/en\/wp-json\/wp\/v2\/types\/product"}],"replies":[{"embeddable":true,"href":"https:\/\/vinoforever.ee\/en\/wp-json\/wp\/v2\/comments?post=11279"}],"version-history":[{"count":5,"href":"https:\/\/vinoforever.ee\/en\/wp-json\/wp\/v2\/product\/11279\/revisions"}],"predecessor-version":[{"id":11344,"href":"https:\/\/vinoforever.ee\/en\/wp-json\/wp\/v2\/product\/11279\/revisions\/11344"}],"wp:featuredmedia":[{"embeddable":true,"href":"https:\/\/vinoforever.ee\/en\/wp-json\/wp\/v2\/media\/11341"}],"wp:attachment":[{"href":"https:\/\/vinoforever.ee\/en\/wp-json\/wp\/v2\/media?parent=11279"}],"wp:term":[{"taxonomy":"product_brand","embeddable":true,"href":"https:\/\/vinoforever.ee\/en\/wp-json\/wp\/v2\/product_brand?post=11279"},{"taxonomy":"product_cat","embeddable":true,"href":"https:\/\/vinoforever.ee\/en\/wp-json\/wp\/v2\/product_cat?post=11279"},{"taxonomy":"product_tag","embeddable":true,"href":"https:\/\/vinoforever.ee\/en\/wp-json\/wp\/v2\/product_tag?post=11279"}],"curies":[{"name":"wp","href":"https:\/\/api.w.org\/{rel}","templated":true}]}}