{"id":11331,"date":"2023-05-04T20:08:23","date_gmt":"2023-05-04T18:08:23","guid":{"rendered":"https:\/\/vinoforever.ee\/?post_type=product&#038;p=11331"},"modified":"2025-11-28T22:09:42","modified_gmt":"2025-11-28T20:09:42","slug":"epc-champagne-blanc-rose","status":"publish","type":"product","link":"https:\/\/vinoforever.ee\/en\/toode\/epc-champagne-blanc-rose\/","title":{"rendered":"EPC Champagne Blanc Ros\u00e8"},"content":{"rendered":"<p><strong>Veinist<\/strong>: V\u00e4rske ros\u00e9, \u00a0tunda punaseid puuvilju \u2013 vaarikaid, maasikaid, granaat\u00f5una ja \u00f5una. Heas tasakaalus \u0161ampanja.<\/p>\n<p>2020a. korje marjadest valmistatud \u0161ampanja, settel k\u00fcpsenud\u00a0 v\u00e4hemalt 19 kuud.<\/p>\n<p>Marjad on p\u00e4rit C\u00f4teaux du S\u00e9zannais. 3h30 rattas\u00f5itu Epernayst l\u00f5unasse.<\/p>\n<p>&nbsp;<\/p>\n<p><strong>Toidusoovitus<\/strong>: graavil\u00f5he roosade marjadega<\/p>\n<p><strong>Serveerimis temperatuur:<\/strong>\u00a0 6-8\u00b0C<\/p>\n<p><strong>Alkoholisisaldus:<\/strong>\u00a012,5%<\/p>\n<p><strong>Pudeli suurus:<\/strong>\u00a075cl<\/p>\n","protected":false},"excerpt":{"rendered":"<p>Veinist: V\u00e4rske ros\u00e9, \u00a0tunda punaseid puuvilju \u2013 vaarikaid, maasikaid, granaat\u00f5una ja \u00f5una. Heas tasakaalus \u0161ampanja. 2020a. korje marjadest valmistatud \u0161ampanja,<\/p>\n","protected":false},"featured_media":11339,"comment_status":"open","ping_status":"closed","template":"","meta":[],"product_brand":[],"product_cat":[123,155,71],"product_tag":[],"class_list":{"0":"post-11331","1":"product","2":"type-product","3":"status-publish","4":"has-post-thumbnail","6":"product_cat-roosad-veinid","7":"product_cat-sooduspakkumised","8":"product_cat-vahuveinid","10":"first","11":"instock","12":"sale","13":"taxable","14":"shipping-taxable","15":"purchasable","16":"product-type-simple"},"yoast_head":"<!-- This site is optimized with the Yoast SEO plugin v27.1 - https:\/\/yoast.com\/product\/yoast-seo-wordpress\/ -->\n<title>EPC Champagne Blanc Ros\u00e8 - Vinoforever<\/title>\n<meta name=\"description\" content=\"EPC Champagne Blanc Ros\u00e8 on heas tasakaalus \u0161ampanja.2020a. korje marjadest valmistatud \u0161ampanja, settel k\u00fcpsenud\u00a0 v\u00e4hemalt 19 kuud.\" \/>\n<meta name=\"robots\" content=\"index, follow, max-snippet:-1, max-image-preview:large, max-video-preview:-1\" \/>\n<link rel=\"canonical\" href=\"https:\/\/vinoforever.ee\/en\/toode\/epc-champagne-blanc-rose\/\" \/>\n<meta property=\"og:locale\" content=\"en_US\" \/>\n<meta property=\"og:type\" content=\"article\" \/>\n<meta property=\"og:title\" content=\"EPC Champagne Blanc Ros\u00e8 - Vinoforever\" \/>\n<meta property=\"og:description\" content=\"EPC Champagne Blanc Ros\u00e8 on heas tasakaalus \u0161ampanja.2020a. korje marjadest valmistatud \u0161ampanja, settel k\u00fcpsenud\u00a0 v\u00e4hemalt 19 kuud.\" \/>\n<meta property=\"og:url\" content=\"https:\/\/vinoforever.ee\/en\/toode\/epc-champagne-blanc-rose\/\" \/>\n<meta property=\"og:site_name\" content=\"Vinoforever\" \/>\n<meta property=\"article:publisher\" content=\"https:\/\/www.facebook.com\/vinoforever\/\" \/>\n<meta property=\"article:modified_time\" content=\"2025-11-28T20:09:42+00:00\" \/>\n<meta property=\"og:image\" content=\"https:\/\/vinoforever.ee\/wp-content\/uploads\/2023\/05\/EPC-Rose.jpg\" \/>\n\t<meta property=\"og:image:width\" content=\"740\" \/>\n\t<meta property=\"og:image:height\" content=\"740\" \/>\n\t<meta property=\"og:image:type\" content=\"image\/jpeg\" \/>\n<meta name=\"twitter:label1\" content=\"Est. reading time\" \/>\n\t<meta name=\"twitter:data1\" content=\"1 minute\" \/>\n<script type=\"application\/ld+json\" class=\"yoast-schema-graph\">{\"@context\":\"https:\/\/schema.org\",\"@graph\":[{\"@type\":\"WebPage\",\"@id\":\"https:\/\/vinoforever.ee\/en\/toode\/epc-champagne-blanc-rose\/\",\"url\":\"https:\/\/vinoforever.ee\/en\/toode\/epc-champagne-blanc-rose\/\",\"name\":\"EPC Champagne Blanc Ros\u00e8 - Vinoforever\",\"isPartOf\":{\"@id\":\"https:\/\/vinoforever.ee\/en\/#website\"},\"primaryImageOfPage\":{\"@id\":\"https:\/\/vinoforever.ee\/en\/toode\/epc-champagne-blanc-rose\/#primaryimage\"},\"image\":{\"@id\":\"https:\/\/vinoforever.ee\/en\/toode\/epc-champagne-blanc-rose\/#primaryimage\"},\"thumbnailUrl\":\"https:\/\/vinoforever.ee\/wp-content\/uploads\/2023\/05\/EPC-Rose.jpg\",\"datePublished\":\"2023-05-04T18:08:23+00:00\",\"dateModified\":\"2025-11-28T20:09:42+00:00\",\"description\":\"EPC Champagne Blanc Ros\u00e8 on heas tasakaalus \u0161ampanja.2020a. korje marjadest valmistatud \u0161ampanja, settel k\u00fcpsenud\u00a0 v\u00e4hemalt 19 kuud.\",\"breadcrumb\":{\"@id\":\"https:\/\/vinoforever.ee\/en\/toode\/epc-champagne-blanc-rose\/#breadcrumb\"},\"inLanguage\":\"en-US\",\"potentialAction\":[{\"@type\":\"ReadAction\",\"target\":[\"https:\/\/vinoforever.ee\/en\/toode\/epc-champagne-blanc-rose\/\"]}]},{\"@type\":\"ImageObject\",\"inLanguage\":\"en-US\",\"@id\":\"https:\/\/vinoforever.ee\/en\/toode\/epc-champagne-blanc-rose\/#primaryimage\",\"url\":\"https:\/\/vinoforever.ee\/wp-content\/uploads\/2023\/05\/EPC-Rose.jpg\",\"contentUrl\":\"https:\/\/vinoforever.ee\/wp-content\/uploads\/2023\/05\/EPC-Rose.jpg\",\"width\":740,\"height\":740,\"caption\":\"EPC Rose shampanja\"},{\"@type\":\"BreadcrumbList\",\"@id\":\"https:\/\/vinoforever.ee\/en\/toode\/epc-champagne-blanc-rose\/#breadcrumb\",\"itemListElement\":[{\"@type\":\"ListItem\",\"position\":1,\"name\":\"Home\",\"item\":\"https:\/\/vinoforever.ee\/en\/\"},{\"@type\":\"ListItem\",\"position\":2,\"name\":\"Shop\",\"item\":\"https:\/\/vinoforever.ee\/en\/shop\/\"},{\"@type\":\"ListItem\",\"position\":3,\"name\":\"EPC Champagne Blanc Ros\u00e8\"}]},{\"@type\":\"WebSite\",\"@id\":\"https:\/\/vinoforever.ee\/en\/#website\",\"url\":\"https:\/\/vinoforever.ee\/en\/\",\"name\":\"Vinoforever\",\"description\":\"Ainult head veinid\",\"publisher\":{\"@id\":\"https:\/\/vinoforever.ee\/en\/#organization\"},\"alternateName\":\"Mahedad veinid tunnustatud veinimajadelt\",\"potentialAction\":[{\"@type\":\"SearchAction\",\"target\":{\"@type\":\"EntryPoint\",\"urlTemplate\":\"https:\/\/vinoforever.ee\/en\/?s={search_term_string}\"},\"query-input\":{\"@type\":\"PropertyValueSpecification\",\"valueRequired\":true,\"valueName\":\"search_term_string\"}}],\"inLanguage\":\"en-US\"},{\"@type\":\"Organization\",\"@id\":\"https:\/\/vinoforever.ee\/en\/#organization\",\"name\":\"Vinoforever O\u00dc\",\"url\":\"https:\/\/vinoforever.ee\/en\/\",\"logo\":{\"@type\":\"ImageObject\",\"inLanguage\":\"en-US\",\"@id\":\"https:\/\/vinoforever.ee\/en\/#\/schema\/logo\/image\/\",\"url\":\"https:\/\/vinoforever.ee\/wp-content\/uploads\/2023\/01\/VinoForever_logo.png\",\"contentUrl\":\"https:\/\/vinoforever.ee\/wp-content\/uploads\/2023\/01\/VinoForever_logo.png\",\"width\":800,\"height\":300,\"caption\":\"Vinoforever O\u00dc\"},\"image\":{\"@id\":\"https:\/\/vinoforever.ee\/en\/#\/schema\/logo\/image\/\"},\"sameAs\":[\"https:\/\/www.facebook.com\/vinoforever\/\",\"https:\/\/www.instagram.com\/vinoforever_wines\/\"]}]}<\/script>\n<!-- \/ Yoast SEO plugin. -->","yoast_head_json":{"title":"EPC Champagne Blanc Ros\u00e8 - Vinoforever","description":"EPC Champagne Blanc Ros\u00e8 on heas tasakaalus \u0161ampanja.2020a. korje marjadest valmistatud \u0161ampanja, settel k\u00fcpsenud\u00a0 v\u00e4hemalt 19 kuud.","robots":{"index":"index","follow":"follow","max-snippet":"max-snippet:-1","max-image-preview":"max-image-preview:large","max-video-preview":"max-video-preview:-1"},"canonical":"https:\/\/vinoforever.ee\/en\/toode\/epc-champagne-blanc-rose\/","og_locale":"en_US","og_type":"article","og_title":"EPC Champagne Blanc Ros\u00e8 - Vinoforever","og_description":"EPC Champagne Blanc Ros\u00e8 on heas tasakaalus \u0161ampanja.2020a. korje marjadest valmistatud \u0161ampanja, settel k\u00fcpsenud\u00a0 v\u00e4hemalt 19 kuud.","og_url":"https:\/\/vinoforever.ee\/en\/toode\/epc-champagne-blanc-rose\/","og_site_name":"Vinoforever","article_publisher":"https:\/\/www.facebook.com\/vinoforever\/","article_modified_time":"2025-11-28T20:09:42+00:00","og_image":[{"width":740,"height":740,"url":"https:\/\/vinoforever.ee\/wp-content\/uploads\/2023\/05\/EPC-Rose.jpg","type":"image\/jpeg"}],"twitter_misc":{"Est. reading time":"1 minute"},"schema":{"@context":"https:\/\/schema.org","@graph":[{"@type":"WebPage","@id":"https:\/\/vinoforever.ee\/en\/toode\/epc-champagne-blanc-rose\/","url":"https:\/\/vinoforever.ee\/en\/toode\/epc-champagne-blanc-rose\/","name":"EPC Champagne Blanc Ros\u00e8 - Vinoforever","isPartOf":{"@id":"https:\/\/vinoforever.ee\/en\/#website"},"primaryImageOfPage":{"@id":"https:\/\/vinoforever.ee\/en\/toode\/epc-champagne-blanc-rose\/#primaryimage"},"image":{"@id":"https:\/\/vinoforever.ee\/en\/toode\/epc-champagne-blanc-rose\/#primaryimage"},"thumbnailUrl":"https:\/\/vinoforever.ee\/wp-content\/uploads\/2023\/05\/EPC-Rose.jpg","datePublished":"2023-05-04T18:08:23+00:00","dateModified":"2025-11-28T20:09:42+00:00","description":"EPC Champagne Blanc Ros\u00e8 on heas tasakaalus \u0161ampanja.2020a. korje marjadest valmistatud \u0161ampanja, settel k\u00fcpsenud\u00a0 v\u00e4hemalt 19 kuud.","breadcrumb":{"@id":"https:\/\/vinoforever.ee\/en\/toode\/epc-champagne-blanc-rose\/#breadcrumb"},"inLanguage":"en-US","potentialAction":[{"@type":"ReadAction","target":["https:\/\/vinoforever.ee\/en\/toode\/epc-champagne-blanc-rose\/"]}]},{"@type":"ImageObject","inLanguage":"en-US","@id":"https:\/\/vinoforever.ee\/en\/toode\/epc-champagne-blanc-rose\/#primaryimage","url":"https:\/\/vinoforever.ee\/wp-content\/uploads\/2023\/05\/EPC-Rose.jpg","contentUrl":"https:\/\/vinoforever.ee\/wp-content\/uploads\/2023\/05\/EPC-Rose.jpg","width":740,"height":740,"caption":"EPC Rose shampanja"},{"@type":"BreadcrumbList","@id":"https:\/\/vinoforever.ee\/en\/toode\/epc-champagne-blanc-rose\/#breadcrumb","itemListElement":[{"@type":"ListItem","position":1,"name":"Home","item":"https:\/\/vinoforever.ee\/en\/"},{"@type":"ListItem","position":2,"name":"Shop","item":"https:\/\/vinoforever.ee\/en\/shop\/"},{"@type":"ListItem","position":3,"name":"EPC Champagne Blanc Ros\u00e8"}]},{"@type":"WebSite","@id":"https:\/\/vinoforever.ee\/en\/#website","url":"https:\/\/vinoforever.ee\/en\/","name":"Vinoforever","description":"Ainult head veinid","publisher":{"@id":"https:\/\/vinoforever.ee\/en\/#organization"},"alternateName":"Mahedad veinid tunnustatud veinimajadelt","potentialAction":[{"@type":"SearchAction","target":{"@type":"EntryPoint","urlTemplate":"https:\/\/vinoforever.ee\/en\/?s={search_term_string}"},"query-input":{"@type":"PropertyValueSpecification","valueRequired":true,"valueName":"search_term_string"}}],"inLanguage":"en-US"},{"@type":"Organization","@id":"https:\/\/vinoforever.ee\/en\/#organization","name":"Vinoforever O\u00dc","url":"https:\/\/vinoforever.ee\/en\/","logo":{"@type":"ImageObject","inLanguage":"en-US","@id":"https:\/\/vinoforever.ee\/en\/#\/schema\/logo\/image\/","url":"https:\/\/vinoforever.ee\/wp-content\/uploads\/2023\/01\/VinoForever_logo.png","contentUrl":"https:\/\/vinoforever.ee\/wp-content\/uploads\/2023\/01\/VinoForever_logo.png","width":800,"height":300,"caption":"Vinoforever O\u00dc"},"image":{"@id":"https:\/\/vinoforever.ee\/en\/#\/schema\/logo\/image\/"},"sameAs":["https:\/\/www.facebook.com\/vinoforever\/","https:\/\/www.instagram.com\/vinoforever_wines\/"]}]}},"_links":{"self":[{"href":"https:\/\/vinoforever.ee\/en\/wp-json\/wp\/v2\/product\/11331","targetHints":{"allow":["GET"]}}],"collection":[{"href":"https:\/\/vinoforever.ee\/en\/wp-json\/wp\/v2\/product"}],"about":[{"href":"https:\/\/vinoforever.ee\/en\/wp-json\/wp\/v2\/types\/product"}],"replies":[{"embeddable":true,"href":"https:\/\/vinoforever.ee\/en\/wp-json\/wp\/v2\/comments?post=11331"}],"version-history":[{"count":1,"href":"https:\/\/vinoforever.ee\/en\/wp-json\/wp\/v2\/product\/11331\/revisions"}],"predecessor-version":[{"id":11332,"href":"https:\/\/vinoforever.ee\/en\/wp-json\/wp\/v2\/product\/11331\/revisions\/11332"}],"wp:featuredmedia":[{"embeddable":true,"href":"https:\/\/vinoforever.ee\/en\/wp-json\/wp\/v2\/media\/11339"}],"wp:attachment":[{"href":"https:\/\/vinoforever.ee\/en\/wp-json\/wp\/v2\/media?parent=11331"}],"wp:term":[{"taxonomy":"product_brand","embeddable":true,"href":"https:\/\/vinoforever.ee\/en\/wp-json\/wp\/v2\/product_brand?post=11331"},{"taxonomy":"product_cat","embeddable":true,"href":"https:\/\/vinoforever.ee\/en\/wp-json\/wp\/v2\/product_cat?post=11331"},{"taxonomy":"product_tag","embeddable":true,"href":"https:\/\/vinoforever.ee\/en\/wp-json\/wp\/v2\/product_tag?post=11331"}],"curies":[{"name":"wp","href":"https:\/\/api.w.org\/{rel}","templated":true}]}}