{"id":11333,"date":"2023-05-04T20:21:06","date_gmt":"2023-05-04T18:21:06","guid":{"rendered":"https:\/\/vinoforever.ee\/?post_type=product&#038;p=11333"},"modified":"2025-12-13T09:34:07","modified_gmt":"2025-12-13T07:34:07","slug":"epc-champagne-premier-cru-brut","status":"publish","type":"product","link":"https:\/\/vinoforever.ee\/en\/toode\/epc-champagne-premier-cru-brut\/","title":{"rendered":"EPC Champagne Premier Cru Brut"},"content":{"rendered":"<p><strong>Veinist<\/strong>: Brioche ja kuivatatud puuviljade aroomid toovad sellesse Premier Cru Champagnesse kauni kompleksi. V\u00e4rske, tunda tsitrustenoote, r\u00f6stisust.<\/p>\n<p>40% on 2015a korje marjad ja 60% on reservvein, settle k\u00fcpsenud v\u00e4hemalt 75 kuud.<\/p>\n<p>Marjad on p\u00e4rit j\u00e4rgmistest aedadest:\u00a0 Terroirs de la C\u00f4te des Blancs, Montagne de Reims and Vall\u00e9e de la Marne.<\/p>\n<p>&nbsp;<\/p>\n<p><strong>Toidusoovitus<\/strong>: kaheksajalg k\u00fc\u00fcslaugu ja sidruniga, viigimarjatart.<\/p>\n<p><strong>Serveerimis temperatuur:<\/strong>\u00a0 8-10\u00b0C<\/p>\n<p><strong>Alkoholisisaldus:<\/strong>\u00a012,5%<\/p>\n<p><strong>Pudeli suurus:<\/strong>\u00a075cl<\/p>\n","protected":false},"excerpt":{"rendered":"<p>Veinist: Brioche ja kuivatatud puuviljade aroomid toovad sellesse Premier Cru Champagnesse kauni kompleksi. V\u00e4rske, tunda tsitrustenoote, r\u00f6stisust. 40% on 2015a<\/p>\n","protected":false},"featured_media":11345,"comment_status":"open","ping_status":"closed","template":"","meta":[],"product_brand":[],"product_cat":[155,71],"product_tag":[],"class_list":{"0":"post-11333","1":"product","2":"type-product","3":"status-publish","4":"has-post-thumbnail","6":"product_cat-sooduspakkumised","7":"product_cat-vahuveinid","9":"first","10":"instock","11":"sale","12":"taxable","13":"shipping-taxable","14":"purchasable","15":"product-type-simple"},"yoast_head":"<!-- This site is optimized with the Yoast SEO plugin v27.1 - https:\/\/yoast.com\/product\/yoast-seo-wordpress\/ -->\n<title>EPC Champagne Premier Cru Brut - Vinoforever<\/title>\n<meta name=\"description\" content=\"Vinoforever s\u00fcndis soovist pakkuda Eestis kvaliteetseid v\u00e4iksemate tootjate organic veine, teisis\u00f5nu maheveine.\" \/>\n<meta name=\"robots\" content=\"index, follow, max-snippet:-1, max-image-preview:large, max-video-preview:-1\" \/>\n<link rel=\"canonical\" href=\"https:\/\/vinoforever.ee\/en\/toode\/epc-champagne-premier-cru-brut\/\" \/>\n<meta property=\"og:locale\" content=\"en_US\" \/>\n<meta property=\"og:type\" content=\"article\" \/>\n<meta property=\"og:title\" content=\"EPC Champagne Premier Cru Brut - Vinoforever\" \/>\n<meta property=\"og:description\" content=\"Vinoforever s\u00fcndis soovist pakkuda Eestis kvaliteetseid v\u00e4iksemate tootjate organic veine, teisis\u00f5nu maheveine.\" \/>\n<meta property=\"og:url\" content=\"https:\/\/vinoforever.ee\/en\/toode\/epc-champagne-premier-cru-brut\/\" \/>\n<meta property=\"og:site_name\" content=\"Vinoforever\" \/>\n<meta property=\"article:publisher\" content=\"https:\/\/www.facebook.com\/vinoforever\/\" \/>\n<meta property=\"article:modified_time\" content=\"2025-12-13T07:34:07+00:00\" \/>\n<meta property=\"og:image\" content=\"https:\/\/vinoforever.ee\/wp-content\/uploads\/2023\/05\/EPC-Premier-Cru.jpg\" \/>\n\t<meta property=\"og:image:width\" content=\"740\" \/>\n\t<meta property=\"og:image:height\" content=\"740\" \/>\n\t<meta property=\"og:image:type\" content=\"image\/jpeg\" \/>\n<meta name=\"twitter:label1\" content=\"Est. reading time\" \/>\n\t<meta name=\"twitter:data1\" content=\"1 minute\" \/>\n<script type=\"application\/ld+json\" class=\"yoast-schema-graph\">{\"@context\":\"https:\/\/schema.org\",\"@graph\":[{\"@type\":\"WebPage\",\"@id\":\"https:\/\/vinoforever.ee\/en\/toode\/epc-champagne-premier-cru-brut\/\",\"url\":\"https:\/\/vinoforever.ee\/en\/toode\/epc-champagne-premier-cru-brut\/\",\"name\":\"EPC Champagne Premier Cru Brut - Vinoforever\",\"isPartOf\":{\"@id\":\"https:\/\/vinoforever.ee\/en\/#website\"},\"primaryImageOfPage\":{\"@id\":\"https:\/\/vinoforever.ee\/en\/toode\/epc-champagne-premier-cru-brut\/#primaryimage\"},\"image\":{\"@id\":\"https:\/\/vinoforever.ee\/en\/toode\/epc-champagne-premier-cru-brut\/#primaryimage\"},\"thumbnailUrl\":\"https:\/\/vinoforever.ee\/wp-content\/uploads\/2023\/05\/EPC-Premier-Cru.jpg\",\"datePublished\":\"2023-05-04T18:21:06+00:00\",\"dateModified\":\"2025-12-13T07:34:07+00:00\",\"description\":\"Vinoforever s\u00fcndis soovist pakkuda Eestis kvaliteetseid v\u00e4iksemate tootjate organic veine, teisis\u00f5nu maheveine.\",\"breadcrumb\":{\"@id\":\"https:\/\/vinoforever.ee\/en\/toode\/epc-champagne-premier-cru-brut\/#breadcrumb\"},\"inLanguage\":\"en-US\",\"potentialAction\":[{\"@type\":\"ReadAction\",\"target\":[\"https:\/\/vinoforever.ee\/en\/toode\/epc-champagne-premier-cru-brut\/\"]}]},{\"@type\":\"ImageObject\",\"inLanguage\":\"en-US\",\"@id\":\"https:\/\/vinoforever.ee\/en\/toode\/epc-champagne-premier-cru-brut\/#primaryimage\",\"url\":\"https:\/\/vinoforever.ee\/wp-content\/uploads\/2023\/05\/EPC-Premier-Cru.jpg\",\"contentUrl\":\"https:\/\/vinoforever.ee\/wp-content\/uploads\/2023\/05\/EPC-Premier-Cru.jpg\",\"width\":740,\"height\":740,\"caption\":\"EPC Champagne Premier Cru Brut\"},{\"@type\":\"BreadcrumbList\",\"@id\":\"https:\/\/vinoforever.ee\/en\/toode\/epc-champagne-premier-cru-brut\/#breadcrumb\",\"itemListElement\":[{\"@type\":\"ListItem\",\"position\":1,\"name\":\"Home\",\"item\":\"https:\/\/vinoforever.ee\/en\/\"},{\"@type\":\"ListItem\",\"position\":2,\"name\":\"Shop\",\"item\":\"https:\/\/vinoforever.ee\/en\/shop\/\"},{\"@type\":\"ListItem\",\"position\":3,\"name\":\"EPC Champagne Premier Cru Brut\"}]},{\"@type\":\"WebSite\",\"@id\":\"https:\/\/vinoforever.ee\/en\/#website\",\"url\":\"https:\/\/vinoforever.ee\/en\/\",\"name\":\"Vinoforever\",\"description\":\"Ainult head veinid\",\"publisher\":{\"@id\":\"https:\/\/vinoforever.ee\/en\/#organization\"},\"alternateName\":\"Mahedad veinid tunnustatud veinimajadelt\",\"potentialAction\":[{\"@type\":\"SearchAction\",\"target\":{\"@type\":\"EntryPoint\",\"urlTemplate\":\"https:\/\/vinoforever.ee\/en\/?s={search_term_string}\"},\"query-input\":{\"@type\":\"PropertyValueSpecification\",\"valueRequired\":true,\"valueName\":\"search_term_string\"}}],\"inLanguage\":\"en-US\"},{\"@type\":\"Organization\",\"@id\":\"https:\/\/vinoforever.ee\/en\/#organization\",\"name\":\"Vinoforever O\u00dc\",\"url\":\"https:\/\/vinoforever.ee\/en\/\",\"logo\":{\"@type\":\"ImageObject\",\"inLanguage\":\"en-US\",\"@id\":\"https:\/\/vinoforever.ee\/en\/#\/schema\/logo\/image\/\",\"url\":\"https:\/\/vinoforever.ee\/wp-content\/uploads\/2023\/01\/VinoForever_logo.png\",\"contentUrl\":\"https:\/\/vinoforever.ee\/wp-content\/uploads\/2023\/01\/VinoForever_logo.png\",\"width\":800,\"height\":300,\"caption\":\"Vinoforever O\u00dc\"},\"image\":{\"@id\":\"https:\/\/vinoforever.ee\/en\/#\/schema\/logo\/image\/\"},\"sameAs\":[\"https:\/\/www.facebook.com\/vinoforever\/\",\"https:\/\/www.instagram.com\/vinoforever_wines\/\"]}]}<\/script>\n<!-- \/ Yoast SEO plugin. -->","yoast_head_json":{"title":"EPC Champagne Premier Cru Brut - Vinoforever","description":"Vinoforever s\u00fcndis soovist pakkuda Eestis kvaliteetseid v\u00e4iksemate tootjate organic veine, teisis\u00f5nu maheveine.","robots":{"index":"index","follow":"follow","max-snippet":"max-snippet:-1","max-image-preview":"max-image-preview:large","max-video-preview":"max-video-preview:-1"},"canonical":"https:\/\/vinoforever.ee\/en\/toode\/epc-champagne-premier-cru-brut\/","og_locale":"en_US","og_type":"article","og_title":"EPC Champagne Premier Cru Brut - Vinoforever","og_description":"Vinoforever s\u00fcndis soovist pakkuda Eestis kvaliteetseid v\u00e4iksemate tootjate organic veine, teisis\u00f5nu maheveine.","og_url":"https:\/\/vinoforever.ee\/en\/toode\/epc-champagne-premier-cru-brut\/","og_site_name":"Vinoforever","article_publisher":"https:\/\/www.facebook.com\/vinoforever\/","article_modified_time":"2025-12-13T07:34:07+00:00","og_image":[{"width":740,"height":740,"url":"https:\/\/vinoforever.ee\/wp-content\/uploads\/2023\/05\/EPC-Premier-Cru.jpg","type":"image\/jpeg"}],"twitter_misc":{"Est. reading time":"1 minute"},"schema":{"@context":"https:\/\/schema.org","@graph":[{"@type":"WebPage","@id":"https:\/\/vinoforever.ee\/en\/toode\/epc-champagne-premier-cru-brut\/","url":"https:\/\/vinoforever.ee\/en\/toode\/epc-champagne-premier-cru-brut\/","name":"EPC Champagne Premier Cru Brut - Vinoforever","isPartOf":{"@id":"https:\/\/vinoforever.ee\/en\/#website"},"primaryImageOfPage":{"@id":"https:\/\/vinoforever.ee\/en\/toode\/epc-champagne-premier-cru-brut\/#primaryimage"},"image":{"@id":"https:\/\/vinoforever.ee\/en\/toode\/epc-champagne-premier-cru-brut\/#primaryimage"},"thumbnailUrl":"https:\/\/vinoforever.ee\/wp-content\/uploads\/2023\/05\/EPC-Premier-Cru.jpg","datePublished":"2023-05-04T18:21:06+00:00","dateModified":"2025-12-13T07:34:07+00:00","description":"Vinoforever s\u00fcndis soovist pakkuda Eestis kvaliteetseid v\u00e4iksemate tootjate organic veine, teisis\u00f5nu maheveine.","breadcrumb":{"@id":"https:\/\/vinoforever.ee\/en\/toode\/epc-champagne-premier-cru-brut\/#breadcrumb"},"inLanguage":"en-US","potentialAction":[{"@type":"ReadAction","target":["https:\/\/vinoforever.ee\/en\/toode\/epc-champagne-premier-cru-brut\/"]}]},{"@type":"ImageObject","inLanguage":"en-US","@id":"https:\/\/vinoforever.ee\/en\/toode\/epc-champagne-premier-cru-brut\/#primaryimage","url":"https:\/\/vinoforever.ee\/wp-content\/uploads\/2023\/05\/EPC-Premier-Cru.jpg","contentUrl":"https:\/\/vinoforever.ee\/wp-content\/uploads\/2023\/05\/EPC-Premier-Cru.jpg","width":740,"height":740,"caption":"EPC Champagne Premier Cru Brut"},{"@type":"BreadcrumbList","@id":"https:\/\/vinoforever.ee\/en\/toode\/epc-champagne-premier-cru-brut\/#breadcrumb","itemListElement":[{"@type":"ListItem","position":1,"name":"Home","item":"https:\/\/vinoforever.ee\/en\/"},{"@type":"ListItem","position":2,"name":"Shop","item":"https:\/\/vinoforever.ee\/en\/shop\/"},{"@type":"ListItem","position":3,"name":"EPC Champagne Premier Cru Brut"}]},{"@type":"WebSite","@id":"https:\/\/vinoforever.ee\/en\/#website","url":"https:\/\/vinoforever.ee\/en\/","name":"Vinoforever","description":"Ainult head veinid","publisher":{"@id":"https:\/\/vinoforever.ee\/en\/#organization"},"alternateName":"Mahedad veinid tunnustatud veinimajadelt","potentialAction":[{"@type":"SearchAction","target":{"@type":"EntryPoint","urlTemplate":"https:\/\/vinoforever.ee\/en\/?s={search_term_string}"},"query-input":{"@type":"PropertyValueSpecification","valueRequired":true,"valueName":"search_term_string"}}],"inLanguage":"en-US"},{"@type":"Organization","@id":"https:\/\/vinoforever.ee\/en\/#organization","name":"Vinoforever O\u00dc","url":"https:\/\/vinoforever.ee\/en\/","logo":{"@type":"ImageObject","inLanguage":"en-US","@id":"https:\/\/vinoforever.ee\/en\/#\/schema\/logo\/image\/","url":"https:\/\/vinoforever.ee\/wp-content\/uploads\/2023\/01\/VinoForever_logo.png","contentUrl":"https:\/\/vinoforever.ee\/wp-content\/uploads\/2023\/01\/VinoForever_logo.png","width":800,"height":300,"caption":"Vinoforever O\u00dc"},"image":{"@id":"https:\/\/vinoforever.ee\/en\/#\/schema\/logo\/image\/"},"sameAs":["https:\/\/www.facebook.com\/vinoforever\/","https:\/\/www.instagram.com\/vinoforever_wines\/"]}]}},"_links":{"self":[{"href":"https:\/\/vinoforever.ee\/en\/wp-json\/wp\/v2\/product\/11333","targetHints":{"allow":["GET"]}}],"collection":[{"href":"https:\/\/vinoforever.ee\/en\/wp-json\/wp\/v2\/product"}],"about":[{"href":"https:\/\/vinoforever.ee\/en\/wp-json\/wp\/v2\/types\/product"}],"replies":[{"embeddable":true,"href":"https:\/\/vinoforever.ee\/en\/wp-json\/wp\/v2\/comments?post=11333"}],"version-history":[{"count":1,"href":"https:\/\/vinoforever.ee\/en\/wp-json\/wp\/v2\/product\/11333\/revisions"}],"predecessor-version":[{"id":11334,"href":"https:\/\/vinoforever.ee\/en\/wp-json\/wp\/v2\/product\/11333\/revisions\/11334"}],"wp:featuredmedia":[{"embeddable":true,"href":"https:\/\/vinoforever.ee\/en\/wp-json\/wp\/v2\/media\/11345"}],"wp:attachment":[{"href":"https:\/\/vinoforever.ee\/en\/wp-json\/wp\/v2\/media?parent=11333"}],"wp:term":[{"taxonomy":"product_brand","embeddable":true,"href":"https:\/\/vinoforever.ee\/en\/wp-json\/wp\/v2\/product_brand?post=11333"},{"taxonomy":"product_cat","embeddable":true,"href":"https:\/\/vinoforever.ee\/en\/wp-json\/wp\/v2\/product_cat?post=11333"},{"taxonomy":"product_tag","embeddable":true,"href":"https:\/\/vinoforever.ee\/en\/wp-json\/wp\/v2\/product_tag?post=11333"}],"curies":[{"name":"wp","href":"https:\/\/api.w.org\/{rel}","templated":true}]}}