{"id":11335,"date":"2023-05-04T20:31:29","date_gmt":"2023-05-04T18:31:29","guid":{"rendered":"https:\/\/vinoforever.ee\/?post_type=product&#038;p=11335"},"modified":"2025-12-01T21:30:14","modified_gmt":"2025-12-01T19:30:14","slug":"epc-champagne-blanc-de-blancs-grand-cru","status":"publish","type":"product","link":"https:\/\/vinoforever.ee\/en\/toode\/epc-champagne-blanc-de-blancs-grand-cru\/","title":{"rendered":"EPC Champagne Blanc de blancs Grand Cru"},"content":{"rendered":"<p><strong>Veinist<\/strong>: V\u00e4ga peen \u0161ampanja, aroomis tunda \u00a0pehme pralinee ja sarapuup\u00e4hklite n\u00fcansse. \u00d5rn ja elegantne.<\/p>\n<p>2017a korje marjadest valmistatud \u0161ampanja, settle k\u00fcpsenud v\u00e4hemalt 52 kuud.<\/p>\n<p>Viinamarjad on p\u00e4rit Terroir of Avize Over. 42-minutilise rattas\u00f5idu kaugusel Epernayst l\u00f5una poole.<\/p>\n<p>&nbsp;<\/p>\n<p><strong>Toidusoovitus<\/strong>: Kreemjas linnuliha m\u00fcrklitega (seened), 24 kuud laagerdunud Comt\u00e9 juust.<\/p>\n<p><strong>Serveerimis temperatuur:<\/strong>\u00a0 8-10\u00b0C<\/p>\n<p><strong>Alkoholisisaldus:<\/strong>\u00a012,5%<\/p>\n<p><strong>Pudeli suurus:<\/strong>\u00a075cl<\/p>\n<p>NB! EPC uue br\u00e4ndingu k\u00e4igus vahetuvad pudelid. Seet\u00f5ttu v\u00f5ib juhtuda, et suuremate tellimuste puhul v\u00f5ib kahe kujundusega pudelid sattuda.<\/p>\n","protected":false},"excerpt":{"rendered":"<p>Veinist: V\u00e4ga peen \u0161ampanja, aroomis tunda \u00a0pehme pralinee ja sarapuup\u00e4hklite n\u00fcansse. \u00d5rn ja elegantne. 2017a korje marjadest valmistatud \u0161ampanja, settle<\/p>\n","protected":false},"featured_media":11347,"comment_status":"open","ping_status":"closed","template":"","meta":[],"product_brand":[],"product_cat":[155,71],"product_tag":[],"class_list":{"0":"post-11335","1":"product","2":"type-product","3":"status-publish","4":"has-post-thumbnail","6":"product_cat-sooduspakkumised","7":"product_cat-vahuveinid","9":"first","10":"instock","11":"sale","12":"taxable","13":"shipping-taxable","14":"purchasable","15":"product-type-simple"},"yoast_head":"<!-- This site is optimized with the Yoast SEO plugin v27.1 - https:\/\/yoast.com\/product\/yoast-seo-wordpress\/ -->\n<title>EPC Champagne Blanc de blancs Grand Cru - Vinoforever<\/title>\n<meta name=\"description\" content=\"EPC Champagne Blanc de Blanc Grand Cru on v\u00e4ga peen \u0161ampanja, aroomis tunda \u00a0pehme pralinee ja sarapuup\u00e4hklite n\u00fcansse. \u00d5rn ja elegantne.\" \/>\n<meta name=\"robots\" content=\"index, follow, max-snippet:-1, max-image-preview:large, max-video-preview:-1\" \/>\n<link rel=\"canonical\" href=\"https:\/\/vinoforever.ee\/en\/toode\/epc-champagne-blanc-de-blancs-grand-cru\/\" \/>\n<meta property=\"og:locale\" content=\"en_US\" \/>\n<meta property=\"og:type\" content=\"article\" \/>\n<meta property=\"og:title\" content=\"EPC Champagne Blanc de blancs Grand Cru - Vinoforever\" \/>\n<meta property=\"og:description\" content=\"EPC Champagne Blanc de Blanc Grand Cru on v\u00e4ga peen \u0161ampanja, aroomis tunda \u00a0pehme pralinee ja sarapuup\u00e4hklite n\u00fcansse. \u00d5rn ja elegantne.\" \/>\n<meta property=\"og:url\" content=\"https:\/\/vinoforever.ee\/en\/toode\/epc-champagne-blanc-de-blancs-grand-cru\/\" \/>\n<meta property=\"og:site_name\" content=\"Vinoforever\" \/>\n<meta property=\"article:publisher\" content=\"https:\/\/www.facebook.com\/vinoforever\/\" \/>\n<meta property=\"article:modified_time\" content=\"2025-12-01T19:30:14+00:00\" \/>\n<meta property=\"og:image\" content=\"https:\/\/vinoforever.ee\/wp-content\/uploads\/2023\/05\/EPC-Grand-Cru.jpg\" \/>\n\t<meta property=\"og:image:width\" content=\"740\" \/>\n\t<meta property=\"og:image:height\" content=\"740\" \/>\n\t<meta property=\"og:image:type\" content=\"image\/jpeg\" \/>\n<meta name=\"twitter:label1\" content=\"Est. reading time\" \/>\n\t<meta name=\"twitter:data1\" content=\"1 minute\" \/>\n<script type=\"application\/ld+json\" class=\"yoast-schema-graph\">{\"@context\":\"https:\/\/schema.org\",\"@graph\":[{\"@type\":\"WebPage\",\"@id\":\"https:\/\/vinoforever.ee\/en\/toode\/epc-champagne-blanc-de-blancs-grand-cru\/\",\"url\":\"https:\/\/vinoforever.ee\/en\/toode\/epc-champagne-blanc-de-blancs-grand-cru\/\",\"name\":\"EPC Champagne Blanc de blancs Grand Cru - Vinoforever\",\"isPartOf\":{\"@id\":\"https:\/\/vinoforever.ee\/en\/#website\"},\"primaryImageOfPage\":{\"@id\":\"https:\/\/vinoforever.ee\/en\/toode\/epc-champagne-blanc-de-blancs-grand-cru\/#primaryimage\"},\"image\":{\"@id\":\"https:\/\/vinoforever.ee\/en\/toode\/epc-champagne-blanc-de-blancs-grand-cru\/#primaryimage\"},\"thumbnailUrl\":\"https:\/\/vinoforever.ee\/wp-content\/uploads\/2023\/05\/EPC-Grand-Cru.jpg\",\"datePublished\":\"2023-05-04T18:31:29+00:00\",\"dateModified\":\"2025-12-01T19:30:14+00:00\",\"description\":\"EPC Champagne Blanc de Blanc Grand Cru on v\u00e4ga peen \u0161ampanja, aroomis tunda \u00a0pehme pralinee ja sarapuup\u00e4hklite n\u00fcansse. \u00d5rn ja elegantne.\",\"breadcrumb\":{\"@id\":\"https:\/\/vinoforever.ee\/en\/toode\/epc-champagne-blanc-de-blancs-grand-cru\/#breadcrumb\"},\"inLanguage\":\"en-US\",\"potentialAction\":[{\"@type\":\"ReadAction\",\"target\":[\"https:\/\/vinoforever.ee\/en\/toode\/epc-champagne-blanc-de-blancs-grand-cru\/\"]}]},{\"@type\":\"ImageObject\",\"inLanguage\":\"en-US\",\"@id\":\"https:\/\/vinoforever.ee\/en\/toode\/epc-champagne-blanc-de-blancs-grand-cru\/#primaryimage\",\"url\":\"https:\/\/vinoforever.ee\/wp-content\/uploads\/2023\/05\/EPC-Grand-Cru.jpg\",\"contentUrl\":\"https:\/\/vinoforever.ee\/wp-content\/uploads\/2023\/05\/EPC-Grand-Cru.jpg\",\"width\":740,\"height\":740,\"caption\":\"EPC Champagne Blanc de blancs Grand Cru\"},{\"@type\":\"BreadcrumbList\",\"@id\":\"https:\/\/vinoforever.ee\/en\/toode\/epc-champagne-blanc-de-blancs-grand-cru\/#breadcrumb\",\"itemListElement\":[{\"@type\":\"ListItem\",\"position\":1,\"name\":\"Home\",\"item\":\"https:\/\/vinoforever.ee\/en\/\"},{\"@type\":\"ListItem\",\"position\":2,\"name\":\"Shop\",\"item\":\"https:\/\/vinoforever.ee\/en\/shop\/\"},{\"@type\":\"ListItem\",\"position\":3,\"name\":\"EPC Champagne Blanc de blancs Grand Cru\"}]},{\"@type\":\"WebSite\",\"@id\":\"https:\/\/vinoforever.ee\/en\/#website\",\"url\":\"https:\/\/vinoforever.ee\/en\/\",\"name\":\"Vinoforever\",\"description\":\"Ainult head veinid\",\"publisher\":{\"@id\":\"https:\/\/vinoforever.ee\/en\/#organization\"},\"alternateName\":\"Mahedad veinid tunnustatud veinimajadelt\",\"potentialAction\":[{\"@type\":\"SearchAction\",\"target\":{\"@type\":\"EntryPoint\",\"urlTemplate\":\"https:\/\/vinoforever.ee\/en\/?s={search_term_string}\"},\"query-input\":{\"@type\":\"PropertyValueSpecification\",\"valueRequired\":true,\"valueName\":\"search_term_string\"}}],\"inLanguage\":\"en-US\"},{\"@type\":\"Organization\",\"@id\":\"https:\/\/vinoforever.ee\/en\/#organization\",\"name\":\"Vinoforever O\u00dc\",\"url\":\"https:\/\/vinoforever.ee\/en\/\",\"logo\":{\"@type\":\"ImageObject\",\"inLanguage\":\"en-US\",\"@id\":\"https:\/\/vinoforever.ee\/en\/#\/schema\/logo\/image\/\",\"url\":\"https:\/\/vinoforever.ee\/wp-content\/uploads\/2023\/01\/VinoForever_logo.png\",\"contentUrl\":\"https:\/\/vinoforever.ee\/wp-content\/uploads\/2023\/01\/VinoForever_logo.png\",\"width\":800,\"height\":300,\"caption\":\"Vinoforever O\u00dc\"},\"image\":{\"@id\":\"https:\/\/vinoforever.ee\/en\/#\/schema\/logo\/image\/\"},\"sameAs\":[\"https:\/\/www.facebook.com\/vinoforever\/\",\"https:\/\/www.instagram.com\/vinoforever_wines\/\"]}]}<\/script>\n<!-- \/ Yoast SEO plugin. -->","yoast_head_json":{"title":"EPC Champagne Blanc de blancs Grand Cru - Vinoforever","description":"EPC Champagne Blanc de Blanc Grand Cru on v\u00e4ga peen \u0161ampanja, aroomis tunda \u00a0pehme pralinee ja sarapuup\u00e4hklite n\u00fcansse. \u00d5rn ja elegantne.","robots":{"index":"index","follow":"follow","max-snippet":"max-snippet:-1","max-image-preview":"max-image-preview:large","max-video-preview":"max-video-preview:-1"},"canonical":"https:\/\/vinoforever.ee\/en\/toode\/epc-champagne-blanc-de-blancs-grand-cru\/","og_locale":"en_US","og_type":"article","og_title":"EPC Champagne Blanc de blancs Grand Cru - Vinoforever","og_description":"EPC Champagne Blanc de Blanc Grand Cru on v\u00e4ga peen \u0161ampanja, aroomis tunda \u00a0pehme pralinee ja sarapuup\u00e4hklite n\u00fcansse. \u00d5rn ja elegantne.","og_url":"https:\/\/vinoforever.ee\/en\/toode\/epc-champagne-blanc-de-blancs-grand-cru\/","og_site_name":"Vinoforever","article_publisher":"https:\/\/www.facebook.com\/vinoforever\/","article_modified_time":"2025-12-01T19:30:14+00:00","og_image":[{"width":740,"height":740,"url":"https:\/\/vinoforever.ee\/wp-content\/uploads\/2023\/05\/EPC-Grand-Cru.jpg","type":"image\/jpeg"}],"twitter_misc":{"Est. reading time":"1 minute"},"schema":{"@context":"https:\/\/schema.org","@graph":[{"@type":"WebPage","@id":"https:\/\/vinoforever.ee\/en\/toode\/epc-champagne-blanc-de-blancs-grand-cru\/","url":"https:\/\/vinoforever.ee\/en\/toode\/epc-champagne-blanc-de-blancs-grand-cru\/","name":"EPC Champagne Blanc de blancs Grand Cru - Vinoforever","isPartOf":{"@id":"https:\/\/vinoforever.ee\/en\/#website"},"primaryImageOfPage":{"@id":"https:\/\/vinoforever.ee\/en\/toode\/epc-champagne-blanc-de-blancs-grand-cru\/#primaryimage"},"image":{"@id":"https:\/\/vinoforever.ee\/en\/toode\/epc-champagne-blanc-de-blancs-grand-cru\/#primaryimage"},"thumbnailUrl":"https:\/\/vinoforever.ee\/wp-content\/uploads\/2023\/05\/EPC-Grand-Cru.jpg","datePublished":"2023-05-04T18:31:29+00:00","dateModified":"2025-12-01T19:30:14+00:00","description":"EPC Champagne Blanc de Blanc Grand Cru on v\u00e4ga peen \u0161ampanja, aroomis tunda \u00a0pehme pralinee ja sarapuup\u00e4hklite n\u00fcansse. \u00d5rn ja elegantne.","breadcrumb":{"@id":"https:\/\/vinoforever.ee\/en\/toode\/epc-champagne-blanc-de-blancs-grand-cru\/#breadcrumb"},"inLanguage":"en-US","potentialAction":[{"@type":"ReadAction","target":["https:\/\/vinoforever.ee\/en\/toode\/epc-champagne-blanc-de-blancs-grand-cru\/"]}]},{"@type":"ImageObject","inLanguage":"en-US","@id":"https:\/\/vinoforever.ee\/en\/toode\/epc-champagne-blanc-de-blancs-grand-cru\/#primaryimage","url":"https:\/\/vinoforever.ee\/wp-content\/uploads\/2023\/05\/EPC-Grand-Cru.jpg","contentUrl":"https:\/\/vinoforever.ee\/wp-content\/uploads\/2023\/05\/EPC-Grand-Cru.jpg","width":740,"height":740,"caption":"EPC Champagne Blanc de blancs Grand Cru"},{"@type":"BreadcrumbList","@id":"https:\/\/vinoforever.ee\/en\/toode\/epc-champagne-blanc-de-blancs-grand-cru\/#breadcrumb","itemListElement":[{"@type":"ListItem","position":1,"name":"Home","item":"https:\/\/vinoforever.ee\/en\/"},{"@type":"ListItem","position":2,"name":"Shop","item":"https:\/\/vinoforever.ee\/en\/shop\/"},{"@type":"ListItem","position":3,"name":"EPC Champagne Blanc de blancs Grand Cru"}]},{"@type":"WebSite","@id":"https:\/\/vinoforever.ee\/en\/#website","url":"https:\/\/vinoforever.ee\/en\/","name":"Vinoforever","description":"Ainult head veinid","publisher":{"@id":"https:\/\/vinoforever.ee\/en\/#organization"},"alternateName":"Mahedad veinid tunnustatud veinimajadelt","potentialAction":[{"@type":"SearchAction","target":{"@type":"EntryPoint","urlTemplate":"https:\/\/vinoforever.ee\/en\/?s={search_term_string}"},"query-input":{"@type":"PropertyValueSpecification","valueRequired":true,"valueName":"search_term_string"}}],"inLanguage":"en-US"},{"@type":"Organization","@id":"https:\/\/vinoforever.ee\/en\/#organization","name":"Vinoforever O\u00dc","url":"https:\/\/vinoforever.ee\/en\/","logo":{"@type":"ImageObject","inLanguage":"en-US","@id":"https:\/\/vinoforever.ee\/en\/#\/schema\/logo\/image\/","url":"https:\/\/vinoforever.ee\/wp-content\/uploads\/2023\/01\/VinoForever_logo.png","contentUrl":"https:\/\/vinoforever.ee\/wp-content\/uploads\/2023\/01\/VinoForever_logo.png","width":800,"height":300,"caption":"Vinoforever O\u00dc"},"image":{"@id":"https:\/\/vinoforever.ee\/en\/#\/schema\/logo\/image\/"},"sameAs":["https:\/\/www.facebook.com\/vinoforever\/","https:\/\/www.instagram.com\/vinoforever_wines\/"]}]}},"_links":{"self":[{"href":"https:\/\/vinoforever.ee\/en\/wp-json\/wp\/v2\/product\/11335","targetHints":{"allow":["GET"]}}],"collection":[{"href":"https:\/\/vinoforever.ee\/en\/wp-json\/wp\/v2\/product"}],"about":[{"href":"https:\/\/vinoforever.ee\/en\/wp-json\/wp\/v2\/types\/product"}],"replies":[{"embeddable":true,"href":"https:\/\/vinoforever.ee\/en\/wp-json\/wp\/v2\/comments?post=11335"}],"version-history":[{"count":5,"href":"https:\/\/vinoforever.ee\/en\/wp-json\/wp\/v2\/product\/11335\/revisions"}],"predecessor-version":[{"id":11455,"href":"https:\/\/vinoforever.ee\/en\/wp-json\/wp\/v2\/product\/11335\/revisions\/11455"}],"wp:featuredmedia":[{"embeddable":true,"href":"https:\/\/vinoforever.ee\/en\/wp-json\/wp\/v2\/media\/11347"}],"wp:attachment":[{"href":"https:\/\/vinoforever.ee\/en\/wp-json\/wp\/v2\/media?parent=11335"}],"wp:term":[{"taxonomy":"product_brand","embeddable":true,"href":"https:\/\/vinoforever.ee\/en\/wp-json\/wp\/v2\/product_brand?post=11335"},{"taxonomy":"product_cat","embeddable":true,"href":"https:\/\/vinoforever.ee\/en\/wp-json\/wp\/v2\/product_cat?post=11335"},{"taxonomy":"product_tag","embeddable":true,"href":"https:\/\/vinoforever.ee\/en\/wp-json\/wp\/v2\/product_tag?post=11335"}],"curies":[{"name":"wp","href":"https:\/\/api.w.org\/{rel}","templated":true}]}}