{"id":11557,"date":"2023-08-22T09:12:47","date_gmt":"2023-08-22T07:12:47","guid":{"rendered":"https:\/\/vinoforever.ee\/?post_type=product&#038;p=11557"},"modified":"2025-06-30T21:10:17","modified_gmt":"2025-06-30T19:10:17","slug":"belief-pirnimaitseline-energiavesi","status":"publish","type":"product","link":"https:\/\/vinoforever.ee\/en\/toode\/belief-pirnimaitseline-energiavesi\/","title":{"rendered":"Energiavesi Belief virsikumaitseline, powered by Villemdrillem"},"content":{"rendered":"<div class=\"et_pb_module et_pb_wc_description et_pb_wc_description_0 et_pb_bg_layout_light et_pb_text_align_left\">\n<div class=\"et_pb_module_inner\">\n<p>Koostisosad:<br \/>\nvesi, s\u00fcsihappegaas, fruktoos, happesuse regulaator (sidrunhape), looduslik l\u00f5hna- ja maitseaine, vitamiinid (D, E, B12, foolhape, pantoteenhape, niatsiin, biotiin), mineraalained (magneesium, seleen, tsink) stabilisaator (kaltsiumlaktaat), kofeiin, v\u00e4rvivad toiduained (musta porgandi ja safloorikontsentraat),\u00a0 s\u00e4ilitusained (kaaliumsorbaat ja naatriumbensonaat). Soovitav hoida jahedas.<\/p>\n<p>Belief Energy Water \u2013 Virsikumaitseline madala kalorsusega jook. K\u00f5rge kofeiinisisaldus (36mg\/100ml). Ei ole soovitatav lastele, rasedatele ega rinnaga toitvatele naistele. Tarbida m\u00f5\u00f5dukalt.<\/p>\n<\/div>\n<\/div>\n<div class=\"et_pb_module et_pb_toggle et_pb_toggle_0 et_pb_toggle_item et_pb_toggle_open\">\n<h5 class=\"et_pb_toggle_title\">Toitumisalane teave 100 ml kohta ja % p\u00e4evasest t\u00e4iskasvanud inimese v\u00f5rdluskogusest.<\/h5>\n<div class=\"et_pb_toggle_content clearfix\">\n<table>\n<tbody>\n<tr>\n<td><\/td>\n<td>100ml<\/td>\n<td>NRV<\/td>\n<td><\/td>\n<td>100ml<\/td>\n<\/tr>\n<tr>\n<td>Vitamiin D3<\/td>\n<td>0,5 ug<\/td>\n<td>10%<\/td>\n<td>Energia<\/td>\n<td>83kj\/20kcal<\/td>\n<\/tr>\n<tr>\n<td>Vitamiin E<\/td>\n<td>1,2 mg<\/td>\n<td>10%<\/td>\n<td>Rasvad<\/td>\n<td>0g<\/td>\n<\/tr>\n<tr>\n<td>Vitamiin B12<\/td>\n<td>0,25 ug<\/td>\n<td>10%<\/td>\n<td>K\u00fcllastunud<br \/>\nrasvhapped<\/td>\n<td>0g<\/td>\n<\/tr>\n<tr>\n<td>Foolhape<\/td>\n<td>20 ug<\/td>\n<td>10%<\/td>\n<td>S\u00fcsivesikud<\/td>\n<td>4,9g<\/td>\n<\/tr>\n<tr>\n<td>Pantoneenhape<\/td>\n<td>0,6 mg<\/td>\n<td>10%<\/td>\n<td>Suhkrud<\/td>\n<td>4,9g<\/td>\n<\/tr>\n<tr>\n<td>Niatsiin<\/td>\n<td>1,6 mg<\/td>\n<td>10%<\/td>\n<td>Valgud<\/td>\n<td>0g<\/td>\n<\/tr>\n<tr>\n<td>Biotiin<\/td>\n<td>5 ug<\/td>\n<td>10%<\/td>\n<td>Sool<\/td>\n<td>0g<\/td>\n<\/tr>\n<tr>\n<td>Magneesium<\/td>\n<td>11,25 mg<\/td>\n<td>3%<\/td>\n<td><\/td>\n<td><\/td>\n<\/tr>\n<tr>\n<td>Kaltsium<\/td>\n<td>26 mg<\/td>\n<td>3%<\/td>\n<td><\/td>\n<td><\/td>\n<\/tr>\n<tr>\n<td>Seleen<\/td>\n<td>1,65 ug<\/td>\n<td>3%<\/td>\n<td><\/td>\n<td><\/td>\n<\/tr>\n<tr>\n<td>Tsink<\/td>\n<td>0,3 mg<\/td>\n<td>3%<\/td>\n<td><\/td>\n<\/tr>\n<\/tbody>\n<\/table>\n<\/div>\n<\/div>\n","protected":false},"excerpt":{"rendered":"<p>Belief Energy Water \u2013 pirnimaitseline madala kalorsusega jook. K\u00f5rge kofeiinisisaldus (36mg\/100ml). Ei ole soovitatav lastele, rasedatele ega rinnaga toitvatele naistele. Tarbida m\u00f5\u00f5dukalt.<\/p>\n","protected":false},"featured_media":12257,"comment_status":"open","ping_status":"closed","template":"","meta":[],"product_brand":[],"product_cat":[209],"product_tag":[],"class_list":{"0":"post-11557","1":"product","2":"type-product","3":"status-publish","4":"has-post-thumbnail","6":"product_cat-alkoholivabad-tooted","8":"first","9":"instock","10":"taxable","11":"shipping-taxable","12":"purchasable","13":"product-type-simple"},"yoast_head":"<!-- This site is optimized with the Yoast SEO plugin v27.1 - https:\/\/yoast.com\/product\/yoast-seo-wordpress\/ -->\n<title>Energiavesi Belief virsikumaitseline, powered by Villemdrillem - Vinoforever<\/title>\n<meta name=\"description\" content=\"Vinoforever s\u00fcndis soovist pakkuda Eestis kvaliteetseid v\u00e4iksemate tootjate organic veine, teisis\u00f5nu maheveine.\" \/>\n<meta name=\"robots\" content=\"index, follow, max-snippet:-1, max-image-preview:large, max-video-preview:-1\" \/>\n<link rel=\"canonical\" href=\"https:\/\/vinoforever.ee\/en\/toode\/belief-pirnimaitseline-energiavesi\/\" \/>\n<meta property=\"og:locale\" content=\"en_US\" \/>\n<meta property=\"og:type\" content=\"article\" \/>\n<meta property=\"og:title\" content=\"Energiavesi Belief virsikumaitseline, powered by Villemdrillem - Vinoforever\" \/>\n<meta property=\"og:description\" content=\"Vinoforever s\u00fcndis soovist pakkuda Eestis kvaliteetseid v\u00e4iksemate tootjate organic veine, teisis\u00f5nu maheveine.\" \/>\n<meta property=\"og:url\" content=\"https:\/\/vinoforever.ee\/en\/toode\/belief-pirnimaitseline-energiavesi\/\" \/>\n<meta property=\"og:site_name\" content=\"Vinoforever\" \/>\n<meta property=\"article:publisher\" content=\"https:\/\/www.facebook.com\/vinoforever\/\" \/>\n<meta property=\"article:modified_time\" content=\"2025-06-30T19:10:17+00:00\" \/>\n<meta property=\"og:image\" content=\"https:\/\/vinoforever.ee\/wp-content\/uploads\/2023\/08\/MAT_1375159_PCE_EE.webp\" \/>\n\t<meta property=\"og:image:width\" content=\"700\" \/>\n\t<meta property=\"og:image:height\" content=\"700\" \/>\n\t<meta property=\"og:image:type\" content=\"image\/webp\" \/>\n<meta name=\"twitter:label1\" content=\"Est. reading time\" \/>\n\t<meta name=\"twitter:data1\" content=\"1 minute\" \/>\n<script type=\"application\/ld+json\" class=\"yoast-schema-graph\">{\"@context\":\"https:\/\/schema.org\",\"@graph\":[{\"@type\":\"WebPage\",\"@id\":\"https:\/\/vinoforever.ee\/en\/toode\/belief-pirnimaitseline-energiavesi\/\",\"url\":\"https:\/\/vinoforever.ee\/en\/toode\/belief-pirnimaitseline-energiavesi\/\",\"name\":\"Energiavesi Belief virsikumaitseline, powered by Villemdrillem - Vinoforever\",\"isPartOf\":{\"@id\":\"https:\/\/vinoforever.ee\/en\/#website\"},\"primaryImageOfPage\":{\"@id\":\"https:\/\/vinoforever.ee\/en\/toode\/belief-pirnimaitseline-energiavesi\/#primaryimage\"},\"image\":{\"@id\":\"https:\/\/vinoforever.ee\/en\/toode\/belief-pirnimaitseline-energiavesi\/#primaryimage\"},\"thumbnailUrl\":\"https:\/\/vinoforever.ee\/wp-content\/uploads\/2023\/08\/MAT_1375159_PCE_EE.webp\",\"datePublished\":\"2023-08-22T07:12:47+00:00\",\"dateModified\":\"2025-06-30T19:10:17+00:00\",\"description\":\"Vinoforever s\u00fcndis soovist pakkuda Eestis kvaliteetseid v\u00e4iksemate tootjate organic veine, teisis\u00f5nu maheveine.\",\"breadcrumb\":{\"@id\":\"https:\/\/vinoforever.ee\/en\/toode\/belief-pirnimaitseline-energiavesi\/#breadcrumb\"},\"inLanguage\":\"en-US\",\"potentialAction\":[{\"@type\":\"ReadAction\",\"target\":[\"https:\/\/vinoforever.ee\/en\/toode\/belief-pirnimaitseline-energiavesi\/\"]}]},{\"@type\":\"ImageObject\",\"inLanguage\":\"en-US\",\"@id\":\"https:\/\/vinoforever.ee\/en\/toode\/belief-pirnimaitseline-energiavesi\/#primaryimage\",\"url\":\"https:\/\/vinoforever.ee\/wp-content\/uploads\/2023\/08\/MAT_1375159_PCE_EE.webp\",\"contentUrl\":\"https:\/\/vinoforever.ee\/wp-content\/uploads\/2023\/08\/MAT_1375159_PCE_EE.webp\",\"width\":700,\"height\":700},{\"@type\":\"BreadcrumbList\",\"@id\":\"https:\/\/vinoforever.ee\/en\/toode\/belief-pirnimaitseline-energiavesi\/#breadcrumb\",\"itemListElement\":[{\"@type\":\"ListItem\",\"position\":1,\"name\":\"Home\",\"item\":\"https:\/\/vinoforever.ee\/en\/\"},{\"@type\":\"ListItem\",\"position\":2,\"name\":\"Shop\",\"item\":\"https:\/\/vinoforever.ee\/en\/shop\/\"},{\"@type\":\"ListItem\",\"position\":3,\"name\":\"Energiavesi Belief virsikumaitseline, powered by Villemdrillem\"}]},{\"@type\":\"WebSite\",\"@id\":\"https:\/\/vinoforever.ee\/en\/#website\",\"url\":\"https:\/\/vinoforever.ee\/en\/\",\"name\":\"Vinoforever\",\"description\":\"Ainult head veinid\",\"publisher\":{\"@id\":\"https:\/\/vinoforever.ee\/en\/#organization\"},\"alternateName\":\"Mahedad veinid tunnustatud veinimajadelt\",\"potentialAction\":[{\"@type\":\"SearchAction\",\"target\":{\"@type\":\"EntryPoint\",\"urlTemplate\":\"https:\/\/vinoforever.ee\/en\/?s={search_term_string}\"},\"query-input\":{\"@type\":\"PropertyValueSpecification\",\"valueRequired\":true,\"valueName\":\"search_term_string\"}}],\"inLanguage\":\"en-US\"},{\"@type\":\"Organization\",\"@id\":\"https:\/\/vinoforever.ee\/en\/#organization\",\"name\":\"Vinoforever O\u00dc\",\"url\":\"https:\/\/vinoforever.ee\/en\/\",\"logo\":{\"@type\":\"ImageObject\",\"inLanguage\":\"en-US\",\"@id\":\"https:\/\/vinoforever.ee\/en\/#\/schema\/logo\/image\/\",\"url\":\"https:\/\/vinoforever.ee\/wp-content\/uploads\/2023\/01\/VinoForever_logo.png\",\"contentUrl\":\"https:\/\/vinoforever.ee\/wp-content\/uploads\/2023\/01\/VinoForever_logo.png\",\"width\":800,\"height\":300,\"caption\":\"Vinoforever O\u00dc\"},\"image\":{\"@id\":\"https:\/\/vinoforever.ee\/en\/#\/schema\/logo\/image\/\"},\"sameAs\":[\"https:\/\/www.facebook.com\/vinoforever\/\",\"https:\/\/www.instagram.com\/vinoforever_wines\/\"]}]}<\/script>\n<!-- \/ Yoast SEO plugin. -->","yoast_head_json":{"title":"Energiavesi Belief virsikumaitseline, powered by Villemdrillem - Vinoforever","description":"Vinoforever s\u00fcndis soovist pakkuda Eestis kvaliteetseid v\u00e4iksemate tootjate organic veine, teisis\u00f5nu maheveine.","robots":{"index":"index","follow":"follow","max-snippet":"max-snippet:-1","max-image-preview":"max-image-preview:large","max-video-preview":"max-video-preview:-1"},"canonical":"https:\/\/vinoforever.ee\/en\/toode\/belief-pirnimaitseline-energiavesi\/","og_locale":"en_US","og_type":"article","og_title":"Energiavesi Belief virsikumaitseline, powered by Villemdrillem - Vinoforever","og_description":"Vinoforever s\u00fcndis soovist pakkuda Eestis kvaliteetseid v\u00e4iksemate tootjate organic veine, teisis\u00f5nu maheveine.","og_url":"https:\/\/vinoforever.ee\/en\/toode\/belief-pirnimaitseline-energiavesi\/","og_site_name":"Vinoforever","article_publisher":"https:\/\/www.facebook.com\/vinoforever\/","article_modified_time":"2025-06-30T19:10:17+00:00","og_image":[{"width":700,"height":700,"url":"https:\/\/vinoforever.ee\/wp-content\/uploads\/2023\/08\/MAT_1375159_PCE_EE.webp","type":"image\/webp"}],"twitter_misc":{"Est. reading time":"1 minute"},"schema":{"@context":"https:\/\/schema.org","@graph":[{"@type":"WebPage","@id":"https:\/\/vinoforever.ee\/en\/toode\/belief-pirnimaitseline-energiavesi\/","url":"https:\/\/vinoforever.ee\/en\/toode\/belief-pirnimaitseline-energiavesi\/","name":"Energiavesi Belief virsikumaitseline, powered by Villemdrillem - Vinoforever","isPartOf":{"@id":"https:\/\/vinoforever.ee\/en\/#website"},"primaryImageOfPage":{"@id":"https:\/\/vinoforever.ee\/en\/toode\/belief-pirnimaitseline-energiavesi\/#primaryimage"},"image":{"@id":"https:\/\/vinoforever.ee\/en\/toode\/belief-pirnimaitseline-energiavesi\/#primaryimage"},"thumbnailUrl":"https:\/\/vinoforever.ee\/wp-content\/uploads\/2023\/08\/MAT_1375159_PCE_EE.webp","datePublished":"2023-08-22T07:12:47+00:00","dateModified":"2025-06-30T19:10:17+00:00","description":"Vinoforever s\u00fcndis soovist pakkuda Eestis kvaliteetseid v\u00e4iksemate tootjate organic veine, teisis\u00f5nu maheveine.","breadcrumb":{"@id":"https:\/\/vinoforever.ee\/en\/toode\/belief-pirnimaitseline-energiavesi\/#breadcrumb"},"inLanguage":"en-US","potentialAction":[{"@type":"ReadAction","target":["https:\/\/vinoforever.ee\/en\/toode\/belief-pirnimaitseline-energiavesi\/"]}]},{"@type":"ImageObject","inLanguage":"en-US","@id":"https:\/\/vinoforever.ee\/en\/toode\/belief-pirnimaitseline-energiavesi\/#primaryimage","url":"https:\/\/vinoforever.ee\/wp-content\/uploads\/2023\/08\/MAT_1375159_PCE_EE.webp","contentUrl":"https:\/\/vinoforever.ee\/wp-content\/uploads\/2023\/08\/MAT_1375159_PCE_EE.webp","width":700,"height":700},{"@type":"BreadcrumbList","@id":"https:\/\/vinoforever.ee\/en\/toode\/belief-pirnimaitseline-energiavesi\/#breadcrumb","itemListElement":[{"@type":"ListItem","position":1,"name":"Home","item":"https:\/\/vinoforever.ee\/en\/"},{"@type":"ListItem","position":2,"name":"Shop","item":"https:\/\/vinoforever.ee\/en\/shop\/"},{"@type":"ListItem","position":3,"name":"Energiavesi Belief virsikumaitseline, powered by Villemdrillem"}]},{"@type":"WebSite","@id":"https:\/\/vinoforever.ee\/en\/#website","url":"https:\/\/vinoforever.ee\/en\/","name":"Vinoforever","description":"Ainult head veinid","publisher":{"@id":"https:\/\/vinoforever.ee\/en\/#organization"},"alternateName":"Mahedad veinid tunnustatud veinimajadelt","potentialAction":[{"@type":"SearchAction","target":{"@type":"EntryPoint","urlTemplate":"https:\/\/vinoforever.ee\/en\/?s={search_term_string}"},"query-input":{"@type":"PropertyValueSpecification","valueRequired":true,"valueName":"search_term_string"}}],"inLanguage":"en-US"},{"@type":"Organization","@id":"https:\/\/vinoforever.ee\/en\/#organization","name":"Vinoforever O\u00dc","url":"https:\/\/vinoforever.ee\/en\/","logo":{"@type":"ImageObject","inLanguage":"en-US","@id":"https:\/\/vinoforever.ee\/en\/#\/schema\/logo\/image\/","url":"https:\/\/vinoforever.ee\/wp-content\/uploads\/2023\/01\/VinoForever_logo.png","contentUrl":"https:\/\/vinoforever.ee\/wp-content\/uploads\/2023\/01\/VinoForever_logo.png","width":800,"height":300,"caption":"Vinoforever O\u00dc"},"image":{"@id":"https:\/\/vinoforever.ee\/en\/#\/schema\/logo\/image\/"},"sameAs":["https:\/\/www.facebook.com\/vinoforever\/","https:\/\/www.instagram.com\/vinoforever_wines\/"]}]}},"_links":{"self":[{"href":"https:\/\/vinoforever.ee\/en\/wp-json\/wp\/v2\/product\/11557","targetHints":{"allow":["GET"]}}],"collection":[{"href":"https:\/\/vinoforever.ee\/en\/wp-json\/wp\/v2\/product"}],"about":[{"href":"https:\/\/vinoforever.ee\/en\/wp-json\/wp\/v2\/types\/product"}],"replies":[{"embeddable":true,"href":"https:\/\/vinoforever.ee\/en\/wp-json\/wp\/v2\/comments?post=11557"}],"version-history":[{"count":5,"href":"https:\/\/vinoforever.ee\/en\/wp-json\/wp\/v2\/product\/11557\/revisions"}],"predecessor-version":[{"id":11561,"href":"https:\/\/vinoforever.ee\/en\/wp-json\/wp\/v2\/product\/11557\/revisions\/11561"}],"wp:featuredmedia":[{"embeddable":true,"href":"https:\/\/vinoforever.ee\/en\/wp-json\/wp\/v2\/media\/12257"}],"wp:attachment":[{"href":"https:\/\/vinoforever.ee\/en\/wp-json\/wp\/v2\/media?parent=11557"}],"wp:term":[{"taxonomy":"product_brand","embeddable":true,"href":"https:\/\/vinoforever.ee\/en\/wp-json\/wp\/v2\/product_brand?post=11557"},{"taxonomy":"product_cat","embeddable":true,"href":"https:\/\/vinoforever.ee\/en\/wp-json\/wp\/v2\/product_cat?post=11557"},{"taxonomy":"product_tag","embeddable":true,"href":"https:\/\/vinoforever.ee\/en\/wp-json\/wp\/v2\/product_tag?post=11557"}],"curies":[{"name":"wp","href":"https:\/\/api.w.org\/{rel}","templated":true}]}}