{"id":11564,"date":"2023-08-22T09:23:59","date_gmt":"2023-08-22T07:23:59","guid":{"rendered":"https:\/\/vinoforever.ee\/?post_type=product&#038;p=11564"},"modified":"2025-06-30T21:09:47","modified_gmt":"2025-06-30T19:09:47","slug":"lumiorava-magneesiumivesi-1-pint-0-568l","status":"publish","type":"product","link":"https:\/\/vinoforever.ee\/en\/toode\/lumiorava-magneesiumivesi-1-pint-0-568l\/","title":{"rendered":"Lumiorava Magneesiumivesi 1 PINT (0.568l)"},"content":{"rendered":"<p>Eesti esimene puhas magneesiumivesi Lumioravalt, mis koosneb puhtast Eesti allikaveest ja h\u00e4sti omastatavast magneesiumtsitraadist ning on kergelt gaseeritud. V\u00e4rskendava, kergelt sidrunise maitsega vesi sobib nii sportimiseks kui igap\u00e4evaseks tarvitamiseks. Magneesiumi sisaldus 595 mg\/l. \u00dcks pudel katab 90% p\u00e4evasest v\u00f5rdluskogusest.<\/p>\n<p>TAASTAV \u2013 aitab taastada energiavarusid<\/p>\n<p>HEA UNI \u2013 l\u00f5\u00f5gastab ja toob hea \u00f6\u00f6une<\/p>\n<p>L\u00d5\u00d5GASTAV \u2013 sobib nii sportimiseks kui igap\u00e4evaseks tarvitamiseks<\/p>\n<p>K\u00dcLLUSLIK \u2013 \u00fcks 0.568l pudel katab 90% p\u00e4evasest magneesiumivajadusest*<\/p>\n<p>PUHAS \u2013 koosneb puhtast Eesti allikaveest ja magneesiumist<\/p>\n<p>MAITSEV \u2013 maitseb ka neile, kellele mineraalvesi ei meki<\/p>\n<p>&nbsp;<\/p>\n<p>*P\u00e4evane keskmise t\u00e4iskasvanu v\u00f5rdluskogus 375 mg.<\/p>\n<p>&nbsp;<\/p>\n<p>Koostisosad: Vesi, magneesiumtsitraat, s\u00fcsihappegaas.<\/p>\n<p>&nbsp;<\/p>\n<p><a href=\"https:\/\/lumiorav.ee\/investor\/\">Investorile \u2013 LUMIORAV<\/a><\/p>\n<p>&nbsp;<\/p>\n<p>PS! Hind sisaldab panti<\/p>\n<p>&nbsp;<\/p>\n<p>&nbsp;<\/p>\n","protected":false},"excerpt":{"rendered":"<p>Lumiorav on toonud turule Eesti esimese puhta magneesiumivee. Lumiorava vesi koosneb puhtast Eesti allikaveest ja h\u00e4sti omastatavast magneesiumist. V\u00e4rskendav, kergelt hapuka maitsega vesi on k\u00e4ttesaadav kauplustes \u00fcle Eesti.<\/p>\n","protected":false},"featured_media":11578,"comment_status":"open","ping_status":"closed","template":"","meta":[],"product_brand":[],"product_cat":[209],"product_tag":[],"class_list":{"0":"post-11564","1":"product","2":"type-product","3":"status-publish","4":"has-post-thumbnail","6":"product_cat-alkoholivabad-tooted","8":"first","9":"instock","10":"taxable","11":"shipping-taxable","12":"purchasable","13":"product-type-simple"},"yoast_head":"<!-- This site is optimized with the Yoast SEO plugin v27.1 - https:\/\/yoast.com\/product\/yoast-seo-wordpress\/ -->\n<title>Lumiorava Magneesiumivesi 1 PINT (0.568l) - Vinoforever<\/title>\n<meta name=\"description\" content=\"Vinoforever s\u00fcndis soovist pakkuda Eestis kvaliteetseid v\u00e4iksemate tootjate organic veine, teisis\u00f5nu maheveine.\" \/>\n<meta name=\"robots\" content=\"index, follow, max-snippet:-1, max-image-preview:large, max-video-preview:-1\" \/>\n<link rel=\"canonical\" href=\"https:\/\/vinoforever.ee\/en\/toode\/lumiorava-magneesiumivesi-1-pint-0-568l\/\" \/>\n<meta property=\"og:locale\" content=\"en_US\" \/>\n<meta property=\"og:type\" content=\"article\" \/>\n<meta property=\"og:title\" content=\"Lumiorava Magneesiumivesi 1 PINT (0.568l) - Vinoforever\" \/>\n<meta property=\"og:description\" content=\"Vinoforever s\u00fcndis soovist pakkuda Eestis kvaliteetseid v\u00e4iksemate tootjate organic veine, teisis\u00f5nu maheveine.\" \/>\n<meta property=\"og:url\" content=\"https:\/\/vinoforever.ee\/en\/toode\/lumiorava-magneesiumivesi-1-pint-0-568l\/\" \/>\n<meta property=\"og:site_name\" content=\"Vinoforever\" \/>\n<meta property=\"article:publisher\" content=\"https:\/\/www.facebook.com\/vinoforever\/\" \/>\n<meta property=\"article:modified_time\" content=\"2025-06-30T19:09:47+00:00\" \/>\n<meta property=\"og:image\" content=\"https:\/\/vinoforever.ee\/wp-content\/uploads\/2023\/08\/PET_eesti_ESA_square-002.png\" \/>\n\t<meta property=\"og:image:width\" content=\"740\" \/>\n\t<meta property=\"og:image:height\" content=\"740\" \/>\n\t<meta property=\"og:image:type\" content=\"image\/png\" \/>\n<meta name=\"twitter:label1\" content=\"Est. reading time\" \/>\n\t<meta name=\"twitter:data1\" content=\"1 minute\" \/>\n<script type=\"application\/ld+json\" class=\"yoast-schema-graph\">{\"@context\":\"https:\/\/schema.org\",\"@graph\":[{\"@type\":\"WebPage\",\"@id\":\"https:\/\/vinoforever.ee\/en\/toode\/lumiorava-magneesiumivesi-1-pint-0-568l\/\",\"url\":\"https:\/\/vinoforever.ee\/en\/toode\/lumiorava-magneesiumivesi-1-pint-0-568l\/\",\"name\":\"Lumiorava Magneesiumivesi 1 PINT (0.568l) - Vinoforever\",\"isPartOf\":{\"@id\":\"https:\/\/vinoforever.ee\/en\/#website\"},\"primaryImageOfPage\":{\"@id\":\"https:\/\/vinoforever.ee\/en\/toode\/lumiorava-magneesiumivesi-1-pint-0-568l\/#primaryimage\"},\"image\":{\"@id\":\"https:\/\/vinoforever.ee\/en\/toode\/lumiorava-magneesiumivesi-1-pint-0-568l\/#primaryimage\"},\"thumbnailUrl\":\"https:\/\/vinoforever.ee\/wp-content\/uploads\/2023\/08\/PET_eesti_ESA_square-002.png\",\"datePublished\":\"2023-08-22T07:23:59+00:00\",\"dateModified\":\"2025-06-30T19:09:47+00:00\",\"description\":\"Vinoforever s\u00fcndis soovist pakkuda Eestis kvaliteetseid v\u00e4iksemate tootjate organic veine, teisis\u00f5nu maheveine.\",\"breadcrumb\":{\"@id\":\"https:\/\/vinoforever.ee\/en\/toode\/lumiorava-magneesiumivesi-1-pint-0-568l\/#breadcrumb\"},\"inLanguage\":\"en-US\",\"potentialAction\":[{\"@type\":\"ReadAction\",\"target\":[\"https:\/\/vinoforever.ee\/en\/toode\/lumiorava-magneesiumivesi-1-pint-0-568l\/\"]}]},{\"@type\":\"ImageObject\",\"inLanguage\":\"en-US\",\"@id\":\"https:\/\/vinoforever.ee\/en\/toode\/lumiorava-magneesiumivesi-1-pint-0-568l\/#primaryimage\",\"url\":\"https:\/\/vinoforever.ee\/wp-content\/uploads\/2023\/08\/PET_eesti_ESA_square-002.png\",\"contentUrl\":\"https:\/\/vinoforever.ee\/wp-content\/uploads\/2023\/08\/PET_eesti_ESA_square-002.png\",\"width\":740,\"height\":740},{\"@type\":\"BreadcrumbList\",\"@id\":\"https:\/\/vinoforever.ee\/en\/toode\/lumiorava-magneesiumivesi-1-pint-0-568l\/#breadcrumb\",\"itemListElement\":[{\"@type\":\"ListItem\",\"position\":1,\"name\":\"Home\",\"item\":\"https:\/\/vinoforever.ee\/en\/\"},{\"@type\":\"ListItem\",\"position\":2,\"name\":\"Shop\",\"item\":\"https:\/\/vinoforever.ee\/en\/shop\/\"},{\"@type\":\"ListItem\",\"position\":3,\"name\":\"Lumiorava Magneesiumivesi 1 PINT (0.568l)\"}]},{\"@type\":\"WebSite\",\"@id\":\"https:\/\/vinoforever.ee\/en\/#website\",\"url\":\"https:\/\/vinoforever.ee\/en\/\",\"name\":\"Vinoforever\",\"description\":\"Ainult head veinid\",\"publisher\":{\"@id\":\"https:\/\/vinoforever.ee\/en\/#organization\"},\"alternateName\":\"Mahedad veinid tunnustatud veinimajadelt\",\"potentialAction\":[{\"@type\":\"SearchAction\",\"target\":{\"@type\":\"EntryPoint\",\"urlTemplate\":\"https:\/\/vinoforever.ee\/en\/?s={search_term_string}\"},\"query-input\":{\"@type\":\"PropertyValueSpecification\",\"valueRequired\":true,\"valueName\":\"search_term_string\"}}],\"inLanguage\":\"en-US\"},{\"@type\":\"Organization\",\"@id\":\"https:\/\/vinoforever.ee\/en\/#organization\",\"name\":\"Vinoforever O\u00dc\",\"url\":\"https:\/\/vinoforever.ee\/en\/\",\"logo\":{\"@type\":\"ImageObject\",\"inLanguage\":\"en-US\",\"@id\":\"https:\/\/vinoforever.ee\/en\/#\/schema\/logo\/image\/\",\"url\":\"https:\/\/vinoforever.ee\/wp-content\/uploads\/2023\/01\/VinoForever_logo.png\",\"contentUrl\":\"https:\/\/vinoforever.ee\/wp-content\/uploads\/2023\/01\/VinoForever_logo.png\",\"width\":800,\"height\":300,\"caption\":\"Vinoforever O\u00dc\"},\"image\":{\"@id\":\"https:\/\/vinoforever.ee\/en\/#\/schema\/logo\/image\/\"},\"sameAs\":[\"https:\/\/www.facebook.com\/vinoforever\/\",\"https:\/\/www.instagram.com\/vinoforever_wines\/\"]}]}<\/script>\n<!-- \/ Yoast SEO plugin. -->","yoast_head_json":{"title":"Lumiorava Magneesiumivesi 1 PINT (0.568l) - Vinoforever","description":"Vinoforever s\u00fcndis soovist pakkuda Eestis kvaliteetseid v\u00e4iksemate tootjate organic veine, teisis\u00f5nu maheveine.","robots":{"index":"index","follow":"follow","max-snippet":"max-snippet:-1","max-image-preview":"max-image-preview:large","max-video-preview":"max-video-preview:-1"},"canonical":"https:\/\/vinoforever.ee\/en\/toode\/lumiorava-magneesiumivesi-1-pint-0-568l\/","og_locale":"en_US","og_type":"article","og_title":"Lumiorava Magneesiumivesi 1 PINT (0.568l) - Vinoforever","og_description":"Vinoforever s\u00fcndis soovist pakkuda Eestis kvaliteetseid v\u00e4iksemate tootjate organic veine, teisis\u00f5nu maheveine.","og_url":"https:\/\/vinoforever.ee\/en\/toode\/lumiorava-magneesiumivesi-1-pint-0-568l\/","og_site_name":"Vinoforever","article_publisher":"https:\/\/www.facebook.com\/vinoforever\/","article_modified_time":"2025-06-30T19:09:47+00:00","og_image":[{"width":740,"height":740,"url":"https:\/\/vinoforever.ee\/wp-content\/uploads\/2023\/08\/PET_eesti_ESA_square-002.png","type":"image\/png"}],"twitter_misc":{"Est. reading time":"1 minute"},"schema":{"@context":"https:\/\/schema.org","@graph":[{"@type":"WebPage","@id":"https:\/\/vinoforever.ee\/en\/toode\/lumiorava-magneesiumivesi-1-pint-0-568l\/","url":"https:\/\/vinoforever.ee\/en\/toode\/lumiorava-magneesiumivesi-1-pint-0-568l\/","name":"Lumiorava Magneesiumivesi 1 PINT (0.568l) - Vinoforever","isPartOf":{"@id":"https:\/\/vinoforever.ee\/en\/#website"},"primaryImageOfPage":{"@id":"https:\/\/vinoforever.ee\/en\/toode\/lumiorava-magneesiumivesi-1-pint-0-568l\/#primaryimage"},"image":{"@id":"https:\/\/vinoforever.ee\/en\/toode\/lumiorava-magneesiumivesi-1-pint-0-568l\/#primaryimage"},"thumbnailUrl":"https:\/\/vinoforever.ee\/wp-content\/uploads\/2023\/08\/PET_eesti_ESA_square-002.png","datePublished":"2023-08-22T07:23:59+00:00","dateModified":"2025-06-30T19:09:47+00:00","description":"Vinoforever s\u00fcndis soovist pakkuda Eestis kvaliteetseid v\u00e4iksemate tootjate organic veine, teisis\u00f5nu maheveine.","breadcrumb":{"@id":"https:\/\/vinoforever.ee\/en\/toode\/lumiorava-magneesiumivesi-1-pint-0-568l\/#breadcrumb"},"inLanguage":"en-US","potentialAction":[{"@type":"ReadAction","target":["https:\/\/vinoforever.ee\/en\/toode\/lumiorava-magneesiumivesi-1-pint-0-568l\/"]}]},{"@type":"ImageObject","inLanguage":"en-US","@id":"https:\/\/vinoforever.ee\/en\/toode\/lumiorava-magneesiumivesi-1-pint-0-568l\/#primaryimage","url":"https:\/\/vinoforever.ee\/wp-content\/uploads\/2023\/08\/PET_eesti_ESA_square-002.png","contentUrl":"https:\/\/vinoforever.ee\/wp-content\/uploads\/2023\/08\/PET_eesti_ESA_square-002.png","width":740,"height":740},{"@type":"BreadcrumbList","@id":"https:\/\/vinoforever.ee\/en\/toode\/lumiorava-magneesiumivesi-1-pint-0-568l\/#breadcrumb","itemListElement":[{"@type":"ListItem","position":1,"name":"Home","item":"https:\/\/vinoforever.ee\/en\/"},{"@type":"ListItem","position":2,"name":"Shop","item":"https:\/\/vinoforever.ee\/en\/shop\/"},{"@type":"ListItem","position":3,"name":"Lumiorava Magneesiumivesi 1 PINT (0.568l)"}]},{"@type":"WebSite","@id":"https:\/\/vinoforever.ee\/en\/#website","url":"https:\/\/vinoforever.ee\/en\/","name":"Vinoforever","description":"Ainult head veinid","publisher":{"@id":"https:\/\/vinoforever.ee\/en\/#organization"},"alternateName":"Mahedad veinid tunnustatud veinimajadelt","potentialAction":[{"@type":"SearchAction","target":{"@type":"EntryPoint","urlTemplate":"https:\/\/vinoforever.ee\/en\/?s={search_term_string}"},"query-input":{"@type":"PropertyValueSpecification","valueRequired":true,"valueName":"search_term_string"}}],"inLanguage":"en-US"},{"@type":"Organization","@id":"https:\/\/vinoforever.ee\/en\/#organization","name":"Vinoforever O\u00dc","url":"https:\/\/vinoforever.ee\/en\/","logo":{"@type":"ImageObject","inLanguage":"en-US","@id":"https:\/\/vinoforever.ee\/en\/#\/schema\/logo\/image\/","url":"https:\/\/vinoforever.ee\/wp-content\/uploads\/2023\/01\/VinoForever_logo.png","contentUrl":"https:\/\/vinoforever.ee\/wp-content\/uploads\/2023\/01\/VinoForever_logo.png","width":800,"height":300,"caption":"Vinoforever O\u00dc"},"image":{"@id":"https:\/\/vinoforever.ee\/en\/#\/schema\/logo\/image\/"},"sameAs":["https:\/\/www.facebook.com\/vinoforever\/","https:\/\/www.instagram.com\/vinoforever_wines\/"]}]}},"_links":{"self":[{"href":"https:\/\/vinoforever.ee\/en\/wp-json\/wp\/v2\/product\/11564","targetHints":{"allow":["GET"]}}],"collection":[{"href":"https:\/\/vinoforever.ee\/en\/wp-json\/wp\/v2\/product"}],"about":[{"href":"https:\/\/vinoforever.ee\/en\/wp-json\/wp\/v2\/types\/product"}],"replies":[{"embeddable":true,"href":"https:\/\/vinoforever.ee\/en\/wp-json\/wp\/v2\/comments?post=11564"}],"version-history":[{"count":2,"href":"https:\/\/vinoforever.ee\/en\/wp-json\/wp\/v2\/product\/11564\/revisions"}],"predecessor-version":[{"id":11567,"href":"https:\/\/vinoforever.ee\/en\/wp-json\/wp\/v2\/product\/11564\/revisions\/11567"}],"wp:featuredmedia":[{"embeddable":true,"href":"https:\/\/vinoforever.ee\/en\/wp-json\/wp\/v2\/media\/11578"}],"wp:attachment":[{"href":"https:\/\/vinoforever.ee\/en\/wp-json\/wp\/v2\/media?parent=11564"}],"wp:term":[{"taxonomy":"product_brand","embeddable":true,"href":"https:\/\/vinoforever.ee\/en\/wp-json\/wp\/v2\/product_brand?post=11564"},{"taxonomy":"product_cat","embeddable":true,"href":"https:\/\/vinoforever.ee\/en\/wp-json\/wp\/v2\/product_cat?post=11564"},{"taxonomy":"product_tag","embeddable":true,"href":"https:\/\/vinoforever.ee\/en\/wp-json\/wp\/v2\/product_tag?post=11564"}],"curies":[{"name":"wp","href":"https:\/\/api.w.org\/{rel}","templated":true}]}}