{"id":11672,"date":"2023-10-12T21:59:10","date_gmt":"2023-10-12T19:59:10","guid":{"rendered":"https:\/\/vinoforever.ee\/?post_type=product&#038;p=11672"},"modified":"2026-01-16T20:56:23","modified_gmt":"2026-01-16T18:56:23","slug":"domaine-py-cuvee-antoine-blanc","status":"publish","type":"product","link":"https:\/\/vinoforever.ee\/en\/toode\/domaine-py-cuvee-antoine-blanc\/","title":{"rendered":"Domaine Py Cuv\u00e8e Antoine Blanc"},"content":{"rendered":"<p><strong>Appelatsioon: <\/strong>AOC Corbi\u00e8res<\/p>\n<p><strong>Viinamarjad<\/strong>: 50% Vermentino, 30% Grenache Blanc, 20% Roussanne<\/p>\n<p><strong>Veinist:<\/strong> Rikkalik ja v\u00e4rske valge kuiv vein. Puuviljase karakteriga, aroomis ja maitses tunda: tsitruseid, ananassi, karusmarja.<\/p>\n<p>Elav ja elegantne!<\/p>\n<p><strong>Auhinnad<\/strong>: Aasta Vein 2025 <a href=\"https:\/\/aastavein.ee\/\">Aasta vein &#8211; Sinu abiline leidmaks parimaid veine Eestis<\/a> &#8211; h\u00f5be, mis t\u00e4hendab, et tegu on omas klassis silmapaistvalt v\u00e4ga hea veiniga.<\/p>\n<p><strong>Serveerimis temperatuur:<\/strong> 8-10\u00b0C<\/p>\n<p><strong>Alkoholisisaldus:<\/strong> 13%<\/p>\n<p><strong>Pudeli suurus:<\/strong>\u00a075cl<\/p>\n<p><strong>Auhinnad \/ tunnustused<\/strong>: Tartu linna vein 2024a. esimene koht<\/p>\n<p>&nbsp;<\/p>\n<p>Mahe sertifitseerimis-\/kontroll asutus: FR-BIO-01.<\/p>\n","protected":false},"excerpt":{"rendered":"<p>Appelatsioon: AOC Corbi\u00e8res Viinamarjad: 50% Vermentino, 30% Grenache Blanc, 20% Roussanne Veinist: Rikkalik ja v\u00e4rske valge kuiv vein. Puuviljase karakteriga,<\/p>\n","protected":false},"featured_media":12362,"comment_status":"open","ping_status":"closed","template":"","meta":[],"product_brand":[],"product_cat":[155,103],"product_tag":[],"class_list":{"0":"post-11672","1":"product","2":"type-product","3":"status-publish","4":"has-post-thumbnail","6":"product_cat-sooduspakkumised","7":"product_cat-valged-veinid","9":"first","10":"instock","11":"sale","12":"taxable","13":"shipping-taxable","14":"purchasable","15":"product-type-simple"},"yoast_head":"<!-- This site is optimized with the Yoast SEO plugin v27.1 - https:\/\/yoast.com\/product\/yoast-seo-wordpress\/ -->\n<title>Domaine Py Cuv\u00e8e Antoine Blanc - Vinoforever<\/title>\n<meta name=\"description\" content=\"L\u00f5una-Prantsusmaalt p\u00e4rit rikkaliku ja v\u00e4rske valge kuiv vein. Vein on puuviljase karakteriga, aroomis ja maitses tunda: tsitruseid, ananassi, karusmarja.\" \/>\n<meta name=\"robots\" content=\"index, follow, max-snippet:-1, max-image-preview:large, max-video-preview:-1\" \/>\n<link rel=\"canonical\" href=\"https:\/\/vinoforever.ee\/en\/toode\/domaine-py-cuvee-antoine-blanc\/\" \/>\n<meta property=\"og:locale\" content=\"en_US\" \/>\n<meta property=\"og:type\" content=\"article\" \/>\n<meta property=\"og:title\" content=\"Domaine Py Cuv\u00e8e Antoine Blanc - Vinoforever\" \/>\n<meta property=\"og:description\" content=\"L\u00f5una-Prantsusmaalt p\u00e4rit rikkaliku ja v\u00e4rske valge kuiv vein. Vein on puuviljase karakteriga, aroomis ja maitses tunda: tsitruseid, ananassi, karusmarja.\" \/>\n<meta property=\"og:url\" content=\"https:\/\/vinoforever.ee\/en\/toode\/domaine-py-cuvee-antoine-blanc\/\" \/>\n<meta property=\"og:site_name\" content=\"Vinoforever\" \/>\n<meta property=\"article:publisher\" content=\"https:\/\/www.facebook.com\/vinoforever\/\" \/>\n<meta property=\"article:modified_time\" content=\"2026-01-16T18:56:23+00:00\" \/>\n<meta property=\"og:image\" content=\"https:\/\/vinoforever.ee\/wp-content\/uploads\/2023\/02\/Antoine-Blanc-tartu-linnavein-aastavein-2025.webp\" \/>\n\t<meta property=\"og:image:width\" content=\"740\" \/>\n\t<meta property=\"og:image:height\" content=\"740\" \/>\n\t<meta property=\"og:image:type\" content=\"image\/webp\" \/>\n<meta name=\"twitter:label1\" content=\"Est. reading time\" \/>\n\t<meta name=\"twitter:data1\" content=\"1 minute\" \/>\n<script type=\"application\/ld+json\" class=\"yoast-schema-graph\">{\"@context\":\"https:\/\/schema.org\",\"@graph\":[{\"@type\":\"WebPage\",\"@id\":\"https:\/\/vinoforever.ee\/en\/toode\/domaine-py-cuvee-antoine-blanc\/\",\"url\":\"https:\/\/vinoforever.ee\/en\/toode\/domaine-py-cuvee-antoine-blanc\/\",\"name\":\"Domaine Py Cuv\u00e8e Antoine Blanc - Vinoforever\",\"isPartOf\":{\"@id\":\"https:\/\/vinoforever.ee\/en\/#website\"},\"primaryImageOfPage\":{\"@id\":\"https:\/\/vinoforever.ee\/en\/toode\/domaine-py-cuvee-antoine-blanc\/#primaryimage\"},\"image\":{\"@id\":\"https:\/\/vinoforever.ee\/en\/toode\/domaine-py-cuvee-antoine-blanc\/#primaryimage\"},\"thumbnailUrl\":\"https:\/\/vinoforever.ee\/wp-content\/uploads\/2023\/02\/Antoine-Blanc-tartu-linnavein-aastavein-2025.webp\",\"datePublished\":\"2023-10-12T19:59:10+00:00\",\"dateModified\":\"2026-01-16T18:56:23+00:00\",\"description\":\"L\u00f5una-Prantsusmaalt p\u00e4rit rikkaliku ja v\u00e4rske valge kuiv vein. Vein on puuviljase karakteriga, aroomis ja maitses tunda: tsitruseid, ananassi, karusmarja.\",\"breadcrumb\":{\"@id\":\"https:\/\/vinoforever.ee\/en\/toode\/domaine-py-cuvee-antoine-blanc\/#breadcrumb\"},\"inLanguage\":\"en-US\",\"potentialAction\":[{\"@type\":\"ReadAction\",\"target\":[\"https:\/\/vinoforever.ee\/en\/toode\/domaine-py-cuvee-antoine-blanc\/\"]}]},{\"@type\":\"ImageObject\",\"inLanguage\":\"en-US\",\"@id\":\"https:\/\/vinoforever.ee\/en\/toode\/domaine-py-cuvee-antoine-blanc\/#primaryimage\",\"url\":\"https:\/\/vinoforever.ee\/wp-content\/uploads\/2023\/02\/Antoine-Blanc-tartu-linnavein-aastavein-2025.webp\",\"contentUrl\":\"https:\/\/vinoforever.ee\/wp-content\/uploads\/2023\/02\/Antoine-Blanc-tartu-linnavein-aastavein-2025.webp\",\"width\":740,\"height\":740,\"caption\":\"Aasta Vein 2025 - Domaine Py Cuv\u00e8e Antoine Blanc - h\u00f5bemedal\"},{\"@type\":\"BreadcrumbList\",\"@id\":\"https:\/\/vinoforever.ee\/en\/toode\/domaine-py-cuvee-antoine-blanc\/#breadcrumb\",\"itemListElement\":[{\"@type\":\"ListItem\",\"position\":1,\"name\":\"Home\",\"item\":\"https:\/\/vinoforever.ee\/en\/\"},{\"@type\":\"ListItem\",\"position\":2,\"name\":\"Shop\",\"item\":\"https:\/\/vinoforever.ee\/en\/shop\/\"},{\"@type\":\"ListItem\",\"position\":3,\"name\":\"Domaine Py Cuv\u00e8e Antoine Blanc\"}]},{\"@type\":\"WebSite\",\"@id\":\"https:\/\/vinoforever.ee\/en\/#website\",\"url\":\"https:\/\/vinoforever.ee\/en\/\",\"name\":\"Vinoforever\",\"description\":\"Ainult head veinid\",\"publisher\":{\"@id\":\"https:\/\/vinoforever.ee\/en\/#organization\"},\"alternateName\":\"Mahedad veinid tunnustatud veinimajadelt\",\"potentialAction\":[{\"@type\":\"SearchAction\",\"target\":{\"@type\":\"EntryPoint\",\"urlTemplate\":\"https:\/\/vinoforever.ee\/en\/?s={search_term_string}\"},\"query-input\":{\"@type\":\"PropertyValueSpecification\",\"valueRequired\":true,\"valueName\":\"search_term_string\"}}],\"inLanguage\":\"en-US\"},{\"@type\":\"Organization\",\"@id\":\"https:\/\/vinoforever.ee\/en\/#organization\",\"name\":\"Vinoforever O\u00dc\",\"url\":\"https:\/\/vinoforever.ee\/en\/\",\"logo\":{\"@type\":\"ImageObject\",\"inLanguage\":\"en-US\",\"@id\":\"https:\/\/vinoforever.ee\/en\/#\/schema\/logo\/image\/\",\"url\":\"https:\/\/vinoforever.ee\/wp-content\/uploads\/2023\/01\/VinoForever_logo.png\",\"contentUrl\":\"https:\/\/vinoforever.ee\/wp-content\/uploads\/2023\/01\/VinoForever_logo.png\",\"width\":800,\"height\":300,\"caption\":\"Vinoforever O\u00dc\"},\"image\":{\"@id\":\"https:\/\/vinoforever.ee\/en\/#\/schema\/logo\/image\/\"},\"sameAs\":[\"https:\/\/www.facebook.com\/vinoforever\/\",\"https:\/\/www.instagram.com\/vinoforever_wines\/\"]}]}<\/script>\n<!-- \/ Yoast SEO plugin. -->","yoast_head_json":{"title":"Domaine Py Cuv\u00e8e Antoine Blanc - Vinoforever","description":"L\u00f5una-Prantsusmaalt p\u00e4rit rikkaliku ja v\u00e4rske valge kuiv vein. Vein on puuviljase karakteriga, aroomis ja maitses tunda: tsitruseid, ananassi, karusmarja.","robots":{"index":"index","follow":"follow","max-snippet":"max-snippet:-1","max-image-preview":"max-image-preview:large","max-video-preview":"max-video-preview:-1"},"canonical":"https:\/\/vinoforever.ee\/en\/toode\/domaine-py-cuvee-antoine-blanc\/","og_locale":"en_US","og_type":"article","og_title":"Domaine Py Cuv\u00e8e Antoine Blanc - Vinoforever","og_description":"L\u00f5una-Prantsusmaalt p\u00e4rit rikkaliku ja v\u00e4rske valge kuiv vein. Vein on puuviljase karakteriga, aroomis ja maitses tunda: tsitruseid, ananassi, karusmarja.","og_url":"https:\/\/vinoforever.ee\/en\/toode\/domaine-py-cuvee-antoine-blanc\/","og_site_name":"Vinoforever","article_publisher":"https:\/\/www.facebook.com\/vinoforever\/","article_modified_time":"2026-01-16T18:56:23+00:00","og_image":[{"width":740,"height":740,"url":"https:\/\/vinoforever.ee\/wp-content\/uploads\/2023\/02\/Antoine-Blanc-tartu-linnavein-aastavein-2025.webp","type":"image\/webp"}],"twitter_misc":{"Est. reading time":"1 minute"},"schema":{"@context":"https:\/\/schema.org","@graph":[{"@type":"WebPage","@id":"https:\/\/vinoforever.ee\/en\/toode\/domaine-py-cuvee-antoine-blanc\/","url":"https:\/\/vinoforever.ee\/en\/toode\/domaine-py-cuvee-antoine-blanc\/","name":"Domaine Py Cuv\u00e8e Antoine Blanc - Vinoforever","isPartOf":{"@id":"https:\/\/vinoforever.ee\/en\/#website"},"primaryImageOfPage":{"@id":"https:\/\/vinoforever.ee\/en\/toode\/domaine-py-cuvee-antoine-blanc\/#primaryimage"},"image":{"@id":"https:\/\/vinoforever.ee\/en\/toode\/domaine-py-cuvee-antoine-blanc\/#primaryimage"},"thumbnailUrl":"https:\/\/vinoforever.ee\/wp-content\/uploads\/2023\/02\/Antoine-Blanc-tartu-linnavein-aastavein-2025.webp","datePublished":"2023-10-12T19:59:10+00:00","dateModified":"2026-01-16T18:56:23+00:00","description":"L\u00f5una-Prantsusmaalt p\u00e4rit rikkaliku ja v\u00e4rske valge kuiv vein. Vein on puuviljase karakteriga, aroomis ja maitses tunda: tsitruseid, ananassi, karusmarja.","breadcrumb":{"@id":"https:\/\/vinoforever.ee\/en\/toode\/domaine-py-cuvee-antoine-blanc\/#breadcrumb"},"inLanguage":"en-US","potentialAction":[{"@type":"ReadAction","target":["https:\/\/vinoforever.ee\/en\/toode\/domaine-py-cuvee-antoine-blanc\/"]}]},{"@type":"ImageObject","inLanguage":"en-US","@id":"https:\/\/vinoforever.ee\/en\/toode\/domaine-py-cuvee-antoine-blanc\/#primaryimage","url":"https:\/\/vinoforever.ee\/wp-content\/uploads\/2023\/02\/Antoine-Blanc-tartu-linnavein-aastavein-2025.webp","contentUrl":"https:\/\/vinoforever.ee\/wp-content\/uploads\/2023\/02\/Antoine-Blanc-tartu-linnavein-aastavein-2025.webp","width":740,"height":740,"caption":"Aasta Vein 2025 - Domaine Py Cuv\u00e8e Antoine Blanc - h\u00f5bemedal"},{"@type":"BreadcrumbList","@id":"https:\/\/vinoforever.ee\/en\/toode\/domaine-py-cuvee-antoine-blanc\/#breadcrumb","itemListElement":[{"@type":"ListItem","position":1,"name":"Home","item":"https:\/\/vinoforever.ee\/en\/"},{"@type":"ListItem","position":2,"name":"Shop","item":"https:\/\/vinoforever.ee\/en\/shop\/"},{"@type":"ListItem","position":3,"name":"Domaine Py Cuv\u00e8e Antoine Blanc"}]},{"@type":"WebSite","@id":"https:\/\/vinoforever.ee\/en\/#website","url":"https:\/\/vinoforever.ee\/en\/","name":"Vinoforever","description":"Ainult head veinid","publisher":{"@id":"https:\/\/vinoforever.ee\/en\/#organization"},"alternateName":"Mahedad veinid tunnustatud veinimajadelt","potentialAction":[{"@type":"SearchAction","target":{"@type":"EntryPoint","urlTemplate":"https:\/\/vinoforever.ee\/en\/?s={search_term_string}"},"query-input":{"@type":"PropertyValueSpecification","valueRequired":true,"valueName":"search_term_string"}}],"inLanguage":"en-US"},{"@type":"Organization","@id":"https:\/\/vinoforever.ee\/en\/#organization","name":"Vinoforever O\u00dc","url":"https:\/\/vinoforever.ee\/en\/","logo":{"@type":"ImageObject","inLanguage":"en-US","@id":"https:\/\/vinoforever.ee\/en\/#\/schema\/logo\/image\/","url":"https:\/\/vinoforever.ee\/wp-content\/uploads\/2023\/01\/VinoForever_logo.png","contentUrl":"https:\/\/vinoforever.ee\/wp-content\/uploads\/2023\/01\/VinoForever_logo.png","width":800,"height":300,"caption":"Vinoforever O\u00dc"},"image":{"@id":"https:\/\/vinoforever.ee\/en\/#\/schema\/logo\/image\/"},"sameAs":["https:\/\/www.facebook.com\/vinoforever\/","https:\/\/www.instagram.com\/vinoforever_wines\/"]}]}},"_links":{"self":[{"href":"https:\/\/vinoforever.ee\/en\/wp-json\/wp\/v2\/product\/11672","targetHints":{"allow":["GET"]}}],"collection":[{"href":"https:\/\/vinoforever.ee\/en\/wp-json\/wp\/v2\/product"}],"about":[{"href":"https:\/\/vinoforever.ee\/en\/wp-json\/wp\/v2\/types\/product"}],"replies":[{"embeddable":true,"href":"https:\/\/vinoforever.ee\/en\/wp-json\/wp\/v2\/comments?post=11672"}],"version-history":[{"count":5,"href":"https:\/\/vinoforever.ee\/en\/wp-json\/wp\/v2\/product\/11672\/revisions"}],"predecessor-version":[{"id":12380,"href":"https:\/\/vinoforever.ee\/en\/wp-json\/wp\/v2\/product\/11672\/revisions\/12380"}],"wp:featuredmedia":[{"embeddable":true,"href":"https:\/\/vinoforever.ee\/en\/wp-json\/wp\/v2\/media\/12362"}],"wp:attachment":[{"href":"https:\/\/vinoforever.ee\/en\/wp-json\/wp\/v2\/media?parent=11672"}],"wp:term":[{"taxonomy":"product_brand","embeddable":true,"href":"https:\/\/vinoforever.ee\/en\/wp-json\/wp\/v2\/product_brand?post=11672"},{"taxonomy":"product_cat","embeddable":true,"href":"https:\/\/vinoforever.ee\/en\/wp-json\/wp\/v2\/product_cat?post=11672"},{"taxonomy":"product_tag","embeddable":true,"href":"https:\/\/vinoforever.ee\/en\/wp-json\/wp\/v2\/product_tag?post=11672"}],"curies":[{"name":"wp","href":"https:\/\/api.w.org\/{rel}","templated":true}]}}