{"id":11791,"date":"2024-01-30T13:25:45","date_gmt":"2024-01-30T11:25:45","guid":{"rendered":"https:\/\/vinoforever.ee\/?post_type=product&#038;p=11791"},"modified":"2025-11-30T12:06:26","modified_gmt":"2025-11-30T10:06:26","slug":"savian-mybird-rosso-igt-veneto","status":"publish","type":"product","link":"https:\/\/vinoforever.ee\/en\/toode\/savian-mybird-rosso-igt-veneto\/","title":{"rendered":"Savian MyBird Rosso IGT Veneto"},"content":{"rendered":"<p><strong>Veinist<\/strong>: vein on v\u00e4rvilt intensiivse rubiinpunase tooniga millel on violetsed peegeldused. Aroomis ja maitses tunda tumedaid marju, milleks on p\u00f5ldmarjad, vaarikad, musts\u00f5strad. Keskmaitses tunda kardemoni, majoraani ja viiteid m\u00e4nniokastele, l\u00f5ppmaitses pisut v\u00fcrtsikust. \u00a0Elav punane kuiv vein mis on v\u00e4rskete marjaste taniinidega.<\/p>\n<p>Mybird Rosso on Saviani veinimaja teine vein, mis on valmistatud residentsetest\/vasutpidavatest viinamarjadest. P\u00e4rast aastatepikkust \u00f5ppimist ja uurimist\u00f6\u00f6d, on nad saanud esimese aastak\u00e4igu Merlot Khorus viinamarjadest valmistatud veini. Aastast 2023 kuuluvad nad rahvusvahelisse organisatsiooni PIWI. L\u00fchidalt \u00f6eldes on PIWI organisatsioon, mis tegeleb seenhaigustele residentsete viinamarjasortide aretamisega.<\/p>\n<p><a href=\"https:\/\/piwi-international.org\/en\/\">https:\/\/piwi-international.org\/en\/<\/a><\/p>\n<p>Sildil on k\u00e4sitsi joonistatud poeetiline illustratsioon, mis kujutab metafooriliselt William Saviani unistust: looduskeskkonda, mille peategelaseks on viinamarjaistandused, mis on nagu puu \u2013 tervitab k\u00f5iki elusolendeid, taimi, loomi ja mehi, koht kus elavad k\u00f5ik koos t\u00e4iuslikus tasakaalus.<\/p>\n<p>&nbsp;<\/p>\n<p><strong>Toidusoovitus:<\/strong> punasest lihast valmistatud hautiste juurde aga ka uklukilihaga ja Itaalia traditsiooniliste toitudega, milleks on lasagne ja cannelloni lihakaste. Keskmise laagerdusega juustude juurde.<\/p>\n<p><strong>PS!<\/strong> Pudelil on klaaskork, mida soovitame alles hoida, seda saab korduvalt kasutada, kui soovite avatud veini k\u00fclmikus hoiustada. Klaaskork on teadlik valik, soovitakse pakkuda alternatiivi korgitammest korkidele. Seda k\u00f5ike ikka, selleks, et s\u00e4\u00e4sta loodust.<\/p>\n<p><strong>Auhinnad<\/strong>: Aasta Vein 2025 <a href=\"https:\/\/aastavein.ee\/\">Aasta vein &#8211; Sinu abiline leidmaks parimaid veine Eestis<\/a> &#8211; pronks, mis t\u00e4hendab, et tegu on omas klassis hea veiniga.<\/p>\n<p><strong>Serveerimis temperatuur:<\/strong> 16-18\u00b0C<\/p>\n<p><strong>Alkoholisisaldus:<\/strong> 13%<\/p>\n<p><strong>Pudeli suurus:<\/strong>\u00a075cl<\/p>\n<p>Mahe sertifitseerimis-\/kontroll asutus: IT-BIO-006 v\u00f5i Istituto per la Certificazione Etica ed Ambientale<\/p>\n","protected":false},"excerpt":{"rendered":"<p>Veinist: vein on v\u00e4rvilt intensiivse rubiinpunase tooniga millel on violetsed peegeldused. Aroomis ja maitses tunda tumedaid marju, milleks on p\u00f5ldmarjad,<\/p>\n","protected":false},"featured_media":12354,"comment_status":"open","ping_status":"closed","template":"","meta":[],"product_brand":[],"product_cat":[20,155],"product_tag":[],"class_list":{"0":"post-11791","1":"product","2":"type-product","3":"status-publish","4":"has-post-thumbnail","6":"product_cat-punased-veinid","7":"product_cat-sooduspakkumised","9":"first","10":"instock","11":"sale","12":"taxable","13":"shipping-taxable","14":"purchasable","15":"product-type-simple"},"yoast_head":"<!-- This site is optimized with the Yoast SEO plugin v27.1 - https:\/\/yoast.com\/product\/yoast-seo-wordpress\/ -->\n<title>Savian MyBird Rosso IGT Veneto - Vinoforever<\/title>\n<meta name=\"description\" content=\"Intensiivse rubiinpunase tooniga, tumedate marjade ja v\u00fcrtsika l\u00f5puga punane vein. Sobib lihahautiste ja keskmise laagerdusega juustudega. Serveeri 16-18\u00b0C.\" \/>\n<meta name=\"robots\" content=\"index, follow, max-snippet:-1, max-image-preview:large, max-video-preview:-1\" \/>\n<link rel=\"canonical\" href=\"https:\/\/vinoforever.ee\/en\/toode\/savian-mybird-rosso-igt-veneto\/\" \/>\n<meta property=\"og:locale\" content=\"en_US\" \/>\n<meta property=\"og:type\" content=\"article\" \/>\n<meta property=\"og:title\" content=\"Savian MyBird Rosso IGT Veneto - Vinoforever\" \/>\n<meta property=\"og:description\" content=\"Intensiivse rubiinpunase tooniga, tumedate marjade ja v\u00fcrtsika l\u00f5puga punane vein. Sobib lihahautiste ja keskmise laagerdusega juustudega. Serveeri 16-18\u00b0C.\" \/>\n<meta property=\"og:url\" content=\"https:\/\/vinoforever.ee\/en\/toode\/savian-mybird-rosso-igt-veneto\/\" \/>\n<meta property=\"og:site_name\" content=\"Vinoforever\" \/>\n<meta property=\"article:publisher\" content=\"https:\/\/www.facebook.com\/vinoforever\/\" \/>\n<meta property=\"article:modified_time\" content=\"2025-11-30T10:06:26+00:00\" \/>\n<meta property=\"og:image\" content=\"https:\/\/vinoforever.ee\/wp-content\/uploads\/2023\/02\/Mybird-rosso-e-pood_740x740px-aasta-vein-2025.webp\" \/>\n\t<meta property=\"og:image:width\" content=\"740\" \/>\n\t<meta property=\"og:image:height\" content=\"740\" \/>\n\t<meta property=\"og:image:type\" content=\"image\/webp\" \/>\n<meta name=\"twitter:label1\" content=\"Est. reading time\" \/>\n\t<meta name=\"twitter:data1\" content=\"2 minutes\" \/>\n<script type=\"application\/ld+json\" class=\"yoast-schema-graph\">{\"@context\":\"https:\/\/schema.org\",\"@graph\":[{\"@type\":\"WebPage\",\"@id\":\"https:\/\/vinoforever.ee\/en\/toode\/savian-mybird-rosso-igt-veneto\/\",\"url\":\"https:\/\/vinoforever.ee\/en\/toode\/savian-mybird-rosso-igt-veneto\/\",\"name\":\"Savian MyBird Rosso IGT Veneto - Vinoforever\",\"isPartOf\":{\"@id\":\"https:\/\/vinoforever.ee\/en\/#website\"},\"primaryImageOfPage\":{\"@id\":\"https:\/\/vinoforever.ee\/en\/toode\/savian-mybird-rosso-igt-veneto\/#primaryimage\"},\"image\":{\"@id\":\"https:\/\/vinoforever.ee\/en\/toode\/savian-mybird-rosso-igt-veneto\/#primaryimage\"},\"thumbnailUrl\":\"https:\/\/vinoforever.ee\/wp-content\/uploads\/2023\/02\/Mybird-rosso-e-pood_740x740px-aasta-vein-2025.webp\",\"datePublished\":\"2024-01-30T11:25:45+00:00\",\"dateModified\":\"2025-11-30T10:06:26+00:00\",\"description\":\"Intensiivse rubiinpunase tooniga, tumedate marjade ja v\u00fcrtsika l\u00f5puga punane vein. Sobib lihahautiste ja keskmise laagerdusega juustudega. Serveeri 16-18\u00b0C.\",\"breadcrumb\":{\"@id\":\"https:\/\/vinoforever.ee\/en\/toode\/savian-mybird-rosso-igt-veneto\/#breadcrumb\"},\"inLanguage\":\"en-US\",\"potentialAction\":[{\"@type\":\"ReadAction\",\"target\":[\"https:\/\/vinoforever.ee\/en\/toode\/savian-mybird-rosso-igt-veneto\/\"]}]},{\"@type\":\"ImageObject\",\"inLanguage\":\"en-US\",\"@id\":\"https:\/\/vinoforever.ee\/en\/toode\/savian-mybird-rosso-igt-veneto\/#primaryimage\",\"url\":\"https:\/\/vinoforever.ee\/wp-content\/uploads\/2023\/02\/Mybird-rosso-e-pood_740x740px-aasta-vein-2025.webp\",\"contentUrl\":\"https:\/\/vinoforever.ee\/wp-content\/uploads\/2023\/02\/Mybird-rosso-e-pood_740x740px-aasta-vein-2025.webp\",\"width\":740,\"height\":740,\"caption\":\"Aasta Vein 2025 - Savian MyBird Rosso IGT Veneto - pronksmedal\"},{\"@type\":\"BreadcrumbList\",\"@id\":\"https:\/\/vinoforever.ee\/en\/toode\/savian-mybird-rosso-igt-veneto\/#breadcrumb\",\"itemListElement\":[{\"@type\":\"ListItem\",\"position\":1,\"name\":\"Home\",\"item\":\"https:\/\/vinoforever.ee\/en\/\"},{\"@type\":\"ListItem\",\"position\":2,\"name\":\"Shop\",\"item\":\"https:\/\/vinoforever.ee\/en\/shop\/\"},{\"@type\":\"ListItem\",\"position\":3,\"name\":\"Savian MyBird Rosso IGT Veneto\"}]},{\"@type\":\"WebSite\",\"@id\":\"https:\/\/vinoforever.ee\/en\/#website\",\"url\":\"https:\/\/vinoforever.ee\/en\/\",\"name\":\"Vinoforever\",\"description\":\"Ainult head veinid\",\"publisher\":{\"@id\":\"https:\/\/vinoforever.ee\/en\/#organization\"},\"alternateName\":\"Mahedad veinid tunnustatud veinimajadelt\",\"potentialAction\":[{\"@type\":\"SearchAction\",\"target\":{\"@type\":\"EntryPoint\",\"urlTemplate\":\"https:\/\/vinoforever.ee\/en\/?s={search_term_string}\"},\"query-input\":{\"@type\":\"PropertyValueSpecification\",\"valueRequired\":true,\"valueName\":\"search_term_string\"}}],\"inLanguage\":\"en-US\"},{\"@type\":\"Organization\",\"@id\":\"https:\/\/vinoforever.ee\/en\/#organization\",\"name\":\"Vinoforever O\u00dc\",\"url\":\"https:\/\/vinoforever.ee\/en\/\",\"logo\":{\"@type\":\"ImageObject\",\"inLanguage\":\"en-US\",\"@id\":\"https:\/\/vinoforever.ee\/en\/#\/schema\/logo\/image\/\",\"url\":\"https:\/\/vinoforever.ee\/wp-content\/uploads\/2023\/01\/VinoForever_logo.png\",\"contentUrl\":\"https:\/\/vinoforever.ee\/wp-content\/uploads\/2023\/01\/VinoForever_logo.png\",\"width\":800,\"height\":300,\"caption\":\"Vinoforever O\u00dc\"},\"image\":{\"@id\":\"https:\/\/vinoforever.ee\/en\/#\/schema\/logo\/image\/\"},\"sameAs\":[\"https:\/\/www.facebook.com\/vinoforever\/\",\"https:\/\/www.instagram.com\/vinoforever_wines\/\"]}]}<\/script>\n<!-- \/ Yoast SEO plugin. -->","yoast_head_json":{"title":"Savian MyBird Rosso IGT Veneto - Vinoforever","description":"Intensiivse rubiinpunase tooniga, tumedate marjade ja v\u00fcrtsika l\u00f5puga punane vein. Sobib lihahautiste ja keskmise laagerdusega juustudega. Serveeri 16-18\u00b0C.","robots":{"index":"index","follow":"follow","max-snippet":"max-snippet:-1","max-image-preview":"max-image-preview:large","max-video-preview":"max-video-preview:-1"},"canonical":"https:\/\/vinoforever.ee\/en\/toode\/savian-mybird-rosso-igt-veneto\/","og_locale":"en_US","og_type":"article","og_title":"Savian MyBird Rosso IGT Veneto - Vinoforever","og_description":"Intensiivse rubiinpunase tooniga, tumedate marjade ja v\u00fcrtsika l\u00f5puga punane vein. Sobib lihahautiste ja keskmise laagerdusega juustudega. Serveeri 16-18\u00b0C.","og_url":"https:\/\/vinoforever.ee\/en\/toode\/savian-mybird-rosso-igt-veneto\/","og_site_name":"Vinoforever","article_publisher":"https:\/\/www.facebook.com\/vinoforever\/","article_modified_time":"2025-11-30T10:06:26+00:00","og_image":[{"width":740,"height":740,"url":"https:\/\/vinoforever.ee\/wp-content\/uploads\/2023\/02\/Mybird-rosso-e-pood_740x740px-aasta-vein-2025.webp","type":"image\/webp"}],"twitter_misc":{"Est. reading time":"2 minutes"},"schema":{"@context":"https:\/\/schema.org","@graph":[{"@type":"WebPage","@id":"https:\/\/vinoforever.ee\/en\/toode\/savian-mybird-rosso-igt-veneto\/","url":"https:\/\/vinoforever.ee\/en\/toode\/savian-mybird-rosso-igt-veneto\/","name":"Savian MyBird Rosso IGT Veneto - Vinoforever","isPartOf":{"@id":"https:\/\/vinoforever.ee\/en\/#website"},"primaryImageOfPage":{"@id":"https:\/\/vinoforever.ee\/en\/toode\/savian-mybird-rosso-igt-veneto\/#primaryimage"},"image":{"@id":"https:\/\/vinoforever.ee\/en\/toode\/savian-mybird-rosso-igt-veneto\/#primaryimage"},"thumbnailUrl":"https:\/\/vinoforever.ee\/wp-content\/uploads\/2023\/02\/Mybird-rosso-e-pood_740x740px-aasta-vein-2025.webp","datePublished":"2024-01-30T11:25:45+00:00","dateModified":"2025-11-30T10:06:26+00:00","description":"Intensiivse rubiinpunase tooniga, tumedate marjade ja v\u00fcrtsika l\u00f5puga punane vein. Sobib lihahautiste ja keskmise laagerdusega juustudega. Serveeri 16-18\u00b0C.","breadcrumb":{"@id":"https:\/\/vinoforever.ee\/en\/toode\/savian-mybird-rosso-igt-veneto\/#breadcrumb"},"inLanguage":"en-US","potentialAction":[{"@type":"ReadAction","target":["https:\/\/vinoforever.ee\/en\/toode\/savian-mybird-rosso-igt-veneto\/"]}]},{"@type":"ImageObject","inLanguage":"en-US","@id":"https:\/\/vinoforever.ee\/en\/toode\/savian-mybird-rosso-igt-veneto\/#primaryimage","url":"https:\/\/vinoforever.ee\/wp-content\/uploads\/2023\/02\/Mybird-rosso-e-pood_740x740px-aasta-vein-2025.webp","contentUrl":"https:\/\/vinoforever.ee\/wp-content\/uploads\/2023\/02\/Mybird-rosso-e-pood_740x740px-aasta-vein-2025.webp","width":740,"height":740,"caption":"Aasta Vein 2025 - Savian MyBird Rosso IGT Veneto - pronksmedal"},{"@type":"BreadcrumbList","@id":"https:\/\/vinoforever.ee\/en\/toode\/savian-mybird-rosso-igt-veneto\/#breadcrumb","itemListElement":[{"@type":"ListItem","position":1,"name":"Home","item":"https:\/\/vinoforever.ee\/en\/"},{"@type":"ListItem","position":2,"name":"Shop","item":"https:\/\/vinoforever.ee\/en\/shop\/"},{"@type":"ListItem","position":3,"name":"Savian MyBird Rosso IGT Veneto"}]},{"@type":"WebSite","@id":"https:\/\/vinoforever.ee\/en\/#website","url":"https:\/\/vinoforever.ee\/en\/","name":"Vinoforever","description":"Ainult head veinid","publisher":{"@id":"https:\/\/vinoforever.ee\/en\/#organization"},"alternateName":"Mahedad veinid tunnustatud veinimajadelt","potentialAction":[{"@type":"SearchAction","target":{"@type":"EntryPoint","urlTemplate":"https:\/\/vinoforever.ee\/en\/?s={search_term_string}"},"query-input":{"@type":"PropertyValueSpecification","valueRequired":true,"valueName":"search_term_string"}}],"inLanguage":"en-US"},{"@type":"Organization","@id":"https:\/\/vinoforever.ee\/en\/#organization","name":"Vinoforever O\u00dc","url":"https:\/\/vinoforever.ee\/en\/","logo":{"@type":"ImageObject","inLanguage":"en-US","@id":"https:\/\/vinoforever.ee\/en\/#\/schema\/logo\/image\/","url":"https:\/\/vinoforever.ee\/wp-content\/uploads\/2023\/01\/VinoForever_logo.png","contentUrl":"https:\/\/vinoforever.ee\/wp-content\/uploads\/2023\/01\/VinoForever_logo.png","width":800,"height":300,"caption":"Vinoforever O\u00dc"},"image":{"@id":"https:\/\/vinoforever.ee\/en\/#\/schema\/logo\/image\/"},"sameAs":["https:\/\/www.facebook.com\/vinoforever\/","https:\/\/www.instagram.com\/vinoforever_wines\/"]}]}},"_links":{"self":[{"href":"https:\/\/vinoforever.ee\/en\/wp-json\/wp\/v2\/product\/11791","targetHints":{"allow":["GET"]}}],"collection":[{"href":"https:\/\/vinoforever.ee\/en\/wp-json\/wp\/v2\/product"}],"about":[{"href":"https:\/\/vinoforever.ee\/en\/wp-json\/wp\/v2\/types\/product"}],"replies":[{"embeddable":true,"href":"https:\/\/vinoforever.ee\/en\/wp-json\/wp\/v2\/comments?post=11791"}],"version-history":[{"count":3,"href":"https:\/\/vinoforever.ee\/en\/wp-json\/wp\/v2\/product\/11791\/revisions"}],"predecessor-version":[{"id":12378,"href":"https:\/\/vinoforever.ee\/en\/wp-json\/wp\/v2\/product\/11791\/revisions\/12378"}],"wp:featuredmedia":[{"embeddable":true,"href":"https:\/\/vinoforever.ee\/en\/wp-json\/wp\/v2\/media\/12354"}],"wp:attachment":[{"href":"https:\/\/vinoforever.ee\/en\/wp-json\/wp\/v2\/media?parent=11791"}],"wp:term":[{"taxonomy":"product_brand","embeddable":true,"href":"https:\/\/vinoforever.ee\/en\/wp-json\/wp\/v2\/product_brand?post=11791"},{"taxonomy":"product_cat","embeddable":true,"href":"https:\/\/vinoforever.ee\/en\/wp-json\/wp\/v2\/product_cat?post=11791"},{"taxonomy":"product_tag","embeddable":true,"href":"https:\/\/vinoforever.ee\/en\/wp-json\/wp\/v2\/product_tag?post=11791"}],"curies":[{"name":"wp","href":"https:\/\/api.w.org\/{rel}","templated":true}]}}