{"id":11805,"date":"2024-01-31T20:13:48","date_gmt":"2024-01-31T18:13:48","guid":{"rendered":"https:\/\/vinoforever.ee\/?post_type=product&#038;p=11805"},"modified":"2025-06-30T20:32:49","modified_gmt":"2025-06-30T18:32:49","slug":"savian-prosecco-extra-dry-magnum-doc-spumante","status":"publish","type":"product","link":"https:\/\/vinoforever.ee\/en\/toode\/savian-prosecco-extra-dry-magnum-doc-spumante\/","title":{"rendered":"Savian Prosecco Extra Dry Magnum DOC Spumante"},"content":{"rendered":"<p><strong>Veinist:\u00a0<\/strong>P\u00e4rast viinamarjaistanduse parimate kobarate valimist, pressitakse marjad, kontollitud temperatuuril k\u00e4\u00e4ritamine 14C juures, et saada silmale peen perlaa\u017e. See tehnika v\u00f5imaldab \u00f5rnu aroome ja maitseid. S\u00e4rava \u00f5lkollase v\u00e4rvusega, peen ja p\u00fcsiv vahusus. Puuviljane \u2013 greip, ananass, kollane \u00f5un aga ka tunda lillelisust \u2013 akaatsia, emajuur, salvei. Maitselt pehme, kerge, m\u00f5nusalt s\u00e4rtsakas, p\u00fcsiv.<\/p>\n<p><strong>Veinit\u00fc\u00fcp:<\/strong> Vahuvein<br \/>\n<strong>Veinit\u00fc\u00fcbialaliik:<\/strong> Prosecco<\/p>\n<p><strong>Toidusoovitus:\u00a0<\/strong>Aperatiivina, risoto ja karpide juurde<\/p>\n<p><strong>Auhinnad:<\/strong> Kuldmedal &#8211; Milleisme Bio 2023, Kuldmedal \u2013 BioWeinPreis 2019, Kuldmedal &#8211; Berliner Wine Trophy 2019 Winter Edition, Pronksmedal &#8211; 2019 Merano Wine Festival The WineHunter Award<\/p>\n<p><strong>Serveerimis temperatuur:<\/strong> 8-10\u00b0C<\/p>\n<p><strong>Alkoholisisaldus:<\/strong> 11%<\/p>\n<p><strong>Pudeli suurus:<\/strong> 150cl<\/p>\n<p>Mahe sertifitseerimis-\/kontroll asutus: IT-BIO-006 v\u00f5i Istituto per la Certificazione Etica ed Ambientale<\/p>\n","protected":false},"excerpt":{"rendered":"<p>Veinist:\u00a0P\u00e4rast viinamarjaistanduse parimate kobarate valimist, pressitakse marjad, kontollitud temperatuuril k\u00e4\u00e4ritamine 14C juures, et saada silmale peen perlaa\u017e. See tehnika v\u00f5imaldab<\/p>\n","protected":false},"featured_media":9425,"comment_status":"open","ping_status":"closed","template":"","meta":[],"product_brand":[],"product_cat":[71],"product_tag":[],"class_list":{"0":"post-11805","1":"product","2":"type-product","3":"status-publish","4":"has-post-thumbnail","6":"product_cat-vahuveinid","8":"first","9":"instock","10":"taxable","11":"shipping-taxable","12":"purchasable","13":"product-type-simple"},"yoast_head":"<!-- This site is optimized with the Yoast SEO plugin v27.1 - https:\/\/yoast.com\/product\/yoast-seo-wordpress\/ -->\n<title>Savian Prosecco Extra Dry Magnum DOC Spumante - Vinoforever<\/title>\n<meta name=\"description\" content=\"Savian Prosecco Extra Dry Magnum DOC Spumante: s\u00e4rav \u00f5lgkollane vahuvein peene vahususega, greibi ja ananassi aroomiga. Ideaalne risoto kaaslane.\" \/>\n<meta name=\"robots\" content=\"index, follow, max-snippet:-1, max-image-preview:large, max-video-preview:-1\" \/>\n<link rel=\"canonical\" href=\"https:\/\/vinoforever.ee\/en\/toode\/savian-prosecco-extra-dry-magnum-doc-spumante\/\" \/>\n<meta property=\"og:locale\" content=\"en_US\" \/>\n<meta property=\"og:type\" content=\"article\" \/>\n<meta property=\"og:title\" content=\"Savian Prosecco Extra Dry Magnum DOC Spumante - Vinoforever\" \/>\n<meta property=\"og:description\" content=\"Savian Prosecco Extra Dry Magnum DOC Spumante: s\u00e4rav \u00f5lgkollane vahuvein peene vahususega, greibi ja ananassi aroomiga. Ideaalne risoto kaaslane.\" \/>\n<meta property=\"og:url\" content=\"https:\/\/vinoforever.ee\/en\/toode\/savian-prosecco-extra-dry-magnum-doc-spumante\/\" \/>\n<meta property=\"og:site_name\" content=\"Vinoforever\" \/>\n<meta property=\"article:publisher\" content=\"https:\/\/www.facebook.com\/vinoforever\/\" \/>\n<meta property=\"article:modified_time\" content=\"2025-06-30T18:32:49+00:00\" \/>\n<meta property=\"og:image\" content=\"https:\/\/vinoforever.ee\/wp-content\/uploads\/2023\/02\/prosecco-spumante-doc-extra-dry-savian-vini.png.jpg\" \/>\n\t<meta property=\"og:image:width\" content=\"740\" \/>\n\t<meta property=\"og:image:height\" content=\"740\" \/>\n\t<meta property=\"og:image:type\" content=\"image\/jpeg\" \/>\n<meta name=\"twitter:label1\" content=\"Est. reading time\" \/>\n\t<meta name=\"twitter:data1\" content=\"1 minute\" \/>\n<script type=\"application\/ld+json\" class=\"yoast-schema-graph\">{\"@context\":\"https:\/\/schema.org\",\"@graph\":[{\"@type\":\"WebPage\",\"@id\":\"https:\/\/vinoforever.ee\/en\/toode\/savian-prosecco-extra-dry-magnum-doc-spumante\/\",\"url\":\"https:\/\/vinoforever.ee\/en\/toode\/savian-prosecco-extra-dry-magnum-doc-spumante\/\",\"name\":\"Savian Prosecco Extra Dry Magnum DOC Spumante - Vinoforever\",\"isPartOf\":{\"@id\":\"https:\/\/vinoforever.ee\/en\/#website\"},\"primaryImageOfPage\":{\"@id\":\"https:\/\/vinoforever.ee\/en\/toode\/savian-prosecco-extra-dry-magnum-doc-spumante\/#primaryimage\"},\"image\":{\"@id\":\"https:\/\/vinoforever.ee\/en\/toode\/savian-prosecco-extra-dry-magnum-doc-spumante\/#primaryimage\"},\"thumbnailUrl\":\"https:\/\/vinoforever.ee\/wp-content\/uploads\/2023\/02\/prosecco-spumante-doc-extra-dry-savian-vini.png.jpg\",\"datePublished\":\"2024-01-31T18:13:48+00:00\",\"dateModified\":\"2025-06-30T18:32:49+00:00\",\"description\":\"Savian Prosecco Extra Dry Magnum DOC Spumante: s\u00e4rav \u00f5lgkollane vahuvein peene vahususega, greibi ja ananassi aroomiga. Ideaalne risoto kaaslane.\",\"breadcrumb\":{\"@id\":\"https:\/\/vinoforever.ee\/en\/toode\/savian-prosecco-extra-dry-magnum-doc-spumante\/#breadcrumb\"},\"inLanguage\":\"en-US\",\"potentialAction\":[{\"@type\":\"ReadAction\",\"target\":[\"https:\/\/vinoforever.ee\/en\/toode\/savian-prosecco-extra-dry-magnum-doc-spumante\/\"]}]},{\"@type\":\"ImageObject\",\"inLanguage\":\"en-US\",\"@id\":\"https:\/\/vinoforever.ee\/en\/toode\/savian-prosecco-extra-dry-magnum-doc-spumante\/#primaryimage\",\"url\":\"https:\/\/vinoforever.ee\/wp-content\/uploads\/2023\/02\/prosecco-spumante-doc-extra-dry-savian-vini.png.jpg\",\"contentUrl\":\"https:\/\/vinoforever.ee\/wp-content\/uploads\/2023\/02\/prosecco-spumante-doc-extra-dry-savian-vini.png.jpg\",\"width\":740,\"height\":740,\"caption\":\"Savian Prosecco Spumante DOC Extra Dry - Orgaaniline vahuvein\"},{\"@type\":\"BreadcrumbList\",\"@id\":\"https:\/\/vinoforever.ee\/en\/toode\/savian-prosecco-extra-dry-magnum-doc-spumante\/#breadcrumb\",\"itemListElement\":[{\"@type\":\"ListItem\",\"position\":1,\"name\":\"Home\",\"item\":\"https:\/\/vinoforever.ee\/en\/\"},{\"@type\":\"ListItem\",\"position\":2,\"name\":\"Shop\",\"item\":\"https:\/\/vinoforever.ee\/en\/shop\/\"},{\"@type\":\"ListItem\",\"position\":3,\"name\":\"Savian Prosecco Extra Dry Magnum DOC Spumante\"}]},{\"@type\":\"WebSite\",\"@id\":\"https:\/\/vinoforever.ee\/en\/#website\",\"url\":\"https:\/\/vinoforever.ee\/en\/\",\"name\":\"Vinoforever\",\"description\":\"Ainult head veinid\",\"publisher\":{\"@id\":\"https:\/\/vinoforever.ee\/en\/#organization\"},\"alternateName\":\"Mahedad veinid tunnustatud veinimajadelt\",\"potentialAction\":[{\"@type\":\"SearchAction\",\"target\":{\"@type\":\"EntryPoint\",\"urlTemplate\":\"https:\/\/vinoforever.ee\/en\/?s={search_term_string}\"},\"query-input\":{\"@type\":\"PropertyValueSpecification\",\"valueRequired\":true,\"valueName\":\"search_term_string\"}}],\"inLanguage\":\"en-US\"},{\"@type\":\"Organization\",\"@id\":\"https:\/\/vinoforever.ee\/en\/#organization\",\"name\":\"Vinoforever O\u00dc\",\"url\":\"https:\/\/vinoforever.ee\/en\/\",\"logo\":{\"@type\":\"ImageObject\",\"inLanguage\":\"en-US\",\"@id\":\"https:\/\/vinoforever.ee\/en\/#\/schema\/logo\/image\/\",\"url\":\"https:\/\/vinoforever.ee\/wp-content\/uploads\/2023\/01\/VinoForever_logo.png\",\"contentUrl\":\"https:\/\/vinoforever.ee\/wp-content\/uploads\/2023\/01\/VinoForever_logo.png\",\"width\":800,\"height\":300,\"caption\":\"Vinoforever O\u00dc\"},\"image\":{\"@id\":\"https:\/\/vinoforever.ee\/en\/#\/schema\/logo\/image\/\"},\"sameAs\":[\"https:\/\/www.facebook.com\/vinoforever\/\",\"https:\/\/www.instagram.com\/vinoforever_wines\/\"]}]}<\/script>\n<!-- \/ Yoast SEO plugin. -->","yoast_head_json":{"title":"Savian Prosecco Extra Dry Magnum DOC Spumante - Vinoforever","description":"Savian Prosecco Extra Dry Magnum DOC Spumante: s\u00e4rav \u00f5lgkollane vahuvein peene vahususega, greibi ja ananassi aroomiga. Ideaalne risoto kaaslane.","robots":{"index":"index","follow":"follow","max-snippet":"max-snippet:-1","max-image-preview":"max-image-preview:large","max-video-preview":"max-video-preview:-1"},"canonical":"https:\/\/vinoforever.ee\/en\/toode\/savian-prosecco-extra-dry-magnum-doc-spumante\/","og_locale":"en_US","og_type":"article","og_title":"Savian Prosecco Extra Dry Magnum DOC Spumante - Vinoforever","og_description":"Savian Prosecco Extra Dry Magnum DOC Spumante: s\u00e4rav \u00f5lgkollane vahuvein peene vahususega, greibi ja ananassi aroomiga. Ideaalne risoto kaaslane.","og_url":"https:\/\/vinoforever.ee\/en\/toode\/savian-prosecco-extra-dry-magnum-doc-spumante\/","og_site_name":"Vinoforever","article_publisher":"https:\/\/www.facebook.com\/vinoforever\/","article_modified_time":"2025-06-30T18:32:49+00:00","og_image":[{"width":740,"height":740,"url":"https:\/\/vinoforever.ee\/wp-content\/uploads\/2023\/02\/prosecco-spumante-doc-extra-dry-savian-vini.png.jpg","type":"image\/jpeg"}],"twitter_misc":{"Est. reading time":"1 minute"},"schema":{"@context":"https:\/\/schema.org","@graph":[{"@type":"WebPage","@id":"https:\/\/vinoforever.ee\/en\/toode\/savian-prosecco-extra-dry-magnum-doc-spumante\/","url":"https:\/\/vinoforever.ee\/en\/toode\/savian-prosecco-extra-dry-magnum-doc-spumante\/","name":"Savian Prosecco Extra Dry Magnum DOC Spumante - Vinoforever","isPartOf":{"@id":"https:\/\/vinoforever.ee\/en\/#website"},"primaryImageOfPage":{"@id":"https:\/\/vinoforever.ee\/en\/toode\/savian-prosecco-extra-dry-magnum-doc-spumante\/#primaryimage"},"image":{"@id":"https:\/\/vinoforever.ee\/en\/toode\/savian-prosecco-extra-dry-magnum-doc-spumante\/#primaryimage"},"thumbnailUrl":"https:\/\/vinoforever.ee\/wp-content\/uploads\/2023\/02\/prosecco-spumante-doc-extra-dry-savian-vini.png.jpg","datePublished":"2024-01-31T18:13:48+00:00","dateModified":"2025-06-30T18:32:49+00:00","description":"Savian Prosecco Extra Dry Magnum DOC Spumante: s\u00e4rav \u00f5lgkollane vahuvein peene vahususega, greibi ja ananassi aroomiga. Ideaalne risoto kaaslane.","breadcrumb":{"@id":"https:\/\/vinoforever.ee\/en\/toode\/savian-prosecco-extra-dry-magnum-doc-spumante\/#breadcrumb"},"inLanguage":"en-US","potentialAction":[{"@type":"ReadAction","target":["https:\/\/vinoforever.ee\/en\/toode\/savian-prosecco-extra-dry-magnum-doc-spumante\/"]}]},{"@type":"ImageObject","inLanguage":"en-US","@id":"https:\/\/vinoforever.ee\/en\/toode\/savian-prosecco-extra-dry-magnum-doc-spumante\/#primaryimage","url":"https:\/\/vinoforever.ee\/wp-content\/uploads\/2023\/02\/prosecco-spumante-doc-extra-dry-savian-vini.png.jpg","contentUrl":"https:\/\/vinoforever.ee\/wp-content\/uploads\/2023\/02\/prosecco-spumante-doc-extra-dry-savian-vini.png.jpg","width":740,"height":740,"caption":"Savian Prosecco Spumante DOC Extra Dry - Orgaaniline vahuvein"},{"@type":"BreadcrumbList","@id":"https:\/\/vinoforever.ee\/en\/toode\/savian-prosecco-extra-dry-magnum-doc-spumante\/#breadcrumb","itemListElement":[{"@type":"ListItem","position":1,"name":"Home","item":"https:\/\/vinoforever.ee\/en\/"},{"@type":"ListItem","position":2,"name":"Shop","item":"https:\/\/vinoforever.ee\/en\/shop\/"},{"@type":"ListItem","position":3,"name":"Savian Prosecco Extra Dry Magnum DOC Spumante"}]},{"@type":"WebSite","@id":"https:\/\/vinoforever.ee\/en\/#website","url":"https:\/\/vinoforever.ee\/en\/","name":"Vinoforever","description":"Ainult head veinid","publisher":{"@id":"https:\/\/vinoforever.ee\/en\/#organization"},"alternateName":"Mahedad veinid tunnustatud veinimajadelt","potentialAction":[{"@type":"SearchAction","target":{"@type":"EntryPoint","urlTemplate":"https:\/\/vinoforever.ee\/en\/?s={search_term_string}"},"query-input":{"@type":"PropertyValueSpecification","valueRequired":true,"valueName":"search_term_string"}}],"inLanguage":"en-US"},{"@type":"Organization","@id":"https:\/\/vinoforever.ee\/en\/#organization","name":"Vinoforever O\u00dc","url":"https:\/\/vinoforever.ee\/en\/","logo":{"@type":"ImageObject","inLanguage":"en-US","@id":"https:\/\/vinoforever.ee\/en\/#\/schema\/logo\/image\/","url":"https:\/\/vinoforever.ee\/wp-content\/uploads\/2023\/01\/VinoForever_logo.png","contentUrl":"https:\/\/vinoforever.ee\/wp-content\/uploads\/2023\/01\/VinoForever_logo.png","width":800,"height":300,"caption":"Vinoforever O\u00dc"},"image":{"@id":"https:\/\/vinoforever.ee\/en\/#\/schema\/logo\/image\/"},"sameAs":["https:\/\/www.facebook.com\/vinoforever\/","https:\/\/www.instagram.com\/vinoforever_wines\/"]}]}},"_links":{"self":[{"href":"https:\/\/vinoforever.ee\/en\/wp-json\/wp\/v2\/product\/11805","targetHints":{"allow":["GET"]}}],"collection":[{"href":"https:\/\/vinoforever.ee\/en\/wp-json\/wp\/v2\/product"}],"about":[{"href":"https:\/\/vinoforever.ee\/en\/wp-json\/wp\/v2\/types\/product"}],"replies":[{"embeddable":true,"href":"https:\/\/vinoforever.ee\/en\/wp-json\/wp\/v2\/comments?post=11805"}],"version-history":[{"count":2,"href":"https:\/\/vinoforever.ee\/en\/wp-json\/wp\/v2\/product\/11805\/revisions"}],"predecessor-version":[{"id":11992,"href":"https:\/\/vinoforever.ee\/en\/wp-json\/wp\/v2\/product\/11805\/revisions\/11992"}],"wp:featuredmedia":[{"embeddable":true,"href":"https:\/\/vinoforever.ee\/en\/wp-json\/wp\/v2\/media\/9425"}],"wp:attachment":[{"href":"https:\/\/vinoforever.ee\/en\/wp-json\/wp\/v2\/media?parent=11805"}],"wp:term":[{"taxonomy":"product_brand","embeddable":true,"href":"https:\/\/vinoforever.ee\/en\/wp-json\/wp\/v2\/product_brand?post=11805"},{"taxonomy":"product_cat","embeddable":true,"href":"https:\/\/vinoforever.ee\/en\/wp-json\/wp\/v2\/product_cat?post=11805"},{"taxonomy":"product_tag","embeddable":true,"href":"https:\/\/vinoforever.ee\/en\/wp-json\/wp\/v2\/product_tag?post=11805"}],"curies":[{"name":"wp","href":"https:\/\/api.w.org\/{rel}","templated":true}]}}