{"id":11852,"date":"2024-03-31T15:49:06","date_gmt":"2024-03-31T13:49:06","guid":{"rendered":"https:\/\/vinoforever.ee\/?post_type=product&#038;p=11852"},"modified":"2026-04-02T19:39:49","modified_gmt":"2026-04-02T17:39:49","slug":"louis-de-grenelle-perle-rose-brut","status":"publish","type":"product","link":"https:\/\/vinoforever.ee\/en\/toode\/louis-de-grenelle-perle-rose-brut\/","title":{"rendered":"Louis de Grenelle PERLE ros\u00e8 Brut"},"content":{"rendered":"<p><strong>Veinist: <\/strong>Pehme roosa toon mis on kombineeritud peenete mullide keerleva vooluga. L\u00f5hnas tunda esmalt metsmaasikat, seej\u00e4rel teisi punaseid marju.Maitselt kuiv marjase iseloomuga vahuvein, pehme vahusus \u2013 s\u00fcsihappegaas on h\u00e4sti integreetitud.<\/p>\n<p><strong>Appelatsioon<\/strong>: Cr\u00e9mant de Loire<\/p>\n<p><strong>Toidusoovitus: <\/strong>Sobib suurep\u00e4raselt kergemate magustoitude juurde, n\u00e4iteks marjasorbee, valge \u0161okolaadi v\u00f5i mascarpone mouseega, millel kaunistuseks punased marjad.<\/p>\n<p><strong>Serveerimis temperatuur:<\/strong> 6-8\u00b0C<\/p>\n<p><strong>Alkoholisisaldus:<\/strong> 12%<\/p>\n<p><strong>Pudeli suurus:<\/strong> 75cl<\/p>\n","protected":false},"excerpt":{"rendered":"<p>Veinist: Pehme roosa toon mis on kombineeritud peenete mullide keerleva vooluga. L\u00f5hnas tunda esmalt metsmaasikat, seej\u00e4rel teisi punaseid marju.Maitselt kuiv<\/p>\n","protected":false},"featured_media":11841,"comment_status":"open","ping_status":"closed","template":"","meta":[],"product_brand":[],"product_cat":[123,71],"product_tag":[],"class_list":{"0":"post-11852","1":"product","2":"type-product","3":"status-publish","4":"has-post-thumbnail","6":"product_cat-roosad-veinid","7":"product_cat-vahuveinid","9":"first","10":"instock","11":"taxable","12":"shipping-taxable","13":"purchasable","14":"product-type-simple"},"yoast_head":"<!-- This site is optimized with the Yoast SEO plugin v27.1 - https:\/\/yoast.com\/product\/yoast-seo-wordpress\/ -->\n<title>Louis de Grenelle PERLE ros\u00e8 Brut - Vinoforever<\/title>\n<meta name=\"description\" content=\"Louis de Grenelle PERLE Ros\u00e9 Brut: pehme roosa toon ja peened mullid, punaste marjade aroom. Ideaalne marjasorbee ja valge \u0161okolaadiga. Serveeri 6-8\u00b0C.\" \/>\n<meta name=\"robots\" content=\"index, follow, max-snippet:-1, max-image-preview:large, max-video-preview:-1\" \/>\n<link rel=\"canonical\" href=\"https:\/\/vinoforever.ee\/en\/toode\/louis-de-grenelle-perle-rose-brut\/\" \/>\n<meta property=\"og:locale\" content=\"en_US\" \/>\n<meta property=\"og:type\" content=\"article\" \/>\n<meta property=\"og:title\" content=\"Louis de Grenelle PERLE ros\u00e8 Brut - Vinoforever\" \/>\n<meta property=\"og:description\" content=\"Louis de Grenelle PERLE Ros\u00e9 Brut: pehme roosa toon ja peened mullid, punaste marjade aroom. Ideaalne marjasorbee ja valge \u0161okolaadiga. Serveeri 6-8\u00b0C.\" \/>\n<meta property=\"og:url\" content=\"https:\/\/vinoforever.ee\/en\/toode\/louis-de-grenelle-perle-rose-brut\/\" \/>\n<meta property=\"og:site_name\" content=\"Vinoforever\" \/>\n<meta property=\"article:publisher\" content=\"https:\/\/www.facebook.com\/vinoforever\/\" \/>\n<meta property=\"article:modified_time\" content=\"2026-04-02T17:39:49+00:00\" \/>\n<meta property=\"og:image\" content=\"https:\/\/vinoforever.ee\/wp-content\/uploads\/2024\/03\/Louis-de-Grenelle-PERLE.png\" \/>\n\t<meta property=\"og:image:width\" content=\"740\" \/>\n\t<meta property=\"og:image:height\" content=\"740\" \/>\n\t<meta property=\"og:image:type\" content=\"image\/png\" \/>\n<meta name=\"twitter:label1\" content=\"Est. reading time\" \/>\n\t<meta name=\"twitter:data1\" content=\"1 minute\" \/>\n<script type=\"application\/ld+json\" class=\"yoast-schema-graph\">{\"@context\":\"https:\/\/schema.org\",\"@graph\":[{\"@type\":\"WebPage\",\"@id\":\"https:\/\/vinoforever.ee\/en\/toode\/louis-de-grenelle-perle-rose-brut\/\",\"url\":\"https:\/\/vinoforever.ee\/en\/toode\/louis-de-grenelle-perle-rose-brut\/\",\"name\":\"Louis de Grenelle PERLE ros\u00e8 Brut - Vinoforever\",\"isPartOf\":{\"@id\":\"https:\/\/vinoforever.ee\/en\/#website\"},\"primaryImageOfPage\":{\"@id\":\"https:\/\/vinoforever.ee\/en\/toode\/louis-de-grenelle-perle-rose-brut\/#primaryimage\"},\"image\":{\"@id\":\"https:\/\/vinoforever.ee\/en\/toode\/louis-de-grenelle-perle-rose-brut\/#primaryimage\"},\"thumbnailUrl\":\"https:\/\/vinoforever.ee\/wp-content\/uploads\/2024\/03\/Louis-de-Grenelle-PERLE.png\",\"datePublished\":\"2024-03-31T13:49:06+00:00\",\"dateModified\":\"2026-04-02T17:39:49+00:00\",\"description\":\"Louis de Grenelle PERLE Ros\u00e9 Brut: pehme roosa toon ja peened mullid, punaste marjade aroom. Ideaalne marjasorbee ja valge \u0161okolaadiga. Serveeri 6-8\u00b0C.\",\"breadcrumb\":{\"@id\":\"https:\/\/vinoforever.ee\/en\/toode\/louis-de-grenelle-perle-rose-brut\/#breadcrumb\"},\"inLanguage\":\"en-US\",\"potentialAction\":[{\"@type\":\"ReadAction\",\"target\":[\"https:\/\/vinoforever.ee\/en\/toode\/louis-de-grenelle-perle-rose-brut\/\"]}]},{\"@type\":\"ImageObject\",\"inLanguage\":\"en-US\",\"@id\":\"https:\/\/vinoforever.ee\/en\/toode\/louis-de-grenelle-perle-rose-brut\/#primaryimage\",\"url\":\"https:\/\/vinoforever.ee\/wp-content\/uploads\/2024\/03\/Louis-de-Grenelle-PERLE.png\",\"contentUrl\":\"https:\/\/vinoforever.ee\/wp-content\/uploads\/2024\/03\/Louis-de-Grenelle-PERLE.png\",\"width\":740,\"height\":740},{\"@type\":\"BreadcrumbList\",\"@id\":\"https:\/\/vinoforever.ee\/en\/toode\/louis-de-grenelle-perle-rose-brut\/#breadcrumb\",\"itemListElement\":[{\"@type\":\"ListItem\",\"position\":1,\"name\":\"Home\",\"item\":\"https:\/\/vinoforever.ee\/en\/\"},{\"@type\":\"ListItem\",\"position\":2,\"name\":\"Shop\",\"item\":\"https:\/\/vinoforever.ee\/en\/shop\/\"},{\"@type\":\"ListItem\",\"position\":3,\"name\":\"Louis de Grenelle PERLE ros\u00e8 Brut\"}]},{\"@type\":\"WebSite\",\"@id\":\"https:\/\/vinoforever.ee\/en\/#website\",\"url\":\"https:\/\/vinoforever.ee\/en\/\",\"name\":\"Vinoforever\",\"description\":\"Ainult head veinid\",\"publisher\":{\"@id\":\"https:\/\/vinoforever.ee\/en\/#organization\"},\"alternateName\":\"Mahedad veinid tunnustatud veinimajadelt\",\"potentialAction\":[{\"@type\":\"SearchAction\",\"target\":{\"@type\":\"EntryPoint\",\"urlTemplate\":\"https:\/\/vinoforever.ee\/en\/?s={search_term_string}\"},\"query-input\":{\"@type\":\"PropertyValueSpecification\",\"valueRequired\":true,\"valueName\":\"search_term_string\"}}],\"inLanguage\":\"en-US\"},{\"@type\":\"Organization\",\"@id\":\"https:\/\/vinoforever.ee\/en\/#organization\",\"name\":\"Vinoforever O\u00dc\",\"url\":\"https:\/\/vinoforever.ee\/en\/\",\"logo\":{\"@type\":\"ImageObject\",\"inLanguage\":\"en-US\",\"@id\":\"https:\/\/vinoforever.ee\/en\/#\/schema\/logo\/image\/\",\"url\":\"https:\/\/vinoforever.ee\/wp-content\/uploads\/2023\/01\/VinoForever_logo.png\",\"contentUrl\":\"https:\/\/vinoforever.ee\/wp-content\/uploads\/2023\/01\/VinoForever_logo.png\",\"width\":800,\"height\":300,\"caption\":\"Vinoforever O\u00dc\"},\"image\":{\"@id\":\"https:\/\/vinoforever.ee\/en\/#\/schema\/logo\/image\/\"},\"sameAs\":[\"https:\/\/www.facebook.com\/vinoforever\/\",\"https:\/\/www.instagram.com\/vinoforever_wines\/\"]}]}<\/script>\n<!-- \/ Yoast SEO plugin. -->","yoast_head_json":{"title":"Louis de Grenelle PERLE ros\u00e8 Brut - Vinoforever","description":"Louis de Grenelle PERLE Ros\u00e9 Brut: pehme roosa toon ja peened mullid, punaste marjade aroom. Ideaalne marjasorbee ja valge \u0161okolaadiga. Serveeri 6-8\u00b0C.","robots":{"index":"index","follow":"follow","max-snippet":"max-snippet:-1","max-image-preview":"max-image-preview:large","max-video-preview":"max-video-preview:-1"},"canonical":"https:\/\/vinoforever.ee\/en\/toode\/louis-de-grenelle-perle-rose-brut\/","og_locale":"en_US","og_type":"article","og_title":"Louis de Grenelle PERLE ros\u00e8 Brut - Vinoforever","og_description":"Louis de Grenelle PERLE Ros\u00e9 Brut: pehme roosa toon ja peened mullid, punaste marjade aroom. Ideaalne marjasorbee ja valge \u0161okolaadiga. Serveeri 6-8\u00b0C.","og_url":"https:\/\/vinoforever.ee\/en\/toode\/louis-de-grenelle-perle-rose-brut\/","og_site_name":"Vinoforever","article_publisher":"https:\/\/www.facebook.com\/vinoforever\/","article_modified_time":"2026-04-02T17:39:49+00:00","og_image":[{"width":740,"height":740,"url":"https:\/\/vinoforever.ee\/wp-content\/uploads\/2024\/03\/Louis-de-Grenelle-PERLE.png","type":"image\/png"}],"twitter_misc":{"Est. reading time":"1 minute"},"schema":{"@context":"https:\/\/schema.org","@graph":[{"@type":"WebPage","@id":"https:\/\/vinoforever.ee\/en\/toode\/louis-de-grenelle-perle-rose-brut\/","url":"https:\/\/vinoforever.ee\/en\/toode\/louis-de-grenelle-perle-rose-brut\/","name":"Louis de Grenelle PERLE ros\u00e8 Brut - Vinoforever","isPartOf":{"@id":"https:\/\/vinoforever.ee\/en\/#website"},"primaryImageOfPage":{"@id":"https:\/\/vinoforever.ee\/en\/toode\/louis-de-grenelle-perle-rose-brut\/#primaryimage"},"image":{"@id":"https:\/\/vinoforever.ee\/en\/toode\/louis-de-grenelle-perle-rose-brut\/#primaryimage"},"thumbnailUrl":"https:\/\/vinoforever.ee\/wp-content\/uploads\/2024\/03\/Louis-de-Grenelle-PERLE.png","datePublished":"2024-03-31T13:49:06+00:00","dateModified":"2026-04-02T17:39:49+00:00","description":"Louis de Grenelle PERLE Ros\u00e9 Brut: pehme roosa toon ja peened mullid, punaste marjade aroom. Ideaalne marjasorbee ja valge \u0161okolaadiga. Serveeri 6-8\u00b0C.","breadcrumb":{"@id":"https:\/\/vinoforever.ee\/en\/toode\/louis-de-grenelle-perle-rose-brut\/#breadcrumb"},"inLanguage":"en-US","potentialAction":[{"@type":"ReadAction","target":["https:\/\/vinoforever.ee\/en\/toode\/louis-de-grenelle-perle-rose-brut\/"]}]},{"@type":"ImageObject","inLanguage":"en-US","@id":"https:\/\/vinoforever.ee\/en\/toode\/louis-de-grenelle-perle-rose-brut\/#primaryimage","url":"https:\/\/vinoforever.ee\/wp-content\/uploads\/2024\/03\/Louis-de-Grenelle-PERLE.png","contentUrl":"https:\/\/vinoforever.ee\/wp-content\/uploads\/2024\/03\/Louis-de-Grenelle-PERLE.png","width":740,"height":740},{"@type":"BreadcrumbList","@id":"https:\/\/vinoforever.ee\/en\/toode\/louis-de-grenelle-perle-rose-brut\/#breadcrumb","itemListElement":[{"@type":"ListItem","position":1,"name":"Home","item":"https:\/\/vinoforever.ee\/en\/"},{"@type":"ListItem","position":2,"name":"Shop","item":"https:\/\/vinoforever.ee\/en\/shop\/"},{"@type":"ListItem","position":3,"name":"Louis de Grenelle PERLE ros\u00e8 Brut"}]},{"@type":"WebSite","@id":"https:\/\/vinoforever.ee\/en\/#website","url":"https:\/\/vinoforever.ee\/en\/","name":"Vinoforever","description":"Ainult head veinid","publisher":{"@id":"https:\/\/vinoforever.ee\/en\/#organization"},"alternateName":"Mahedad veinid tunnustatud veinimajadelt","potentialAction":[{"@type":"SearchAction","target":{"@type":"EntryPoint","urlTemplate":"https:\/\/vinoforever.ee\/en\/?s={search_term_string}"},"query-input":{"@type":"PropertyValueSpecification","valueRequired":true,"valueName":"search_term_string"}}],"inLanguage":"en-US"},{"@type":"Organization","@id":"https:\/\/vinoforever.ee\/en\/#organization","name":"Vinoforever O\u00dc","url":"https:\/\/vinoforever.ee\/en\/","logo":{"@type":"ImageObject","inLanguage":"en-US","@id":"https:\/\/vinoforever.ee\/en\/#\/schema\/logo\/image\/","url":"https:\/\/vinoforever.ee\/wp-content\/uploads\/2023\/01\/VinoForever_logo.png","contentUrl":"https:\/\/vinoforever.ee\/wp-content\/uploads\/2023\/01\/VinoForever_logo.png","width":800,"height":300,"caption":"Vinoforever O\u00dc"},"image":{"@id":"https:\/\/vinoforever.ee\/en\/#\/schema\/logo\/image\/"},"sameAs":["https:\/\/www.facebook.com\/vinoforever\/","https:\/\/www.instagram.com\/vinoforever_wines\/"]}]}},"_links":{"self":[{"href":"https:\/\/vinoforever.ee\/en\/wp-json\/wp\/v2\/product\/11852","targetHints":{"allow":["GET"]}}],"collection":[{"href":"https:\/\/vinoforever.ee\/en\/wp-json\/wp\/v2\/product"}],"about":[{"href":"https:\/\/vinoforever.ee\/en\/wp-json\/wp\/v2\/types\/product"}],"replies":[{"embeddable":true,"href":"https:\/\/vinoforever.ee\/en\/wp-json\/wp\/v2\/comments?post=11852"}],"version-history":[{"count":2,"href":"https:\/\/vinoforever.ee\/en\/wp-json\/wp\/v2\/product\/11852\/revisions"}],"predecessor-version":[{"id":11990,"href":"https:\/\/vinoforever.ee\/en\/wp-json\/wp\/v2\/product\/11852\/revisions\/11990"}],"wp:featuredmedia":[{"embeddable":true,"href":"https:\/\/vinoforever.ee\/en\/wp-json\/wp\/v2\/media\/11841"}],"wp:attachment":[{"href":"https:\/\/vinoforever.ee\/en\/wp-json\/wp\/v2\/media?parent=11852"}],"wp:term":[{"taxonomy":"product_brand","embeddable":true,"href":"https:\/\/vinoforever.ee\/en\/wp-json\/wp\/v2\/product_brand?post=11852"},{"taxonomy":"product_cat","embeddable":true,"href":"https:\/\/vinoforever.ee\/en\/wp-json\/wp\/v2\/product_cat?post=11852"},{"taxonomy":"product_tag","embeddable":true,"href":"https:\/\/vinoforever.ee\/en\/wp-json\/wp\/v2\/product_tag?post=11852"}],"curies":[{"name":"wp","href":"https:\/\/api.w.org\/{rel}","templated":true}]}}