{"id":11854,"date":"2024-03-31T15:49:52","date_gmt":"2024-03-31T13:49:52","guid":{"rendered":"https:\/\/vinoforever.ee\/?post_type=product&#038;p=11854"},"modified":"2025-11-17T20:26:29","modified_gmt":"2025-11-17T18:26:29","slug":"louis-de-grenelle-acajou-demi-sec","status":"publish","type":"product","link":"https:\/\/vinoforever.ee\/en\/toode\/louis-de-grenelle-acajou-demi-sec\/","title":{"rendered":"Louis de Grenelle ACAJOU Demi-Sec"},"content":{"rendered":"<p><strong>Veinist: <\/strong>S\u00fcgav rubiinpunane vahuvein. L\u00f5hnas ja maitses tunda tumedaid ja punaseid marju, milleks on musts\u00f5strad, mustikad, maasikad ja punased s\u00f5strad. L\u00f5ppmaitses tunda kakaonoote. Pehme ja siidine, kergete tanniinidega poolmagus vahuvein. Unikaalne vahuvein, mis v\u00e4\u00e4rib avastamist. Helde, rikas ja julge!<\/p>\n<p><strong>Toidusoovitus: <\/strong>Acajou&#8217;d on k\u00f5ige parem nautida magustoitudega milles on kasutatud maasikaid ja m\u00f5ru \u0161okolaadi, aga ka laagerdunud comt\u00e9 v\u00f5i mimolette juustudega.<\/p>\n<p><strong>Serveerimis temperatuur:<\/strong> 6-8\u00b0C<\/p>\n<p><strong>Alkoholisisaldus:<\/strong> 13%<\/p>\n<p><strong>Pudeli suurus:<\/strong> 75cl<\/p>\n","protected":false},"excerpt":{"rendered":"<p>Veinist: S\u00fcgav rubiinpunane vahuvein. L\u00f5hnas ja maitses tunda tumedaid ja punaseid marju, milleks on musts\u00f5strad, mustikad, maasikad ja punased s\u00f5strad.<\/p>\n","protected":false},"featured_media":11837,"comment_status":"open","ping_status":"closed","template":"","meta":[],"product_brand":[],"product_cat":[71],"product_tag":[],"class_list":{"0":"post-11854","1":"product","2":"type-product","3":"status-publish","4":"has-post-thumbnail","6":"product_cat-vahuveinid","8":"first","9":"instock","10":"taxable","11":"shipping-taxable","12":"purchasable","13":"product-type-simple"},"yoast_head":"<!-- This site is optimized with the Yoast SEO plugin v27.1 - https:\/\/yoast.com\/product\/yoast-seo-wordpress\/ -->\n<title>Louis de Grenelle ACAJOU Demi-Sec - Vinoforever<\/title>\n<meta name=\"description\" content=\"ACAJOU Demi-Sec: s\u00fcgav rubiinpunane vahuvein tumedate marjade ja kakaonootidega. Ideaalne maasika-m\u00f5ru \u0161okolaadi magustoitude ja laagerdunud juustudega.\" \/>\n<meta name=\"robots\" content=\"index, follow, max-snippet:-1, max-image-preview:large, max-video-preview:-1\" \/>\n<link rel=\"canonical\" href=\"https:\/\/vinoforever.ee\/en\/toode\/louis-de-grenelle-acajou-demi-sec\/\" \/>\n<meta property=\"og:locale\" content=\"en_US\" \/>\n<meta property=\"og:type\" content=\"article\" \/>\n<meta property=\"og:title\" content=\"Louis de Grenelle ACAJOU Demi-Sec - Vinoforever\" \/>\n<meta property=\"og:description\" content=\"ACAJOU Demi-Sec: s\u00fcgav rubiinpunane vahuvein tumedate marjade ja kakaonootidega. Ideaalne maasika-m\u00f5ru \u0161okolaadi magustoitude ja laagerdunud juustudega.\" \/>\n<meta property=\"og:url\" content=\"https:\/\/vinoforever.ee\/en\/toode\/louis-de-grenelle-acajou-demi-sec\/\" \/>\n<meta property=\"og:site_name\" content=\"Vinoforever\" \/>\n<meta property=\"article:publisher\" content=\"https:\/\/www.facebook.com\/vinoforever\/\" \/>\n<meta property=\"article:modified_time\" content=\"2025-11-17T18:26:29+00:00\" \/>\n<meta property=\"og:image\" content=\"https:\/\/vinoforever.ee\/wp-content\/uploads\/2024\/03\/Louis-de-Grenelle-ACAJOU.png\" \/>\n\t<meta property=\"og:image:width\" content=\"740\" \/>\n\t<meta property=\"og:image:height\" content=\"740\" \/>\n\t<meta property=\"og:image:type\" content=\"image\/png\" \/>\n<meta name=\"twitter:label1\" content=\"Est. reading time\" \/>\n\t<meta name=\"twitter:data1\" content=\"1 minute\" \/>\n<script type=\"application\/ld+json\" class=\"yoast-schema-graph\">{\"@context\":\"https:\/\/schema.org\",\"@graph\":[{\"@type\":\"WebPage\",\"@id\":\"https:\/\/vinoforever.ee\/en\/toode\/louis-de-grenelle-acajou-demi-sec\/\",\"url\":\"https:\/\/vinoforever.ee\/en\/toode\/louis-de-grenelle-acajou-demi-sec\/\",\"name\":\"Louis de Grenelle ACAJOU Demi-Sec - Vinoforever\",\"isPartOf\":{\"@id\":\"https:\/\/vinoforever.ee\/en\/#website\"},\"primaryImageOfPage\":{\"@id\":\"https:\/\/vinoforever.ee\/en\/toode\/louis-de-grenelle-acajou-demi-sec\/#primaryimage\"},\"image\":{\"@id\":\"https:\/\/vinoforever.ee\/en\/toode\/louis-de-grenelle-acajou-demi-sec\/#primaryimage\"},\"thumbnailUrl\":\"https:\/\/vinoforever.ee\/wp-content\/uploads\/2024\/03\/Louis-de-Grenelle-ACAJOU.png\",\"datePublished\":\"2024-03-31T13:49:52+00:00\",\"dateModified\":\"2025-11-17T18:26:29+00:00\",\"description\":\"ACAJOU Demi-Sec: s\u00fcgav rubiinpunane vahuvein tumedate marjade ja kakaonootidega. Ideaalne maasika-m\u00f5ru \u0161okolaadi magustoitude ja laagerdunud juustudega.\",\"breadcrumb\":{\"@id\":\"https:\/\/vinoforever.ee\/en\/toode\/louis-de-grenelle-acajou-demi-sec\/#breadcrumb\"},\"inLanguage\":\"en-US\",\"potentialAction\":[{\"@type\":\"ReadAction\",\"target\":[\"https:\/\/vinoforever.ee\/en\/toode\/louis-de-grenelle-acajou-demi-sec\/\"]}]},{\"@type\":\"ImageObject\",\"inLanguage\":\"en-US\",\"@id\":\"https:\/\/vinoforever.ee\/en\/toode\/louis-de-grenelle-acajou-demi-sec\/#primaryimage\",\"url\":\"https:\/\/vinoforever.ee\/wp-content\/uploads\/2024\/03\/Louis-de-Grenelle-ACAJOU.png\",\"contentUrl\":\"https:\/\/vinoforever.ee\/wp-content\/uploads\/2024\/03\/Louis-de-Grenelle-ACAJOU.png\",\"width\":740,\"height\":740},{\"@type\":\"BreadcrumbList\",\"@id\":\"https:\/\/vinoforever.ee\/en\/toode\/louis-de-grenelle-acajou-demi-sec\/#breadcrumb\",\"itemListElement\":[{\"@type\":\"ListItem\",\"position\":1,\"name\":\"Home\",\"item\":\"https:\/\/vinoforever.ee\/en\/\"},{\"@type\":\"ListItem\",\"position\":2,\"name\":\"Shop\",\"item\":\"https:\/\/vinoforever.ee\/en\/shop\/\"},{\"@type\":\"ListItem\",\"position\":3,\"name\":\"Louis de Grenelle ACAJOU Demi-Sec\"}]},{\"@type\":\"WebSite\",\"@id\":\"https:\/\/vinoforever.ee\/en\/#website\",\"url\":\"https:\/\/vinoforever.ee\/en\/\",\"name\":\"Vinoforever\",\"description\":\"Ainult head veinid\",\"publisher\":{\"@id\":\"https:\/\/vinoforever.ee\/en\/#organization\"},\"alternateName\":\"Mahedad veinid tunnustatud veinimajadelt\",\"potentialAction\":[{\"@type\":\"SearchAction\",\"target\":{\"@type\":\"EntryPoint\",\"urlTemplate\":\"https:\/\/vinoforever.ee\/en\/?s={search_term_string}\"},\"query-input\":{\"@type\":\"PropertyValueSpecification\",\"valueRequired\":true,\"valueName\":\"search_term_string\"}}],\"inLanguage\":\"en-US\"},{\"@type\":\"Organization\",\"@id\":\"https:\/\/vinoforever.ee\/en\/#organization\",\"name\":\"Vinoforever O\u00dc\",\"url\":\"https:\/\/vinoforever.ee\/en\/\",\"logo\":{\"@type\":\"ImageObject\",\"inLanguage\":\"en-US\",\"@id\":\"https:\/\/vinoforever.ee\/en\/#\/schema\/logo\/image\/\",\"url\":\"https:\/\/vinoforever.ee\/wp-content\/uploads\/2023\/01\/VinoForever_logo.png\",\"contentUrl\":\"https:\/\/vinoforever.ee\/wp-content\/uploads\/2023\/01\/VinoForever_logo.png\",\"width\":800,\"height\":300,\"caption\":\"Vinoforever O\u00dc\"},\"image\":{\"@id\":\"https:\/\/vinoforever.ee\/en\/#\/schema\/logo\/image\/\"},\"sameAs\":[\"https:\/\/www.facebook.com\/vinoforever\/\",\"https:\/\/www.instagram.com\/vinoforever_wines\/\"]}]}<\/script>\n<!-- \/ Yoast SEO plugin. -->","yoast_head_json":{"title":"Louis de Grenelle ACAJOU Demi-Sec - Vinoforever","description":"ACAJOU Demi-Sec: s\u00fcgav rubiinpunane vahuvein tumedate marjade ja kakaonootidega. Ideaalne maasika-m\u00f5ru \u0161okolaadi magustoitude ja laagerdunud juustudega.","robots":{"index":"index","follow":"follow","max-snippet":"max-snippet:-1","max-image-preview":"max-image-preview:large","max-video-preview":"max-video-preview:-1"},"canonical":"https:\/\/vinoforever.ee\/en\/toode\/louis-de-grenelle-acajou-demi-sec\/","og_locale":"en_US","og_type":"article","og_title":"Louis de Grenelle ACAJOU Demi-Sec - Vinoforever","og_description":"ACAJOU Demi-Sec: s\u00fcgav rubiinpunane vahuvein tumedate marjade ja kakaonootidega. Ideaalne maasika-m\u00f5ru \u0161okolaadi magustoitude ja laagerdunud juustudega.","og_url":"https:\/\/vinoforever.ee\/en\/toode\/louis-de-grenelle-acajou-demi-sec\/","og_site_name":"Vinoforever","article_publisher":"https:\/\/www.facebook.com\/vinoforever\/","article_modified_time":"2025-11-17T18:26:29+00:00","og_image":[{"width":740,"height":740,"url":"https:\/\/vinoforever.ee\/wp-content\/uploads\/2024\/03\/Louis-de-Grenelle-ACAJOU.png","type":"image\/png"}],"twitter_misc":{"Est. reading time":"1 minute"},"schema":{"@context":"https:\/\/schema.org","@graph":[{"@type":"WebPage","@id":"https:\/\/vinoforever.ee\/en\/toode\/louis-de-grenelle-acajou-demi-sec\/","url":"https:\/\/vinoforever.ee\/en\/toode\/louis-de-grenelle-acajou-demi-sec\/","name":"Louis de Grenelle ACAJOU Demi-Sec - Vinoforever","isPartOf":{"@id":"https:\/\/vinoforever.ee\/en\/#website"},"primaryImageOfPage":{"@id":"https:\/\/vinoforever.ee\/en\/toode\/louis-de-grenelle-acajou-demi-sec\/#primaryimage"},"image":{"@id":"https:\/\/vinoforever.ee\/en\/toode\/louis-de-grenelle-acajou-demi-sec\/#primaryimage"},"thumbnailUrl":"https:\/\/vinoforever.ee\/wp-content\/uploads\/2024\/03\/Louis-de-Grenelle-ACAJOU.png","datePublished":"2024-03-31T13:49:52+00:00","dateModified":"2025-11-17T18:26:29+00:00","description":"ACAJOU Demi-Sec: s\u00fcgav rubiinpunane vahuvein tumedate marjade ja kakaonootidega. Ideaalne maasika-m\u00f5ru \u0161okolaadi magustoitude ja laagerdunud juustudega.","breadcrumb":{"@id":"https:\/\/vinoforever.ee\/en\/toode\/louis-de-grenelle-acajou-demi-sec\/#breadcrumb"},"inLanguage":"en-US","potentialAction":[{"@type":"ReadAction","target":["https:\/\/vinoforever.ee\/en\/toode\/louis-de-grenelle-acajou-demi-sec\/"]}]},{"@type":"ImageObject","inLanguage":"en-US","@id":"https:\/\/vinoforever.ee\/en\/toode\/louis-de-grenelle-acajou-demi-sec\/#primaryimage","url":"https:\/\/vinoforever.ee\/wp-content\/uploads\/2024\/03\/Louis-de-Grenelle-ACAJOU.png","contentUrl":"https:\/\/vinoforever.ee\/wp-content\/uploads\/2024\/03\/Louis-de-Grenelle-ACAJOU.png","width":740,"height":740},{"@type":"BreadcrumbList","@id":"https:\/\/vinoforever.ee\/en\/toode\/louis-de-grenelle-acajou-demi-sec\/#breadcrumb","itemListElement":[{"@type":"ListItem","position":1,"name":"Home","item":"https:\/\/vinoforever.ee\/en\/"},{"@type":"ListItem","position":2,"name":"Shop","item":"https:\/\/vinoforever.ee\/en\/shop\/"},{"@type":"ListItem","position":3,"name":"Louis de Grenelle ACAJOU Demi-Sec"}]},{"@type":"WebSite","@id":"https:\/\/vinoforever.ee\/en\/#website","url":"https:\/\/vinoforever.ee\/en\/","name":"Vinoforever","description":"Ainult head veinid","publisher":{"@id":"https:\/\/vinoforever.ee\/en\/#organization"},"alternateName":"Mahedad veinid tunnustatud veinimajadelt","potentialAction":[{"@type":"SearchAction","target":{"@type":"EntryPoint","urlTemplate":"https:\/\/vinoforever.ee\/en\/?s={search_term_string}"},"query-input":{"@type":"PropertyValueSpecification","valueRequired":true,"valueName":"search_term_string"}}],"inLanguage":"en-US"},{"@type":"Organization","@id":"https:\/\/vinoforever.ee\/en\/#organization","name":"Vinoforever O\u00dc","url":"https:\/\/vinoforever.ee\/en\/","logo":{"@type":"ImageObject","inLanguage":"en-US","@id":"https:\/\/vinoforever.ee\/en\/#\/schema\/logo\/image\/","url":"https:\/\/vinoforever.ee\/wp-content\/uploads\/2023\/01\/VinoForever_logo.png","contentUrl":"https:\/\/vinoforever.ee\/wp-content\/uploads\/2023\/01\/VinoForever_logo.png","width":800,"height":300,"caption":"Vinoforever O\u00dc"},"image":{"@id":"https:\/\/vinoforever.ee\/en\/#\/schema\/logo\/image\/"},"sameAs":["https:\/\/www.facebook.com\/vinoforever\/","https:\/\/www.instagram.com\/vinoforever_wines\/"]}]}},"_links":{"self":[{"href":"https:\/\/vinoforever.ee\/en\/wp-json\/wp\/v2\/product\/11854","targetHints":{"allow":["GET"]}}],"collection":[{"href":"https:\/\/vinoforever.ee\/en\/wp-json\/wp\/v2\/product"}],"about":[{"href":"https:\/\/vinoforever.ee\/en\/wp-json\/wp\/v2\/types\/product"}],"replies":[{"embeddable":true,"href":"https:\/\/vinoforever.ee\/en\/wp-json\/wp\/v2\/comments?post=11854"}],"version-history":[{"count":1,"href":"https:\/\/vinoforever.ee\/en\/wp-json\/wp\/v2\/product\/11854\/revisions"}],"predecessor-version":[{"id":11855,"href":"https:\/\/vinoforever.ee\/en\/wp-json\/wp\/v2\/product\/11854\/revisions\/11855"}],"wp:featuredmedia":[{"embeddable":true,"href":"https:\/\/vinoforever.ee\/en\/wp-json\/wp\/v2\/media\/11837"}],"wp:attachment":[{"href":"https:\/\/vinoforever.ee\/en\/wp-json\/wp\/v2\/media?parent=11854"}],"wp:term":[{"taxonomy":"product_brand","embeddable":true,"href":"https:\/\/vinoforever.ee\/en\/wp-json\/wp\/v2\/product_brand?post=11854"},{"taxonomy":"product_cat","embeddable":true,"href":"https:\/\/vinoforever.ee\/en\/wp-json\/wp\/v2\/product_cat?post=11854"},{"taxonomy":"product_tag","embeddable":true,"href":"https:\/\/vinoforever.ee\/en\/wp-json\/wp\/v2\/product_tag?post=11854"}],"curies":[{"name":"wp","href":"https:\/\/api.w.org\/{rel}","templated":true}]}}