{"id":11856,"date":"2024-03-31T15:50:56","date_gmt":"2024-03-31T13:50:56","guid":{"rendered":"https:\/\/vinoforever.ee\/?post_type=product&#038;p=11856"},"modified":"2025-11-01T10:43:13","modified_gmt":"2025-11-01T08:43:13","slug":"louis-de-grenelle-grande-cuvee-brut","status":"publish","type":"product","link":"https:\/\/vinoforever.ee\/en\/toode\/louis-de-grenelle-grande-cuvee-brut\/","title":{"rendered":"Louis de Grenelle Grande Cuv\u00e9e Brut"},"content":{"rendered":"<p><strong>Veinist: <\/strong>H\u00f5\u00f5guv \u00f5lgkollane kuldsete varjunditega vahuvein. Aroomilt rikkalik ja kompleksne, tunda karamellistunud valgete puuviljade (virsik, kudoonia), kuivatatud puuviljade (sarapuup\u00e4hklid, mandlid) ja akaatsiamee aroome aga ka troopilisi puuvilju nagu mango ja ananass ja brioche noote. Maitselt karge ja konsentreeritud, tunda heledaid puuvilju m\u00f5rkjasmagusa noodiga, piimakaramelli ja r\u00f5stisust. Suurep\u00e4rane harmoonia. Elav, karge ja \u00f5rn!<\/p>\n<p><strong>Appelatsioon:\u00a0<\/strong>AOC Saumur<\/p>\n<p><strong>Toidusoovitus: <\/strong>Suurep\u00e4rane aperitiivvein, see kuvee sobib h\u00e4sti ka luksuslike roogade nagu foie gras, merikurat, meriahven juurde.<\/p>\n<p><strong>Serveerimis temperatuur:<\/strong> 8-10\u00b0C<\/p>\n<p><strong>Alkoholisisaldus:<\/strong> 12,5%<\/p>\n<p><strong>Pudeli suurus:<\/strong> 75l<\/p>\n","protected":false},"excerpt":{"rendered":"<p>Veinist: H\u00f5\u00f5guv \u00f5lgkollane kuldsete varjunditega vahuvein. Aroomilt rikkalik ja kompleksne, tunda karamellistunud valgete puuviljade (virsik, kudoonia), kuivatatud puuviljade (sarapuup\u00e4hklid, mandlid)<\/p>\n","protected":false},"featured_media":11849,"comment_status":"open","ping_status":"closed","template":"","meta":[],"product_brand":[],"product_cat":[71],"product_tag":[],"class_list":{"0":"post-11856","1":"product","2":"type-product","3":"status-publish","4":"has-post-thumbnail","6":"product_cat-vahuveinid","8":"first","9":"instock","10":"taxable","11":"shipping-taxable","12":"purchasable","13":"product-type-simple"},"yoast_head":"<!-- This site is optimized with the Yoast SEO plugin v27.1 - https:\/\/yoast.com\/product\/yoast-seo-wordpress\/ -->\n<title>Louis de Grenelle Grande Cuv\u00e9e Brut - Vinoforever<\/title>\n<meta name=\"description\" content=\"Louis de Grenelle Grande Cuv\u00e9e Brut: kuldsete varjunditega vahuvein, rikkaliku ja komplekse aroomiga. Ideaalne aperitiiv, sobib foie gras ja meriahvenaga.\" \/>\n<meta name=\"robots\" content=\"index, follow, max-snippet:-1, max-image-preview:large, max-video-preview:-1\" \/>\n<link rel=\"canonical\" href=\"https:\/\/vinoforever.ee\/en\/toode\/louis-de-grenelle-grande-cuvee-brut\/\" \/>\n<meta property=\"og:locale\" content=\"en_US\" \/>\n<meta property=\"og:type\" content=\"article\" \/>\n<meta property=\"og:title\" content=\"Louis de Grenelle Grande Cuv\u00e9e Brut - Vinoforever\" \/>\n<meta property=\"og:description\" content=\"Louis de Grenelle Grande Cuv\u00e9e Brut: kuldsete varjunditega vahuvein, rikkaliku ja komplekse aroomiga. Ideaalne aperitiiv, sobib foie gras ja meriahvenaga.\" \/>\n<meta property=\"og:url\" content=\"https:\/\/vinoforever.ee\/en\/toode\/louis-de-grenelle-grande-cuvee-brut\/\" \/>\n<meta property=\"og:site_name\" content=\"Vinoforever\" \/>\n<meta property=\"article:publisher\" content=\"https:\/\/www.facebook.com\/vinoforever\/\" \/>\n<meta property=\"article:modified_time\" content=\"2025-11-01T08:43:13+00:00\" \/>\n<meta property=\"og:image\" content=\"https:\/\/vinoforever.ee\/wp-content\/uploads\/2024\/03\/Lous-de-Grenelle-Grand-Cuvee.png\" \/>\n\t<meta property=\"og:image:width\" content=\"740\" \/>\n\t<meta property=\"og:image:height\" content=\"740\" \/>\n\t<meta property=\"og:image:type\" content=\"image\/png\" \/>\n<meta name=\"twitter:label1\" content=\"Est. reading time\" \/>\n\t<meta name=\"twitter:data1\" content=\"1 minute\" \/>\n<script type=\"application\/ld+json\" class=\"yoast-schema-graph\">{\"@context\":\"https:\/\/schema.org\",\"@graph\":[{\"@type\":\"WebPage\",\"@id\":\"https:\/\/vinoforever.ee\/en\/toode\/louis-de-grenelle-grande-cuvee-brut\/\",\"url\":\"https:\/\/vinoforever.ee\/en\/toode\/louis-de-grenelle-grande-cuvee-brut\/\",\"name\":\"Louis de Grenelle Grande Cuv\u00e9e Brut - Vinoforever\",\"isPartOf\":{\"@id\":\"https:\/\/vinoforever.ee\/en\/#website\"},\"primaryImageOfPage\":{\"@id\":\"https:\/\/vinoforever.ee\/en\/toode\/louis-de-grenelle-grande-cuvee-brut\/#primaryimage\"},\"image\":{\"@id\":\"https:\/\/vinoforever.ee\/en\/toode\/louis-de-grenelle-grande-cuvee-brut\/#primaryimage\"},\"thumbnailUrl\":\"https:\/\/vinoforever.ee\/wp-content\/uploads\/2024\/03\/Lous-de-Grenelle-Grand-Cuvee.png\",\"datePublished\":\"2024-03-31T13:50:56+00:00\",\"dateModified\":\"2025-11-01T08:43:13+00:00\",\"description\":\"Louis de Grenelle Grande Cuv\u00e9e Brut: kuldsete varjunditega vahuvein, rikkaliku ja komplekse aroomiga. Ideaalne aperitiiv, sobib foie gras ja meriahvenaga.\",\"breadcrumb\":{\"@id\":\"https:\/\/vinoforever.ee\/en\/toode\/louis-de-grenelle-grande-cuvee-brut\/#breadcrumb\"},\"inLanguage\":\"en-US\",\"potentialAction\":[{\"@type\":\"ReadAction\",\"target\":[\"https:\/\/vinoforever.ee\/en\/toode\/louis-de-grenelle-grande-cuvee-brut\/\"]}]},{\"@type\":\"ImageObject\",\"inLanguage\":\"en-US\",\"@id\":\"https:\/\/vinoforever.ee\/en\/toode\/louis-de-grenelle-grande-cuvee-brut\/#primaryimage\",\"url\":\"https:\/\/vinoforever.ee\/wp-content\/uploads\/2024\/03\/Lous-de-Grenelle-Grand-Cuvee.png\",\"contentUrl\":\"https:\/\/vinoforever.ee\/wp-content\/uploads\/2024\/03\/Lous-de-Grenelle-Grand-Cuvee.png\",\"width\":740,\"height\":740},{\"@type\":\"BreadcrumbList\",\"@id\":\"https:\/\/vinoforever.ee\/en\/toode\/louis-de-grenelle-grande-cuvee-brut\/#breadcrumb\",\"itemListElement\":[{\"@type\":\"ListItem\",\"position\":1,\"name\":\"Home\",\"item\":\"https:\/\/vinoforever.ee\/en\/\"},{\"@type\":\"ListItem\",\"position\":2,\"name\":\"Shop\",\"item\":\"https:\/\/vinoforever.ee\/en\/shop\/\"},{\"@type\":\"ListItem\",\"position\":3,\"name\":\"Louis de Grenelle Grande Cuv\u00e9e Brut\"}]},{\"@type\":\"WebSite\",\"@id\":\"https:\/\/vinoforever.ee\/en\/#website\",\"url\":\"https:\/\/vinoforever.ee\/en\/\",\"name\":\"Vinoforever\",\"description\":\"Ainult head veinid\",\"publisher\":{\"@id\":\"https:\/\/vinoforever.ee\/en\/#organization\"},\"alternateName\":\"Mahedad veinid tunnustatud veinimajadelt\",\"potentialAction\":[{\"@type\":\"SearchAction\",\"target\":{\"@type\":\"EntryPoint\",\"urlTemplate\":\"https:\/\/vinoforever.ee\/en\/?s={search_term_string}\"},\"query-input\":{\"@type\":\"PropertyValueSpecification\",\"valueRequired\":true,\"valueName\":\"search_term_string\"}}],\"inLanguage\":\"en-US\"},{\"@type\":\"Organization\",\"@id\":\"https:\/\/vinoforever.ee\/en\/#organization\",\"name\":\"Vinoforever O\u00dc\",\"url\":\"https:\/\/vinoforever.ee\/en\/\",\"logo\":{\"@type\":\"ImageObject\",\"inLanguage\":\"en-US\",\"@id\":\"https:\/\/vinoforever.ee\/en\/#\/schema\/logo\/image\/\",\"url\":\"https:\/\/vinoforever.ee\/wp-content\/uploads\/2023\/01\/VinoForever_logo.png\",\"contentUrl\":\"https:\/\/vinoforever.ee\/wp-content\/uploads\/2023\/01\/VinoForever_logo.png\",\"width\":800,\"height\":300,\"caption\":\"Vinoforever O\u00dc\"},\"image\":{\"@id\":\"https:\/\/vinoforever.ee\/en\/#\/schema\/logo\/image\/\"},\"sameAs\":[\"https:\/\/www.facebook.com\/vinoforever\/\",\"https:\/\/www.instagram.com\/vinoforever_wines\/\"]}]}<\/script>\n<!-- \/ Yoast SEO plugin. -->","yoast_head_json":{"title":"Louis de Grenelle Grande Cuv\u00e9e Brut - Vinoforever","description":"Louis de Grenelle Grande Cuv\u00e9e Brut: kuldsete varjunditega vahuvein, rikkaliku ja komplekse aroomiga. Ideaalne aperitiiv, sobib foie gras ja meriahvenaga.","robots":{"index":"index","follow":"follow","max-snippet":"max-snippet:-1","max-image-preview":"max-image-preview:large","max-video-preview":"max-video-preview:-1"},"canonical":"https:\/\/vinoforever.ee\/en\/toode\/louis-de-grenelle-grande-cuvee-brut\/","og_locale":"en_US","og_type":"article","og_title":"Louis de Grenelle Grande Cuv\u00e9e Brut - Vinoforever","og_description":"Louis de Grenelle Grande Cuv\u00e9e Brut: kuldsete varjunditega vahuvein, rikkaliku ja komplekse aroomiga. Ideaalne aperitiiv, sobib foie gras ja meriahvenaga.","og_url":"https:\/\/vinoforever.ee\/en\/toode\/louis-de-grenelle-grande-cuvee-brut\/","og_site_name":"Vinoforever","article_publisher":"https:\/\/www.facebook.com\/vinoforever\/","article_modified_time":"2025-11-01T08:43:13+00:00","og_image":[{"width":740,"height":740,"url":"https:\/\/vinoforever.ee\/wp-content\/uploads\/2024\/03\/Lous-de-Grenelle-Grand-Cuvee.png","type":"image\/png"}],"twitter_misc":{"Est. reading time":"1 minute"},"schema":{"@context":"https:\/\/schema.org","@graph":[{"@type":"WebPage","@id":"https:\/\/vinoforever.ee\/en\/toode\/louis-de-grenelle-grande-cuvee-brut\/","url":"https:\/\/vinoforever.ee\/en\/toode\/louis-de-grenelle-grande-cuvee-brut\/","name":"Louis de Grenelle Grande Cuv\u00e9e Brut - Vinoforever","isPartOf":{"@id":"https:\/\/vinoforever.ee\/en\/#website"},"primaryImageOfPage":{"@id":"https:\/\/vinoforever.ee\/en\/toode\/louis-de-grenelle-grande-cuvee-brut\/#primaryimage"},"image":{"@id":"https:\/\/vinoforever.ee\/en\/toode\/louis-de-grenelle-grande-cuvee-brut\/#primaryimage"},"thumbnailUrl":"https:\/\/vinoforever.ee\/wp-content\/uploads\/2024\/03\/Lous-de-Grenelle-Grand-Cuvee.png","datePublished":"2024-03-31T13:50:56+00:00","dateModified":"2025-11-01T08:43:13+00:00","description":"Louis de Grenelle Grande Cuv\u00e9e Brut: kuldsete varjunditega vahuvein, rikkaliku ja komplekse aroomiga. Ideaalne aperitiiv, sobib foie gras ja meriahvenaga.","breadcrumb":{"@id":"https:\/\/vinoforever.ee\/en\/toode\/louis-de-grenelle-grande-cuvee-brut\/#breadcrumb"},"inLanguage":"en-US","potentialAction":[{"@type":"ReadAction","target":["https:\/\/vinoforever.ee\/en\/toode\/louis-de-grenelle-grande-cuvee-brut\/"]}]},{"@type":"ImageObject","inLanguage":"en-US","@id":"https:\/\/vinoforever.ee\/en\/toode\/louis-de-grenelle-grande-cuvee-brut\/#primaryimage","url":"https:\/\/vinoforever.ee\/wp-content\/uploads\/2024\/03\/Lous-de-Grenelle-Grand-Cuvee.png","contentUrl":"https:\/\/vinoforever.ee\/wp-content\/uploads\/2024\/03\/Lous-de-Grenelle-Grand-Cuvee.png","width":740,"height":740},{"@type":"BreadcrumbList","@id":"https:\/\/vinoforever.ee\/en\/toode\/louis-de-grenelle-grande-cuvee-brut\/#breadcrumb","itemListElement":[{"@type":"ListItem","position":1,"name":"Home","item":"https:\/\/vinoforever.ee\/en\/"},{"@type":"ListItem","position":2,"name":"Shop","item":"https:\/\/vinoforever.ee\/en\/shop\/"},{"@type":"ListItem","position":3,"name":"Louis de Grenelle Grande Cuv\u00e9e Brut"}]},{"@type":"WebSite","@id":"https:\/\/vinoforever.ee\/en\/#website","url":"https:\/\/vinoforever.ee\/en\/","name":"Vinoforever","description":"Ainult head veinid","publisher":{"@id":"https:\/\/vinoforever.ee\/en\/#organization"},"alternateName":"Mahedad veinid tunnustatud veinimajadelt","potentialAction":[{"@type":"SearchAction","target":{"@type":"EntryPoint","urlTemplate":"https:\/\/vinoforever.ee\/en\/?s={search_term_string}"},"query-input":{"@type":"PropertyValueSpecification","valueRequired":true,"valueName":"search_term_string"}}],"inLanguage":"en-US"},{"@type":"Organization","@id":"https:\/\/vinoforever.ee\/en\/#organization","name":"Vinoforever O\u00dc","url":"https:\/\/vinoforever.ee\/en\/","logo":{"@type":"ImageObject","inLanguage":"en-US","@id":"https:\/\/vinoforever.ee\/en\/#\/schema\/logo\/image\/","url":"https:\/\/vinoforever.ee\/wp-content\/uploads\/2023\/01\/VinoForever_logo.png","contentUrl":"https:\/\/vinoforever.ee\/wp-content\/uploads\/2023\/01\/VinoForever_logo.png","width":800,"height":300,"caption":"Vinoforever O\u00dc"},"image":{"@id":"https:\/\/vinoforever.ee\/en\/#\/schema\/logo\/image\/"},"sameAs":["https:\/\/www.facebook.com\/vinoforever\/","https:\/\/www.instagram.com\/vinoforever_wines\/"]}]}},"_links":{"self":[{"href":"https:\/\/vinoforever.ee\/en\/wp-json\/wp\/v2\/product\/11856","targetHints":{"allow":["GET"]}}],"collection":[{"href":"https:\/\/vinoforever.ee\/en\/wp-json\/wp\/v2\/product"}],"about":[{"href":"https:\/\/vinoforever.ee\/en\/wp-json\/wp\/v2\/types\/product"}],"replies":[{"embeddable":true,"href":"https:\/\/vinoforever.ee\/en\/wp-json\/wp\/v2\/comments?post=11856"}],"version-history":[{"count":1,"href":"https:\/\/vinoforever.ee\/en\/wp-json\/wp\/v2\/product\/11856\/revisions"}],"predecessor-version":[{"id":11857,"href":"https:\/\/vinoforever.ee\/en\/wp-json\/wp\/v2\/product\/11856\/revisions\/11857"}],"wp:featuredmedia":[{"embeddable":true,"href":"https:\/\/vinoforever.ee\/en\/wp-json\/wp\/v2\/media\/11849"}],"wp:attachment":[{"href":"https:\/\/vinoforever.ee\/en\/wp-json\/wp\/v2\/media?parent=11856"}],"wp:term":[{"taxonomy":"product_brand","embeddable":true,"href":"https:\/\/vinoforever.ee\/en\/wp-json\/wp\/v2\/product_brand?post=11856"},{"taxonomy":"product_cat","embeddable":true,"href":"https:\/\/vinoforever.ee\/en\/wp-json\/wp\/v2\/product_cat?post=11856"},{"taxonomy":"product_tag","embeddable":true,"href":"https:\/\/vinoforever.ee\/en\/wp-json\/wp\/v2\/product_tag?post=11856"}],"curies":[{"name":"wp","href":"https:\/\/api.w.org\/{rel}","templated":true}]}}