{"id":11862,"date":"2024-03-31T15:53:38","date_gmt":"2024-03-31T13:53:38","guid":{"rendered":"https:\/\/vinoforever.ee\/?post_type=product&#038;p=11862"},"modified":"2025-11-29T21:56:23","modified_gmt":"2025-11-29T19:56:23","slug":"louis-de-grenelle-3-7-7-4-brut-nature","status":"publish","type":"product","link":"https:\/\/vinoforever.ee\/en\/toode\/louis-de-grenelle-3-7-7-4-brut-nature\/","title":{"rendered":"Louis de Grenelle 3\/7.7.4 Brut Nature"},"content":{"rendered":"<p><strong>Veinist: <\/strong>See Cuv\u00e9e on Louis de Grenelle maja kvintessents. Nende keldrimeister Guillaume Poitevin soovis segada veine, kasutades kolme tumedat viinamarjasorti: Pinot Noir, Cabernet Franc ja Pinot d&#8217;Aunis.<\/p>\n<p>Arv kolm t\u00e4histab kolme viinamarjasorti, 3 + 7 + 7 + 4 = 21 saavutamaks t\u00e4iuslik tasakaal. Oma diskreetses v\u00e4rskuses avanevad \u201c3\/7.7.4\u201d veini elegantsed punaste marjade ja luuviljade aroomid. See Blanc de Noir Brut Nature on \u00f5rna, kuid kreemja maitsepaleti ja soolaka j\u00e4relmaitsega. Lillelised viited lisavad kergust luuviljaliste ja punaste marjade iseloomule.<\/p>\n<p><strong>Toidusoovitus: <\/strong>Homaari peen maitse, v\u00e4rskelt avatud Beloni austri lihtsus, Gironde Caviari elegants. Ainulaadse ja luksusliku kogemuse saamiseks.<\/p>\n<p><strong>Auhinnad<\/strong>: Aasta Vein 2025 <a href=\"https:\/\/aastavein.ee\/\">Aasta vein &#8211; Sinu abiline leidmaks parimaid veine Eestis<\/a> &#8211; h\u00f5be, mis t\u00e4hendab, et tegu on omas klassis silmapaistvalt v\u00e4ga hea veiniga.<\/p>\n<p><strong>Serveerimis temperatuur:<\/strong> 8-10\u00b0C<\/p>\n<p><strong>Alkoholisisaldus:<\/strong> 12%<\/p>\n<p><strong>Pudeli suurus:<\/strong> 75cl<\/p>\n","protected":false},"excerpt":{"rendered":"<p>KOLM 3 VIINAMARJASORDI JAOKS: &#8216;PINOT NOIR&#8217;, &#8216;CABERNET FRANC&#8217; JA &#8221;&#8217;AUNIS&#8217; &#8216;.<\/p>\n<p>3+7+7+4 = 21, ET ASJAD OLEKSID TASAKAALUS.<\/p>\n","protected":false},"featured_media":12366,"comment_status":"open","ping_status":"closed","template":"","meta":[],"product_brand":[],"product_cat":[71],"product_tag":[],"class_list":{"0":"post-11862","1":"product","2":"type-product","3":"status-publish","4":"has-post-thumbnail","6":"product_cat-vahuveinid","8":"first","9":"instock","10":"taxable","11":"shipping-taxable","12":"purchasable","13":"product-type-simple"},"yoast_head":"<!-- This site is optimized with the Yoast SEO plugin v27.1 - https:\/\/yoast.com\/product\/yoast-seo-wordpress\/ -->\n<title>Louis de Grenelle 3\/7.7.4 Brut Nature - Vinoforever<\/title>\n<meta name=\"description\" content=\"Louis de Grenelle 3\/7.7.4 Brut Nature: kolme viinamarja segu, elegantsed punase marja ja luuvilja aroomid. Ideaalne homaari ja austritega. Serveeri 8-10\u00b0C.\" \/>\n<meta name=\"robots\" content=\"index, follow, max-snippet:-1, max-image-preview:large, max-video-preview:-1\" \/>\n<link rel=\"canonical\" href=\"https:\/\/vinoforever.ee\/en\/toode\/louis-de-grenelle-3-7-7-4-brut-nature\/\" \/>\n<meta property=\"og:locale\" content=\"en_US\" \/>\n<meta property=\"og:type\" content=\"article\" \/>\n<meta property=\"og:title\" content=\"Louis de Grenelle 3\/7.7.4 Brut Nature - Vinoforever\" \/>\n<meta property=\"og:description\" content=\"Louis de Grenelle 3\/7.7.4 Brut Nature: kolme viinamarja segu, elegantsed punase marja ja luuvilja aroomid. Ideaalne homaari ja austritega. Serveeri 8-10\u00b0C.\" \/>\n<meta property=\"og:url\" content=\"https:\/\/vinoforever.ee\/en\/toode\/louis-de-grenelle-3-7-7-4-brut-nature\/\" \/>\n<meta property=\"og:site_name\" content=\"Vinoforever\" \/>\n<meta property=\"article:publisher\" content=\"https:\/\/www.facebook.com\/vinoforever\/\" \/>\n<meta property=\"article:modified_time\" content=\"2025-11-29T19:56:23+00:00\" \/>\n<meta property=\"og:image\" content=\"https:\/\/vinoforever.ee\/wp-content\/uploads\/2023\/02\/Lous-de-Grenelle-3.7.7.4-aasta-vein-2025.webp\" \/>\n\t<meta property=\"og:image:width\" content=\"740\" \/>\n\t<meta property=\"og:image:height\" content=\"740\" \/>\n\t<meta property=\"og:image:type\" content=\"image\/webp\" \/>\n<meta name=\"twitter:label1\" content=\"Est. reading time\" \/>\n\t<meta name=\"twitter:data1\" content=\"1 minute\" \/>\n<script type=\"application\/ld+json\" class=\"yoast-schema-graph\">{\"@context\":\"https:\/\/schema.org\",\"@graph\":[{\"@type\":\"WebPage\",\"@id\":\"https:\/\/vinoforever.ee\/en\/toode\/louis-de-grenelle-3-7-7-4-brut-nature\/\",\"url\":\"https:\/\/vinoforever.ee\/en\/toode\/louis-de-grenelle-3-7-7-4-brut-nature\/\",\"name\":\"Louis de Grenelle 3\/7.7.4 Brut Nature - Vinoforever\",\"isPartOf\":{\"@id\":\"https:\/\/vinoforever.ee\/en\/#website\"},\"primaryImageOfPage\":{\"@id\":\"https:\/\/vinoforever.ee\/en\/toode\/louis-de-grenelle-3-7-7-4-brut-nature\/#primaryimage\"},\"image\":{\"@id\":\"https:\/\/vinoforever.ee\/en\/toode\/louis-de-grenelle-3-7-7-4-brut-nature\/#primaryimage\"},\"thumbnailUrl\":\"https:\/\/vinoforever.ee\/wp-content\/uploads\/2023\/02\/Lous-de-Grenelle-3.7.7.4-aasta-vein-2025.webp\",\"datePublished\":\"2024-03-31T13:53:38+00:00\",\"dateModified\":\"2025-11-29T19:56:23+00:00\",\"description\":\"Louis de Grenelle 3\/7.7.4 Brut Nature: kolme viinamarja segu, elegantsed punase marja ja luuvilja aroomid. Ideaalne homaari ja austritega. Serveeri 8-10\u00b0C.\",\"breadcrumb\":{\"@id\":\"https:\/\/vinoforever.ee\/en\/toode\/louis-de-grenelle-3-7-7-4-brut-nature\/#breadcrumb\"},\"inLanguage\":\"en-US\",\"potentialAction\":[{\"@type\":\"ReadAction\",\"target\":[\"https:\/\/vinoforever.ee\/en\/toode\/louis-de-grenelle-3-7-7-4-brut-nature\/\"]}]},{\"@type\":\"ImageObject\",\"inLanguage\":\"en-US\",\"@id\":\"https:\/\/vinoforever.ee\/en\/toode\/louis-de-grenelle-3-7-7-4-brut-nature\/#primaryimage\",\"url\":\"https:\/\/vinoforever.ee\/wp-content\/uploads\/2023\/02\/Lous-de-Grenelle-3.7.7.4-aasta-vein-2025.webp\",\"contentUrl\":\"https:\/\/vinoforever.ee\/wp-content\/uploads\/2023\/02\/Lous-de-Grenelle-3.7.7.4-aasta-vein-2025.webp\",\"width\":740,\"height\":740,\"caption\":\"Aasta Vein 2025 -Louis de Grenelle 3\/7.7.4 Brut Nature - h\u00f5bemedal\"},{\"@type\":\"BreadcrumbList\",\"@id\":\"https:\/\/vinoforever.ee\/en\/toode\/louis-de-grenelle-3-7-7-4-brut-nature\/#breadcrumb\",\"itemListElement\":[{\"@type\":\"ListItem\",\"position\":1,\"name\":\"Home\",\"item\":\"https:\/\/vinoforever.ee\/en\/\"},{\"@type\":\"ListItem\",\"position\":2,\"name\":\"Shop\",\"item\":\"https:\/\/vinoforever.ee\/en\/shop\/\"},{\"@type\":\"ListItem\",\"position\":3,\"name\":\"Louis de Grenelle 3\/7.7.4 Brut Nature\"}]},{\"@type\":\"WebSite\",\"@id\":\"https:\/\/vinoforever.ee\/en\/#website\",\"url\":\"https:\/\/vinoforever.ee\/en\/\",\"name\":\"Vinoforever\",\"description\":\"Ainult head veinid\",\"publisher\":{\"@id\":\"https:\/\/vinoforever.ee\/en\/#organization\"},\"alternateName\":\"Mahedad veinid tunnustatud veinimajadelt\",\"potentialAction\":[{\"@type\":\"SearchAction\",\"target\":{\"@type\":\"EntryPoint\",\"urlTemplate\":\"https:\/\/vinoforever.ee\/en\/?s={search_term_string}\"},\"query-input\":{\"@type\":\"PropertyValueSpecification\",\"valueRequired\":true,\"valueName\":\"search_term_string\"}}],\"inLanguage\":\"en-US\"},{\"@type\":\"Organization\",\"@id\":\"https:\/\/vinoforever.ee\/en\/#organization\",\"name\":\"Vinoforever O\u00dc\",\"url\":\"https:\/\/vinoforever.ee\/en\/\",\"logo\":{\"@type\":\"ImageObject\",\"inLanguage\":\"en-US\",\"@id\":\"https:\/\/vinoforever.ee\/en\/#\/schema\/logo\/image\/\",\"url\":\"https:\/\/vinoforever.ee\/wp-content\/uploads\/2023\/01\/VinoForever_logo.png\",\"contentUrl\":\"https:\/\/vinoforever.ee\/wp-content\/uploads\/2023\/01\/VinoForever_logo.png\",\"width\":800,\"height\":300,\"caption\":\"Vinoforever O\u00dc\"},\"image\":{\"@id\":\"https:\/\/vinoforever.ee\/en\/#\/schema\/logo\/image\/\"},\"sameAs\":[\"https:\/\/www.facebook.com\/vinoforever\/\",\"https:\/\/www.instagram.com\/vinoforever_wines\/\"]}]}<\/script>\n<!-- \/ Yoast SEO plugin. -->","yoast_head_json":{"title":"Louis de Grenelle 3\/7.7.4 Brut Nature - Vinoforever","description":"Louis de Grenelle 3\/7.7.4 Brut Nature: kolme viinamarja segu, elegantsed punase marja ja luuvilja aroomid. Ideaalne homaari ja austritega. Serveeri 8-10\u00b0C.","robots":{"index":"index","follow":"follow","max-snippet":"max-snippet:-1","max-image-preview":"max-image-preview:large","max-video-preview":"max-video-preview:-1"},"canonical":"https:\/\/vinoforever.ee\/en\/toode\/louis-de-grenelle-3-7-7-4-brut-nature\/","og_locale":"en_US","og_type":"article","og_title":"Louis de Grenelle 3\/7.7.4 Brut Nature - Vinoforever","og_description":"Louis de Grenelle 3\/7.7.4 Brut Nature: kolme viinamarja segu, elegantsed punase marja ja luuvilja aroomid. Ideaalne homaari ja austritega. Serveeri 8-10\u00b0C.","og_url":"https:\/\/vinoforever.ee\/en\/toode\/louis-de-grenelle-3-7-7-4-brut-nature\/","og_site_name":"Vinoforever","article_publisher":"https:\/\/www.facebook.com\/vinoforever\/","article_modified_time":"2025-11-29T19:56:23+00:00","og_image":[{"width":740,"height":740,"url":"https:\/\/vinoforever.ee\/wp-content\/uploads\/2023\/02\/Lous-de-Grenelle-3.7.7.4-aasta-vein-2025.webp","type":"image\/webp"}],"twitter_misc":{"Est. reading time":"1 minute"},"schema":{"@context":"https:\/\/schema.org","@graph":[{"@type":"WebPage","@id":"https:\/\/vinoforever.ee\/en\/toode\/louis-de-grenelle-3-7-7-4-brut-nature\/","url":"https:\/\/vinoforever.ee\/en\/toode\/louis-de-grenelle-3-7-7-4-brut-nature\/","name":"Louis de Grenelle 3\/7.7.4 Brut Nature - Vinoforever","isPartOf":{"@id":"https:\/\/vinoforever.ee\/en\/#website"},"primaryImageOfPage":{"@id":"https:\/\/vinoforever.ee\/en\/toode\/louis-de-grenelle-3-7-7-4-brut-nature\/#primaryimage"},"image":{"@id":"https:\/\/vinoforever.ee\/en\/toode\/louis-de-grenelle-3-7-7-4-brut-nature\/#primaryimage"},"thumbnailUrl":"https:\/\/vinoforever.ee\/wp-content\/uploads\/2023\/02\/Lous-de-Grenelle-3.7.7.4-aasta-vein-2025.webp","datePublished":"2024-03-31T13:53:38+00:00","dateModified":"2025-11-29T19:56:23+00:00","description":"Louis de Grenelle 3\/7.7.4 Brut Nature: kolme viinamarja segu, elegantsed punase marja ja luuvilja aroomid. Ideaalne homaari ja austritega. Serveeri 8-10\u00b0C.","breadcrumb":{"@id":"https:\/\/vinoforever.ee\/en\/toode\/louis-de-grenelle-3-7-7-4-brut-nature\/#breadcrumb"},"inLanguage":"en-US","potentialAction":[{"@type":"ReadAction","target":["https:\/\/vinoforever.ee\/en\/toode\/louis-de-grenelle-3-7-7-4-brut-nature\/"]}]},{"@type":"ImageObject","inLanguage":"en-US","@id":"https:\/\/vinoforever.ee\/en\/toode\/louis-de-grenelle-3-7-7-4-brut-nature\/#primaryimage","url":"https:\/\/vinoforever.ee\/wp-content\/uploads\/2023\/02\/Lous-de-Grenelle-3.7.7.4-aasta-vein-2025.webp","contentUrl":"https:\/\/vinoforever.ee\/wp-content\/uploads\/2023\/02\/Lous-de-Grenelle-3.7.7.4-aasta-vein-2025.webp","width":740,"height":740,"caption":"Aasta Vein 2025 -Louis de Grenelle 3\/7.7.4 Brut Nature - h\u00f5bemedal"},{"@type":"BreadcrumbList","@id":"https:\/\/vinoforever.ee\/en\/toode\/louis-de-grenelle-3-7-7-4-brut-nature\/#breadcrumb","itemListElement":[{"@type":"ListItem","position":1,"name":"Home","item":"https:\/\/vinoforever.ee\/en\/"},{"@type":"ListItem","position":2,"name":"Shop","item":"https:\/\/vinoforever.ee\/en\/shop\/"},{"@type":"ListItem","position":3,"name":"Louis de Grenelle 3\/7.7.4 Brut Nature"}]},{"@type":"WebSite","@id":"https:\/\/vinoforever.ee\/en\/#website","url":"https:\/\/vinoforever.ee\/en\/","name":"Vinoforever","description":"Ainult head veinid","publisher":{"@id":"https:\/\/vinoforever.ee\/en\/#organization"},"alternateName":"Mahedad veinid tunnustatud veinimajadelt","potentialAction":[{"@type":"SearchAction","target":{"@type":"EntryPoint","urlTemplate":"https:\/\/vinoforever.ee\/en\/?s={search_term_string}"},"query-input":{"@type":"PropertyValueSpecification","valueRequired":true,"valueName":"search_term_string"}}],"inLanguage":"en-US"},{"@type":"Organization","@id":"https:\/\/vinoforever.ee\/en\/#organization","name":"Vinoforever O\u00dc","url":"https:\/\/vinoforever.ee\/en\/","logo":{"@type":"ImageObject","inLanguage":"en-US","@id":"https:\/\/vinoforever.ee\/en\/#\/schema\/logo\/image\/","url":"https:\/\/vinoforever.ee\/wp-content\/uploads\/2023\/01\/VinoForever_logo.png","contentUrl":"https:\/\/vinoforever.ee\/wp-content\/uploads\/2023\/01\/VinoForever_logo.png","width":800,"height":300,"caption":"Vinoforever O\u00dc"},"image":{"@id":"https:\/\/vinoforever.ee\/en\/#\/schema\/logo\/image\/"},"sameAs":["https:\/\/www.facebook.com\/vinoforever\/","https:\/\/www.instagram.com\/vinoforever_wines\/"]}]}},"_links":{"self":[{"href":"https:\/\/vinoforever.ee\/en\/wp-json\/wp\/v2\/product\/11862","targetHints":{"allow":["GET"]}}],"collection":[{"href":"https:\/\/vinoforever.ee\/en\/wp-json\/wp\/v2\/product"}],"about":[{"href":"https:\/\/vinoforever.ee\/en\/wp-json\/wp\/v2\/types\/product"}],"replies":[{"embeddable":true,"href":"https:\/\/vinoforever.ee\/en\/wp-json\/wp\/v2\/comments?post=11862"}],"version-history":[{"count":4,"href":"https:\/\/vinoforever.ee\/en\/wp-json\/wp\/v2\/product\/11862\/revisions"}],"predecessor-version":[{"id":12374,"href":"https:\/\/vinoforever.ee\/en\/wp-json\/wp\/v2\/product\/11862\/revisions\/12374"}],"wp:featuredmedia":[{"embeddable":true,"href":"https:\/\/vinoforever.ee\/en\/wp-json\/wp\/v2\/media\/12366"}],"wp:attachment":[{"href":"https:\/\/vinoforever.ee\/en\/wp-json\/wp\/v2\/media?parent=11862"}],"wp:term":[{"taxonomy":"product_brand","embeddable":true,"href":"https:\/\/vinoforever.ee\/en\/wp-json\/wp\/v2\/product_brand?post=11862"},{"taxonomy":"product_cat","embeddable":true,"href":"https:\/\/vinoforever.ee\/en\/wp-json\/wp\/v2\/product_cat?post=11862"},{"taxonomy":"product_tag","embeddable":true,"href":"https:\/\/vinoforever.ee\/en\/wp-json\/wp\/v2\/product_tag?post=11862"}],"curies":[{"name":"wp","href":"https:\/\/api.w.org\/{rel}","templated":true}]}}