{"id":11864,"date":"2024-03-31T15:54:22","date_gmt":"2024-03-31T13:54:22","guid":{"rendered":"https:\/\/vinoforever.ee\/?post_type=product&#038;p=11864"},"modified":"2025-11-29T21:55:31","modified_gmt":"2025-11-29T19:55:31","slug":"louis-de-grenelle-si-irresistible-brut","status":"publish","type":"product","link":"https:\/\/vinoforever.ee\/en\/toode\/louis-de-grenelle-si-irresistible-brut\/","title":{"rendered":"Louis de Grenelle Si Irr\u00e9sistible Brut"},"content":{"rendered":"<p><strong>Veinist: <\/strong>Pastelset pojengiroosat v\u00e4rvi vein, milles on tunda nii m\u00f5nusalt aromaatsete kommide kui v\u00e4rskete tsitruseliste noote. Kohe peale avamist avaldub selle veini v\u00f5rgutav m\u00f5ju \u2013 maitse, mis on lihtsalt lummav! Lilleliste nootidega p\u00f5imunud puuviljased aroomid teevad sellest t\u00f5eliselt vastupandamatu joogi, mida te lihtsalt ei suuda panna k\u00e4est enne kuni pudel on t\u00fchi.<\/p>\n<p><strong>Toidusoovitus: <\/strong>T\u00f5eline pidulik vein, ideaalne aperitiiv, millega oma k\u00fclalisi \u00fcllatada! Vastupandamatult ahvatlev, see on t\u00e4iuslik partner k\u00fclmadele magustoitudele, millele on lisatud punase puuvilja kastet.<\/p>\n<p><strong>Serveerimis temperatuur:<\/strong> 6-8\u00b0C<\/p>\n<p><strong>Alkoholisisaldus:<\/strong> 11%<\/p>\n<p><strong>Pudeli suurus:<\/strong> 75cl<\/p>\n","protected":false},"excerpt":{"rendered":"<p>Veinist: Pastelset pojengiroosat v\u00e4rvi vein, milles on tunda nii m\u00f5nusalt aromaatsete kommide kui v\u00e4rskete tsitruseliste noote. Kohe peale avamist avaldub<\/p>\n","protected":false},"featured_media":11843,"comment_status":"open","ping_status":"closed","template":"","meta":[],"product_brand":[],"product_cat":[123,71],"product_tag":[],"class_list":{"0":"post-11864","1":"product","2":"type-product","3":"status-publish","4":"has-post-thumbnail","6":"product_cat-roosad-veinid","7":"product_cat-vahuveinid","9":"first","10":"instock","11":"taxable","12":"shipping-taxable","13":"purchasable","14":"product-type-simple"},"yoast_head":"<!-- This site is optimized with the Yoast SEO plugin v27.1 - https:\/\/yoast.com\/product\/yoast-seo-wordpress\/ -->\n<title>Louis de Grenelle Si Irr\u00e9sistible Brut - Vinoforever<\/title>\n<meta name=\"description\" content=\"Louis de Grenelle Si Irr\u00e9sistible Brut: pojengiroosa, lummavate tsitruseliste ja kommide nootidega vahuvein. T\u00e4iuslik aperitiiv ja magustoitude kaaslane.\" \/>\n<meta name=\"robots\" content=\"index, follow, max-snippet:-1, max-image-preview:large, max-video-preview:-1\" \/>\n<link rel=\"canonical\" href=\"https:\/\/vinoforever.ee\/en\/toode\/louis-de-grenelle-si-irresistible-brut\/\" \/>\n<meta property=\"og:locale\" content=\"en_US\" \/>\n<meta property=\"og:type\" content=\"article\" \/>\n<meta property=\"og:title\" content=\"Louis de Grenelle Si Irr\u00e9sistible Brut - Vinoforever\" \/>\n<meta property=\"og:description\" content=\"Louis de Grenelle Si Irr\u00e9sistible Brut: pojengiroosa, lummavate tsitruseliste ja kommide nootidega vahuvein. T\u00e4iuslik aperitiiv ja magustoitude kaaslane.\" \/>\n<meta property=\"og:url\" content=\"https:\/\/vinoforever.ee\/en\/toode\/louis-de-grenelle-si-irresistible-brut\/\" \/>\n<meta property=\"og:site_name\" content=\"Vinoforever\" \/>\n<meta property=\"article:publisher\" content=\"https:\/\/www.facebook.com\/vinoforever\/\" \/>\n<meta property=\"article:modified_time\" content=\"2025-11-29T19:55:31+00:00\" \/>\n<meta property=\"og:image\" content=\"https:\/\/vinoforever.ee\/wp-content\/uploads\/2024\/03\/Louis-de-Grenelle-Si-Irresistible.png\" \/>\n\t<meta property=\"og:image:width\" content=\"740\" \/>\n\t<meta property=\"og:image:height\" content=\"740\" \/>\n\t<meta property=\"og:image:type\" content=\"image\/png\" \/>\n<meta name=\"twitter:label1\" content=\"Est. reading time\" \/>\n\t<meta name=\"twitter:data1\" content=\"1 minute\" \/>\n<script type=\"application\/ld+json\" class=\"yoast-schema-graph\">{\"@context\":\"https:\/\/schema.org\",\"@graph\":[{\"@type\":\"WebPage\",\"@id\":\"https:\/\/vinoforever.ee\/en\/toode\/louis-de-grenelle-si-irresistible-brut\/\",\"url\":\"https:\/\/vinoforever.ee\/en\/toode\/louis-de-grenelle-si-irresistible-brut\/\",\"name\":\"Louis de Grenelle Si Irr\u00e9sistible Brut - Vinoforever\",\"isPartOf\":{\"@id\":\"https:\/\/vinoforever.ee\/en\/#website\"},\"primaryImageOfPage\":{\"@id\":\"https:\/\/vinoforever.ee\/en\/toode\/louis-de-grenelle-si-irresistible-brut\/#primaryimage\"},\"image\":{\"@id\":\"https:\/\/vinoforever.ee\/en\/toode\/louis-de-grenelle-si-irresistible-brut\/#primaryimage\"},\"thumbnailUrl\":\"https:\/\/vinoforever.ee\/wp-content\/uploads\/2024\/03\/Louis-de-Grenelle-Si-Irresistible.png\",\"datePublished\":\"2024-03-31T13:54:22+00:00\",\"dateModified\":\"2025-11-29T19:55:31+00:00\",\"description\":\"Louis de Grenelle Si Irr\u00e9sistible Brut: pojengiroosa, lummavate tsitruseliste ja kommide nootidega vahuvein. T\u00e4iuslik aperitiiv ja magustoitude kaaslane.\",\"breadcrumb\":{\"@id\":\"https:\/\/vinoforever.ee\/en\/toode\/louis-de-grenelle-si-irresistible-brut\/#breadcrumb\"},\"inLanguage\":\"en-US\",\"potentialAction\":[{\"@type\":\"ReadAction\",\"target\":[\"https:\/\/vinoforever.ee\/en\/toode\/louis-de-grenelle-si-irresistible-brut\/\"]}]},{\"@type\":\"ImageObject\",\"inLanguage\":\"en-US\",\"@id\":\"https:\/\/vinoforever.ee\/en\/toode\/louis-de-grenelle-si-irresistible-brut\/#primaryimage\",\"url\":\"https:\/\/vinoforever.ee\/wp-content\/uploads\/2024\/03\/Louis-de-Grenelle-Si-Irresistible.png\",\"contentUrl\":\"https:\/\/vinoforever.ee\/wp-content\/uploads\/2024\/03\/Louis-de-Grenelle-Si-Irresistible.png\",\"width\":740,\"height\":740},{\"@type\":\"BreadcrumbList\",\"@id\":\"https:\/\/vinoforever.ee\/en\/toode\/louis-de-grenelle-si-irresistible-brut\/#breadcrumb\",\"itemListElement\":[{\"@type\":\"ListItem\",\"position\":1,\"name\":\"Home\",\"item\":\"https:\/\/vinoforever.ee\/en\/\"},{\"@type\":\"ListItem\",\"position\":2,\"name\":\"Shop\",\"item\":\"https:\/\/vinoforever.ee\/en\/shop\/\"},{\"@type\":\"ListItem\",\"position\":3,\"name\":\"Louis de Grenelle Si Irr\u00e9sistible Brut\"}]},{\"@type\":\"WebSite\",\"@id\":\"https:\/\/vinoforever.ee\/en\/#website\",\"url\":\"https:\/\/vinoforever.ee\/en\/\",\"name\":\"Vinoforever\",\"description\":\"Ainult head veinid\",\"publisher\":{\"@id\":\"https:\/\/vinoforever.ee\/en\/#organization\"},\"alternateName\":\"Mahedad veinid tunnustatud veinimajadelt\",\"potentialAction\":[{\"@type\":\"SearchAction\",\"target\":{\"@type\":\"EntryPoint\",\"urlTemplate\":\"https:\/\/vinoforever.ee\/en\/?s={search_term_string}\"},\"query-input\":{\"@type\":\"PropertyValueSpecification\",\"valueRequired\":true,\"valueName\":\"search_term_string\"}}],\"inLanguage\":\"en-US\"},{\"@type\":\"Organization\",\"@id\":\"https:\/\/vinoforever.ee\/en\/#organization\",\"name\":\"Vinoforever O\u00dc\",\"url\":\"https:\/\/vinoforever.ee\/en\/\",\"logo\":{\"@type\":\"ImageObject\",\"inLanguage\":\"en-US\",\"@id\":\"https:\/\/vinoforever.ee\/en\/#\/schema\/logo\/image\/\",\"url\":\"https:\/\/vinoforever.ee\/wp-content\/uploads\/2023\/01\/VinoForever_logo.png\",\"contentUrl\":\"https:\/\/vinoforever.ee\/wp-content\/uploads\/2023\/01\/VinoForever_logo.png\",\"width\":800,\"height\":300,\"caption\":\"Vinoforever O\u00dc\"},\"image\":{\"@id\":\"https:\/\/vinoforever.ee\/en\/#\/schema\/logo\/image\/\"},\"sameAs\":[\"https:\/\/www.facebook.com\/vinoforever\/\",\"https:\/\/www.instagram.com\/vinoforever_wines\/\"]}]}<\/script>\n<!-- \/ Yoast SEO plugin. -->","yoast_head_json":{"title":"Louis de Grenelle Si Irr\u00e9sistible Brut - Vinoforever","description":"Louis de Grenelle Si Irr\u00e9sistible Brut: pojengiroosa, lummavate tsitruseliste ja kommide nootidega vahuvein. T\u00e4iuslik aperitiiv ja magustoitude kaaslane.","robots":{"index":"index","follow":"follow","max-snippet":"max-snippet:-1","max-image-preview":"max-image-preview:large","max-video-preview":"max-video-preview:-1"},"canonical":"https:\/\/vinoforever.ee\/en\/toode\/louis-de-grenelle-si-irresistible-brut\/","og_locale":"en_US","og_type":"article","og_title":"Louis de Grenelle Si Irr\u00e9sistible Brut - Vinoforever","og_description":"Louis de Grenelle Si Irr\u00e9sistible Brut: pojengiroosa, lummavate tsitruseliste ja kommide nootidega vahuvein. T\u00e4iuslik aperitiiv ja magustoitude kaaslane.","og_url":"https:\/\/vinoforever.ee\/en\/toode\/louis-de-grenelle-si-irresistible-brut\/","og_site_name":"Vinoforever","article_publisher":"https:\/\/www.facebook.com\/vinoforever\/","article_modified_time":"2025-11-29T19:55:31+00:00","og_image":[{"width":740,"height":740,"url":"https:\/\/vinoforever.ee\/wp-content\/uploads\/2024\/03\/Louis-de-Grenelle-Si-Irresistible.png","type":"image\/png"}],"twitter_misc":{"Est. reading time":"1 minute"},"schema":{"@context":"https:\/\/schema.org","@graph":[{"@type":"WebPage","@id":"https:\/\/vinoforever.ee\/en\/toode\/louis-de-grenelle-si-irresistible-brut\/","url":"https:\/\/vinoforever.ee\/en\/toode\/louis-de-grenelle-si-irresistible-brut\/","name":"Louis de Grenelle Si Irr\u00e9sistible Brut - Vinoforever","isPartOf":{"@id":"https:\/\/vinoforever.ee\/en\/#website"},"primaryImageOfPage":{"@id":"https:\/\/vinoforever.ee\/en\/toode\/louis-de-grenelle-si-irresistible-brut\/#primaryimage"},"image":{"@id":"https:\/\/vinoforever.ee\/en\/toode\/louis-de-grenelle-si-irresistible-brut\/#primaryimage"},"thumbnailUrl":"https:\/\/vinoforever.ee\/wp-content\/uploads\/2024\/03\/Louis-de-Grenelle-Si-Irresistible.png","datePublished":"2024-03-31T13:54:22+00:00","dateModified":"2025-11-29T19:55:31+00:00","description":"Louis de Grenelle Si Irr\u00e9sistible Brut: pojengiroosa, lummavate tsitruseliste ja kommide nootidega vahuvein. T\u00e4iuslik aperitiiv ja magustoitude kaaslane.","breadcrumb":{"@id":"https:\/\/vinoforever.ee\/en\/toode\/louis-de-grenelle-si-irresistible-brut\/#breadcrumb"},"inLanguage":"en-US","potentialAction":[{"@type":"ReadAction","target":["https:\/\/vinoforever.ee\/en\/toode\/louis-de-grenelle-si-irresistible-brut\/"]}]},{"@type":"ImageObject","inLanguage":"en-US","@id":"https:\/\/vinoforever.ee\/en\/toode\/louis-de-grenelle-si-irresistible-brut\/#primaryimage","url":"https:\/\/vinoforever.ee\/wp-content\/uploads\/2024\/03\/Louis-de-Grenelle-Si-Irresistible.png","contentUrl":"https:\/\/vinoforever.ee\/wp-content\/uploads\/2024\/03\/Louis-de-Grenelle-Si-Irresistible.png","width":740,"height":740},{"@type":"BreadcrumbList","@id":"https:\/\/vinoforever.ee\/en\/toode\/louis-de-grenelle-si-irresistible-brut\/#breadcrumb","itemListElement":[{"@type":"ListItem","position":1,"name":"Home","item":"https:\/\/vinoforever.ee\/en\/"},{"@type":"ListItem","position":2,"name":"Shop","item":"https:\/\/vinoforever.ee\/en\/shop\/"},{"@type":"ListItem","position":3,"name":"Louis de Grenelle Si Irr\u00e9sistible Brut"}]},{"@type":"WebSite","@id":"https:\/\/vinoforever.ee\/en\/#website","url":"https:\/\/vinoforever.ee\/en\/","name":"Vinoforever","description":"Ainult head veinid","publisher":{"@id":"https:\/\/vinoforever.ee\/en\/#organization"},"alternateName":"Mahedad veinid tunnustatud veinimajadelt","potentialAction":[{"@type":"SearchAction","target":{"@type":"EntryPoint","urlTemplate":"https:\/\/vinoforever.ee\/en\/?s={search_term_string}"},"query-input":{"@type":"PropertyValueSpecification","valueRequired":true,"valueName":"search_term_string"}}],"inLanguage":"en-US"},{"@type":"Organization","@id":"https:\/\/vinoforever.ee\/en\/#organization","name":"Vinoforever O\u00dc","url":"https:\/\/vinoforever.ee\/en\/","logo":{"@type":"ImageObject","inLanguage":"en-US","@id":"https:\/\/vinoforever.ee\/en\/#\/schema\/logo\/image\/","url":"https:\/\/vinoforever.ee\/wp-content\/uploads\/2023\/01\/VinoForever_logo.png","contentUrl":"https:\/\/vinoforever.ee\/wp-content\/uploads\/2023\/01\/VinoForever_logo.png","width":800,"height":300,"caption":"Vinoforever O\u00dc"},"image":{"@id":"https:\/\/vinoforever.ee\/en\/#\/schema\/logo\/image\/"},"sameAs":["https:\/\/www.facebook.com\/vinoforever\/","https:\/\/www.instagram.com\/vinoforever_wines\/"]}]}},"_links":{"self":[{"href":"https:\/\/vinoforever.ee\/en\/wp-json\/wp\/v2\/product\/11864","targetHints":{"allow":["GET"]}}],"collection":[{"href":"https:\/\/vinoforever.ee\/en\/wp-json\/wp\/v2\/product"}],"about":[{"href":"https:\/\/vinoforever.ee\/en\/wp-json\/wp\/v2\/types\/product"}],"replies":[{"embeddable":true,"href":"https:\/\/vinoforever.ee\/en\/wp-json\/wp\/v2\/comments?post=11864"}],"version-history":[{"count":3,"href":"https:\/\/vinoforever.ee\/en\/wp-json\/wp\/v2\/product\/11864\/revisions"}],"predecessor-version":[{"id":11989,"href":"https:\/\/vinoforever.ee\/en\/wp-json\/wp\/v2\/product\/11864\/revisions\/11989"}],"wp:featuredmedia":[{"embeddable":true,"href":"https:\/\/vinoforever.ee\/en\/wp-json\/wp\/v2\/media\/11843"}],"wp:attachment":[{"href":"https:\/\/vinoforever.ee\/en\/wp-json\/wp\/v2\/media?parent=11864"}],"wp:term":[{"taxonomy":"product_brand","embeddable":true,"href":"https:\/\/vinoforever.ee\/en\/wp-json\/wp\/v2\/product_brand?post=11864"},{"taxonomy":"product_cat","embeddable":true,"href":"https:\/\/vinoforever.ee\/en\/wp-json\/wp\/v2\/product_cat?post=11864"},{"taxonomy":"product_tag","embeddable":true,"href":"https:\/\/vinoforever.ee\/en\/wp-json\/wp\/v2\/product_tag?post=11864"}],"curies":[{"name":"wp","href":"https:\/\/api.w.org\/{rel}","templated":true}]}}