{"id":11943,"date":"2024-05-24T19:27:19","date_gmt":"2024-05-24T17:27:19","guid":{"rendered":"https:\/\/vinoforever.ee\/?post_type=product&#038;p=11943"},"modified":"2025-07-20T17:07:28","modified_gmt":"2025-07-20T15:07:28","slug":"savian-valdobbiadene-prosecco-superiore-docg-brut","status":"publish","type":"product","link":"https:\/\/vinoforever.ee\/en\/toode\/savian-valdobbiadene-prosecco-superiore-docg-brut\/","title":{"rendered":"Savian Valdobbiadene Prosecco Superiore DOCG Brut"},"content":{"rendered":"<p><strong>Veinist: <\/strong>Fermentatsioon toimub madalal temperatuuril 14C juures, et saada \u00f5rnad aroomid ja peen vahusus.<\/p>\n<p>S\u00e4rava \u00f5lgkollase tooniga ja p\u00e4rlendavate mullidega. Aroomis tunda lillelisust, akaatsia noote aga ka salveid ja piparm\u00fcnti. Maitses tunda puuviljasust: greipi, ananassi ja kollaseid \u00f5unu. Pehme ja meeldiv.<\/p>\n<p><strong>Toidusoovitus: <\/strong>Ideaalne aperatiiviks, risotto, mereandide ja karpide juurde.<\/p>\n<p><strong>Serveerimis temperatuur:<\/strong> 6-8\u00b0C<\/p>\n<p><strong>Alkoholisisaldus:<\/strong> 11%<\/p>\n<p><strong>Pudeli suurus:<\/strong> 75cl<\/p>\n<p>&nbsp;<\/p>\n","protected":false},"excerpt":{"rendered":"<p>Veinist: Fermentatsioon toimub madalal temperatuuril 14C juures, et saada \u00f5rnad aroomid ja peen vahusus. S\u00e4rava \u00f5lgkollase tooniga ja p\u00e4rlendavate mullidega.<\/p>\n","protected":false},"featured_media":11948,"comment_status":"open","ping_status":"closed","template":"","meta":[],"product_brand":[],"product_cat":[71],"product_tag":[],"class_list":{"0":"post-11943","1":"product","2":"type-product","3":"status-publish","4":"has-post-thumbnail","6":"product_cat-vahuveinid","8":"first","9":"instock","10":"taxable","11":"shipping-taxable","12":"purchasable","13":"product-type-simple"},"yoast_head":"<!-- This site is optimized with the Yoast SEO plugin v27.1 - https:\/\/yoast.com\/product\/yoast-seo-wordpress\/ -->\n<title>Savian Valdobbiadene Prosecco Superiore DOCG Brut - Vinoforever<\/title>\n<meta name=\"description\" content=\"Savian Valdobbiadene Prosecco Superiore DOCG Brut: s\u00e4rav ja lilleline, puuviljaste nootidega vahuvein. Ideaalne mereandide ja risotto juurde.\" \/>\n<meta name=\"robots\" content=\"index, follow, max-snippet:-1, max-image-preview:large, max-video-preview:-1\" \/>\n<link rel=\"canonical\" href=\"https:\/\/vinoforever.ee\/en\/toode\/savian-valdobbiadene-prosecco-superiore-docg-brut\/\" \/>\n<meta property=\"og:locale\" content=\"en_US\" \/>\n<meta property=\"og:type\" content=\"article\" \/>\n<meta property=\"og:title\" content=\"Savian Valdobbiadene Prosecco Superiore DOCG Brut - Vinoforever\" \/>\n<meta property=\"og:description\" content=\"Savian Valdobbiadene Prosecco Superiore DOCG Brut: s\u00e4rav ja lilleline, puuviljaste nootidega vahuvein. Ideaalne mereandide ja risotto juurde.\" \/>\n<meta property=\"og:url\" content=\"https:\/\/vinoforever.ee\/en\/toode\/savian-valdobbiadene-prosecco-superiore-docg-brut\/\" \/>\n<meta property=\"og:site_name\" content=\"Vinoforever\" \/>\n<meta property=\"article:publisher\" content=\"https:\/\/www.facebook.com\/vinoforever\/\" \/>\n<meta property=\"article:modified_time\" content=\"2025-07-20T15:07:28+00:00\" \/>\n<meta property=\"og:image\" content=\"https:\/\/vinoforever.ee\/wp-content\/uploads\/2024\/05\/Terra-valdobbiadene-740x740px.png\" \/>\n\t<meta property=\"og:image:width\" content=\"740\" \/>\n\t<meta property=\"og:image:height\" content=\"740\" \/>\n\t<meta property=\"og:image:type\" content=\"image\/png\" \/>\n<meta name=\"twitter:label1\" content=\"Est. reading time\" \/>\n\t<meta name=\"twitter:data1\" content=\"1 minute\" \/>\n<script type=\"application\/ld+json\" class=\"yoast-schema-graph\">{\"@context\":\"https:\/\/schema.org\",\"@graph\":[{\"@type\":\"WebPage\",\"@id\":\"https:\/\/vinoforever.ee\/en\/toode\/savian-valdobbiadene-prosecco-superiore-docg-brut\/\",\"url\":\"https:\/\/vinoforever.ee\/en\/toode\/savian-valdobbiadene-prosecco-superiore-docg-brut\/\",\"name\":\"Savian Valdobbiadene Prosecco Superiore DOCG Brut - Vinoforever\",\"isPartOf\":{\"@id\":\"https:\/\/vinoforever.ee\/en\/#website\"},\"primaryImageOfPage\":{\"@id\":\"https:\/\/vinoforever.ee\/en\/toode\/savian-valdobbiadene-prosecco-superiore-docg-brut\/#primaryimage\"},\"image\":{\"@id\":\"https:\/\/vinoforever.ee\/en\/toode\/savian-valdobbiadene-prosecco-superiore-docg-brut\/#primaryimage\"},\"thumbnailUrl\":\"https:\/\/vinoforever.ee\/wp-content\/uploads\/2024\/05\/Terra-valdobbiadene-740x740px.png\",\"datePublished\":\"2024-05-24T17:27:19+00:00\",\"dateModified\":\"2025-07-20T15:07:28+00:00\",\"description\":\"Savian Valdobbiadene Prosecco Superiore DOCG Brut: s\u00e4rav ja lilleline, puuviljaste nootidega vahuvein. Ideaalne mereandide ja risotto juurde.\",\"breadcrumb\":{\"@id\":\"https:\/\/vinoforever.ee\/en\/toode\/savian-valdobbiadene-prosecco-superiore-docg-brut\/#breadcrumb\"},\"inLanguage\":\"en-US\",\"potentialAction\":[{\"@type\":\"ReadAction\",\"target\":[\"https:\/\/vinoforever.ee\/en\/toode\/savian-valdobbiadene-prosecco-superiore-docg-brut\/\"]}]},{\"@type\":\"ImageObject\",\"inLanguage\":\"en-US\",\"@id\":\"https:\/\/vinoforever.ee\/en\/toode\/savian-valdobbiadene-prosecco-superiore-docg-brut\/#primaryimage\",\"url\":\"https:\/\/vinoforever.ee\/wp-content\/uploads\/2024\/05\/Terra-valdobbiadene-740x740px.png\",\"contentUrl\":\"https:\/\/vinoforever.ee\/wp-content\/uploads\/2024\/05\/Terra-valdobbiadene-740x740px.png\",\"width\":740,\"height\":740},{\"@type\":\"BreadcrumbList\",\"@id\":\"https:\/\/vinoforever.ee\/en\/toode\/savian-valdobbiadene-prosecco-superiore-docg-brut\/#breadcrumb\",\"itemListElement\":[{\"@type\":\"ListItem\",\"position\":1,\"name\":\"Home\",\"item\":\"https:\/\/vinoforever.ee\/en\/\"},{\"@type\":\"ListItem\",\"position\":2,\"name\":\"Shop\",\"item\":\"https:\/\/vinoforever.ee\/en\/shop\/\"},{\"@type\":\"ListItem\",\"position\":3,\"name\":\"Savian Valdobbiadene Prosecco Superiore DOCG Brut\"}]},{\"@type\":\"WebSite\",\"@id\":\"https:\/\/vinoforever.ee\/en\/#website\",\"url\":\"https:\/\/vinoforever.ee\/en\/\",\"name\":\"Vinoforever\",\"description\":\"Ainult head veinid\",\"publisher\":{\"@id\":\"https:\/\/vinoforever.ee\/en\/#organization\"},\"alternateName\":\"Mahedad veinid tunnustatud veinimajadelt\",\"potentialAction\":[{\"@type\":\"SearchAction\",\"target\":{\"@type\":\"EntryPoint\",\"urlTemplate\":\"https:\/\/vinoforever.ee\/en\/?s={search_term_string}\"},\"query-input\":{\"@type\":\"PropertyValueSpecification\",\"valueRequired\":true,\"valueName\":\"search_term_string\"}}],\"inLanguage\":\"en-US\"},{\"@type\":\"Organization\",\"@id\":\"https:\/\/vinoforever.ee\/en\/#organization\",\"name\":\"Vinoforever O\u00dc\",\"url\":\"https:\/\/vinoforever.ee\/en\/\",\"logo\":{\"@type\":\"ImageObject\",\"inLanguage\":\"en-US\",\"@id\":\"https:\/\/vinoforever.ee\/en\/#\/schema\/logo\/image\/\",\"url\":\"https:\/\/vinoforever.ee\/wp-content\/uploads\/2023\/01\/VinoForever_logo.png\",\"contentUrl\":\"https:\/\/vinoforever.ee\/wp-content\/uploads\/2023\/01\/VinoForever_logo.png\",\"width\":800,\"height\":300,\"caption\":\"Vinoforever O\u00dc\"},\"image\":{\"@id\":\"https:\/\/vinoforever.ee\/en\/#\/schema\/logo\/image\/\"},\"sameAs\":[\"https:\/\/www.facebook.com\/vinoforever\/\",\"https:\/\/www.instagram.com\/vinoforever_wines\/\"]}]}<\/script>\n<!-- \/ Yoast SEO plugin. -->","yoast_head_json":{"title":"Savian Valdobbiadene Prosecco Superiore DOCG Brut - Vinoforever","description":"Savian Valdobbiadene Prosecco Superiore DOCG Brut: s\u00e4rav ja lilleline, puuviljaste nootidega vahuvein. Ideaalne mereandide ja risotto juurde.","robots":{"index":"index","follow":"follow","max-snippet":"max-snippet:-1","max-image-preview":"max-image-preview:large","max-video-preview":"max-video-preview:-1"},"canonical":"https:\/\/vinoforever.ee\/en\/toode\/savian-valdobbiadene-prosecco-superiore-docg-brut\/","og_locale":"en_US","og_type":"article","og_title":"Savian Valdobbiadene Prosecco Superiore DOCG Brut - Vinoforever","og_description":"Savian Valdobbiadene Prosecco Superiore DOCG Brut: s\u00e4rav ja lilleline, puuviljaste nootidega vahuvein. Ideaalne mereandide ja risotto juurde.","og_url":"https:\/\/vinoforever.ee\/en\/toode\/savian-valdobbiadene-prosecco-superiore-docg-brut\/","og_site_name":"Vinoforever","article_publisher":"https:\/\/www.facebook.com\/vinoforever\/","article_modified_time":"2025-07-20T15:07:28+00:00","og_image":[{"width":740,"height":740,"url":"https:\/\/vinoforever.ee\/wp-content\/uploads\/2024\/05\/Terra-valdobbiadene-740x740px.png","type":"image\/png"}],"twitter_misc":{"Est. reading time":"1 minute"},"schema":{"@context":"https:\/\/schema.org","@graph":[{"@type":"WebPage","@id":"https:\/\/vinoforever.ee\/en\/toode\/savian-valdobbiadene-prosecco-superiore-docg-brut\/","url":"https:\/\/vinoforever.ee\/en\/toode\/savian-valdobbiadene-prosecco-superiore-docg-brut\/","name":"Savian Valdobbiadene Prosecco Superiore DOCG Brut - Vinoforever","isPartOf":{"@id":"https:\/\/vinoforever.ee\/en\/#website"},"primaryImageOfPage":{"@id":"https:\/\/vinoforever.ee\/en\/toode\/savian-valdobbiadene-prosecco-superiore-docg-brut\/#primaryimage"},"image":{"@id":"https:\/\/vinoforever.ee\/en\/toode\/savian-valdobbiadene-prosecco-superiore-docg-brut\/#primaryimage"},"thumbnailUrl":"https:\/\/vinoforever.ee\/wp-content\/uploads\/2024\/05\/Terra-valdobbiadene-740x740px.png","datePublished":"2024-05-24T17:27:19+00:00","dateModified":"2025-07-20T15:07:28+00:00","description":"Savian Valdobbiadene Prosecco Superiore DOCG Brut: s\u00e4rav ja lilleline, puuviljaste nootidega vahuvein. Ideaalne mereandide ja risotto juurde.","breadcrumb":{"@id":"https:\/\/vinoforever.ee\/en\/toode\/savian-valdobbiadene-prosecco-superiore-docg-brut\/#breadcrumb"},"inLanguage":"en-US","potentialAction":[{"@type":"ReadAction","target":["https:\/\/vinoforever.ee\/en\/toode\/savian-valdobbiadene-prosecco-superiore-docg-brut\/"]}]},{"@type":"ImageObject","inLanguage":"en-US","@id":"https:\/\/vinoforever.ee\/en\/toode\/savian-valdobbiadene-prosecco-superiore-docg-brut\/#primaryimage","url":"https:\/\/vinoforever.ee\/wp-content\/uploads\/2024\/05\/Terra-valdobbiadene-740x740px.png","contentUrl":"https:\/\/vinoforever.ee\/wp-content\/uploads\/2024\/05\/Terra-valdobbiadene-740x740px.png","width":740,"height":740},{"@type":"BreadcrumbList","@id":"https:\/\/vinoforever.ee\/en\/toode\/savian-valdobbiadene-prosecco-superiore-docg-brut\/#breadcrumb","itemListElement":[{"@type":"ListItem","position":1,"name":"Home","item":"https:\/\/vinoforever.ee\/en\/"},{"@type":"ListItem","position":2,"name":"Shop","item":"https:\/\/vinoforever.ee\/en\/shop\/"},{"@type":"ListItem","position":3,"name":"Savian Valdobbiadene Prosecco Superiore DOCG Brut"}]},{"@type":"WebSite","@id":"https:\/\/vinoforever.ee\/en\/#website","url":"https:\/\/vinoforever.ee\/en\/","name":"Vinoforever","description":"Ainult head veinid","publisher":{"@id":"https:\/\/vinoforever.ee\/en\/#organization"},"alternateName":"Mahedad veinid tunnustatud veinimajadelt","potentialAction":[{"@type":"SearchAction","target":{"@type":"EntryPoint","urlTemplate":"https:\/\/vinoforever.ee\/en\/?s={search_term_string}"},"query-input":{"@type":"PropertyValueSpecification","valueRequired":true,"valueName":"search_term_string"}}],"inLanguage":"en-US"},{"@type":"Organization","@id":"https:\/\/vinoforever.ee\/en\/#organization","name":"Vinoforever O\u00dc","url":"https:\/\/vinoforever.ee\/en\/","logo":{"@type":"ImageObject","inLanguage":"en-US","@id":"https:\/\/vinoforever.ee\/en\/#\/schema\/logo\/image\/","url":"https:\/\/vinoforever.ee\/wp-content\/uploads\/2023\/01\/VinoForever_logo.png","contentUrl":"https:\/\/vinoforever.ee\/wp-content\/uploads\/2023\/01\/VinoForever_logo.png","width":800,"height":300,"caption":"Vinoforever O\u00dc"},"image":{"@id":"https:\/\/vinoforever.ee\/en\/#\/schema\/logo\/image\/"},"sameAs":["https:\/\/www.facebook.com\/vinoforever\/","https:\/\/www.instagram.com\/vinoforever_wines\/"]}]}},"_links":{"self":[{"href":"https:\/\/vinoforever.ee\/en\/wp-json\/wp\/v2\/product\/11943","targetHints":{"allow":["GET"]}}],"collection":[{"href":"https:\/\/vinoforever.ee\/en\/wp-json\/wp\/v2\/product"}],"about":[{"href":"https:\/\/vinoforever.ee\/en\/wp-json\/wp\/v2\/types\/product"}],"replies":[{"embeddable":true,"href":"https:\/\/vinoforever.ee\/en\/wp-json\/wp\/v2\/comments?post=11943"}],"version-history":[{"count":3,"href":"https:\/\/vinoforever.ee\/en\/wp-json\/wp\/v2\/product\/11943\/revisions"}],"predecessor-version":[{"id":11988,"href":"https:\/\/vinoforever.ee\/en\/wp-json\/wp\/v2\/product\/11943\/revisions\/11988"}],"wp:featuredmedia":[{"embeddable":true,"href":"https:\/\/vinoforever.ee\/en\/wp-json\/wp\/v2\/media\/11948"}],"wp:attachment":[{"href":"https:\/\/vinoforever.ee\/en\/wp-json\/wp\/v2\/media?parent=11943"}],"wp:term":[{"taxonomy":"product_brand","embeddable":true,"href":"https:\/\/vinoforever.ee\/en\/wp-json\/wp\/v2\/product_brand?post=11943"},{"taxonomy":"product_cat","embeddable":true,"href":"https:\/\/vinoforever.ee\/en\/wp-json\/wp\/v2\/product_cat?post=11943"},{"taxonomy":"product_tag","embeddable":true,"href":"https:\/\/vinoforever.ee\/en\/wp-json\/wp\/v2\/product_tag?post=11943"}],"curies":[{"name":"wp","href":"https:\/\/api.w.org\/{rel}","templated":true}]}}