{"id":12027,"date":"2024-06-28T14:13:30","date_gmt":"2024-06-28T12:13:30","guid":{"rendered":"https:\/\/vinoforever.ee\/?post_type=product&#038;p=12027"},"modified":"2026-04-02T19:30:16","modified_gmt":"2026-04-02T17:30:16","slug":"louis-de-grenelle-cuvee-louis-bio-rose-brut","status":"publish","type":"product","link":"https:\/\/vinoforever.ee\/en\/toode\/louis-de-grenelle-cuvee-louis-bio-rose-brut\/","title":{"rendered":"Louis de Grenelle Cuv\u00e8e LOUIS BIO ROS\u00c9 Brut"},"content":{"rendered":"<p><strong>Appelatsioon<\/strong>: AOC Cr\u00e8mant de Loire<\/p>\n<p><strong>Viinamarjad<\/strong>: Chenin, Cabernet Franc<\/p>\n<p><strong>Veinist: <\/strong>Pomelo roosa v\u00e4rvusega, paljude peenete mullidega. See on paljulubav uus toode Maison Louis de Grenelle&#8217;ilt. Aroomilt puuviljane, tunda punast virsikut ja vaarikaid. \u00dcllatav liit, kus Chenin toob Caberne s\u00fcgavusse teretulnud v\u00e4rskuse.<\/p>\n<p><strong>Serveerimis temperatuur:<\/strong> 6-8\u00b0C<\/p>\n<p><strong>Alkoholisisaldus:<\/strong> 12,5%<\/p>\n<p><strong>Pudeli suurus:<\/strong> 75cl<\/p>\n","protected":false},"excerpt":{"rendered":"<p>Appelatsioon: AOC Cr\u00e8mant de Loire Viinamarjad: Chenin, Cabernet Franc Veinist: Pomelo roosa v\u00e4rvusega, paljude peenete mullidega. See on paljulubav uus<\/p>\n","protected":false},"featured_media":12014,"comment_status":"open","ping_status":"closed","template":"","meta":[],"product_brand":[],"product_cat":[123,155,71],"product_tag":[],"class_list":{"0":"post-12027","1":"product","2":"type-product","3":"status-publish","4":"has-post-thumbnail","6":"product_cat-roosad-veinid","7":"product_cat-sooduspakkumised","8":"product_cat-vahuveinid","10":"first","11":"instock","12":"sale","13":"taxable","14":"shipping-taxable","15":"purchasable","16":"product-type-simple"},"yoast_head":"<!-- This site is optimized with the Yoast SEO plugin v27.1 - https:\/\/yoast.com\/product\/yoast-seo-wordpress\/ -->\n<title>Louis de Grenelle Cuv\u00e8e LOUIS BIO ROS\u00c9 Brut - Vinoforever<\/title>\n<meta name=\"description\" content=\"Cuv\u00e8e LOUIS BIO ROS\u00c9 Brut. Pomelo roosa v\u00e4rvusega, paljude peenete mullidega. Aroomilt puuviljane, tunda punast virsikut ja vaarikaid.\" \/>\n<meta name=\"robots\" content=\"index, follow, max-snippet:-1, max-image-preview:large, max-video-preview:-1\" \/>\n<link rel=\"canonical\" href=\"https:\/\/vinoforever.ee\/en\/toode\/louis-de-grenelle-cuvee-louis-bio-rose-brut\/\" \/>\n<meta property=\"og:locale\" content=\"en_US\" \/>\n<meta property=\"og:type\" content=\"article\" \/>\n<meta property=\"og:title\" content=\"Louis de Grenelle Cuv\u00e8e LOUIS BIO ROS\u00c9 Brut - Vinoforever\" \/>\n<meta property=\"og:description\" content=\"Cuv\u00e8e LOUIS BIO ROS\u00c9 Brut. Pomelo roosa v\u00e4rvusega, paljude peenete mullidega. Aroomilt puuviljane, tunda punast virsikut ja vaarikaid.\" \/>\n<meta property=\"og:url\" content=\"https:\/\/vinoforever.ee\/en\/toode\/louis-de-grenelle-cuvee-louis-bio-rose-brut\/\" \/>\n<meta property=\"og:site_name\" content=\"Vinoforever\" \/>\n<meta property=\"article:publisher\" content=\"https:\/\/www.facebook.com\/vinoforever\/\" \/>\n<meta property=\"article:modified_time\" content=\"2026-04-02T17:30:16+00:00\" \/>\n<meta property=\"og:image\" content=\"https:\/\/vinoforever.ee\/wp-content\/uploads\/2024\/06\/Louid-Bio-rose-e-pood.png\" \/>\n\t<meta property=\"og:image:width\" content=\"740\" \/>\n\t<meta property=\"og:image:height\" content=\"740\" \/>\n\t<meta property=\"og:image:type\" content=\"image\/png\" \/>\n<meta name=\"twitter:label1\" content=\"Est. reading time\" \/>\n\t<meta name=\"twitter:data1\" content=\"1 minute\" \/>\n<script type=\"application\/ld+json\" class=\"yoast-schema-graph\">{\"@context\":\"https:\/\/schema.org\",\"@graph\":[{\"@type\":\"WebPage\",\"@id\":\"https:\/\/vinoforever.ee\/en\/toode\/louis-de-grenelle-cuvee-louis-bio-rose-brut\/\",\"url\":\"https:\/\/vinoforever.ee\/en\/toode\/louis-de-grenelle-cuvee-louis-bio-rose-brut\/\",\"name\":\"Louis de Grenelle Cuv\u00e8e LOUIS BIO ROS\u00c9 Brut - Vinoforever\",\"isPartOf\":{\"@id\":\"https:\/\/vinoforever.ee\/en\/#website\"},\"primaryImageOfPage\":{\"@id\":\"https:\/\/vinoforever.ee\/en\/toode\/louis-de-grenelle-cuvee-louis-bio-rose-brut\/#primaryimage\"},\"image\":{\"@id\":\"https:\/\/vinoforever.ee\/en\/toode\/louis-de-grenelle-cuvee-louis-bio-rose-brut\/#primaryimage\"},\"thumbnailUrl\":\"https:\/\/vinoforever.ee\/wp-content\/uploads\/2024\/06\/Louid-Bio-rose-e-pood.png\",\"datePublished\":\"2024-06-28T12:13:30+00:00\",\"dateModified\":\"2026-04-02T17:30:16+00:00\",\"description\":\"Cuv\u00e8e LOUIS BIO ROS\u00c9 Brut. Pomelo roosa v\u00e4rvusega, paljude peenete mullidega. Aroomilt puuviljane, tunda punast virsikut ja vaarikaid.\",\"breadcrumb\":{\"@id\":\"https:\/\/vinoforever.ee\/en\/toode\/louis-de-grenelle-cuvee-louis-bio-rose-brut\/#breadcrumb\"},\"inLanguage\":\"en-US\",\"potentialAction\":[{\"@type\":\"ReadAction\",\"target\":[\"https:\/\/vinoforever.ee\/en\/toode\/louis-de-grenelle-cuvee-louis-bio-rose-brut\/\"]}]},{\"@type\":\"ImageObject\",\"inLanguage\":\"en-US\",\"@id\":\"https:\/\/vinoforever.ee\/en\/toode\/louis-de-grenelle-cuvee-louis-bio-rose-brut\/#primaryimage\",\"url\":\"https:\/\/vinoforever.ee\/wp-content\/uploads\/2024\/06\/Louid-Bio-rose-e-pood.png\",\"contentUrl\":\"https:\/\/vinoforever.ee\/wp-content\/uploads\/2024\/06\/Louid-Bio-rose-e-pood.png\",\"width\":740,\"height\":740},{\"@type\":\"BreadcrumbList\",\"@id\":\"https:\/\/vinoforever.ee\/en\/toode\/louis-de-grenelle-cuvee-louis-bio-rose-brut\/#breadcrumb\",\"itemListElement\":[{\"@type\":\"ListItem\",\"position\":1,\"name\":\"Home\",\"item\":\"https:\/\/vinoforever.ee\/en\/\"},{\"@type\":\"ListItem\",\"position\":2,\"name\":\"Shop\",\"item\":\"https:\/\/vinoforever.ee\/en\/shop\/\"},{\"@type\":\"ListItem\",\"position\":3,\"name\":\"Louis de Grenelle Cuv\u00e8e LOUIS BIO ROS\u00c9 Brut\"}]},{\"@type\":\"WebSite\",\"@id\":\"https:\/\/vinoforever.ee\/en\/#website\",\"url\":\"https:\/\/vinoforever.ee\/en\/\",\"name\":\"Vinoforever\",\"description\":\"Ainult head veinid\",\"publisher\":{\"@id\":\"https:\/\/vinoforever.ee\/en\/#organization\"},\"alternateName\":\"Mahedad veinid tunnustatud veinimajadelt\",\"potentialAction\":[{\"@type\":\"SearchAction\",\"target\":{\"@type\":\"EntryPoint\",\"urlTemplate\":\"https:\/\/vinoforever.ee\/en\/?s={search_term_string}\"},\"query-input\":{\"@type\":\"PropertyValueSpecification\",\"valueRequired\":true,\"valueName\":\"search_term_string\"}}],\"inLanguage\":\"en-US\"},{\"@type\":\"Organization\",\"@id\":\"https:\/\/vinoforever.ee\/en\/#organization\",\"name\":\"Vinoforever O\u00dc\",\"url\":\"https:\/\/vinoforever.ee\/en\/\",\"logo\":{\"@type\":\"ImageObject\",\"inLanguage\":\"en-US\",\"@id\":\"https:\/\/vinoforever.ee\/en\/#\/schema\/logo\/image\/\",\"url\":\"https:\/\/vinoforever.ee\/wp-content\/uploads\/2023\/01\/VinoForever_logo.png\",\"contentUrl\":\"https:\/\/vinoforever.ee\/wp-content\/uploads\/2023\/01\/VinoForever_logo.png\",\"width\":800,\"height\":300,\"caption\":\"Vinoforever O\u00dc\"},\"image\":{\"@id\":\"https:\/\/vinoforever.ee\/en\/#\/schema\/logo\/image\/\"},\"sameAs\":[\"https:\/\/www.facebook.com\/vinoforever\/\",\"https:\/\/www.instagram.com\/vinoforever_wines\/\"]}]}<\/script>\n<!-- \/ Yoast SEO plugin. -->","yoast_head_json":{"title":"Louis de Grenelle Cuv\u00e8e LOUIS BIO ROS\u00c9 Brut - Vinoforever","description":"Cuv\u00e8e LOUIS BIO ROS\u00c9 Brut. Pomelo roosa v\u00e4rvusega, paljude peenete mullidega. Aroomilt puuviljane, tunda punast virsikut ja vaarikaid.","robots":{"index":"index","follow":"follow","max-snippet":"max-snippet:-1","max-image-preview":"max-image-preview:large","max-video-preview":"max-video-preview:-1"},"canonical":"https:\/\/vinoforever.ee\/en\/toode\/louis-de-grenelle-cuvee-louis-bio-rose-brut\/","og_locale":"en_US","og_type":"article","og_title":"Louis de Grenelle Cuv\u00e8e LOUIS BIO ROS\u00c9 Brut - Vinoforever","og_description":"Cuv\u00e8e LOUIS BIO ROS\u00c9 Brut. Pomelo roosa v\u00e4rvusega, paljude peenete mullidega. Aroomilt puuviljane, tunda punast virsikut ja vaarikaid.","og_url":"https:\/\/vinoforever.ee\/en\/toode\/louis-de-grenelle-cuvee-louis-bio-rose-brut\/","og_site_name":"Vinoforever","article_publisher":"https:\/\/www.facebook.com\/vinoforever\/","article_modified_time":"2026-04-02T17:30:16+00:00","og_image":[{"width":740,"height":740,"url":"https:\/\/vinoforever.ee\/wp-content\/uploads\/2024\/06\/Louid-Bio-rose-e-pood.png","type":"image\/png"}],"twitter_misc":{"Est. reading time":"1 minute"},"schema":{"@context":"https:\/\/schema.org","@graph":[{"@type":"WebPage","@id":"https:\/\/vinoforever.ee\/en\/toode\/louis-de-grenelle-cuvee-louis-bio-rose-brut\/","url":"https:\/\/vinoforever.ee\/en\/toode\/louis-de-grenelle-cuvee-louis-bio-rose-brut\/","name":"Louis de Grenelle Cuv\u00e8e LOUIS BIO ROS\u00c9 Brut - Vinoforever","isPartOf":{"@id":"https:\/\/vinoforever.ee\/en\/#website"},"primaryImageOfPage":{"@id":"https:\/\/vinoforever.ee\/en\/toode\/louis-de-grenelle-cuvee-louis-bio-rose-brut\/#primaryimage"},"image":{"@id":"https:\/\/vinoforever.ee\/en\/toode\/louis-de-grenelle-cuvee-louis-bio-rose-brut\/#primaryimage"},"thumbnailUrl":"https:\/\/vinoforever.ee\/wp-content\/uploads\/2024\/06\/Louid-Bio-rose-e-pood.png","datePublished":"2024-06-28T12:13:30+00:00","dateModified":"2026-04-02T17:30:16+00:00","description":"Cuv\u00e8e LOUIS BIO ROS\u00c9 Brut. Pomelo roosa v\u00e4rvusega, paljude peenete mullidega. Aroomilt puuviljane, tunda punast virsikut ja vaarikaid.","breadcrumb":{"@id":"https:\/\/vinoforever.ee\/en\/toode\/louis-de-grenelle-cuvee-louis-bio-rose-brut\/#breadcrumb"},"inLanguage":"en-US","potentialAction":[{"@type":"ReadAction","target":["https:\/\/vinoforever.ee\/en\/toode\/louis-de-grenelle-cuvee-louis-bio-rose-brut\/"]}]},{"@type":"ImageObject","inLanguage":"en-US","@id":"https:\/\/vinoforever.ee\/en\/toode\/louis-de-grenelle-cuvee-louis-bio-rose-brut\/#primaryimage","url":"https:\/\/vinoforever.ee\/wp-content\/uploads\/2024\/06\/Louid-Bio-rose-e-pood.png","contentUrl":"https:\/\/vinoforever.ee\/wp-content\/uploads\/2024\/06\/Louid-Bio-rose-e-pood.png","width":740,"height":740},{"@type":"BreadcrumbList","@id":"https:\/\/vinoforever.ee\/en\/toode\/louis-de-grenelle-cuvee-louis-bio-rose-brut\/#breadcrumb","itemListElement":[{"@type":"ListItem","position":1,"name":"Home","item":"https:\/\/vinoforever.ee\/en\/"},{"@type":"ListItem","position":2,"name":"Shop","item":"https:\/\/vinoforever.ee\/en\/shop\/"},{"@type":"ListItem","position":3,"name":"Louis de Grenelle Cuv\u00e8e LOUIS BIO ROS\u00c9 Brut"}]},{"@type":"WebSite","@id":"https:\/\/vinoforever.ee\/en\/#website","url":"https:\/\/vinoforever.ee\/en\/","name":"Vinoforever","description":"Ainult head veinid","publisher":{"@id":"https:\/\/vinoforever.ee\/en\/#organization"},"alternateName":"Mahedad veinid tunnustatud veinimajadelt","potentialAction":[{"@type":"SearchAction","target":{"@type":"EntryPoint","urlTemplate":"https:\/\/vinoforever.ee\/en\/?s={search_term_string}"},"query-input":{"@type":"PropertyValueSpecification","valueRequired":true,"valueName":"search_term_string"}}],"inLanguage":"en-US"},{"@type":"Organization","@id":"https:\/\/vinoforever.ee\/en\/#organization","name":"Vinoforever O\u00dc","url":"https:\/\/vinoforever.ee\/en\/","logo":{"@type":"ImageObject","inLanguage":"en-US","@id":"https:\/\/vinoforever.ee\/en\/#\/schema\/logo\/image\/","url":"https:\/\/vinoforever.ee\/wp-content\/uploads\/2023\/01\/VinoForever_logo.png","contentUrl":"https:\/\/vinoforever.ee\/wp-content\/uploads\/2023\/01\/VinoForever_logo.png","width":800,"height":300,"caption":"Vinoforever O\u00dc"},"image":{"@id":"https:\/\/vinoforever.ee\/en\/#\/schema\/logo\/image\/"},"sameAs":["https:\/\/www.facebook.com\/vinoforever\/","https:\/\/www.instagram.com\/vinoforever_wines\/"]}]}},"_links":{"self":[{"href":"https:\/\/vinoforever.ee\/en\/wp-json\/wp\/v2\/product\/12027","targetHints":{"allow":["GET"]}}],"collection":[{"href":"https:\/\/vinoforever.ee\/en\/wp-json\/wp\/v2\/product"}],"about":[{"href":"https:\/\/vinoforever.ee\/en\/wp-json\/wp\/v2\/types\/product"}],"replies":[{"embeddable":true,"href":"https:\/\/vinoforever.ee\/en\/wp-json\/wp\/v2\/comments?post=12027"}],"version-history":[{"count":1,"href":"https:\/\/vinoforever.ee\/en\/wp-json\/wp\/v2\/product\/12027\/revisions"}],"predecessor-version":[{"id":12028,"href":"https:\/\/vinoforever.ee\/en\/wp-json\/wp\/v2\/product\/12027\/revisions\/12028"}],"wp:featuredmedia":[{"embeddable":true,"href":"https:\/\/vinoforever.ee\/en\/wp-json\/wp\/v2\/media\/12014"}],"wp:attachment":[{"href":"https:\/\/vinoforever.ee\/en\/wp-json\/wp\/v2\/media?parent=12027"}],"wp:term":[{"taxonomy":"product_brand","embeddable":true,"href":"https:\/\/vinoforever.ee\/en\/wp-json\/wp\/v2\/product_brand?post=12027"},{"taxonomy":"product_cat","embeddable":true,"href":"https:\/\/vinoforever.ee\/en\/wp-json\/wp\/v2\/product_cat?post=12027"},{"taxonomy":"product_tag","embeddable":true,"href":"https:\/\/vinoforever.ee\/en\/wp-json\/wp\/v2\/product_tag?post=12027"}],"curies":[{"name":"wp","href":"https:\/\/api.w.org\/{rel}","templated":true}]}}