{"id":12029,"date":"2024-06-28T14:22:53","date_gmt":"2024-06-28T12:22:53","guid":{"rendered":"https:\/\/vinoforever.ee\/?post_type=product&#038;p=12029"},"modified":"2025-06-30T20:26:49","modified_gmt":"2025-06-30T18:26:49","slug":"louis-de-grenelle-l-de-grenelle-2021a-extra-brut","status":"publish","type":"product","link":"https:\/\/vinoforever.ee\/en\/toode\/louis-de-grenelle-l-de-grenelle-2021a-extra-brut\/","title":{"rendered":"Louis de Grenelle L.de Grenelle 2021a. Extra Brut"},"content":{"rendered":"<p><strong>Appelatsioon<\/strong>: AOC \u00a0Cr\u00e9mant de Loire<\/p>\n<p><strong>Viinamarjad<\/strong>: 100% Chenin<\/p>\n<p><strong>Aastak\u00e4ik<\/strong>: 2021a.<\/p>\n<p><strong>Veinist: <\/strong>Elav, karge ja \u00f5rn!<\/p>\n<p>Kuldkollase v\u00e4rvusega, p\u00fcsiv mullide vool, mille pinnale tekib kreemjas vaht. L\u00f5hnas tunda esmalt mesisust ja r\u00f6stiseid noote. Maitses tunda k\u00fcdooniat, akaatsiat ja mesilasvaha. L\u00f5ppviimistlus elegantne, struktuurne, j\u00e4relmaitses tunda m\u00f5nusat m\u00f5rusust.<\/p>\n<p>Suurep\u00e4rane harmoonia!<\/p>\n<p><strong>Serveerimis temperatuur:<\/strong> 6-8\u00b0C<\/p>\n<p><strong>Alkoholisisaldus:<\/strong> 12,5%<\/p>\n<p><strong>Pudeli suurus:<\/strong> 75cl<\/p>\n","protected":false},"excerpt":{"rendered":"<p>Appelatsioon: AOC \u00a0Cr\u00e9mant de Loire Viinamarjad: 100% Chenin Aastak\u00e4ik: 2021a. Veinist: Elav, karge ja \u00f5rn! Kuldkollase v\u00e4rvusega, p\u00fcsiv mullide vool,<\/p>\n","protected":false},"featured_media":12010,"comment_status":"open","ping_status":"closed","template":"","meta":[],"product_brand":[],"product_cat":[71],"product_tag":[],"class_list":{"0":"post-12029","1":"product","2":"type-product","3":"status-publish","4":"has-post-thumbnail","6":"product_cat-vahuveinid","8":"first","9":"instock","10":"taxable","11":"shipping-taxable","12":"purchasable","13":"product-type-simple"},"yoast_head":"<!-- This site is optimized with the Yoast SEO plugin v27.1 - https:\/\/yoast.com\/product\/yoast-seo-wordpress\/ -->\n<title>Louis de Grenelle L.de Grenelle 2021a. Extra Brut - Vinoforever<\/title>\n<meta name=\"description\" content=\"Louis de Grenelle L.de Grenelle 2021a. Extra Brut on kuldkollase v\u00e4rvusega, p\u00fcsiv mullide vool, mille pinnale tekib kreemjas vaht.\" \/>\n<meta name=\"robots\" content=\"index, follow, max-snippet:-1, max-image-preview:large, max-video-preview:-1\" \/>\n<link rel=\"canonical\" href=\"https:\/\/vinoforever.ee\/en\/toode\/louis-de-grenelle-l-de-grenelle-2021a-extra-brut\/\" \/>\n<meta property=\"og:locale\" content=\"en_US\" \/>\n<meta property=\"og:type\" content=\"article\" \/>\n<meta property=\"og:title\" content=\"Louis de Grenelle L.de Grenelle 2021a. Extra Brut - Vinoforever\" \/>\n<meta property=\"og:description\" content=\"Louis de Grenelle L.de Grenelle 2021a. Extra Brut on kuldkollase v\u00e4rvusega, p\u00fcsiv mullide vool, mille pinnale tekib kreemjas vaht.\" \/>\n<meta property=\"og:url\" content=\"https:\/\/vinoforever.ee\/en\/toode\/louis-de-grenelle-l-de-grenelle-2021a-extra-brut\/\" \/>\n<meta property=\"og:site_name\" content=\"Vinoforever\" \/>\n<meta property=\"article:publisher\" content=\"https:\/\/www.facebook.com\/vinoforever\/\" \/>\n<meta property=\"article:modified_time\" content=\"2025-06-30T18:26:49+00:00\" \/>\n<meta property=\"og:image\" content=\"https:\/\/vinoforever.ee\/wp-content\/uploads\/2024\/06\/L.de-Grenelle-e-pood.png\" \/>\n\t<meta property=\"og:image:width\" content=\"740\" \/>\n\t<meta property=\"og:image:height\" content=\"740\" \/>\n\t<meta property=\"og:image:type\" content=\"image\/png\" \/>\n<meta name=\"twitter:label1\" content=\"Est. reading time\" \/>\n\t<meta name=\"twitter:data1\" content=\"1 minute\" \/>\n<script type=\"application\/ld+json\" class=\"yoast-schema-graph\">{\"@context\":\"https:\/\/schema.org\",\"@graph\":[{\"@type\":\"WebPage\",\"@id\":\"https:\/\/vinoforever.ee\/en\/toode\/louis-de-grenelle-l-de-grenelle-2021a-extra-brut\/\",\"url\":\"https:\/\/vinoforever.ee\/en\/toode\/louis-de-grenelle-l-de-grenelle-2021a-extra-brut\/\",\"name\":\"Louis de Grenelle L.de Grenelle 2021a. Extra Brut - Vinoforever\",\"isPartOf\":{\"@id\":\"https:\/\/vinoforever.ee\/en\/#website\"},\"primaryImageOfPage\":{\"@id\":\"https:\/\/vinoforever.ee\/en\/toode\/louis-de-grenelle-l-de-grenelle-2021a-extra-brut\/#primaryimage\"},\"image\":{\"@id\":\"https:\/\/vinoforever.ee\/en\/toode\/louis-de-grenelle-l-de-grenelle-2021a-extra-brut\/#primaryimage\"},\"thumbnailUrl\":\"https:\/\/vinoforever.ee\/wp-content\/uploads\/2024\/06\/L.de-Grenelle-e-pood.png\",\"datePublished\":\"2024-06-28T12:22:53+00:00\",\"dateModified\":\"2025-06-30T18:26:49+00:00\",\"description\":\"Louis de Grenelle L.de Grenelle 2021a. Extra Brut on kuldkollase v\u00e4rvusega, p\u00fcsiv mullide vool, mille pinnale tekib kreemjas vaht.\",\"breadcrumb\":{\"@id\":\"https:\/\/vinoforever.ee\/en\/toode\/louis-de-grenelle-l-de-grenelle-2021a-extra-brut\/#breadcrumb\"},\"inLanguage\":\"en-US\",\"potentialAction\":[{\"@type\":\"ReadAction\",\"target\":[\"https:\/\/vinoforever.ee\/en\/toode\/louis-de-grenelle-l-de-grenelle-2021a-extra-brut\/\"]}]},{\"@type\":\"ImageObject\",\"inLanguage\":\"en-US\",\"@id\":\"https:\/\/vinoforever.ee\/en\/toode\/louis-de-grenelle-l-de-grenelle-2021a-extra-brut\/#primaryimage\",\"url\":\"https:\/\/vinoforever.ee\/wp-content\/uploads\/2024\/06\/L.de-Grenelle-e-pood.png\",\"contentUrl\":\"https:\/\/vinoforever.ee\/wp-content\/uploads\/2024\/06\/L.de-Grenelle-e-pood.png\",\"width\":740,\"height\":740},{\"@type\":\"BreadcrumbList\",\"@id\":\"https:\/\/vinoforever.ee\/en\/toode\/louis-de-grenelle-l-de-grenelle-2021a-extra-brut\/#breadcrumb\",\"itemListElement\":[{\"@type\":\"ListItem\",\"position\":1,\"name\":\"Home\",\"item\":\"https:\/\/vinoforever.ee\/en\/\"},{\"@type\":\"ListItem\",\"position\":2,\"name\":\"Shop\",\"item\":\"https:\/\/vinoforever.ee\/en\/shop\/\"},{\"@type\":\"ListItem\",\"position\":3,\"name\":\"Louis de Grenelle L.de Grenelle 2021a. Extra Brut\"}]},{\"@type\":\"WebSite\",\"@id\":\"https:\/\/vinoforever.ee\/en\/#website\",\"url\":\"https:\/\/vinoforever.ee\/en\/\",\"name\":\"Vinoforever\",\"description\":\"Ainult head veinid\",\"publisher\":{\"@id\":\"https:\/\/vinoforever.ee\/en\/#organization\"},\"alternateName\":\"Mahedad veinid tunnustatud veinimajadelt\",\"potentialAction\":[{\"@type\":\"SearchAction\",\"target\":{\"@type\":\"EntryPoint\",\"urlTemplate\":\"https:\/\/vinoforever.ee\/en\/?s={search_term_string}\"},\"query-input\":{\"@type\":\"PropertyValueSpecification\",\"valueRequired\":true,\"valueName\":\"search_term_string\"}}],\"inLanguage\":\"en-US\"},{\"@type\":\"Organization\",\"@id\":\"https:\/\/vinoforever.ee\/en\/#organization\",\"name\":\"Vinoforever O\u00dc\",\"url\":\"https:\/\/vinoforever.ee\/en\/\",\"logo\":{\"@type\":\"ImageObject\",\"inLanguage\":\"en-US\",\"@id\":\"https:\/\/vinoforever.ee\/en\/#\/schema\/logo\/image\/\",\"url\":\"https:\/\/vinoforever.ee\/wp-content\/uploads\/2023\/01\/VinoForever_logo.png\",\"contentUrl\":\"https:\/\/vinoforever.ee\/wp-content\/uploads\/2023\/01\/VinoForever_logo.png\",\"width\":800,\"height\":300,\"caption\":\"Vinoforever O\u00dc\"},\"image\":{\"@id\":\"https:\/\/vinoforever.ee\/en\/#\/schema\/logo\/image\/\"},\"sameAs\":[\"https:\/\/www.facebook.com\/vinoforever\/\",\"https:\/\/www.instagram.com\/vinoforever_wines\/\"]}]}<\/script>\n<!-- \/ Yoast SEO plugin. -->","yoast_head_json":{"title":"Louis de Grenelle L.de Grenelle 2021a. Extra Brut - Vinoforever","description":"Louis de Grenelle L.de Grenelle 2021a. Extra Brut on kuldkollase v\u00e4rvusega, p\u00fcsiv mullide vool, mille pinnale tekib kreemjas vaht.","robots":{"index":"index","follow":"follow","max-snippet":"max-snippet:-1","max-image-preview":"max-image-preview:large","max-video-preview":"max-video-preview:-1"},"canonical":"https:\/\/vinoforever.ee\/en\/toode\/louis-de-grenelle-l-de-grenelle-2021a-extra-brut\/","og_locale":"en_US","og_type":"article","og_title":"Louis de Grenelle L.de Grenelle 2021a. Extra Brut - Vinoforever","og_description":"Louis de Grenelle L.de Grenelle 2021a. Extra Brut on kuldkollase v\u00e4rvusega, p\u00fcsiv mullide vool, mille pinnale tekib kreemjas vaht.","og_url":"https:\/\/vinoforever.ee\/en\/toode\/louis-de-grenelle-l-de-grenelle-2021a-extra-brut\/","og_site_name":"Vinoforever","article_publisher":"https:\/\/www.facebook.com\/vinoforever\/","article_modified_time":"2025-06-30T18:26:49+00:00","og_image":[{"width":740,"height":740,"url":"https:\/\/vinoforever.ee\/wp-content\/uploads\/2024\/06\/L.de-Grenelle-e-pood.png","type":"image\/png"}],"twitter_misc":{"Est. reading time":"1 minute"},"schema":{"@context":"https:\/\/schema.org","@graph":[{"@type":"WebPage","@id":"https:\/\/vinoforever.ee\/en\/toode\/louis-de-grenelle-l-de-grenelle-2021a-extra-brut\/","url":"https:\/\/vinoforever.ee\/en\/toode\/louis-de-grenelle-l-de-grenelle-2021a-extra-brut\/","name":"Louis de Grenelle L.de Grenelle 2021a. Extra Brut - Vinoforever","isPartOf":{"@id":"https:\/\/vinoforever.ee\/en\/#website"},"primaryImageOfPage":{"@id":"https:\/\/vinoforever.ee\/en\/toode\/louis-de-grenelle-l-de-grenelle-2021a-extra-brut\/#primaryimage"},"image":{"@id":"https:\/\/vinoforever.ee\/en\/toode\/louis-de-grenelle-l-de-grenelle-2021a-extra-brut\/#primaryimage"},"thumbnailUrl":"https:\/\/vinoforever.ee\/wp-content\/uploads\/2024\/06\/L.de-Grenelle-e-pood.png","datePublished":"2024-06-28T12:22:53+00:00","dateModified":"2025-06-30T18:26:49+00:00","description":"Louis de Grenelle L.de Grenelle 2021a. Extra Brut on kuldkollase v\u00e4rvusega, p\u00fcsiv mullide vool, mille pinnale tekib kreemjas vaht.","breadcrumb":{"@id":"https:\/\/vinoforever.ee\/en\/toode\/louis-de-grenelle-l-de-grenelle-2021a-extra-brut\/#breadcrumb"},"inLanguage":"en-US","potentialAction":[{"@type":"ReadAction","target":["https:\/\/vinoforever.ee\/en\/toode\/louis-de-grenelle-l-de-grenelle-2021a-extra-brut\/"]}]},{"@type":"ImageObject","inLanguage":"en-US","@id":"https:\/\/vinoforever.ee\/en\/toode\/louis-de-grenelle-l-de-grenelle-2021a-extra-brut\/#primaryimage","url":"https:\/\/vinoforever.ee\/wp-content\/uploads\/2024\/06\/L.de-Grenelle-e-pood.png","contentUrl":"https:\/\/vinoforever.ee\/wp-content\/uploads\/2024\/06\/L.de-Grenelle-e-pood.png","width":740,"height":740},{"@type":"BreadcrumbList","@id":"https:\/\/vinoforever.ee\/en\/toode\/louis-de-grenelle-l-de-grenelle-2021a-extra-brut\/#breadcrumb","itemListElement":[{"@type":"ListItem","position":1,"name":"Home","item":"https:\/\/vinoforever.ee\/en\/"},{"@type":"ListItem","position":2,"name":"Shop","item":"https:\/\/vinoforever.ee\/en\/shop\/"},{"@type":"ListItem","position":3,"name":"Louis de Grenelle L.de Grenelle 2021a. Extra Brut"}]},{"@type":"WebSite","@id":"https:\/\/vinoforever.ee\/en\/#website","url":"https:\/\/vinoforever.ee\/en\/","name":"Vinoforever","description":"Ainult head veinid","publisher":{"@id":"https:\/\/vinoforever.ee\/en\/#organization"},"alternateName":"Mahedad veinid tunnustatud veinimajadelt","potentialAction":[{"@type":"SearchAction","target":{"@type":"EntryPoint","urlTemplate":"https:\/\/vinoforever.ee\/en\/?s={search_term_string}"},"query-input":{"@type":"PropertyValueSpecification","valueRequired":true,"valueName":"search_term_string"}}],"inLanguage":"en-US"},{"@type":"Organization","@id":"https:\/\/vinoforever.ee\/en\/#organization","name":"Vinoforever O\u00dc","url":"https:\/\/vinoforever.ee\/en\/","logo":{"@type":"ImageObject","inLanguage":"en-US","@id":"https:\/\/vinoforever.ee\/en\/#\/schema\/logo\/image\/","url":"https:\/\/vinoforever.ee\/wp-content\/uploads\/2023\/01\/VinoForever_logo.png","contentUrl":"https:\/\/vinoforever.ee\/wp-content\/uploads\/2023\/01\/VinoForever_logo.png","width":800,"height":300,"caption":"Vinoforever O\u00dc"},"image":{"@id":"https:\/\/vinoforever.ee\/en\/#\/schema\/logo\/image\/"},"sameAs":["https:\/\/www.facebook.com\/vinoforever\/","https:\/\/www.instagram.com\/vinoforever_wines\/"]}]}},"_links":{"self":[{"href":"https:\/\/vinoforever.ee\/en\/wp-json\/wp\/v2\/product\/12029","targetHints":{"allow":["GET"]}}],"collection":[{"href":"https:\/\/vinoforever.ee\/en\/wp-json\/wp\/v2\/product"}],"about":[{"href":"https:\/\/vinoforever.ee\/en\/wp-json\/wp\/v2\/types\/product"}],"replies":[{"embeddable":true,"href":"https:\/\/vinoforever.ee\/en\/wp-json\/wp\/v2\/comments?post=12029"}],"version-history":[{"count":1,"href":"https:\/\/vinoforever.ee\/en\/wp-json\/wp\/v2\/product\/12029\/revisions"}],"predecessor-version":[{"id":12030,"href":"https:\/\/vinoforever.ee\/en\/wp-json\/wp\/v2\/product\/12029\/revisions\/12030"}],"wp:featuredmedia":[{"embeddable":true,"href":"https:\/\/vinoforever.ee\/en\/wp-json\/wp\/v2\/media\/12010"}],"wp:attachment":[{"href":"https:\/\/vinoforever.ee\/en\/wp-json\/wp\/v2\/media?parent=12029"}],"wp:term":[{"taxonomy":"product_brand","embeddable":true,"href":"https:\/\/vinoforever.ee\/en\/wp-json\/wp\/v2\/product_brand?post=12029"},{"taxonomy":"product_cat","embeddable":true,"href":"https:\/\/vinoforever.ee\/en\/wp-json\/wp\/v2\/product_cat?post=12029"},{"taxonomy":"product_tag","embeddable":true,"href":"https:\/\/vinoforever.ee\/en\/wp-json\/wp\/v2\/product_tag?post=12029"}],"curies":[{"name":"wp","href":"https:\/\/api.w.org\/{rel}","templated":true}]}}