{"id":12168,"date":"2024-11-26T18:09:52","date_gmt":"2024-11-26T16:09:52","guid":{"rendered":"https:\/\/vinoforever.ee\/?post_type=product&#038;p=12168"},"modified":"2026-01-16T20:48:28","modified_gmt":"2026-01-16T18:48:28","slug":"miquel-jane-classic-penedes-parellada-brut-nature","status":"publish","type":"product","link":"https:\/\/vinoforever.ee\/en\/toode\/miquel-jane-classic-penedes-parellada-brut-nature\/","title":{"rendered":"Miquel Jan\u00e8 Classic Penedes Parellada Brut Nature"},"content":{"rendered":"<p><strong>Veinist: <\/strong>Viinamarjad on p\u00e4rit v\u00e4ga vanadelt viinapuudelt, \u00fcle 60 aastased viinapuud kasvavad ekstreemsetes tingimustes kaldus m\u00e4en\u00f5lvadel Baltana Vella kinnistul 480m k\u00f5rgusel merepinnast. Sellistes tingimustes kasvavatel viinamarjadel on k\u00f5rge aroomide kontsentratsioon.<\/p>\n<p>Viinamarjad korjatakse k\u00e4sitsi, k\u00e4\u00e4ritatakse kontrollitud temperatuuril, 2 kuud k\u00fcpseb vein roostevabades mahutites ja seerj\u00e4rel v\u00e4hemalt 15 kuud pudelis.<\/p>\n<p>Helekuldkollane rohekate ja hallide varjunditega vahuvein. Aroomis tunda lillelisust ja heledaid puuvilju, nagu pirn ja \u00f5un aga ka p\u00e4rmisust. Suus tunda v\u00e4ikeseid mulle, v\u00e4rske vahuvein, milles pirninoodid, r\u00f6stisus ja vihjeid aniisile.<\/p>\n<p><strong>Toidusoovitus:<\/strong> Aperitiiviks, kergemate toitudega: kerge valge kala, mozzarella.<\/p>\n<p><strong>Serveerimis temperatuur:<\/strong> 6-8\u00b0C<\/p>\n<p><strong>Alkoholisisaldus:<\/strong> 11,5%<\/p>\n<p><strong>Pudeli suurus:<\/strong>\u00a075cl<\/p>\n<p>Mahe sertifitseerimis-\/kontroll asutus: ES-ECO-019-CT v\u00f5i Consell Catal\u00e0 de la Producci\u00f3 Agr\u00e0ria Ecol\u00f2gica<\/p>\n<p><iframe loading=\"lazy\" title=\"Wine tasting Cla\u0300ssic Penede\u0300s, Miquel Jan\u00e9 cellar\" width=\"500\" height=\"281\" src=\"https:\/\/www.youtube.com\/embed\/I7Fc6PInP8I?feature=oembed\" frameborder=\"0\" allow=\"accelerometer; autoplay; clipboard-write; encrypted-media; gyroscope; picture-in-picture; web-share\" referrerpolicy=\"strict-origin-when-cross-origin\" allowfullscreen><\/iframe><\/p>\n<p>&nbsp;<\/p>\n","protected":false},"excerpt":{"rendered":"<p>Veinist: Viinamarjad on p\u00e4rit v\u00e4ga vanadelt viinapuudelt, \u00fcle 60 aastased viinapuud kasvavad ekstreemsetes tingimustes kaldus m\u00e4en\u00f5lvadel Baltana Vella kinnistul 480m<\/p>\n","protected":false},"featured_media":12169,"comment_status":"open","ping_status":"closed","template":"","meta":[],"product_brand":[],"product_cat":[71],"product_tag":[],"class_list":{"0":"post-12168","1":"product","2":"type-product","3":"status-publish","4":"has-post-thumbnail","6":"product_cat-vahuveinid","8":"first","9":"instock","10":"taxable","11":"shipping-taxable","12":"purchasable","13":"product-type-simple"},"yoast_head":"<!-- This site is optimized with the Yoast SEO plugin v27.1 - https:\/\/yoast.com\/product\/yoast-seo-wordpress\/ -->\n<title>Miquel Jan\u00e8 Classic Penedes Parellada Brut Nature - Vinoforever<\/title>\n<meta name=\"description\" content=\"Vinoforever s\u00fcndis soovist pakkuda Eestis kvaliteetseid v\u00e4iksemate tootjate organic veine, teisis\u00f5nu maheveine.\" \/>\n<meta name=\"robots\" content=\"index, follow, max-snippet:-1, max-image-preview:large, max-video-preview:-1\" \/>\n<link rel=\"canonical\" href=\"https:\/\/vinoforever.ee\/en\/toode\/miquel-jane-classic-penedes-parellada-brut-nature\/\" \/>\n<meta property=\"og:locale\" content=\"en_US\" \/>\n<meta property=\"og:type\" content=\"article\" \/>\n<meta property=\"og:title\" content=\"Miquel Jan\u00e8 Classic Penedes Parellada Brut Nature - Vinoforever\" \/>\n<meta property=\"og:description\" content=\"Vinoforever s\u00fcndis soovist pakkuda Eestis kvaliteetseid v\u00e4iksemate tootjate organic veine, teisis\u00f5nu maheveine.\" \/>\n<meta property=\"og:url\" content=\"https:\/\/vinoforever.ee\/en\/toode\/miquel-jane-classic-penedes-parellada-brut-nature\/\" \/>\n<meta property=\"og:site_name\" content=\"Vinoforever\" \/>\n<meta property=\"article:publisher\" content=\"https:\/\/www.facebook.com\/vinoforever\/\" \/>\n<meta property=\"article:modified_time\" content=\"2026-01-16T18:48:28+00:00\" \/>\n<meta property=\"og:image\" content=\"https:\/\/vinoforever.ee\/wp-content\/uploads\/2024\/11\/classic-parellada-sense-capsulapng-740.png\" \/>\n\t<meta property=\"og:image:width\" content=\"740\" \/>\n\t<meta property=\"og:image:height\" content=\"740\" \/>\n\t<meta property=\"og:image:type\" content=\"image\/png\" \/>\n<meta name=\"twitter:label1\" content=\"Est. reading time\" \/>\n\t<meta name=\"twitter:data1\" content=\"1 minute\" \/>\n<script type=\"application\/ld+json\" class=\"yoast-schema-graph\">{\"@context\":\"https:\/\/schema.org\",\"@graph\":[{\"@type\":\"WebPage\",\"@id\":\"https:\/\/vinoforever.ee\/en\/toode\/miquel-jane-classic-penedes-parellada-brut-nature\/\",\"url\":\"https:\/\/vinoforever.ee\/en\/toode\/miquel-jane-classic-penedes-parellada-brut-nature\/\",\"name\":\"Miquel Jan\u00e8 Classic Penedes Parellada Brut Nature - Vinoforever\",\"isPartOf\":{\"@id\":\"https:\/\/vinoforever.ee\/en\/#website\"},\"primaryImageOfPage\":{\"@id\":\"https:\/\/vinoforever.ee\/en\/toode\/miquel-jane-classic-penedes-parellada-brut-nature\/#primaryimage\"},\"image\":{\"@id\":\"https:\/\/vinoforever.ee\/en\/toode\/miquel-jane-classic-penedes-parellada-brut-nature\/#primaryimage\"},\"thumbnailUrl\":\"https:\/\/vinoforever.ee\/wp-content\/uploads\/2024\/11\/classic-parellada-sense-capsulapng-740.png\",\"datePublished\":\"2024-11-26T16:09:52+00:00\",\"dateModified\":\"2026-01-16T18:48:28+00:00\",\"description\":\"Vinoforever s\u00fcndis soovist pakkuda Eestis kvaliteetseid v\u00e4iksemate tootjate organic veine, teisis\u00f5nu maheveine.\",\"breadcrumb\":{\"@id\":\"https:\/\/vinoforever.ee\/en\/toode\/miquel-jane-classic-penedes-parellada-brut-nature\/#breadcrumb\"},\"inLanguage\":\"en-US\",\"potentialAction\":[{\"@type\":\"ReadAction\",\"target\":[\"https:\/\/vinoforever.ee\/en\/toode\/miquel-jane-classic-penedes-parellada-brut-nature\/\"]}]},{\"@type\":\"ImageObject\",\"inLanguage\":\"en-US\",\"@id\":\"https:\/\/vinoforever.ee\/en\/toode\/miquel-jane-classic-penedes-parellada-brut-nature\/#primaryimage\",\"url\":\"https:\/\/vinoforever.ee\/wp-content\/uploads\/2024\/11\/classic-parellada-sense-capsulapng-740.png\",\"contentUrl\":\"https:\/\/vinoforever.ee\/wp-content\/uploads\/2024\/11\/classic-parellada-sense-capsulapng-740.png\",\"width\":740,\"height\":740},{\"@type\":\"BreadcrumbList\",\"@id\":\"https:\/\/vinoforever.ee\/en\/toode\/miquel-jane-classic-penedes-parellada-brut-nature\/#breadcrumb\",\"itemListElement\":[{\"@type\":\"ListItem\",\"position\":1,\"name\":\"Home\",\"item\":\"https:\/\/vinoforever.ee\/en\/\"},{\"@type\":\"ListItem\",\"position\":2,\"name\":\"Shop\",\"item\":\"https:\/\/vinoforever.ee\/en\/shop\/\"},{\"@type\":\"ListItem\",\"position\":3,\"name\":\"Miquel Jan\u00e8 Classic Penedes Parellada Brut Nature\"}]},{\"@type\":\"WebSite\",\"@id\":\"https:\/\/vinoforever.ee\/en\/#website\",\"url\":\"https:\/\/vinoforever.ee\/en\/\",\"name\":\"Vinoforever\",\"description\":\"Ainult head veinid\",\"publisher\":{\"@id\":\"https:\/\/vinoforever.ee\/en\/#organization\"},\"alternateName\":\"Mahedad veinid tunnustatud veinimajadelt\",\"potentialAction\":[{\"@type\":\"SearchAction\",\"target\":{\"@type\":\"EntryPoint\",\"urlTemplate\":\"https:\/\/vinoforever.ee\/en\/?s={search_term_string}\"},\"query-input\":{\"@type\":\"PropertyValueSpecification\",\"valueRequired\":true,\"valueName\":\"search_term_string\"}}],\"inLanguage\":\"en-US\"},{\"@type\":\"Organization\",\"@id\":\"https:\/\/vinoforever.ee\/en\/#organization\",\"name\":\"Vinoforever O\u00dc\",\"url\":\"https:\/\/vinoforever.ee\/en\/\",\"logo\":{\"@type\":\"ImageObject\",\"inLanguage\":\"en-US\",\"@id\":\"https:\/\/vinoforever.ee\/en\/#\/schema\/logo\/image\/\",\"url\":\"https:\/\/vinoforever.ee\/wp-content\/uploads\/2023\/01\/VinoForever_logo.png\",\"contentUrl\":\"https:\/\/vinoforever.ee\/wp-content\/uploads\/2023\/01\/VinoForever_logo.png\",\"width\":800,\"height\":300,\"caption\":\"Vinoforever O\u00dc\"},\"image\":{\"@id\":\"https:\/\/vinoforever.ee\/en\/#\/schema\/logo\/image\/\"},\"sameAs\":[\"https:\/\/www.facebook.com\/vinoforever\/\",\"https:\/\/www.instagram.com\/vinoforever_wines\/\"]}]}<\/script>\n<!-- \/ Yoast SEO plugin. -->","yoast_head_json":{"title":"Miquel Jan\u00e8 Classic Penedes Parellada Brut Nature - Vinoforever","description":"Vinoforever s\u00fcndis soovist pakkuda Eestis kvaliteetseid v\u00e4iksemate tootjate organic veine, teisis\u00f5nu maheveine.","robots":{"index":"index","follow":"follow","max-snippet":"max-snippet:-1","max-image-preview":"max-image-preview:large","max-video-preview":"max-video-preview:-1"},"canonical":"https:\/\/vinoforever.ee\/en\/toode\/miquel-jane-classic-penedes-parellada-brut-nature\/","og_locale":"en_US","og_type":"article","og_title":"Miquel Jan\u00e8 Classic Penedes Parellada Brut Nature - Vinoforever","og_description":"Vinoforever s\u00fcndis soovist pakkuda Eestis kvaliteetseid v\u00e4iksemate tootjate organic veine, teisis\u00f5nu maheveine.","og_url":"https:\/\/vinoforever.ee\/en\/toode\/miquel-jane-classic-penedes-parellada-brut-nature\/","og_site_name":"Vinoforever","article_publisher":"https:\/\/www.facebook.com\/vinoforever\/","article_modified_time":"2026-01-16T18:48:28+00:00","og_image":[{"width":740,"height":740,"url":"https:\/\/vinoforever.ee\/wp-content\/uploads\/2024\/11\/classic-parellada-sense-capsulapng-740.png","type":"image\/png"}],"twitter_misc":{"Est. reading time":"1 minute"},"schema":{"@context":"https:\/\/schema.org","@graph":[{"@type":"WebPage","@id":"https:\/\/vinoforever.ee\/en\/toode\/miquel-jane-classic-penedes-parellada-brut-nature\/","url":"https:\/\/vinoforever.ee\/en\/toode\/miquel-jane-classic-penedes-parellada-brut-nature\/","name":"Miquel Jan\u00e8 Classic Penedes Parellada Brut Nature - Vinoforever","isPartOf":{"@id":"https:\/\/vinoforever.ee\/en\/#website"},"primaryImageOfPage":{"@id":"https:\/\/vinoforever.ee\/en\/toode\/miquel-jane-classic-penedes-parellada-brut-nature\/#primaryimage"},"image":{"@id":"https:\/\/vinoforever.ee\/en\/toode\/miquel-jane-classic-penedes-parellada-brut-nature\/#primaryimage"},"thumbnailUrl":"https:\/\/vinoforever.ee\/wp-content\/uploads\/2024\/11\/classic-parellada-sense-capsulapng-740.png","datePublished":"2024-11-26T16:09:52+00:00","dateModified":"2026-01-16T18:48:28+00:00","description":"Vinoforever s\u00fcndis soovist pakkuda Eestis kvaliteetseid v\u00e4iksemate tootjate organic veine, teisis\u00f5nu maheveine.","breadcrumb":{"@id":"https:\/\/vinoforever.ee\/en\/toode\/miquel-jane-classic-penedes-parellada-brut-nature\/#breadcrumb"},"inLanguage":"en-US","potentialAction":[{"@type":"ReadAction","target":["https:\/\/vinoforever.ee\/en\/toode\/miquel-jane-classic-penedes-parellada-brut-nature\/"]}]},{"@type":"ImageObject","inLanguage":"en-US","@id":"https:\/\/vinoforever.ee\/en\/toode\/miquel-jane-classic-penedes-parellada-brut-nature\/#primaryimage","url":"https:\/\/vinoforever.ee\/wp-content\/uploads\/2024\/11\/classic-parellada-sense-capsulapng-740.png","contentUrl":"https:\/\/vinoforever.ee\/wp-content\/uploads\/2024\/11\/classic-parellada-sense-capsulapng-740.png","width":740,"height":740},{"@type":"BreadcrumbList","@id":"https:\/\/vinoforever.ee\/en\/toode\/miquel-jane-classic-penedes-parellada-brut-nature\/#breadcrumb","itemListElement":[{"@type":"ListItem","position":1,"name":"Home","item":"https:\/\/vinoforever.ee\/en\/"},{"@type":"ListItem","position":2,"name":"Shop","item":"https:\/\/vinoforever.ee\/en\/shop\/"},{"@type":"ListItem","position":3,"name":"Miquel Jan\u00e8 Classic Penedes Parellada Brut Nature"}]},{"@type":"WebSite","@id":"https:\/\/vinoforever.ee\/en\/#website","url":"https:\/\/vinoforever.ee\/en\/","name":"Vinoforever","description":"Ainult head veinid","publisher":{"@id":"https:\/\/vinoforever.ee\/en\/#organization"},"alternateName":"Mahedad veinid tunnustatud veinimajadelt","potentialAction":[{"@type":"SearchAction","target":{"@type":"EntryPoint","urlTemplate":"https:\/\/vinoforever.ee\/en\/?s={search_term_string}"},"query-input":{"@type":"PropertyValueSpecification","valueRequired":true,"valueName":"search_term_string"}}],"inLanguage":"en-US"},{"@type":"Organization","@id":"https:\/\/vinoforever.ee\/en\/#organization","name":"Vinoforever O\u00dc","url":"https:\/\/vinoforever.ee\/en\/","logo":{"@type":"ImageObject","inLanguage":"en-US","@id":"https:\/\/vinoforever.ee\/en\/#\/schema\/logo\/image\/","url":"https:\/\/vinoforever.ee\/wp-content\/uploads\/2023\/01\/VinoForever_logo.png","contentUrl":"https:\/\/vinoforever.ee\/wp-content\/uploads\/2023\/01\/VinoForever_logo.png","width":800,"height":300,"caption":"Vinoforever O\u00dc"},"image":{"@id":"https:\/\/vinoforever.ee\/en\/#\/schema\/logo\/image\/"},"sameAs":["https:\/\/www.facebook.com\/vinoforever\/","https:\/\/www.instagram.com\/vinoforever_wines\/"]}]}},"_links":{"self":[{"href":"https:\/\/vinoforever.ee\/en\/wp-json\/wp\/v2\/product\/12168","targetHints":{"allow":["GET"]}}],"collection":[{"href":"https:\/\/vinoforever.ee\/en\/wp-json\/wp\/v2\/product"}],"about":[{"href":"https:\/\/vinoforever.ee\/en\/wp-json\/wp\/v2\/types\/product"}],"replies":[{"embeddable":true,"href":"https:\/\/vinoforever.ee\/en\/wp-json\/wp\/v2\/comments?post=12168"}],"version-history":[{"count":3,"href":"https:\/\/vinoforever.ee\/en\/wp-json\/wp\/v2\/product\/12168\/revisions"}],"predecessor-version":[{"id":12187,"href":"https:\/\/vinoforever.ee\/en\/wp-json\/wp\/v2\/product\/12168\/revisions\/12187"}],"wp:featuredmedia":[{"embeddable":true,"href":"https:\/\/vinoforever.ee\/en\/wp-json\/wp\/v2\/media\/12169"}],"wp:attachment":[{"href":"https:\/\/vinoforever.ee\/en\/wp-json\/wp\/v2\/media?parent=12168"}],"wp:term":[{"taxonomy":"product_brand","embeddable":true,"href":"https:\/\/vinoforever.ee\/en\/wp-json\/wp\/v2\/product_brand?post=12168"},{"taxonomy":"product_cat","embeddable":true,"href":"https:\/\/vinoforever.ee\/en\/wp-json\/wp\/v2\/product_cat?post=12168"},{"taxonomy":"product_tag","embeddable":true,"href":"https:\/\/vinoforever.ee\/en\/wp-json\/wp\/v2\/product_tag?post=12168"}],"curies":[{"name":"wp","href":"https:\/\/api.w.org\/{rel}","templated":true}]}}