{"id":12293,"date":"2025-04-01T11:31:08","date_gmt":"2025-04-01T09:31:08","guid":{"rendered":"https:\/\/vinoforever.ee\/?post_type=product&#038;p=12293"},"modified":"2026-04-02T19:26:24","modified_gmt":"2026-04-02T17:26:24","slug":"bruno-dangin-bourgogne-blanc-vigne-de-la-foret","status":"publish","type":"product","link":"https:\/\/vinoforever.ee\/en\/toode\/bruno-dangin-bourgogne-blanc-vigne-de-la-foret\/","title":{"rendered":"Bruno Dangin Bourgogne Blanc \u00ab Vigne de la For\u00eat \u00bb"},"content":{"rendered":"<p><strong>Appelatsioon<\/strong>: AOC Bourgogne Blanc<\/p>\n<p><strong>Viinamarjad<\/strong>: 100% Chardonnay<\/p>\n<p><strong>Veinist: <\/strong>See vein on p\u00e4rit kindlalt maat\u00fckilt Molesme\u2019i k\u00fclast, mis asub Ch\u00e2tillonnais\u2019 piirkonnas.<\/p>\n<p>Vein k\u00e4\u00e4ritatakse vanades tammevaatides. Alkoholk\u00e4\u00e4rimine toimub t\u00e4nu viinamarjade pinnal looduslikult leiduvatele p\u00e4rmidele, mis annavad veinile mitmek\u00fclgsed omadused.<\/p>\n<p>See Bourgogne vein laagerdub vaadis \u00fcle aasta, et t\u00e4iustada selle aroomiprofiili ja tasakaalustada meie lubjakivisest pinnasest p\u00e4rit mineraalsust.<\/p>\n<p>Vein on hele kuldkollane, l\u00f5hnas ja maitses tunda kollaseid \u00f5unu, pirni,sidrunit, mineraalsust, suus pehme kreemine. Kompleksne valge vein.<\/p>\n<p><strong>Toidusoovitus<\/strong>: Sobib suurep\u00e4raselt lihal\u00f5ikude, suupistelaua ja kalatoitude k\u00f5rvale.<\/p>\n<p><strong>Serveerimis temperatuur:<\/strong> 6-8\u00b0C<\/p>\n<p><strong>Alkoholisisaldus:<\/strong> 12,5%<\/p>\n<p><strong>Pudeli suurus:<\/strong> 75cl<\/p>\n<p>Mahe sertifitseerimis- \/ kontroll asutus: ECOCERT &#8211; FR-BIO-01<\/p>\n","protected":false},"excerpt":{"rendered":"<p>Appelatsioon: AOC Bourgogne Blanc Viinamarjad: 100% Chardonnay Veinist: See vein on p\u00e4rit kindlalt maat\u00fckilt Molesme\u2019i k\u00fclast, mis asub Ch\u00e2tillonnais\u2019 piirkonnas.<\/p>\n","protected":false},"featured_media":12316,"comment_status":"open","ping_status":"closed","template":"","meta":[],"product_brand":[],"product_cat":[103],"product_tag":[],"class_list":{"0":"post-12293","1":"product","2":"type-product","3":"status-publish","4":"has-post-thumbnail","6":"product_cat-valged-veinid","8":"first","9":"instock","10":"taxable","11":"shipping-taxable","12":"purchasable","13":"product-type-simple"},"yoast_head":"<!-- This site is optimized with the Yoast SEO plugin v27.1 - https:\/\/yoast.com\/product\/yoast-seo-wordpress\/ -->\n<title>Bruno Dangin Bourgogne Blanc \u00ab Vigne de la For\u00eat \u00bb - Vinoforever<\/title>\n<meta name=\"description\" content=\"Vinoforever s\u00fcndis soovist pakkuda Eestis kvaliteetseid v\u00e4iksemate tootjate organic veine, teisis\u00f5nu maheveine.\" \/>\n<meta name=\"robots\" content=\"index, follow, max-snippet:-1, max-image-preview:large, max-video-preview:-1\" \/>\n<link rel=\"canonical\" href=\"https:\/\/vinoforever.ee\/en\/toode\/bruno-dangin-bourgogne-blanc-vigne-de-la-foret\/\" \/>\n<meta property=\"og:locale\" content=\"en_US\" \/>\n<meta property=\"og:type\" content=\"article\" \/>\n<meta property=\"og:title\" content=\"Bruno Dangin Bourgogne Blanc \u00ab Vigne de la For\u00eat \u00bb - Vinoforever\" \/>\n<meta property=\"og:description\" content=\"Vinoforever s\u00fcndis soovist pakkuda Eestis kvaliteetseid v\u00e4iksemate tootjate organic veine, teisis\u00f5nu maheveine.\" \/>\n<meta property=\"og:url\" content=\"https:\/\/vinoforever.ee\/en\/toode\/bruno-dangin-bourgogne-blanc-vigne-de-la-foret\/\" \/>\n<meta property=\"og:site_name\" content=\"Vinoforever\" \/>\n<meta property=\"article:publisher\" content=\"https:\/\/www.facebook.com\/vinoforever\/\" \/>\n<meta property=\"article:modified_time\" content=\"2026-04-02T17:26:24+00:00\" \/>\n<meta property=\"og:image\" content=\"https:\/\/vinoforever.ee\/wp-content\/uploads\/2025\/04\/BD-Chardonnay_740x740px-002.jpg\" \/>\n\t<meta property=\"og:image:width\" content=\"740\" \/>\n\t<meta property=\"og:image:height\" content=\"740\" \/>\n\t<meta property=\"og:image:type\" content=\"image\/jpeg\" \/>\n<meta name=\"twitter:label1\" content=\"Est. reading time\" \/>\n\t<meta name=\"twitter:data1\" content=\"1 minute\" \/>\n<script type=\"application\/ld+json\" class=\"yoast-schema-graph\">{\"@context\":\"https:\/\/schema.org\",\"@graph\":[{\"@type\":\"WebPage\",\"@id\":\"https:\/\/vinoforever.ee\/en\/toode\/bruno-dangin-bourgogne-blanc-vigne-de-la-foret\/\",\"url\":\"https:\/\/vinoforever.ee\/en\/toode\/bruno-dangin-bourgogne-blanc-vigne-de-la-foret\/\",\"name\":\"Bruno Dangin Bourgogne Blanc \u00ab Vigne de la For\u00eat \u00bb - Vinoforever\",\"isPartOf\":{\"@id\":\"https:\/\/vinoforever.ee\/en\/#website\"},\"primaryImageOfPage\":{\"@id\":\"https:\/\/vinoforever.ee\/en\/toode\/bruno-dangin-bourgogne-blanc-vigne-de-la-foret\/#primaryimage\"},\"image\":{\"@id\":\"https:\/\/vinoforever.ee\/en\/toode\/bruno-dangin-bourgogne-blanc-vigne-de-la-foret\/#primaryimage\"},\"thumbnailUrl\":\"https:\/\/vinoforever.ee\/wp-content\/uploads\/2025\/04\/BD-Chardonnay_740x740px-002.jpg\",\"datePublished\":\"2025-04-01T09:31:08+00:00\",\"dateModified\":\"2026-04-02T17:26:24+00:00\",\"description\":\"Vinoforever s\u00fcndis soovist pakkuda Eestis kvaliteetseid v\u00e4iksemate tootjate organic veine, teisis\u00f5nu maheveine.\",\"breadcrumb\":{\"@id\":\"https:\/\/vinoforever.ee\/en\/toode\/bruno-dangin-bourgogne-blanc-vigne-de-la-foret\/#breadcrumb\"},\"inLanguage\":\"en-US\",\"potentialAction\":[{\"@type\":\"ReadAction\",\"target\":[\"https:\/\/vinoforever.ee\/en\/toode\/bruno-dangin-bourgogne-blanc-vigne-de-la-foret\/\"]}]},{\"@type\":\"ImageObject\",\"inLanguage\":\"en-US\",\"@id\":\"https:\/\/vinoforever.ee\/en\/toode\/bruno-dangin-bourgogne-blanc-vigne-de-la-foret\/#primaryimage\",\"url\":\"https:\/\/vinoforever.ee\/wp-content\/uploads\/2025\/04\/BD-Chardonnay_740x740px-002.jpg\",\"contentUrl\":\"https:\/\/vinoforever.ee\/wp-content\/uploads\/2025\/04\/BD-Chardonnay_740x740px-002.jpg\",\"width\":740,\"height\":740},{\"@type\":\"BreadcrumbList\",\"@id\":\"https:\/\/vinoforever.ee\/en\/toode\/bruno-dangin-bourgogne-blanc-vigne-de-la-foret\/#breadcrumb\",\"itemListElement\":[{\"@type\":\"ListItem\",\"position\":1,\"name\":\"Home\",\"item\":\"https:\/\/vinoforever.ee\/en\/\"},{\"@type\":\"ListItem\",\"position\":2,\"name\":\"Shop\",\"item\":\"https:\/\/vinoforever.ee\/en\/shop\/\"},{\"@type\":\"ListItem\",\"position\":3,\"name\":\"Bruno Dangin Bourgogne Blanc \u00ab Vigne de la For\u00eat \u00bb\"}]},{\"@type\":\"WebSite\",\"@id\":\"https:\/\/vinoforever.ee\/en\/#website\",\"url\":\"https:\/\/vinoforever.ee\/en\/\",\"name\":\"Vinoforever\",\"description\":\"Ainult head veinid\",\"publisher\":{\"@id\":\"https:\/\/vinoforever.ee\/en\/#organization\"},\"alternateName\":\"Mahedad veinid tunnustatud veinimajadelt\",\"potentialAction\":[{\"@type\":\"SearchAction\",\"target\":{\"@type\":\"EntryPoint\",\"urlTemplate\":\"https:\/\/vinoforever.ee\/en\/?s={search_term_string}\"},\"query-input\":{\"@type\":\"PropertyValueSpecification\",\"valueRequired\":true,\"valueName\":\"search_term_string\"}}],\"inLanguage\":\"en-US\"},{\"@type\":\"Organization\",\"@id\":\"https:\/\/vinoforever.ee\/en\/#organization\",\"name\":\"Vinoforever O\u00dc\",\"url\":\"https:\/\/vinoforever.ee\/en\/\",\"logo\":{\"@type\":\"ImageObject\",\"inLanguage\":\"en-US\",\"@id\":\"https:\/\/vinoforever.ee\/en\/#\/schema\/logo\/image\/\",\"url\":\"https:\/\/vinoforever.ee\/wp-content\/uploads\/2023\/01\/VinoForever_logo.png\",\"contentUrl\":\"https:\/\/vinoforever.ee\/wp-content\/uploads\/2023\/01\/VinoForever_logo.png\",\"width\":800,\"height\":300,\"caption\":\"Vinoforever O\u00dc\"},\"image\":{\"@id\":\"https:\/\/vinoforever.ee\/en\/#\/schema\/logo\/image\/\"},\"sameAs\":[\"https:\/\/www.facebook.com\/vinoforever\/\",\"https:\/\/www.instagram.com\/vinoforever_wines\/\"]}]}<\/script>\n<!-- \/ Yoast SEO plugin. -->","yoast_head_json":{"title":"Bruno Dangin Bourgogne Blanc \u00ab Vigne de la For\u00eat \u00bb - Vinoforever","description":"Vinoforever s\u00fcndis soovist pakkuda Eestis kvaliteetseid v\u00e4iksemate tootjate organic veine, teisis\u00f5nu maheveine.","robots":{"index":"index","follow":"follow","max-snippet":"max-snippet:-1","max-image-preview":"max-image-preview:large","max-video-preview":"max-video-preview:-1"},"canonical":"https:\/\/vinoforever.ee\/en\/toode\/bruno-dangin-bourgogne-blanc-vigne-de-la-foret\/","og_locale":"en_US","og_type":"article","og_title":"Bruno Dangin Bourgogne Blanc \u00ab Vigne de la For\u00eat \u00bb - Vinoforever","og_description":"Vinoforever s\u00fcndis soovist pakkuda Eestis kvaliteetseid v\u00e4iksemate tootjate organic veine, teisis\u00f5nu maheveine.","og_url":"https:\/\/vinoforever.ee\/en\/toode\/bruno-dangin-bourgogne-blanc-vigne-de-la-foret\/","og_site_name":"Vinoforever","article_publisher":"https:\/\/www.facebook.com\/vinoforever\/","article_modified_time":"2026-04-02T17:26:24+00:00","og_image":[{"width":740,"height":740,"url":"https:\/\/vinoforever.ee\/wp-content\/uploads\/2025\/04\/BD-Chardonnay_740x740px-002.jpg","type":"image\/jpeg"}],"twitter_misc":{"Est. reading time":"1 minute"},"schema":{"@context":"https:\/\/schema.org","@graph":[{"@type":"WebPage","@id":"https:\/\/vinoforever.ee\/en\/toode\/bruno-dangin-bourgogne-blanc-vigne-de-la-foret\/","url":"https:\/\/vinoforever.ee\/en\/toode\/bruno-dangin-bourgogne-blanc-vigne-de-la-foret\/","name":"Bruno Dangin Bourgogne Blanc \u00ab Vigne de la For\u00eat \u00bb - Vinoforever","isPartOf":{"@id":"https:\/\/vinoforever.ee\/en\/#website"},"primaryImageOfPage":{"@id":"https:\/\/vinoforever.ee\/en\/toode\/bruno-dangin-bourgogne-blanc-vigne-de-la-foret\/#primaryimage"},"image":{"@id":"https:\/\/vinoforever.ee\/en\/toode\/bruno-dangin-bourgogne-blanc-vigne-de-la-foret\/#primaryimage"},"thumbnailUrl":"https:\/\/vinoforever.ee\/wp-content\/uploads\/2025\/04\/BD-Chardonnay_740x740px-002.jpg","datePublished":"2025-04-01T09:31:08+00:00","dateModified":"2026-04-02T17:26:24+00:00","description":"Vinoforever s\u00fcndis soovist pakkuda Eestis kvaliteetseid v\u00e4iksemate tootjate organic veine, teisis\u00f5nu maheveine.","breadcrumb":{"@id":"https:\/\/vinoforever.ee\/en\/toode\/bruno-dangin-bourgogne-blanc-vigne-de-la-foret\/#breadcrumb"},"inLanguage":"en-US","potentialAction":[{"@type":"ReadAction","target":["https:\/\/vinoforever.ee\/en\/toode\/bruno-dangin-bourgogne-blanc-vigne-de-la-foret\/"]}]},{"@type":"ImageObject","inLanguage":"en-US","@id":"https:\/\/vinoforever.ee\/en\/toode\/bruno-dangin-bourgogne-blanc-vigne-de-la-foret\/#primaryimage","url":"https:\/\/vinoforever.ee\/wp-content\/uploads\/2025\/04\/BD-Chardonnay_740x740px-002.jpg","contentUrl":"https:\/\/vinoforever.ee\/wp-content\/uploads\/2025\/04\/BD-Chardonnay_740x740px-002.jpg","width":740,"height":740},{"@type":"BreadcrumbList","@id":"https:\/\/vinoforever.ee\/en\/toode\/bruno-dangin-bourgogne-blanc-vigne-de-la-foret\/#breadcrumb","itemListElement":[{"@type":"ListItem","position":1,"name":"Home","item":"https:\/\/vinoforever.ee\/en\/"},{"@type":"ListItem","position":2,"name":"Shop","item":"https:\/\/vinoforever.ee\/en\/shop\/"},{"@type":"ListItem","position":3,"name":"Bruno Dangin Bourgogne Blanc \u00ab Vigne de la For\u00eat \u00bb"}]},{"@type":"WebSite","@id":"https:\/\/vinoforever.ee\/en\/#website","url":"https:\/\/vinoforever.ee\/en\/","name":"Vinoforever","description":"Ainult head veinid","publisher":{"@id":"https:\/\/vinoforever.ee\/en\/#organization"},"alternateName":"Mahedad veinid tunnustatud veinimajadelt","potentialAction":[{"@type":"SearchAction","target":{"@type":"EntryPoint","urlTemplate":"https:\/\/vinoforever.ee\/en\/?s={search_term_string}"},"query-input":{"@type":"PropertyValueSpecification","valueRequired":true,"valueName":"search_term_string"}}],"inLanguage":"en-US"},{"@type":"Organization","@id":"https:\/\/vinoforever.ee\/en\/#organization","name":"Vinoforever O\u00dc","url":"https:\/\/vinoforever.ee\/en\/","logo":{"@type":"ImageObject","inLanguage":"en-US","@id":"https:\/\/vinoforever.ee\/en\/#\/schema\/logo\/image\/","url":"https:\/\/vinoforever.ee\/wp-content\/uploads\/2023\/01\/VinoForever_logo.png","contentUrl":"https:\/\/vinoforever.ee\/wp-content\/uploads\/2023\/01\/VinoForever_logo.png","width":800,"height":300,"caption":"Vinoforever O\u00dc"},"image":{"@id":"https:\/\/vinoforever.ee\/en\/#\/schema\/logo\/image\/"},"sameAs":["https:\/\/www.facebook.com\/vinoforever\/","https:\/\/www.instagram.com\/vinoforever_wines\/"]}]}},"_links":{"self":[{"href":"https:\/\/vinoforever.ee\/en\/wp-json\/wp\/v2\/product\/12293","targetHints":{"allow":["GET"]}}],"collection":[{"href":"https:\/\/vinoforever.ee\/en\/wp-json\/wp\/v2\/product"}],"about":[{"href":"https:\/\/vinoforever.ee\/en\/wp-json\/wp\/v2\/types\/product"}],"replies":[{"embeddable":true,"href":"https:\/\/vinoforever.ee\/en\/wp-json\/wp\/v2\/comments?post=12293"}],"version-history":[{"count":1,"href":"https:\/\/vinoforever.ee\/en\/wp-json\/wp\/v2\/product\/12293\/revisions"}],"predecessor-version":[{"id":12294,"href":"https:\/\/vinoforever.ee\/en\/wp-json\/wp\/v2\/product\/12293\/revisions\/12294"}],"wp:featuredmedia":[{"embeddable":true,"href":"https:\/\/vinoforever.ee\/en\/wp-json\/wp\/v2\/media\/12316"}],"wp:attachment":[{"href":"https:\/\/vinoforever.ee\/en\/wp-json\/wp\/v2\/media?parent=12293"}],"wp:term":[{"taxonomy":"product_brand","embeddable":true,"href":"https:\/\/vinoforever.ee\/en\/wp-json\/wp\/v2\/product_brand?post=12293"},{"taxonomy":"product_cat","embeddable":true,"href":"https:\/\/vinoforever.ee\/en\/wp-json\/wp\/v2\/product_cat?post=12293"},{"taxonomy":"product_tag","embeddable":true,"href":"https:\/\/vinoforever.ee\/en\/wp-json\/wp\/v2\/product_tag?post=12293"}],"curies":[{"name":"wp","href":"https:\/\/api.w.org\/{rel}","templated":true}]}}