{"id":12301,"date":"2025-04-01T13:39:45","date_gmt":"2025-04-01T11:39:45","guid":{"rendered":"https:\/\/vinoforever.ee\/?post_type=product&#038;p=12301"},"modified":"2025-11-03T13:38:17","modified_gmt":"2025-11-03T11:38:17","slug":"bruno-dangin-champagne-val-lune-extra-brut-2022","status":"publish","type":"product","link":"https:\/\/vinoforever.ee\/en\/toode\/bruno-dangin-champagne-val-lune-extra-brut-2022\/","title":{"rendered":"Bruno Dangin Champagne Val Lune &#8211; Blanc de Noir &#8211; Extra-Brut 2022"},"content":{"rendered":"<p><strong>Appelatsioon<\/strong>: AOP Champagne<\/p>\n<p><strong>Piirkond<\/strong>: CELLES-SUR-OURCE \/ C\u00d4TE DES BAR<\/p>\n<p><strong>Viinamarjad<\/strong>: 100% Pinot Noir<\/p>\n<p><strong>Tootest<\/strong>: See vein on mitmeaastase t\u00f6\u00f6 vili, mis on tehtud t\u00e4ielikult k\u00e4sitsi nende ainsal ja v\u00e4ikesel Champagne\u2019i maat\u00fckil.<\/p>\n<p>Viinapuuaed on hooldatud agro-metsanduse p\u00f5him\u00f5tete j\u00e4rgi, kus maapinda katab p\u00fcsikultuur (rukis, ristik ja looduslikud rohttaimed), et kaitsta mullas elavat \u00f6kos\u00fcsteemi. Hoolitsetakse iga etapi eest alates viinapuust kuni teie pokaalini.<\/p>\n<p>K\u00e4\u00e4rimine toimub looduslike p\u00e4rmidega ning malolaktiline fermentatsioon leiab aset vanades Burgundia tammevaatides. Vein on filtreerimata ja selitamata.<\/p>\n<p>Kerge ja v\u00e4rske iseloomuga, tunda puuviljasust, p\u00e4hklisust ja mineraalsust ja brioche. Peened ja p\u00fcsivad mullid. Heas tasakaalus Champagne.<\/p>\n<p><strong>Toidusoovitus<\/strong>: apetariivina, mereandide juurde,<\/p>\n<p><strong>Serveerimis temperatuur:<\/strong> 8-10\u00b0C<\/p>\n<p><strong>Alkoholisisaldus:<\/strong> 12%<\/p>\n<p><strong>Pudeli suurus:<\/strong> 75cl<\/p>\n<p>Mahe sertifitseerimis-\/kontroll asutus: ECOCERT &#8211; FR-BIO-01<\/p>\n","protected":false},"excerpt":{"rendered":"<p>Appelatsioon: AOP Champagne Piirkond: CELLES-SUR-OURCE \/ C\u00d4TE DES BAR Viinamarjad: 100% Pinot Noir Tootest: See vein on mitmeaastase t\u00f6\u00f6 vili,<\/p>\n","protected":false},"featured_media":12326,"comment_status":"open","ping_status":"closed","template":"","meta":[],"product_brand":[],"product_cat":[71],"product_tag":[],"class_list":{"0":"post-12301","1":"product","2":"type-product","3":"status-publish","4":"has-post-thumbnail","6":"product_cat-vahuveinid","8":"first","9":"instock","10":"taxable","11":"shipping-taxable","12":"purchasable","13":"product-type-simple"},"yoast_head":"<!-- This site is optimized with the Yoast SEO plugin v27.1 - https:\/\/yoast.com\/product\/yoast-seo-wordpress\/ -->\n<title>Bruno Dangin Champagne Val Lune - Blanc de Noir - Extra-Brut 2022 - Vinoforever<\/title>\n<meta name=\"description\" content=\"Vinoforever s\u00fcndis soovist pakkuda Eestis kvaliteetseid v\u00e4iksemate tootjate organic veine, teisis\u00f5nu maheveine.\" \/>\n<meta name=\"robots\" content=\"index, follow, max-snippet:-1, max-image-preview:large, max-video-preview:-1\" \/>\n<link rel=\"canonical\" href=\"https:\/\/vinoforever.ee\/en\/toode\/bruno-dangin-champagne-val-lune-extra-brut-2022\/\" \/>\n<meta property=\"og:locale\" content=\"en_US\" \/>\n<meta property=\"og:type\" content=\"article\" \/>\n<meta property=\"og:title\" content=\"Bruno Dangin Champagne Val Lune - Blanc de Noir - Extra-Brut 2022 - Vinoforever\" \/>\n<meta property=\"og:description\" content=\"Vinoforever s\u00fcndis soovist pakkuda Eestis kvaliteetseid v\u00e4iksemate tootjate organic veine, teisis\u00f5nu maheveine.\" \/>\n<meta property=\"og:url\" content=\"https:\/\/vinoforever.ee\/en\/toode\/bruno-dangin-champagne-val-lune-extra-brut-2022\/\" \/>\n<meta property=\"og:site_name\" content=\"Vinoforever\" \/>\n<meta property=\"article:publisher\" content=\"https:\/\/www.facebook.com\/vinoforever\/\" \/>\n<meta property=\"article:modified_time\" content=\"2025-11-03T11:38:17+00:00\" \/>\n<meta property=\"og:image\" content=\"https:\/\/vinoforever.ee\/wp-content\/uploads\/2025\/04\/BD-Val-Lune_740x740px-002.jpg\" \/>\n\t<meta property=\"og:image:width\" content=\"740\" \/>\n\t<meta property=\"og:image:height\" content=\"740\" \/>\n\t<meta property=\"og:image:type\" content=\"image\/jpeg\" \/>\n<meta name=\"twitter:label1\" content=\"Est. reading time\" \/>\n\t<meta name=\"twitter:data1\" content=\"1 minute\" \/>\n<script type=\"application\/ld+json\" class=\"yoast-schema-graph\">{\"@context\":\"https:\/\/schema.org\",\"@graph\":[{\"@type\":\"WebPage\",\"@id\":\"https:\/\/vinoforever.ee\/en\/toode\/bruno-dangin-champagne-val-lune-extra-brut-2022\/\",\"url\":\"https:\/\/vinoforever.ee\/en\/toode\/bruno-dangin-champagne-val-lune-extra-brut-2022\/\",\"name\":\"Bruno Dangin Champagne Val Lune - Blanc de Noir - Extra-Brut 2022 - Vinoforever\",\"isPartOf\":{\"@id\":\"https:\/\/vinoforever.ee\/en\/#website\"},\"primaryImageOfPage\":{\"@id\":\"https:\/\/vinoforever.ee\/en\/toode\/bruno-dangin-champagne-val-lune-extra-brut-2022\/#primaryimage\"},\"image\":{\"@id\":\"https:\/\/vinoforever.ee\/en\/toode\/bruno-dangin-champagne-val-lune-extra-brut-2022\/#primaryimage\"},\"thumbnailUrl\":\"https:\/\/vinoforever.ee\/wp-content\/uploads\/2025\/04\/BD-Val-Lune_740x740px-002.jpg\",\"datePublished\":\"2025-04-01T11:39:45+00:00\",\"dateModified\":\"2025-11-03T11:38:17+00:00\",\"description\":\"Vinoforever s\u00fcndis soovist pakkuda Eestis kvaliteetseid v\u00e4iksemate tootjate organic veine, teisis\u00f5nu maheveine.\",\"breadcrumb\":{\"@id\":\"https:\/\/vinoforever.ee\/en\/toode\/bruno-dangin-champagne-val-lune-extra-brut-2022\/#breadcrumb\"},\"inLanguage\":\"en-US\",\"potentialAction\":[{\"@type\":\"ReadAction\",\"target\":[\"https:\/\/vinoforever.ee\/en\/toode\/bruno-dangin-champagne-val-lune-extra-brut-2022\/\"]}]},{\"@type\":\"ImageObject\",\"inLanguage\":\"en-US\",\"@id\":\"https:\/\/vinoforever.ee\/en\/toode\/bruno-dangin-champagne-val-lune-extra-brut-2022\/#primaryimage\",\"url\":\"https:\/\/vinoforever.ee\/wp-content\/uploads\/2025\/04\/BD-Val-Lune_740x740px-002.jpg\",\"contentUrl\":\"https:\/\/vinoforever.ee\/wp-content\/uploads\/2025\/04\/BD-Val-Lune_740x740px-002.jpg\",\"width\":740,\"height\":740},{\"@type\":\"BreadcrumbList\",\"@id\":\"https:\/\/vinoforever.ee\/en\/toode\/bruno-dangin-champagne-val-lune-extra-brut-2022\/#breadcrumb\",\"itemListElement\":[{\"@type\":\"ListItem\",\"position\":1,\"name\":\"Home\",\"item\":\"https:\/\/vinoforever.ee\/en\/\"},{\"@type\":\"ListItem\",\"position\":2,\"name\":\"Shop\",\"item\":\"https:\/\/vinoforever.ee\/en\/shop\/\"},{\"@type\":\"ListItem\",\"position\":3,\"name\":\"Bruno Dangin Champagne Val Lune &#8211; Blanc de Noir &#8211; Extra-Brut 2022\"}]},{\"@type\":\"WebSite\",\"@id\":\"https:\/\/vinoforever.ee\/en\/#website\",\"url\":\"https:\/\/vinoforever.ee\/en\/\",\"name\":\"Vinoforever\",\"description\":\"Ainult head veinid\",\"publisher\":{\"@id\":\"https:\/\/vinoforever.ee\/en\/#organization\"},\"alternateName\":\"Mahedad veinid tunnustatud veinimajadelt\",\"potentialAction\":[{\"@type\":\"SearchAction\",\"target\":{\"@type\":\"EntryPoint\",\"urlTemplate\":\"https:\/\/vinoforever.ee\/en\/?s={search_term_string}\"},\"query-input\":{\"@type\":\"PropertyValueSpecification\",\"valueRequired\":true,\"valueName\":\"search_term_string\"}}],\"inLanguage\":\"en-US\"},{\"@type\":\"Organization\",\"@id\":\"https:\/\/vinoforever.ee\/en\/#organization\",\"name\":\"Vinoforever O\u00dc\",\"url\":\"https:\/\/vinoforever.ee\/en\/\",\"logo\":{\"@type\":\"ImageObject\",\"inLanguage\":\"en-US\",\"@id\":\"https:\/\/vinoforever.ee\/en\/#\/schema\/logo\/image\/\",\"url\":\"https:\/\/vinoforever.ee\/wp-content\/uploads\/2023\/01\/VinoForever_logo.png\",\"contentUrl\":\"https:\/\/vinoforever.ee\/wp-content\/uploads\/2023\/01\/VinoForever_logo.png\",\"width\":800,\"height\":300,\"caption\":\"Vinoforever O\u00dc\"},\"image\":{\"@id\":\"https:\/\/vinoforever.ee\/en\/#\/schema\/logo\/image\/\"},\"sameAs\":[\"https:\/\/www.facebook.com\/vinoforever\/\",\"https:\/\/www.instagram.com\/vinoforever_wines\/\"]}]}<\/script>\n<!-- \/ Yoast SEO plugin. -->","yoast_head_json":{"title":"Bruno Dangin Champagne Val Lune - Blanc de Noir - Extra-Brut 2022 - Vinoforever","description":"Vinoforever s\u00fcndis soovist pakkuda Eestis kvaliteetseid v\u00e4iksemate tootjate organic veine, teisis\u00f5nu maheveine.","robots":{"index":"index","follow":"follow","max-snippet":"max-snippet:-1","max-image-preview":"max-image-preview:large","max-video-preview":"max-video-preview:-1"},"canonical":"https:\/\/vinoforever.ee\/en\/toode\/bruno-dangin-champagne-val-lune-extra-brut-2022\/","og_locale":"en_US","og_type":"article","og_title":"Bruno Dangin Champagne Val Lune - Blanc de Noir - Extra-Brut 2022 - Vinoforever","og_description":"Vinoforever s\u00fcndis soovist pakkuda Eestis kvaliteetseid v\u00e4iksemate tootjate organic veine, teisis\u00f5nu maheveine.","og_url":"https:\/\/vinoforever.ee\/en\/toode\/bruno-dangin-champagne-val-lune-extra-brut-2022\/","og_site_name":"Vinoforever","article_publisher":"https:\/\/www.facebook.com\/vinoforever\/","article_modified_time":"2025-11-03T11:38:17+00:00","og_image":[{"width":740,"height":740,"url":"https:\/\/vinoforever.ee\/wp-content\/uploads\/2025\/04\/BD-Val-Lune_740x740px-002.jpg","type":"image\/jpeg"}],"twitter_misc":{"Est. reading time":"1 minute"},"schema":{"@context":"https:\/\/schema.org","@graph":[{"@type":"WebPage","@id":"https:\/\/vinoforever.ee\/en\/toode\/bruno-dangin-champagne-val-lune-extra-brut-2022\/","url":"https:\/\/vinoforever.ee\/en\/toode\/bruno-dangin-champagne-val-lune-extra-brut-2022\/","name":"Bruno Dangin Champagne Val Lune - Blanc de Noir - Extra-Brut 2022 - Vinoforever","isPartOf":{"@id":"https:\/\/vinoforever.ee\/en\/#website"},"primaryImageOfPage":{"@id":"https:\/\/vinoforever.ee\/en\/toode\/bruno-dangin-champagne-val-lune-extra-brut-2022\/#primaryimage"},"image":{"@id":"https:\/\/vinoforever.ee\/en\/toode\/bruno-dangin-champagne-val-lune-extra-brut-2022\/#primaryimage"},"thumbnailUrl":"https:\/\/vinoforever.ee\/wp-content\/uploads\/2025\/04\/BD-Val-Lune_740x740px-002.jpg","datePublished":"2025-04-01T11:39:45+00:00","dateModified":"2025-11-03T11:38:17+00:00","description":"Vinoforever s\u00fcndis soovist pakkuda Eestis kvaliteetseid v\u00e4iksemate tootjate organic veine, teisis\u00f5nu maheveine.","breadcrumb":{"@id":"https:\/\/vinoforever.ee\/en\/toode\/bruno-dangin-champagne-val-lune-extra-brut-2022\/#breadcrumb"},"inLanguage":"en-US","potentialAction":[{"@type":"ReadAction","target":["https:\/\/vinoforever.ee\/en\/toode\/bruno-dangin-champagne-val-lune-extra-brut-2022\/"]}]},{"@type":"ImageObject","inLanguage":"en-US","@id":"https:\/\/vinoforever.ee\/en\/toode\/bruno-dangin-champagne-val-lune-extra-brut-2022\/#primaryimage","url":"https:\/\/vinoforever.ee\/wp-content\/uploads\/2025\/04\/BD-Val-Lune_740x740px-002.jpg","contentUrl":"https:\/\/vinoforever.ee\/wp-content\/uploads\/2025\/04\/BD-Val-Lune_740x740px-002.jpg","width":740,"height":740},{"@type":"BreadcrumbList","@id":"https:\/\/vinoforever.ee\/en\/toode\/bruno-dangin-champagne-val-lune-extra-brut-2022\/#breadcrumb","itemListElement":[{"@type":"ListItem","position":1,"name":"Home","item":"https:\/\/vinoforever.ee\/en\/"},{"@type":"ListItem","position":2,"name":"Shop","item":"https:\/\/vinoforever.ee\/en\/shop\/"},{"@type":"ListItem","position":3,"name":"Bruno Dangin Champagne Val Lune &#8211; Blanc de Noir &#8211; Extra-Brut 2022"}]},{"@type":"WebSite","@id":"https:\/\/vinoforever.ee\/en\/#website","url":"https:\/\/vinoforever.ee\/en\/","name":"Vinoforever","description":"Ainult head veinid","publisher":{"@id":"https:\/\/vinoforever.ee\/en\/#organization"},"alternateName":"Mahedad veinid tunnustatud veinimajadelt","potentialAction":[{"@type":"SearchAction","target":{"@type":"EntryPoint","urlTemplate":"https:\/\/vinoforever.ee\/en\/?s={search_term_string}"},"query-input":{"@type":"PropertyValueSpecification","valueRequired":true,"valueName":"search_term_string"}}],"inLanguage":"en-US"},{"@type":"Organization","@id":"https:\/\/vinoforever.ee\/en\/#organization","name":"Vinoforever O\u00dc","url":"https:\/\/vinoforever.ee\/en\/","logo":{"@type":"ImageObject","inLanguage":"en-US","@id":"https:\/\/vinoforever.ee\/en\/#\/schema\/logo\/image\/","url":"https:\/\/vinoforever.ee\/wp-content\/uploads\/2023\/01\/VinoForever_logo.png","contentUrl":"https:\/\/vinoforever.ee\/wp-content\/uploads\/2023\/01\/VinoForever_logo.png","width":800,"height":300,"caption":"Vinoforever O\u00dc"},"image":{"@id":"https:\/\/vinoforever.ee\/en\/#\/schema\/logo\/image\/"},"sameAs":["https:\/\/www.facebook.com\/vinoforever\/","https:\/\/www.instagram.com\/vinoforever_wines\/"]}]}},"_links":{"self":[{"href":"https:\/\/vinoforever.ee\/en\/wp-json\/wp\/v2\/product\/12301","targetHints":{"allow":["GET"]}}],"collection":[{"href":"https:\/\/vinoforever.ee\/en\/wp-json\/wp\/v2\/product"}],"about":[{"href":"https:\/\/vinoforever.ee\/en\/wp-json\/wp\/v2\/types\/product"}],"replies":[{"embeddable":true,"href":"https:\/\/vinoforever.ee\/en\/wp-json\/wp\/v2\/comments?post=12301"}],"version-history":[{"count":2,"href":"https:\/\/vinoforever.ee\/en\/wp-json\/wp\/v2\/product\/12301\/revisions"}],"predecessor-version":[{"id":12483,"href":"https:\/\/vinoforever.ee\/en\/wp-json\/wp\/v2\/product\/12301\/revisions\/12483"}],"wp:featuredmedia":[{"embeddable":true,"href":"https:\/\/vinoforever.ee\/en\/wp-json\/wp\/v2\/media\/12326"}],"wp:attachment":[{"href":"https:\/\/vinoforever.ee\/en\/wp-json\/wp\/v2\/media?parent=12301"}],"wp:term":[{"taxonomy":"product_brand","embeddable":true,"href":"https:\/\/vinoforever.ee\/en\/wp-json\/wp\/v2\/product_brand?post=12301"},{"taxonomy":"product_cat","embeddable":true,"href":"https:\/\/vinoforever.ee\/en\/wp-json\/wp\/v2\/product_cat?post=12301"},{"taxonomy":"product_tag","embeddable":true,"href":"https:\/\/vinoforever.ee\/en\/wp-json\/wp\/v2\/product_tag?post=12301"}],"curies":[{"name":"wp","href":"https:\/\/api.w.org\/{rel}","templated":true}]}}