{"id":12554,"date":"2025-12-18T14:21:35","date_gmt":"2025-12-18T12:21:35","guid":{"rendered":"https:\/\/vinoforever.ee\/?post_type=product&#038;p=12554"},"modified":"2026-04-02T20:27:40","modified_gmt":"2026-04-02T18:27:40","slug":"champagne-lhoste-origine-brut-demi","status":"publish","type":"product","link":"https:\/\/vinoforever.ee\/en\/toode\/champagne-lhoste-origine-brut-demi\/","title":{"rendered":"L`Hoste Champagne ORIGINE Brut Demi (375ml)"},"content":{"rendered":"<p><strong>Viinamarjad<\/strong>: 70% Chardonnay 30% Pinot Noir<\/p>\n<p><strong>Tootest<\/strong>: Champagne L\u2019Hoste Origine on elegantne ja peene karakteriga \u0161ampanja, mis toob esile klassikalise Chardonnay delikaatsuse koos Pinot Noiri s\u00e4rava viljakusega. Segus 70% Chardonnay\u2019d ja 30% Pinot Noir\u2019i ning dosaa\u017eiga 9 g\/l see cuv\u00e9e pakub suurep\u00e4rase tasakaalu ning kerget, puhta ja pidulikku stiili.<\/p>\n<p><strong>V\u00e4rvus &amp; mullid<\/strong> \u2013 hele kuldne s\u00e4ra, diskreetne vaht, mis annab juba visuaalselt lubaduse v\u00e4rskest ja elegant\u00adsest joogist.<\/p>\n<p><strong>Aroom &amp; maitse<\/strong> \u2013 v\u00e4rske ja karge buquet, milles tunda tsitruselised &#8211; laim, valget pirni ja brioche noodid. Tekstuur on pehme ja kreemine; Chardonnay annab struktuuri ja selguse, Pinot Noir pehmuse ning elegantse puuviljasuse.<\/p>\n<p><strong>Toidusoovitus<\/strong>: Sobib suurep\u00e4raselt aperitiiviks, mereandide ja kergemate kalaroogadega, aga ka elegantsete suupistete v\u00f5i valge lihaga tapas-t\u00fc\u00fcpi toitudega.<\/p>\n<p>T\u00e4nu oma selgusele ja elegant\u00adsusele sobib ka pidulikuks puhuks v\u00f5i eriliseks hetkeks s\u00f5prade seltsis.<\/p>\n<p><strong>Serveerimis temperatuur:<\/strong> 6-8\u00b0C<\/p>\n<p><strong>Alkoholisisaldus:<\/strong> 12,5%<\/p>\n<p><strong>Pudeli suurus:<\/strong> 37,5cl<\/p>\n","protected":false},"excerpt":{"rendered":"<p>Viinamarjad: 70% Chardonnay 30% Pinot Noir Tootest: Champagne L\u2019Hoste Origine on elegantne ja peene karakteriga \u0161ampanja, mis toob esile klassikalise<\/p>\n","protected":false},"featured_media":12545,"comment_status":"open","ping_status":"closed","template":"","meta":[],"product_brand":[],"product_cat":[71],"product_tag":[],"class_list":{"0":"post-12554","1":"product","2":"type-product","3":"status-publish","4":"has-post-thumbnail","6":"product_cat-vahuveinid","8":"first","9":"instock","10":"taxable","11":"shipping-taxable","12":"purchasable","13":"product-type-simple"},"yoast_head":"<!-- This site is optimized with the Yoast SEO plugin v27.1 - https:\/\/yoast.com\/product\/yoast-seo-wordpress\/ -->\n<title>L`Hoste Champagne ORIGINE Brut Demi (375ml) - Vinoforever<\/title>\n<meta name=\"description\" content=\"Vinoforever s\u00fcndis soovist pakkuda Eestis kvaliteetseid v\u00e4iksemate tootjate organic veine, teisis\u00f5nu maheveine.\" \/>\n<meta name=\"robots\" content=\"index, follow, max-snippet:-1, max-image-preview:large, max-video-preview:-1\" \/>\n<link rel=\"canonical\" href=\"https:\/\/vinoforever.ee\/en\/toode\/champagne-lhoste-origine-brut-demi\/\" \/>\n<meta property=\"og:locale\" content=\"en_US\" \/>\n<meta property=\"og:type\" content=\"article\" \/>\n<meta property=\"og:title\" content=\"L`Hoste Champagne ORIGINE Brut Demi (375ml) - Vinoforever\" \/>\n<meta property=\"og:description\" content=\"Vinoforever s\u00fcndis soovist pakkuda Eestis kvaliteetseid v\u00e4iksemate tootjate organic veine, teisis\u00f5nu maheveine.\" \/>\n<meta property=\"og:url\" content=\"https:\/\/vinoforever.ee\/en\/toode\/champagne-lhoste-origine-brut-demi\/\" \/>\n<meta property=\"og:site_name\" content=\"Vinoforever\" \/>\n<meta property=\"article:publisher\" content=\"https:\/\/www.facebook.com\/vinoforever\/\" \/>\n<meta property=\"article:modified_time\" content=\"2026-04-02T18:27:40+00:00\" \/>\n<meta property=\"og:image\" content=\"https:\/\/vinoforever.ee\/wp-content\/uploads\/2025\/12\/Origine-brut-e-pood.png\" \/>\n\t<meta property=\"og:image:width\" content=\"740\" \/>\n\t<meta property=\"og:image:height\" content=\"740\" \/>\n\t<meta property=\"og:image:type\" content=\"image\/png\" \/>\n<meta name=\"twitter:label1\" content=\"Est. reading time\" \/>\n\t<meta name=\"twitter:data1\" content=\"1 minute\" \/>\n<script type=\"application\/ld+json\" class=\"yoast-schema-graph\">{\"@context\":\"https:\/\/schema.org\",\"@graph\":[{\"@type\":\"WebPage\",\"@id\":\"https:\/\/vinoforever.ee\/en\/toode\/champagne-lhoste-origine-brut-demi\/\",\"url\":\"https:\/\/vinoforever.ee\/en\/toode\/champagne-lhoste-origine-brut-demi\/\",\"name\":\"L`Hoste Champagne ORIGINE Brut Demi (375ml) - Vinoforever\",\"isPartOf\":{\"@id\":\"https:\/\/vinoforever.ee\/en\/#website\"},\"primaryImageOfPage\":{\"@id\":\"https:\/\/vinoforever.ee\/en\/toode\/champagne-lhoste-origine-brut-demi\/#primaryimage\"},\"image\":{\"@id\":\"https:\/\/vinoforever.ee\/en\/toode\/champagne-lhoste-origine-brut-demi\/#primaryimage\"},\"thumbnailUrl\":\"https:\/\/vinoforever.ee\/wp-content\/uploads\/2025\/12\/Origine-brut-e-pood.png\",\"datePublished\":\"2025-12-18T12:21:35+00:00\",\"dateModified\":\"2026-04-02T18:27:40+00:00\",\"description\":\"Vinoforever s\u00fcndis soovist pakkuda Eestis kvaliteetseid v\u00e4iksemate tootjate organic veine, teisis\u00f5nu maheveine.\",\"breadcrumb\":{\"@id\":\"https:\/\/vinoforever.ee\/en\/toode\/champagne-lhoste-origine-brut-demi\/#breadcrumb\"},\"inLanguage\":\"en-US\",\"potentialAction\":[{\"@type\":\"ReadAction\",\"target\":[\"https:\/\/vinoforever.ee\/en\/toode\/champagne-lhoste-origine-brut-demi\/\"]}]},{\"@type\":\"ImageObject\",\"inLanguage\":\"en-US\",\"@id\":\"https:\/\/vinoforever.ee\/en\/toode\/champagne-lhoste-origine-brut-demi\/#primaryimage\",\"url\":\"https:\/\/vinoforever.ee\/wp-content\/uploads\/2025\/12\/Origine-brut-e-pood.png\",\"contentUrl\":\"https:\/\/vinoforever.ee\/wp-content\/uploads\/2025\/12\/Origine-brut-e-pood.png\",\"width\":740,\"height\":740},{\"@type\":\"BreadcrumbList\",\"@id\":\"https:\/\/vinoforever.ee\/en\/toode\/champagne-lhoste-origine-brut-demi\/#breadcrumb\",\"itemListElement\":[{\"@type\":\"ListItem\",\"position\":1,\"name\":\"Home\",\"item\":\"https:\/\/vinoforever.ee\/en\/\"},{\"@type\":\"ListItem\",\"position\":2,\"name\":\"Shop\",\"item\":\"https:\/\/vinoforever.ee\/en\/shop\/\"},{\"@type\":\"ListItem\",\"position\":3,\"name\":\"L`Hoste Champagne ORIGINE Brut Demi (375ml)\"}]},{\"@type\":\"WebSite\",\"@id\":\"https:\/\/vinoforever.ee\/en\/#website\",\"url\":\"https:\/\/vinoforever.ee\/en\/\",\"name\":\"Vinoforever\",\"description\":\"Ainult head veinid\",\"publisher\":{\"@id\":\"https:\/\/vinoforever.ee\/en\/#organization\"},\"alternateName\":\"Mahedad veinid tunnustatud veinimajadelt\",\"potentialAction\":[{\"@type\":\"SearchAction\",\"target\":{\"@type\":\"EntryPoint\",\"urlTemplate\":\"https:\/\/vinoforever.ee\/en\/?s={search_term_string}\"},\"query-input\":{\"@type\":\"PropertyValueSpecification\",\"valueRequired\":true,\"valueName\":\"search_term_string\"}}],\"inLanguage\":\"en-US\"},{\"@type\":\"Organization\",\"@id\":\"https:\/\/vinoforever.ee\/en\/#organization\",\"name\":\"Vinoforever O\u00dc\",\"url\":\"https:\/\/vinoforever.ee\/en\/\",\"logo\":{\"@type\":\"ImageObject\",\"inLanguage\":\"en-US\",\"@id\":\"https:\/\/vinoforever.ee\/en\/#\/schema\/logo\/image\/\",\"url\":\"https:\/\/vinoforever.ee\/wp-content\/uploads\/2023\/01\/VinoForever_logo.png\",\"contentUrl\":\"https:\/\/vinoforever.ee\/wp-content\/uploads\/2023\/01\/VinoForever_logo.png\",\"width\":800,\"height\":300,\"caption\":\"Vinoforever O\u00dc\"},\"image\":{\"@id\":\"https:\/\/vinoforever.ee\/en\/#\/schema\/logo\/image\/\"},\"sameAs\":[\"https:\/\/www.facebook.com\/vinoforever\/\",\"https:\/\/www.instagram.com\/vinoforever_wines\/\"]}]}<\/script>\n<!-- \/ Yoast SEO plugin. -->","yoast_head_json":{"title":"L`Hoste Champagne ORIGINE Brut Demi (375ml) - Vinoforever","description":"Vinoforever s\u00fcndis soovist pakkuda Eestis kvaliteetseid v\u00e4iksemate tootjate organic veine, teisis\u00f5nu maheveine.","robots":{"index":"index","follow":"follow","max-snippet":"max-snippet:-1","max-image-preview":"max-image-preview:large","max-video-preview":"max-video-preview:-1"},"canonical":"https:\/\/vinoforever.ee\/en\/toode\/champagne-lhoste-origine-brut-demi\/","og_locale":"en_US","og_type":"article","og_title":"L`Hoste Champagne ORIGINE Brut Demi (375ml) - Vinoforever","og_description":"Vinoforever s\u00fcndis soovist pakkuda Eestis kvaliteetseid v\u00e4iksemate tootjate organic veine, teisis\u00f5nu maheveine.","og_url":"https:\/\/vinoforever.ee\/en\/toode\/champagne-lhoste-origine-brut-demi\/","og_site_name":"Vinoforever","article_publisher":"https:\/\/www.facebook.com\/vinoforever\/","article_modified_time":"2026-04-02T18:27:40+00:00","og_image":[{"width":740,"height":740,"url":"https:\/\/vinoforever.ee\/wp-content\/uploads\/2025\/12\/Origine-brut-e-pood.png","type":"image\/png"}],"twitter_misc":{"Est. reading time":"1 minute"},"schema":{"@context":"https:\/\/schema.org","@graph":[{"@type":"WebPage","@id":"https:\/\/vinoforever.ee\/en\/toode\/champagne-lhoste-origine-brut-demi\/","url":"https:\/\/vinoforever.ee\/en\/toode\/champagne-lhoste-origine-brut-demi\/","name":"L`Hoste Champagne ORIGINE Brut Demi (375ml) - Vinoforever","isPartOf":{"@id":"https:\/\/vinoforever.ee\/en\/#website"},"primaryImageOfPage":{"@id":"https:\/\/vinoforever.ee\/en\/toode\/champagne-lhoste-origine-brut-demi\/#primaryimage"},"image":{"@id":"https:\/\/vinoforever.ee\/en\/toode\/champagne-lhoste-origine-brut-demi\/#primaryimage"},"thumbnailUrl":"https:\/\/vinoforever.ee\/wp-content\/uploads\/2025\/12\/Origine-brut-e-pood.png","datePublished":"2025-12-18T12:21:35+00:00","dateModified":"2026-04-02T18:27:40+00:00","description":"Vinoforever s\u00fcndis soovist pakkuda Eestis kvaliteetseid v\u00e4iksemate tootjate organic veine, teisis\u00f5nu maheveine.","breadcrumb":{"@id":"https:\/\/vinoforever.ee\/en\/toode\/champagne-lhoste-origine-brut-demi\/#breadcrumb"},"inLanguage":"en-US","potentialAction":[{"@type":"ReadAction","target":["https:\/\/vinoforever.ee\/en\/toode\/champagne-lhoste-origine-brut-demi\/"]}]},{"@type":"ImageObject","inLanguage":"en-US","@id":"https:\/\/vinoforever.ee\/en\/toode\/champagne-lhoste-origine-brut-demi\/#primaryimage","url":"https:\/\/vinoforever.ee\/wp-content\/uploads\/2025\/12\/Origine-brut-e-pood.png","contentUrl":"https:\/\/vinoforever.ee\/wp-content\/uploads\/2025\/12\/Origine-brut-e-pood.png","width":740,"height":740},{"@type":"BreadcrumbList","@id":"https:\/\/vinoforever.ee\/en\/toode\/champagne-lhoste-origine-brut-demi\/#breadcrumb","itemListElement":[{"@type":"ListItem","position":1,"name":"Home","item":"https:\/\/vinoforever.ee\/en\/"},{"@type":"ListItem","position":2,"name":"Shop","item":"https:\/\/vinoforever.ee\/en\/shop\/"},{"@type":"ListItem","position":3,"name":"L`Hoste Champagne ORIGINE Brut Demi (375ml)"}]},{"@type":"WebSite","@id":"https:\/\/vinoforever.ee\/en\/#website","url":"https:\/\/vinoforever.ee\/en\/","name":"Vinoforever","description":"Ainult head veinid","publisher":{"@id":"https:\/\/vinoforever.ee\/en\/#organization"},"alternateName":"Mahedad veinid tunnustatud veinimajadelt","potentialAction":[{"@type":"SearchAction","target":{"@type":"EntryPoint","urlTemplate":"https:\/\/vinoforever.ee\/en\/?s={search_term_string}"},"query-input":{"@type":"PropertyValueSpecification","valueRequired":true,"valueName":"search_term_string"}}],"inLanguage":"en-US"},{"@type":"Organization","@id":"https:\/\/vinoforever.ee\/en\/#organization","name":"Vinoforever O\u00dc","url":"https:\/\/vinoforever.ee\/en\/","logo":{"@type":"ImageObject","inLanguage":"en-US","@id":"https:\/\/vinoforever.ee\/en\/#\/schema\/logo\/image\/","url":"https:\/\/vinoforever.ee\/wp-content\/uploads\/2023\/01\/VinoForever_logo.png","contentUrl":"https:\/\/vinoforever.ee\/wp-content\/uploads\/2023\/01\/VinoForever_logo.png","width":800,"height":300,"caption":"Vinoforever O\u00dc"},"image":{"@id":"https:\/\/vinoforever.ee\/en\/#\/schema\/logo\/image\/"},"sameAs":["https:\/\/www.facebook.com\/vinoforever\/","https:\/\/www.instagram.com\/vinoforever_wines\/"]}]}},"_links":{"self":[{"href":"https:\/\/vinoforever.ee\/en\/wp-json\/wp\/v2\/product\/12554","targetHints":{"allow":["GET"]}}],"collection":[{"href":"https:\/\/vinoforever.ee\/en\/wp-json\/wp\/v2\/product"}],"about":[{"href":"https:\/\/vinoforever.ee\/en\/wp-json\/wp\/v2\/types\/product"}],"replies":[{"embeddable":true,"href":"https:\/\/vinoforever.ee\/en\/wp-json\/wp\/v2\/comments?post=12554"}],"version-history":[{"count":3,"href":"https:\/\/vinoforever.ee\/en\/wp-json\/wp\/v2\/product\/12554\/revisions"}],"predecessor-version":[{"id":12604,"href":"https:\/\/vinoforever.ee\/en\/wp-json\/wp\/v2\/product\/12554\/revisions\/12604"}],"wp:featuredmedia":[{"embeddable":true,"href":"https:\/\/vinoforever.ee\/en\/wp-json\/wp\/v2\/media\/12545"}],"wp:attachment":[{"href":"https:\/\/vinoforever.ee\/en\/wp-json\/wp\/v2\/media?parent=12554"}],"wp:term":[{"taxonomy":"product_brand","embeddable":true,"href":"https:\/\/vinoforever.ee\/en\/wp-json\/wp\/v2\/product_brand?post=12554"},{"taxonomy":"product_cat","embeddable":true,"href":"https:\/\/vinoforever.ee\/en\/wp-json\/wp\/v2\/product_cat?post=12554"},{"taxonomy":"product_tag","embeddable":true,"href":"https:\/\/vinoforever.ee\/en\/wp-json\/wp\/v2\/product_tag?post=12554"}],"curies":[{"name":"wp","href":"https:\/\/api.w.org\/{rel}","templated":true}]}}