{"id":12562,"date":"2025-12-18T15:01:03","date_gmt":"2025-12-18T13:01:03","guid":{"rendered":"https:\/\/vinoforever.ee\/?post_type=product&#038;p=12562"},"modified":"2026-04-02T20:26:29","modified_gmt":"2026-04-02T18:26:29","slug":"lhoste-champagne-blanc-de-blanc-grand-cru-millesime-2015","status":"publish","type":"product","link":"https:\/\/vinoforever.ee\/en\/toode\/lhoste-champagne-blanc-de-blanc-grand-cru-millesime-2015\/","title":{"rendered":"L`Hoste Champagne Blanc de Blanc Grand Cru Millesime 2015"},"content":{"rendered":"<p><strong>Viinamarjad<\/strong>: 100% Chardonnay (Chouilly)<\/p>\n<p><strong>Tootest<\/strong>: Haruldane Blanc de Blancs Grand Cru suurep\u00e4rasest 2015. aastak\u00e4igust. Rikas, elegantne ja mineraalne \u2013 tsitruskonfit, valged \u00f5ied, brioche ja pikk, kriidine j\u00e4relmaitse.<\/p>\n<p>Aroomis tunda v\u00e4rskeid tsitruselisi, valget pirni ja \u00f5rna brioche\u2019i alatooni. Maitse on puhas, mineraalne ja h\u00e4sti struktureeritud, peene mulliga ja meeldivalt v\u00e4rske l\u00f5puga. Ideaalne pidulikeks hetkeks, gastronoomilisteks \u00f5htus\u00f6\u00f6kideks v\u00f5i klaasiks eriliseks naudinguks.<\/p>\n<p><strong>Toidusoovitus<\/strong>:<\/p>\n<ul>\n<li>Eesti tuur v\u00f5i suitsuangerjas<\/li>\n<li>V\u00f5is r\u00f6stitud homaar v\u00f5i kammkarbid<\/li>\n<li>Kana kreemja seenekastmega (puravik, kukeseen)<\/li>\n<li>Laagerdunud juustud (Gruy\u00e8re, Parmesan, vana Gouda)<\/li>\n<li>Pidulikud talvised j\u00f5uluroad<\/li>\n<\/ul>\n<p><strong>Serveerimis temperatuur:<\/strong> 8-10\u00b0C<\/p>\n<p><strong>Alkoholisisaldus:<\/strong> 12,5%<\/p>\n<p><strong>Pudeli suurus:<\/strong> 75cl<\/p>\n","protected":false},"excerpt":{"rendered":"<p>Viinamarjad: 100% Chardonnay (Chouilly) Tootest: Haruldane Blanc de Blancs Grand Cru suurep\u00e4rasest 2015. aastak\u00e4igust. Rikas, elegantne ja mineraalne \u2013 tsitruskonfit,<\/p>\n","protected":false},"featured_media":12543,"comment_status":"open","ping_status":"closed","template":"","meta":[],"product_brand":[],"product_cat":[71],"product_tag":[],"class_list":{"0":"post-12562","1":"product","2":"type-product","3":"status-publish","4":"has-post-thumbnail","6":"product_cat-vahuveinid","8":"first","9":"instock","10":"taxable","11":"shipping-taxable","12":"purchasable","13":"product-type-simple"},"yoast_head":"<!-- This site is optimized with the Yoast SEO plugin v27.1 - https:\/\/yoast.com\/product\/yoast-seo-wordpress\/ -->\n<title>L`Hoste Champagne Blanc de Blanc Grand Cru Millesime 2015 - Vinoforever<\/title>\n<meta name=\"description\" content=\"Vinoforever s\u00fcndis soovist pakkuda Eestis kvaliteetseid v\u00e4iksemate tootjate organic veine, teisis\u00f5nu maheveine.\" \/>\n<meta name=\"robots\" content=\"index, follow, max-snippet:-1, max-image-preview:large, max-video-preview:-1\" \/>\n<link rel=\"canonical\" href=\"https:\/\/vinoforever.ee\/en\/toode\/lhoste-champagne-blanc-de-blanc-grand-cru-millesime-2015\/\" \/>\n<meta property=\"og:locale\" content=\"en_US\" \/>\n<meta property=\"og:type\" content=\"article\" \/>\n<meta property=\"og:title\" content=\"L`Hoste Champagne Blanc de Blanc Grand Cru Millesime 2015 - Vinoforever\" \/>\n<meta property=\"og:description\" content=\"Vinoforever s\u00fcndis soovist pakkuda Eestis kvaliteetseid v\u00e4iksemate tootjate organic veine, teisis\u00f5nu maheveine.\" \/>\n<meta property=\"og:url\" content=\"https:\/\/vinoforever.ee\/en\/toode\/lhoste-champagne-blanc-de-blanc-grand-cru-millesime-2015\/\" \/>\n<meta property=\"og:site_name\" content=\"Vinoforever\" \/>\n<meta property=\"article:publisher\" content=\"https:\/\/www.facebook.com\/vinoforever\/\" \/>\n<meta property=\"article:modified_time\" content=\"2026-04-02T18:26:29+00:00\" \/>\n<meta property=\"og:image\" content=\"https:\/\/vinoforever.ee\/wp-content\/uploads\/2025\/12\/Millesime-e-pood.png\" \/>\n\t<meta property=\"og:image:width\" content=\"740\" \/>\n\t<meta property=\"og:image:height\" content=\"740\" \/>\n\t<meta property=\"og:image:type\" content=\"image\/png\" \/>\n<meta name=\"twitter:label1\" content=\"Est. reading time\" \/>\n\t<meta name=\"twitter:data1\" content=\"1 minute\" \/>\n<script type=\"application\/ld+json\" class=\"yoast-schema-graph\">{\"@context\":\"https:\/\/schema.org\",\"@graph\":[{\"@type\":\"WebPage\",\"@id\":\"https:\/\/vinoforever.ee\/en\/toode\/lhoste-champagne-blanc-de-blanc-grand-cru-millesime-2015\/\",\"url\":\"https:\/\/vinoforever.ee\/en\/toode\/lhoste-champagne-blanc-de-blanc-grand-cru-millesime-2015\/\",\"name\":\"L`Hoste Champagne Blanc de Blanc Grand Cru Millesime 2015 - Vinoforever\",\"isPartOf\":{\"@id\":\"https:\/\/vinoforever.ee\/en\/#website\"},\"primaryImageOfPage\":{\"@id\":\"https:\/\/vinoforever.ee\/en\/toode\/lhoste-champagne-blanc-de-blanc-grand-cru-millesime-2015\/#primaryimage\"},\"image\":{\"@id\":\"https:\/\/vinoforever.ee\/en\/toode\/lhoste-champagne-blanc-de-blanc-grand-cru-millesime-2015\/#primaryimage\"},\"thumbnailUrl\":\"https:\/\/vinoforever.ee\/wp-content\/uploads\/2025\/12\/Millesime-e-pood.png\",\"datePublished\":\"2025-12-18T13:01:03+00:00\",\"dateModified\":\"2026-04-02T18:26:29+00:00\",\"description\":\"Vinoforever s\u00fcndis soovist pakkuda Eestis kvaliteetseid v\u00e4iksemate tootjate organic veine, teisis\u00f5nu maheveine.\",\"breadcrumb\":{\"@id\":\"https:\/\/vinoforever.ee\/en\/toode\/lhoste-champagne-blanc-de-blanc-grand-cru-millesime-2015\/#breadcrumb\"},\"inLanguage\":\"en-US\",\"potentialAction\":[{\"@type\":\"ReadAction\",\"target\":[\"https:\/\/vinoforever.ee\/en\/toode\/lhoste-champagne-blanc-de-blanc-grand-cru-millesime-2015\/\"]}]},{\"@type\":\"ImageObject\",\"inLanguage\":\"en-US\",\"@id\":\"https:\/\/vinoforever.ee\/en\/toode\/lhoste-champagne-blanc-de-blanc-grand-cru-millesime-2015\/#primaryimage\",\"url\":\"https:\/\/vinoforever.ee\/wp-content\/uploads\/2025\/12\/Millesime-e-pood.png\",\"contentUrl\":\"https:\/\/vinoforever.ee\/wp-content\/uploads\/2025\/12\/Millesime-e-pood.png\",\"width\":740,\"height\":740},{\"@type\":\"BreadcrumbList\",\"@id\":\"https:\/\/vinoforever.ee\/en\/toode\/lhoste-champagne-blanc-de-blanc-grand-cru-millesime-2015\/#breadcrumb\",\"itemListElement\":[{\"@type\":\"ListItem\",\"position\":1,\"name\":\"Home\",\"item\":\"https:\/\/vinoforever.ee\/en\/\"},{\"@type\":\"ListItem\",\"position\":2,\"name\":\"Shop\",\"item\":\"https:\/\/vinoforever.ee\/en\/shop\/\"},{\"@type\":\"ListItem\",\"position\":3,\"name\":\"L`Hoste Champagne Blanc de Blanc Grand Cru Millesime 2015\"}]},{\"@type\":\"WebSite\",\"@id\":\"https:\/\/vinoforever.ee\/en\/#website\",\"url\":\"https:\/\/vinoforever.ee\/en\/\",\"name\":\"Vinoforever\",\"description\":\"Ainult head veinid\",\"publisher\":{\"@id\":\"https:\/\/vinoforever.ee\/en\/#organization\"},\"alternateName\":\"Mahedad veinid tunnustatud veinimajadelt\",\"potentialAction\":[{\"@type\":\"SearchAction\",\"target\":{\"@type\":\"EntryPoint\",\"urlTemplate\":\"https:\/\/vinoforever.ee\/en\/?s={search_term_string}\"},\"query-input\":{\"@type\":\"PropertyValueSpecification\",\"valueRequired\":true,\"valueName\":\"search_term_string\"}}],\"inLanguage\":\"en-US\"},{\"@type\":\"Organization\",\"@id\":\"https:\/\/vinoforever.ee\/en\/#organization\",\"name\":\"Vinoforever O\u00dc\",\"url\":\"https:\/\/vinoforever.ee\/en\/\",\"logo\":{\"@type\":\"ImageObject\",\"inLanguage\":\"en-US\",\"@id\":\"https:\/\/vinoforever.ee\/en\/#\/schema\/logo\/image\/\",\"url\":\"https:\/\/vinoforever.ee\/wp-content\/uploads\/2023\/01\/VinoForever_logo.png\",\"contentUrl\":\"https:\/\/vinoforever.ee\/wp-content\/uploads\/2023\/01\/VinoForever_logo.png\",\"width\":800,\"height\":300,\"caption\":\"Vinoforever O\u00dc\"},\"image\":{\"@id\":\"https:\/\/vinoforever.ee\/en\/#\/schema\/logo\/image\/\"},\"sameAs\":[\"https:\/\/www.facebook.com\/vinoforever\/\",\"https:\/\/www.instagram.com\/vinoforever_wines\/\"]}]}<\/script>\n<!-- \/ Yoast SEO plugin. -->","yoast_head_json":{"title":"L`Hoste Champagne Blanc de Blanc Grand Cru Millesime 2015 - Vinoforever","description":"Vinoforever s\u00fcndis soovist pakkuda Eestis kvaliteetseid v\u00e4iksemate tootjate organic veine, teisis\u00f5nu maheveine.","robots":{"index":"index","follow":"follow","max-snippet":"max-snippet:-1","max-image-preview":"max-image-preview:large","max-video-preview":"max-video-preview:-1"},"canonical":"https:\/\/vinoforever.ee\/en\/toode\/lhoste-champagne-blanc-de-blanc-grand-cru-millesime-2015\/","og_locale":"en_US","og_type":"article","og_title":"L`Hoste Champagne Blanc de Blanc Grand Cru Millesime 2015 - Vinoforever","og_description":"Vinoforever s\u00fcndis soovist pakkuda Eestis kvaliteetseid v\u00e4iksemate tootjate organic veine, teisis\u00f5nu maheveine.","og_url":"https:\/\/vinoforever.ee\/en\/toode\/lhoste-champagne-blanc-de-blanc-grand-cru-millesime-2015\/","og_site_name":"Vinoforever","article_publisher":"https:\/\/www.facebook.com\/vinoforever\/","article_modified_time":"2026-04-02T18:26:29+00:00","og_image":[{"width":740,"height":740,"url":"https:\/\/vinoforever.ee\/wp-content\/uploads\/2025\/12\/Millesime-e-pood.png","type":"image\/png"}],"twitter_misc":{"Est. reading time":"1 minute"},"schema":{"@context":"https:\/\/schema.org","@graph":[{"@type":"WebPage","@id":"https:\/\/vinoforever.ee\/en\/toode\/lhoste-champagne-blanc-de-blanc-grand-cru-millesime-2015\/","url":"https:\/\/vinoforever.ee\/en\/toode\/lhoste-champagne-blanc-de-blanc-grand-cru-millesime-2015\/","name":"L`Hoste Champagne Blanc de Blanc Grand Cru Millesime 2015 - Vinoforever","isPartOf":{"@id":"https:\/\/vinoforever.ee\/en\/#website"},"primaryImageOfPage":{"@id":"https:\/\/vinoforever.ee\/en\/toode\/lhoste-champagne-blanc-de-blanc-grand-cru-millesime-2015\/#primaryimage"},"image":{"@id":"https:\/\/vinoforever.ee\/en\/toode\/lhoste-champagne-blanc-de-blanc-grand-cru-millesime-2015\/#primaryimage"},"thumbnailUrl":"https:\/\/vinoforever.ee\/wp-content\/uploads\/2025\/12\/Millesime-e-pood.png","datePublished":"2025-12-18T13:01:03+00:00","dateModified":"2026-04-02T18:26:29+00:00","description":"Vinoforever s\u00fcndis soovist pakkuda Eestis kvaliteetseid v\u00e4iksemate tootjate organic veine, teisis\u00f5nu maheveine.","breadcrumb":{"@id":"https:\/\/vinoforever.ee\/en\/toode\/lhoste-champagne-blanc-de-blanc-grand-cru-millesime-2015\/#breadcrumb"},"inLanguage":"en-US","potentialAction":[{"@type":"ReadAction","target":["https:\/\/vinoforever.ee\/en\/toode\/lhoste-champagne-blanc-de-blanc-grand-cru-millesime-2015\/"]}]},{"@type":"ImageObject","inLanguage":"en-US","@id":"https:\/\/vinoforever.ee\/en\/toode\/lhoste-champagne-blanc-de-blanc-grand-cru-millesime-2015\/#primaryimage","url":"https:\/\/vinoforever.ee\/wp-content\/uploads\/2025\/12\/Millesime-e-pood.png","contentUrl":"https:\/\/vinoforever.ee\/wp-content\/uploads\/2025\/12\/Millesime-e-pood.png","width":740,"height":740},{"@type":"BreadcrumbList","@id":"https:\/\/vinoforever.ee\/en\/toode\/lhoste-champagne-blanc-de-blanc-grand-cru-millesime-2015\/#breadcrumb","itemListElement":[{"@type":"ListItem","position":1,"name":"Home","item":"https:\/\/vinoforever.ee\/en\/"},{"@type":"ListItem","position":2,"name":"Shop","item":"https:\/\/vinoforever.ee\/en\/shop\/"},{"@type":"ListItem","position":3,"name":"L`Hoste Champagne Blanc de Blanc Grand Cru Millesime 2015"}]},{"@type":"WebSite","@id":"https:\/\/vinoforever.ee\/en\/#website","url":"https:\/\/vinoforever.ee\/en\/","name":"Vinoforever","description":"Ainult head veinid","publisher":{"@id":"https:\/\/vinoforever.ee\/en\/#organization"},"alternateName":"Mahedad veinid tunnustatud veinimajadelt","potentialAction":[{"@type":"SearchAction","target":{"@type":"EntryPoint","urlTemplate":"https:\/\/vinoforever.ee\/en\/?s={search_term_string}"},"query-input":{"@type":"PropertyValueSpecification","valueRequired":true,"valueName":"search_term_string"}}],"inLanguage":"en-US"},{"@type":"Organization","@id":"https:\/\/vinoforever.ee\/en\/#organization","name":"Vinoforever O\u00dc","url":"https:\/\/vinoforever.ee\/en\/","logo":{"@type":"ImageObject","inLanguage":"en-US","@id":"https:\/\/vinoforever.ee\/en\/#\/schema\/logo\/image\/","url":"https:\/\/vinoforever.ee\/wp-content\/uploads\/2023\/01\/VinoForever_logo.png","contentUrl":"https:\/\/vinoforever.ee\/wp-content\/uploads\/2023\/01\/VinoForever_logo.png","width":800,"height":300,"caption":"Vinoforever O\u00dc"},"image":{"@id":"https:\/\/vinoforever.ee\/en\/#\/schema\/logo\/image\/"},"sameAs":["https:\/\/www.facebook.com\/vinoforever\/","https:\/\/www.instagram.com\/vinoforever_wines\/"]}]}},"_links":{"self":[{"href":"https:\/\/vinoforever.ee\/en\/wp-json\/wp\/v2\/product\/12562","targetHints":{"allow":["GET"]}}],"collection":[{"href":"https:\/\/vinoforever.ee\/en\/wp-json\/wp\/v2\/product"}],"about":[{"href":"https:\/\/vinoforever.ee\/en\/wp-json\/wp\/v2\/types\/product"}],"replies":[{"embeddable":true,"href":"https:\/\/vinoforever.ee\/en\/wp-json\/wp\/v2\/comments?post=12562"}],"version-history":[{"count":1,"href":"https:\/\/vinoforever.ee\/en\/wp-json\/wp\/v2\/product\/12562\/revisions"}],"predecessor-version":[{"id":12563,"href":"https:\/\/vinoforever.ee\/en\/wp-json\/wp\/v2\/product\/12562\/revisions\/12563"}],"wp:featuredmedia":[{"embeddable":true,"href":"https:\/\/vinoforever.ee\/en\/wp-json\/wp\/v2\/media\/12543"}],"wp:attachment":[{"href":"https:\/\/vinoforever.ee\/en\/wp-json\/wp\/v2\/media?parent=12562"}],"wp:term":[{"taxonomy":"product_brand","embeddable":true,"href":"https:\/\/vinoforever.ee\/en\/wp-json\/wp\/v2\/product_brand?post=12562"},{"taxonomy":"product_cat","embeddable":true,"href":"https:\/\/vinoforever.ee\/en\/wp-json\/wp\/v2\/product_cat?post=12562"},{"taxonomy":"product_tag","embeddable":true,"href":"https:\/\/vinoforever.ee\/en\/wp-json\/wp\/v2\/product_tag?post=12562"}],"curies":[{"name":"wp","href":"https:\/\/api.w.org\/{rel}","templated":true}]}}