{"id":12610,"date":"2026-01-17T10:46:12","date_gmt":"2026-01-17T08:46:12","guid":{"rendered":"https:\/\/vinoforever.ee\/?post_type=product&#038;p=12610"},"modified":"2026-01-17T12:43:29","modified_gmt":"2026-01-17T10:43:29","slug":"lhoste-champagne-prestige-terroir-de-chardonnay-brut-magnum","status":"publish","type":"product","link":"https:\/\/vinoforever.ee\/en\/toode\/lhoste-champagne-prestige-terroir-de-chardonnay-brut-magnum\/","title":{"rendered":"L`Hoste Champagne Prestige Terroir de Chardonnay Brut Magnum"},"content":{"rendered":"<p><strong>Viinamarjad<\/strong>: Monoc\u00e9page 100% Chardonnay<\/p>\n<p><strong>Tootest<\/strong>: Champagne L\u2019Hoste Cuv\u00e9e Prestige on v\u00e4ljapeetud ja rafineeritud \u0161ampanja, mis peegeldab maja k\u00f5ige parema terroiri ja viinamarjadest valitud parimat saaki.<\/p>\n<p>Aroomis avaneb pehme elegantsus \u2014 valged puuviljad, \u00f5rn tsitruselisus ja brioche\u2011alatoon, mis viitab pika laagerdumise ja kvaliteetse viimistluse luksusele. Maitses on vein h\u00e4sti tasakaalustatud ja struktuurne, meeldiva kreemja tekstuuri ja peene, siidise mulliga.<\/p>\n<p>See cuv\u00e9e on ideaalne valik pidulikeks hetkeks, gastronoomilisteks \u00f5htus\u00f6\u00f6kideks v\u00f5i reisiks maitsete maailma \u2014 luksuslik \u0161ampanja, mis hindab elegantset lihtsust.<\/p>\n<p><strong>Serveerimis temperatuur:<\/strong> 8-10\u00b0C<\/p>\n<p><strong>Alkoholisisaldus:<\/strong> 12,5%<\/p>\n<p><strong>Pudeli suurus:<\/strong> 150cl<\/p>\n","protected":false},"excerpt":{"rendered":"<p>Viinamarjad: Monoc\u00e9page 100% Chardonnay Tootest: Champagne L\u2019Hoste Cuv\u00e9e Prestige on v\u00e4ljapeetud ja rafineeritud \u0161ampanja, mis peegeldab maja k\u00f5ige parema terroiri<\/p>\n","protected":false},"featured_media":12549,"comment_status":"open","ping_status":"closed","template":"","meta":[],"product_brand":[],"product_cat":[155,71],"product_tag":[],"class_list":{"0":"post-12610","1":"product","2":"type-product","3":"status-publish","4":"has-post-thumbnail","6":"product_cat-sooduspakkumised","7":"product_cat-vahuveinid","9":"first","10":"instock","11":"sale","12":"taxable","13":"shipping-taxable","14":"purchasable","15":"product-type-simple"},"yoast_head":"<!-- This site is optimized with the Yoast SEO plugin v27.1 - https:\/\/yoast.com\/product\/yoast-seo-wordpress\/ -->\n<title>L`Hoste Champagne Prestige Terroir de Chardonnay Brut Magnum - Vinoforever<\/title>\n<meta name=\"description\" content=\"Vinoforever s\u00fcndis soovist pakkuda Eestis kvaliteetseid v\u00e4iksemate tootjate organic veine, teisis\u00f5nu maheveine.\" \/>\n<meta name=\"robots\" content=\"index, follow, max-snippet:-1, max-image-preview:large, max-video-preview:-1\" \/>\n<link rel=\"canonical\" href=\"https:\/\/vinoforever.ee\/en\/toode\/lhoste-champagne-prestige-terroir-de-chardonnay-brut-magnum\/\" \/>\n<meta property=\"og:locale\" content=\"en_US\" \/>\n<meta property=\"og:type\" content=\"article\" \/>\n<meta property=\"og:title\" content=\"L`Hoste Champagne Prestige Terroir de Chardonnay Brut Magnum - Vinoforever\" \/>\n<meta property=\"og:description\" content=\"Vinoforever s\u00fcndis soovist pakkuda Eestis kvaliteetseid v\u00e4iksemate tootjate organic veine, teisis\u00f5nu maheveine.\" \/>\n<meta property=\"og:url\" content=\"https:\/\/vinoforever.ee\/en\/toode\/lhoste-champagne-prestige-terroir-de-chardonnay-brut-magnum\/\" \/>\n<meta property=\"og:site_name\" content=\"Vinoforever\" \/>\n<meta property=\"article:publisher\" content=\"https:\/\/www.facebook.com\/vinoforever\/\" \/>\n<meta property=\"article:modified_time\" content=\"2026-01-17T10:43:29+00:00\" \/>\n<meta property=\"og:image\" content=\"https:\/\/vinoforever.ee\/wp-content\/uploads\/2025\/12\/Prestige-e-pood.png\" \/>\n\t<meta property=\"og:image:width\" content=\"740\" \/>\n\t<meta property=\"og:image:height\" content=\"740\" \/>\n\t<meta property=\"og:image:type\" content=\"image\/png\" \/>\n<meta name=\"twitter:label1\" content=\"Est. reading time\" \/>\n\t<meta name=\"twitter:data1\" content=\"1 minute\" \/>\n<script type=\"application\/ld+json\" class=\"yoast-schema-graph\">{\"@context\":\"https:\/\/schema.org\",\"@graph\":[{\"@type\":\"WebPage\",\"@id\":\"https:\/\/vinoforever.ee\/en\/toode\/lhoste-champagne-prestige-terroir-de-chardonnay-brut-magnum\/\",\"url\":\"https:\/\/vinoforever.ee\/en\/toode\/lhoste-champagne-prestige-terroir-de-chardonnay-brut-magnum\/\",\"name\":\"L`Hoste Champagne Prestige Terroir de Chardonnay Brut Magnum - Vinoforever\",\"isPartOf\":{\"@id\":\"https:\/\/vinoforever.ee\/en\/#website\"},\"primaryImageOfPage\":{\"@id\":\"https:\/\/vinoforever.ee\/en\/toode\/lhoste-champagne-prestige-terroir-de-chardonnay-brut-magnum\/#primaryimage\"},\"image\":{\"@id\":\"https:\/\/vinoforever.ee\/en\/toode\/lhoste-champagne-prestige-terroir-de-chardonnay-brut-magnum\/#primaryimage\"},\"thumbnailUrl\":\"https:\/\/vinoforever.ee\/wp-content\/uploads\/2025\/12\/Prestige-e-pood.png\",\"datePublished\":\"2026-01-17T08:46:12+00:00\",\"dateModified\":\"2026-01-17T10:43:29+00:00\",\"description\":\"Vinoforever s\u00fcndis soovist pakkuda Eestis kvaliteetseid v\u00e4iksemate tootjate organic veine, teisis\u00f5nu maheveine.\",\"breadcrumb\":{\"@id\":\"https:\/\/vinoforever.ee\/en\/toode\/lhoste-champagne-prestige-terroir-de-chardonnay-brut-magnum\/#breadcrumb\"},\"inLanguage\":\"en-US\",\"potentialAction\":[{\"@type\":\"ReadAction\",\"target\":[\"https:\/\/vinoforever.ee\/en\/toode\/lhoste-champagne-prestige-terroir-de-chardonnay-brut-magnum\/\"]}]},{\"@type\":\"ImageObject\",\"inLanguage\":\"en-US\",\"@id\":\"https:\/\/vinoforever.ee\/en\/toode\/lhoste-champagne-prestige-terroir-de-chardonnay-brut-magnum\/#primaryimage\",\"url\":\"https:\/\/vinoforever.ee\/wp-content\/uploads\/2025\/12\/Prestige-e-pood.png\",\"contentUrl\":\"https:\/\/vinoforever.ee\/wp-content\/uploads\/2025\/12\/Prestige-e-pood.png\",\"width\":740,\"height\":740},{\"@type\":\"BreadcrumbList\",\"@id\":\"https:\/\/vinoforever.ee\/en\/toode\/lhoste-champagne-prestige-terroir-de-chardonnay-brut-magnum\/#breadcrumb\",\"itemListElement\":[{\"@type\":\"ListItem\",\"position\":1,\"name\":\"Home\",\"item\":\"https:\/\/vinoforever.ee\/en\/\"},{\"@type\":\"ListItem\",\"position\":2,\"name\":\"Shop\",\"item\":\"https:\/\/vinoforever.ee\/en\/shop\/\"},{\"@type\":\"ListItem\",\"position\":3,\"name\":\"L`Hoste Champagne Prestige Terroir de Chardonnay Brut Magnum\"}]},{\"@type\":\"WebSite\",\"@id\":\"https:\/\/vinoforever.ee\/en\/#website\",\"url\":\"https:\/\/vinoforever.ee\/en\/\",\"name\":\"Vinoforever\",\"description\":\"Ainult head veinid\",\"publisher\":{\"@id\":\"https:\/\/vinoforever.ee\/en\/#organization\"},\"alternateName\":\"Mahedad veinid tunnustatud veinimajadelt\",\"potentialAction\":[{\"@type\":\"SearchAction\",\"target\":{\"@type\":\"EntryPoint\",\"urlTemplate\":\"https:\/\/vinoforever.ee\/en\/?s={search_term_string}\"},\"query-input\":{\"@type\":\"PropertyValueSpecification\",\"valueRequired\":true,\"valueName\":\"search_term_string\"}}],\"inLanguage\":\"en-US\"},{\"@type\":\"Organization\",\"@id\":\"https:\/\/vinoforever.ee\/en\/#organization\",\"name\":\"Vinoforever O\u00dc\",\"url\":\"https:\/\/vinoforever.ee\/en\/\",\"logo\":{\"@type\":\"ImageObject\",\"inLanguage\":\"en-US\",\"@id\":\"https:\/\/vinoforever.ee\/en\/#\/schema\/logo\/image\/\",\"url\":\"https:\/\/vinoforever.ee\/wp-content\/uploads\/2023\/01\/VinoForever_logo.png\",\"contentUrl\":\"https:\/\/vinoforever.ee\/wp-content\/uploads\/2023\/01\/VinoForever_logo.png\",\"width\":800,\"height\":300,\"caption\":\"Vinoforever O\u00dc\"},\"image\":{\"@id\":\"https:\/\/vinoforever.ee\/en\/#\/schema\/logo\/image\/\"},\"sameAs\":[\"https:\/\/www.facebook.com\/vinoforever\/\",\"https:\/\/www.instagram.com\/vinoforever_wines\/\"]}]}<\/script>\n<!-- \/ Yoast SEO plugin. -->","yoast_head_json":{"title":"L`Hoste Champagne Prestige Terroir de Chardonnay Brut Magnum - Vinoforever","description":"Vinoforever s\u00fcndis soovist pakkuda Eestis kvaliteetseid v\u00e4iksemate tootjate organic veine, teisis\u00f5nu maheveine.","robots":{"index":"index","follow":"follow","max-snippet":"max-snippet:-1","max-image-preview":"max-image-preview:large","max-video-preview":"max-video-preview:-1"},"canonical":"https:\/\/vinoforever.ee\/en\/toode\/lhoste-champagne-prestige-terroir-de-chardonnay-brut-magnum\/","og_locale":"en_US","og_type":"article","og_title":"L`Hoste Champagne Prestige Terroir de Chardonnay Brut Magnum - Vinoforever","og_description":"Vinoforever s\u00fcndis soovist pakkuda Eestis kvaliteetseid v\u00e4iksemate tootjate organic veine, teisis\u00f5nu maheveine.","og_url":"https:\/\/vinoforever.ee\/en\/toode\/lhoste-champagne-prestige-terroir-de-chardonnay-brut-magnum\/","og_site_name":"Vinoforever","article_publisher":"https:\/\/www.facebook.com\/vinoforever\/","article_modified_time":"2026-01-17T10:43:29+00:00","og_image":[{"width":740,"height":740,"url":"https:\/\/vinoforever.ee\/wp-content\/uploads\/2025\/12\/Prestige-e-pood.png","type":"image\/png"}],"twitter_misc":{"Est. reading time":"1 minute"},"schema":{"@context":"https:\/\/schema.org","@graph":[{"@type":"WebPage","@id":"https:\/\/vinoforever.ee\/en\/toode\/lhoste-champagne-prestige-terroir-de-chardonnay-brut-magnum\/","url":"https:\/\/vinoforever.ee\/en\/toode\/lhoste-champagne-prestige-terroir-de-chardonnay-brut-magnum\/","name":"L`Hoste Champagne Prestige Terroir de Chardonnay Brut Magnum - Vinoforever","isPartOf":{"@id":"https:\/\/vinoforever.ee\/en\/#website"},"primaryImageOfPage":{"@id":"https:\/\/vinoforever.ee\/en\/toode\/lhoste-champagne-prestige-terroir-de-chardonnay-brut-magnum\/#primaryimage"},"image":{"@id":"https:\/\/vinoforever.ee\/en\/toode\/lhoste-champagne-prestige-terroir-de-chardonnay-brut-magnum\/#primaryimage"},"thumbnailUrl":"https:\/\/vinoforever.ee\/wp-content\/uploads\/2025\/12\/Prestige-e-pood.png","datePublished":"2026-01-17T08:46:12+00:00","dateModified":"2026-01-17T10:43:29+00:00","description":"Vinoforever s\u00fcndis soovist pakkuda Eestis kvaliteetseid v\u00e4iksemate tootjate organic veine, teisis\u00f5nu maheveine.","breadcrumb":{"@id":"https:\/\/vinoforever.ee\/en\/toode\/lhoste-champagne-prestige-terroir-de-chardonnay-brut-magnum\/#breadcrumb"},"inLanguage":"en-US","potentialAction":[{"@type":"ReadAction","target":["https:\/\/vinoforever.ee\/en\/toode\/lhoste-champagne-prestige-terroir-de-chardonnay-brut-magnum\/"]}]},{"@type":"ImageObject","inLanguage":"en-US","@id":"https:\/\/vinoforever.ee\/en\/toode\/lhoste-champagne-prestige-terroir-de-chardonnay-brut-magnum\/#primaryimage","url":"https:\/\/vinoforever.ee\/wp-content\/uploads\/2025\/12\/Prestige-e-pood.png","contentUrl":"https:\/\/vinoforever.ee\/wp-content\/uploads\/2025\/12\/Prestige-e-pood.png","width":740,"height":740},{"@type":"BreadcrumbList","@id":"https:\/\/vinoforever.ee\/en\/toode\/lhoste-champagne-prestige-terroir-de-chardonnay-brut-magnum\/#breadcrumb","itemListElement":[{"@type":"ListItem","position":1,"name":"Home","item":"https:\/\/vinoforever.ee\/en\/"},{"@type":"ListItem","position":2,"name":"Shop","item":"https:\/\/vinoforever.ee\/en\/shop\/"},{"@type":"ListItem","position":3,"name":"L`Hoste Champagne Prestige Terroir de Chardonnay Brut Magnum"}]},{"@type":"WebSite","@id":"https:\/\/vinoforever.ee\/en\/#website","url":"https:\/\/vinoforever.ee\/en\/","name":"Vinoforever","description":"Ainult head veinid","publisher":{"@id":"https:\/\/vinoforever.ee\/en\/#organization"},"alternateName":"Mahedad veinid tunnustatud veinimajadelt","potentialAction":[{"@type":"SearchAction","target":{"@type":"EntryPoint","urlTemplate":"https:\/\/vinoforever.ee\/en\/?s={search_term_string}"},"query-input":{"@type":"PropertyValueSpecification","valueRequired":true,"valueName":"search_term_string"}}],"inLanguage":"en-US"},{"@type":"Organization","@id":"https:\/\/vinoforever.ee\/en\/#organization","name":"Vinoforever O\u00dc","url":"https:\/\/vinoforever.ee\/en\/","logo":{"@type":"ImageObject","inLanguage":"en-US","@id":"https:\/\/vinoforever.ee\/en\/#\/schema\/logo\/image\/","url":"https:\/\/vinoforever.ee\/wp-content\/uploads\/2023\/01\/VinoForever_logo.png","contentUrl":"https:\/\/vinoforever.ee\/wp-content\/uploads\/2023\/01\/VinoForever_logo.png","width":800,"height":300,"caption":"Vinoforever O\u00dc"},"image":{"@id":"https:\/\/vinoforever.ee\/en\/#\/schema\/logo\/image\/"},"sameAs":["https:\/\/www.facebook.com\/vinoforever\/","https:\/\/www.instagram.com\/vinoforever_wines\/"]}]}},"_links":{"self":[{"href":"https:\/\/vinoforever.ee\/en\/wp-json\/wp\/v2\/product\/12610","targetHints":{"allow":["GET"]}}],"collection":[{"href":"https:\/\/vinoforever.ee\/en\/wp-json\/wp\/v2\/product"}],"about":[{"href":"https:\/\/vinoforever.ee\/en\/wp-json\/wp\/v2\/types\/product"}],"replies":[{"embeddable":true,"href":"https:\/\/vinoforever.ee\/en\/wp-json\/wp\/v2\/comments?post=12610"}],"version-history":[{"count":2,"href":"https:\/\/vinoforever.ee\/en\/wp-json\/wp\/v2\/product\/12610\/revisions"}],"predecessor-version":[{"id":12612,"href":"https:\/\/vinoforever.ee\/en\/wp-json\/wp\/v2\/product\/12610\/revisions\/12612"}],"wp:featuredmedia":[{"embeddable":true,"href":"https:\/\/vinoforever.ee\/en\/wp-json\/wp\/v2\/media\/12549"}],"wp:attachment":[{"href":"https:\/\/vinoforever.ee\/en\/wp-json\/wp\/v2\/media?parent=12610"}],"wp:term":[{"taxonomy":"product_brand","embeddable":true,"href":"https:\/\/vinoforever.ee\/en\/wp-json\/wp\/v2\/product_brand?post=12610"},{"taxonomy":"product_cat","embeddable":true,"href":"https:\/\/vinoforever.ee\/en\/wp-json\/wp\/v2\/product_cat?post=12610"},{"taxonomy":"product_tag","embeddable":true,"href":"https:\/\/vinoforever.ee\/en\/wp-json\/wp\/v2\/product_tag?post=12610"}],"curies":[{"name":"wp","href":"https:\/\/api.w.org\/{rel}","templated":true}]}}