{"id":12619,"date":"2026-02-22T17:08:22","date_gmt":"2026-02-22T15:08:22","guid":{"rendered":"https:\/\/vinoforever.ee\/?post_type=product&#038;p=12619"},"modified":"2026-02-22T17:08:22","modified_gmt":"2026-02-22T15:08:22","slug":"lumiorava-magneesiumivesi-virsik-330ml","status":"publish","type":"product","link":"https:\/\/vinoforever.ee\/en\/toode\/lumiorava-magneesiumivesi-virsik-330ml\/","title":{"rendered":"Lumiorava magneesiumivesi Virsik 330ml"},"content":{"rendered":"<p>Lumiorava Mg vesi Virsik 330ml<\/p>\n<p>Eesti esimene magneesiumivesi Lumioravalt koosneb puhtast Eesti allikaveest ja h\u00e4sti omastatavast magneesiumtsitraadist ning on kergelt gaseeritud. V\u00e4rskendav, virsiku maitseline jook sobib nii sportimiseks kui igap\u00e4evaseks tarvitamiseks, kattes 50% p\u00e4evasest soovituslikust magneesiumivajadusest. Magneesiumi sisaldus 568 mg\/l.<\/p>\n<ul>\n<li>TAASTAV \u2013 aitab taastada energiavarusid<\/li>\n<li>HEA UNI \u2013 l\u00f5\u00f5gastab ja toob hea \u00f6\u00f6une<\/li>\n<li>L\u00d5\u00d5GASTAV \u2013 sobib nii sportimiseks kui igap\u00e4evaseks tarvitamiseks<\/li>\n<li>K\u00dcLLUSLIK \u2013 \u00fcks 0.33l pudel katab 50% p\u00e4evasest magneesiumivajadusest*<\/li>\n<li>PUHAS \u2013 koosneb puhtast Eesti allikaveest ja magneesiumist<\/li>\n<li>MAITSEV \u2013 maitseb ka neile, kellele mineraalvesi ei meki<\/li>\n<\/ul>\n<p>*P\u00e4evane soovituslik magneesiumivajadus 350 mg.<\/p>\n<p>Hind sisaldab panekdi panti 0.10\u20ac<\/p>\n","protected":false},"excerpt":{"rendered":"<p>Lumiorava Mg vesi Virsik 330ml Eesti esimene magneesiumivesi Lumioravalt koosneb puhtast Eesti allikaveest ja h\u00e4sti omastatavast magneesiumtsitraadist ning on kergelt<\/p>\n","protected":false},"featured_media":12622,"comment_status":"open","ping_status":"closed","template":"","meta":[],"product_brand":[],"product_cat":[209],"product_tag":[],"class_list":{"0":"post-12619","1":"product","2":"type-product","3":"status-publish","4":"has-post-thumbnail","6":"product_cat-alkoholivabad-tooted","8":"first","9":"instock","10":"taxable","11":"shipping-taxable","12":"purchasable","13":"product-type-simple"},"yoast_head":"<!-- This site is optimized with the Yoast SEO plugin v27.1 - https:\/\/yoast.com\/product\/yoast-seo-wordpress\/ -->\n<title>Lumiorava magneesiumivesi Virsik 330ml - Vinoforever<\/title>\n<meta name=\"description\" content=\"Vinoforever s\u00fcndis soovist pakkuda Eestis kvaliteetseid v\u00e4iksemate tootjate organic veine, teisis\u00f5nu maheveine.\" \/>\n<meta name=\"robots\" content=\"index, follow, max-snippet:-1, max-image-preview:large, max-video-preview:-1\" \/>\n<link rel=\"canonical\" href=\"https:\/\/vinoforever.ee\/en\/toode\/lumiorava-magneesiumivesi-virsik-330ml\/\" \/>\n<meta property=\"og:locale\" content=\"en_US\" \/>\n<meta property=\"og:type\" content=\"article\" \/>\n<meta property=\"og:title\" content=\"Lumiorava magneesiumivesi Virsik 330ml - Vinoforever\" \/>\n<meta property=\"og:description\" content=\"Vinoforever s\u00fcndis soovist pakkuda Eestis kvaliteetseid v\u00e4iksemate tootjate organic veine, teisis\u00f5nu maheveine.\" \/>\n<meta property=\"og:url\" content=\"https:\/\/vinoforever.ee\/en\/toode\/lumiorava-magneesiumivesi-virsik-330ml\/\" \/>\n<meta property=\"og:site_name\" content=\"Vinoforever\" \/>\n<meta property=\"article:publisher\" content=\"https:\/\/www.facebook.com\/vinoforever\/\" \/>\n<meta property=\"og:image\" content=\"https:\/\/vinoforever.ee\/wp-content\/uploads\/2026\/02\/Can_lumiorav_virsik_EST_Small-600x600-1.png\" \/>\n\t<meta property=\"og:image:width\" content=\"600\" \/>\n\t<meta property=\"og:image:height\" content=\"600\" \/>\n\t<meta property=\"og:image:type\" content=\"image\/png\" \/>\n<meta name=\"twitter:label1\" content=\"Est. reading time\" \/>\n\t<meta name=\"twitter:data1\" content=\"1 minute\" \/>\n<script type=\"application\/ld+json\" class=\"yoast-schema-graph\">{\"@context\":\"https:\/\/schema.org\",\"@graph\":[{\"@type\":\"WebPage\",\"@id\":\"https:\/\/vinoforever.ee\/en\/toode\/lumiorava-magneesiumivesi-virsik-330ml\/\",\"url\":\"https:\/\/vinoforever.ee\/en\/toode\/lumiorava-magneesiumivesi-virsik-330ml\/\",\"name\":\"Lumiorava magneesiumivesi Virsik 330ml - Vinoforever\",\"isPartOf\":{\"@id\":\"https:\/\/vinoforever.ee\/en\/#website\"},\"primaryImageOfPage\":{\"@id\":\"https:\/\/vinoforever.ee\/en\/toode\/lumiorava-magneesiumivesi-virsik-330ml\/#primaryimage\"},\"image\":{\"@id\":\"https:\/\/vinoforever.ee\/en\/toode\/lumiorava-magneesiumivesi-virsik-330ml\/#primaryimage\"},\"thumbnailUrl\":\"https:\/\/vinoforever.ee\/wp-content\/uploads\/2026\/02\/Can_lumiorav_virsik_EST_Small-600x600-1.png\",\"datePublished\":\"2026-02-22T15:08:22+00:00\",\"description\":\"Vinoforever s\u00fcndis soovist pakkuda Eestis kvaliteetseid v\u00e4iksemate tootjate organic veine, teisis\u00f5nu maheveine.\",\"breadcrumb\":{\"@id\":\"https:\/\/vinoforever.ee\/en\/toode\/lumiorava-magneesiumivesi-virsik-330ml\/#breadcrumb\"},\"inLanguage\":\"en-US\",\"potentialAction\":[{\"@type\":\"ReadAction\",\"target\":[\"https:\/\/vinoforever.ee\/en\/toode\/lumiorava-magneesiumivesi-virsik-330ml\/\"]}]},{\"@type\":\"ImageObject\",\"inLanguage\":\"en-US\",\"@id\":\"https:\/\/vinoforever.ee\/en\/toode\/lumiorava-magneesiumivesi-virsik-330ml\/#primaryimage\",\"url\":\"https:\/\/vinoforever.ee\/wp-content\/uploads\/2026\/02\/Can_lumiorav_virsik_EST_Small-600x600-1.png\",\"contentUrl\":\"https:\/\/vinoforever.ee\/wp-content\/uploads\/2026\/02\/Can_lumiorav_virsik_EST_Small-600x600-1.png\",\"width\":600,\"height\":600},{\"@type\":\"BreadcrumbList\",\"@id\":\"https:\/\/vinoforever.ee\/en\/toode\/lumiorava-magneesiumivesi-virsik-330ml\/#breadcrumb\",\"itemListElement\":[{\"@type\":\"ListItem\",\"position\":1,\"name\":\"Home\",\"item\":\"https:\/\/vinoforever.ee\/en\/\"},{\"@type\":\"ListItem\",\"position\":2,\"name\":\"Shop\",\"item\":\"https:\/\/vinoforever.ee\/en\/shop\/\"},{\"@type\":\"ListItem\",\"position\":3,\"name\":\"Lumiorava magneesiumivesi Virsik 330ml\"}]},{\"@type\":\"WebSite\",\"@id\":\"https:\/\/vinoforever.ee\/en\/#website\",\"url\":\"https:\/\/vinoforever.ee\/en\/\",\"name\":\"Vinoforever\",\"description\":\"Ainult head veinid\",\"publisher\":{\"@id\":\"https:\/\/vinoforever.ee\/en\/#organization\"},\"alternateName\":\"Mahedad veinid tunnustatud veinimajadelt\",\"potentialAction\":[{\"@type\":\"SearchAction\",\"target\":{\"@type\":\"EntryPoint\",\"urlTemplate\":\"https:\/\/vinoforever.ee\/en\/?s={search_term_string}\"},\"query-input\":{\"@type\":\"PropertyValueSpecification\",\"valueRequired\":true,\"valueName\":\"search_term_string\"}}],\"inLanguage\":\"en-US\"},{\"@type\":\"Organization\",\"@id\":\"https:\/\/vinoforever.ee\/en\/#organization\",\"name\":\"Vinoforever O\u00dc\",\"url\":\"https:\/\/vinoforever.ee\/en\/\",\"logo\":{\"@type\":\"ImageObject\",\"inLanguage\":\"en-US\",\"@id\":\"https:\/\/vinoforever.ee\/en\/#\/schema\/logo\/image\/\",\"url\":\"https:\/\/vinoforever.ee\/wp-content\/uploads\/2023\/01\/VinoForever_logo.png\",\"contentUrl\":\"https:\/\/vinoforever.ee\/wp-content\/uploads\/2023\/01\/VinoForever_logo.png\",\"width\":800,\"height\":300,\"caption\":\"Vinoforever O\u00dc\"},\"image\":{\"@id\":\"https:\/\/vinoforever.ee\/en\/#\/schema\/logo\/image\/\"},\"sameAs\":[\"https:\/\/www.facebook.com\/vinoforever\/\",\"https:\/\/www.instagram.com\/vinoforever_wines\/\"]}]}<\/script>\n<!-- \/ Yoast SEO plugin. -->","yoast_head_json":{"title":"Lumiorava magneesiumivesi Virsik 330ml - Vinoforever","description":"Vinoforever s\u00fcndis soovist pakkuda Eestis kvaliteetseid v\u00e4iksemate tootjate organic veine, teisis\u00f5nu maheveine.","robots":{"index":"index","follow":"follow","max-snippet":"max-snippet:-1","max-image-preview":"max-image-preview:large","max-video-preview":"max-video-preview:-1"},"canonical":"https:\/\/vinoforever.ee\/en\/toode\/lumiorava-magneesiumivesi-virsik-330ml\/","og_locale":"en_US","og_type":"article","og_title":"Lumiorava magneesiumivesi Virsik 330ml - Vinoforever","og_description":"Vinoforever s\u00fcndis soovist pakkuda Eestis kvaliteetseid v\u00e4iksemate tootjate organic veine, teisis\u00f5nu maheveine.","og_url":"https:\/\/vinoforever.ee\/en\/toode\/lumiorava-magneesiumivesi-virsik-330ml\/","og_site_name":"Vinoforever","article_publisher":"https:\/\/www.facebook.com\/vinoforever\/","og_image":[{"width":600,"height":600,"url":"https:\/\/vinoforever.ee\/wp-content\/uploads\/2026\/02\/Can_lumiorav_virsik_EST_Small-600x600-1.png","type":"image\/png"}],"twitter_misc":{"Est. reading time":"1 minute"},"schema":{"@context":"https:\/\/schema.org","@graph":[{"@type":"WebPage","@id":"https:\/\/vinoforever.ee\/en\/toode\/lumiorava-magneesiumivesi-virsik-330ml\/","url":"https:\/\/vinoforever.ee\/en\/toode\/lumiorava-magneesiumivesi-virsik-330ml\/","name":"Lumiorava magneesiumivesi Virsik 330ml - Vinoforever","isPartOf":{"@id":"https:\/\/vinoforever.ee\/en\/#website"},"primaryImageOfPage":{"@id":"https:\/\/vinoforever.ee\/en\/toode\/lumiorava-magneesiumivesi-virsik-330ml\/#primaryimage"},"image":{"@id":"https:\/\/vinoforever.ee\/en\/toode\/lumiorava-magneesiumivesi-virsik-330ml\/#primaryimage"},"thumbnailUrl":"https:\/\/vinoforever.ee\/wp-content\/uploads\/2026\/02\/Can_lumiorav_virsik_EST_Small-600x600-1.png","datePublished":"2026-02-22T15:08:22+00:00","description":"Vinoforever s\u00fcndis soovist pakkuda Eestis kvaliteetseid v\u00e4iksemate tootjate organic veine, teisis\u00f5nu maheveine.","breadcrumb":{"@id":"https:\/\/vinoforever.ee\/en\/toode\/lumiorava-magneesiumivesi-virsik-330ml\/#breadcrumb"},"inLanguage":"en-US","potentialAction":[{"@type":"ReadAction","target":["https:\/\/vinoforever.ee\/en\/toode\/lumiorava-magneesiumivesi-virsik-330ml\/"]}]},{"@type":"ImageObject","inLanguage":"en-US","@id":"https:\/\/vinoforever.ee\/en\/toode\/lumiorava-magneesiumivesi-virsik-330ml\/#primaryimage","url":"https:\/\/vinoforever.ee\/wp-content\/uploads\/2026\/02\/Can_lumiorav_virsik_EST_Small-600x600-1.png","contentUrl":"https:\/\/vinoforever.ee\/wp-content\/uploads\/2026\/02\/Can_lumiorav_virsik_EST_Small-600x600-1.png","width":600,"height":600},{"@type":"BreadcrumbList","@id":"https:\/\/vinoforever.ee\/en\/toode\/lumiorava-magneesiumivesi-virsik-330ml\/#breadcrumb","itemListElement":[{"@type":"ListItem","position":1,"name":"Home","item":"https:\/\/vinoforever.ee\/en\/"},{"@type":"ListItem","position":2,"name":"Shop","item":"https:\/\/vinoforever.ee\/en\/shop\/"},{"@type":"ListItem","position":3,"name":"Lumiorava magneesiumivesi Virsik 330ml"}]},{"@type":"WebSite","@id":"https:\/\/vinoforever.ee\/en\/#website","url":"https:\/\/vinoforever.ee\/en\/","name":"Vinoforever","description":"Ainult head veinid","publisher":{"@id":"https:\/\/vinoforever.ee\/en\/#organization"},"alternateName":"Mahedad veinid tunnustatud veinimajadelt","potentialAction":[{"@type":"SearchAction","target":{"@type":"EntryPoint","urlTemplate":"https:\/\/vinoforever.ee\/en\/?s={search_term_string}"},"query-input":{"@type":"PropertyValueSpecification","valueRequired":true,"valueName":"search_term_string"}}],"inLanguage":"en-US"},{"@type":"Organization","@id":"https:\/\/vinoforever.ee\/en\/#organization","name":"Vinoforever O\u00dc","url":"https:\/\/vinoforever.ee\/en\/","logo":{"@type":"ImageObject","inLanguage":"en-US","@id":"https:\/\/vinoforever.ee\/en\/#\/schema\/logo\/image\/","url":"https:\/\/vinoforever.ee\/wp-content\/uploads\/2023\/01\/VinoForever_logo.png","contentUrl":"https:\/\/vinoforever.ee\/wp-content\/uploads\/2023\/01\/VinoForever_logo.png","width":800,"height":300,"caption":"Vinoforever O\u00dc"},"image":{"@id":"https:\/\/vinoforever.ee\/en\/#\/schema\/logo\/image\/"},"sameAs":["https:\/\/www.facebook.com\/vinoforever\/","https:\/\/www.instagram.com\/vinoforever_wines\/"]}]}},"_links":{"self":[{"href":"https:\/\/vinoforever.ee\/en\/wp-json\/wp\/v2\/product\/12619","targetHints":{"allow":["GET"]}}],"collection":[{"href":"https:\/\/vinoforever.ee\/en\/wp-json\/wp\/v2\/product"}],"about":[{"href":"https:\/\/vinoforever.ee\/en\/wp-json\/wp\/v2\/types\/product"}],"replies":[{"embeddable":true,"href":"https:\/\/vinoforever.ee\/en\/wp-json\/wp\/v2\/comments?post=12619"}],"version-history":[{"count":1,"href":"https:\/\/vinoforever.ee\/en\/wp-json\/wp\/v2\/product\/12619\/revisions"}],"predecessor-version":[{"id":12624,"href":"https:\/\/vinoforever.ee\/en\/wp-json\/wp\/v2\/product\/12619\/revisions\/12624"}],"wp:featuredmedia":[{"embeddable":true,"href":"https:\/\/vinoforever.ee\/en\/wp-json\/wp\/v2\/media\/12622"}],"wp:attachment":[{"href":"https:\/\/vinoforever.ee\/en\/wp-json\/wp\/v2\/media?parent=12619"}],"wp:term":[{"taxonomy":"product_brand","embeddable":true,"href":"https:\/\/vinoforever.ee\/en\/wp-json\/wp\/v2\/product_brand?post=12619"},{"taxonomy":"product_cat","embeddable":true,"href":"https:\/\/vinoforever.ee\/en\/wp-json\/wp\/v2\/product_cat?post=12619"},{"taxonomy":"product_tag","embeddable":true,"href":"https:\/\/vinoforever.ee\/en\/wp-json\/wp\/v2\/product_tag?post=12619"}],"curies":[{"name":"wp","href":"https:\/\/api.w.org\/{rel}","templated":true}]}}