{"id":12703,"date":"2026-04-17T16:54:23","date_gmt":"2026-04-17T14:54:23","guid":{"rendered":"https:\/\/vinoforever.ee\/?post_type=product&#038;p=12703"},"modified":"2026-04-17T16:57:21","modified_gmt":"2026-04-17T14:57:21","slug":"born-rose-barcelona-rose-spritz-8vol","status":"publish","type":"product","link":"https:\/\/vinoforever.ee\/en\/toode\/born-rose-barcelona-rose-spritz-8vol\/","title":{"rendered":"Born Ros\u00e8 Barcelona Ros\u00e9 Spritz 8%vol"},"content":{"rendered":"<p><strong>Viinamarjad<\/strong>: Grenache Noir ja Tempranillo<\/p>\n<p><strong>Veinist<\/strong>: Erk roosakas kroonlehetoon, peen ja p\u00fcsiv mull.<\/p>\n<p>Aroomis v\u00e4rsked lillelised noodid, mida t\u00e4iendab s\u00e4rtsakas tsitruselisus ja \u00f5rn botaaniline n\u00fcanss.<\/p>\n<p>Maitselt tasakaalustatud segu Hispaania roos\u00e9veinist, greibist ja \u00f5rnast apelsini\u00f5iest, mida t\u00e4iustavad botaanilised kihid. Siidine ja v\u00e4rskendav, karge happesusega.<\/p>\n<p><strong>Toidusoovitus<\/strong>: Ideaalne aperitiivina v\u00f5i koos j\u00e4\u00e4, vaarika ja tsitruselistega (n\u00e4iteks greibikoorega). Sobib h\u00e4sti salatite, pehmete juustude, kergete suupistete ning puuvilja- ja \u0161okolaadimagustoitudega.<\/p>\n<p><strong>Sihtr\u00fchm<\/strong>: K\u00f5ik, kes otsivad elegantset, kuid kergesti nauditavat madalama alkoholisisaldusega Vahemere stiilis spritzi.<\/p>\n<p>MIKS VALIDA BORN ROS\u00c9 BARCELONA SPRITZ?<\/p>\n<p>Barcelona on spritz.<\/p>\n<p>Mullitav, julge ja vahemereline \u2013 r\u00f5\u00f5mu, maitsete ja \u00fchiste linnamelu hetkede s\u00fcmbol. Ros\u00e9-spritz, milles kohtuvad botaaniline v\u00e4rskus, tsitruseline s\u00e4rts ja lilleline elegants. Nauditav pingutuseta. Madal alkoholisisaldus \u2013 vaid 8% vol.<\/p>\n<p>S\u00fcndinud Barcelonas, loodud nautimiseks k\u00f5ikjal.<\/p>\n<p><strong>Pudeli suurus<\/strong>: 75cl<\/p>\n<p>Mahe sertifitseerimis-\/kontroll asutus: ES-ECO-019-CT v\u00f5i Consell Catal\u00e0 de la Producci\u00f3 Agr\u00e0ria Ecol\u00f2gica<\/p>\n","protected":false},"excerpt":{"rendered":"<p>Viinamarjad: Grenache Noir ja Tempranillo Veinist: Erk roosakas kroonlehetoon, peen ja p\u00fcsiv mull. Aroomis v\u00e4rsked lillelised noodid, mida t\u00e4iendab s\u00e4rtsakas<\/p>\n","protected":false},"featured_media":12682,"comment_status":"open","ping_status":"closed","template":"","meta":[],"product_brand":[],"product_cat":[123,71],"product_tag":[],"class_list":{"0":"post-12703","1":"product","2":"type-product","3":"status-publish","4":"has-post-thumbnail","6":"product_cat-roosad-veinid","7":"product_cat-vahuveinid","9":"first","10":"instock","11":"taxable","12":"shipping-taxable","13":"purchasable","14":"product-type-simple"},"yoast_head":"<!-- This site is optimized with the Yoast SEO plugin v27.1 - https:\/\/yoast.com\/product\/yoast-seo-wordpress\/ -->\n<title>Born Ros\u00e8 Barcelona Ros\u00e9 Spritz 8%vol - Vinoforever<\/title>\n<meta name=\"description\" content=\"Vinoforever s\u00fcndis soovist pakkuda Eestis kvaliteetseid v\u00e4iksemate tootjate organic veine, teisis\u00f5nu maheveine.\" \/>\n<meta name=\"robots\" content=\"index, follow, max-snippet:-1, max-image-preview:large, max-video-preview:-1\" \/>\n<link rel=\"canonical\" href=\"https:\/\/vinoforever.ee\/en\/toode\/born-rose-barcelona-rose-spritz-8vol\/\" \/>\n<meta property=\"og:locale\" content=\"en_US\" \/>\n<meta property=\"og:type\" content=\"article\" \/>\n<meta property=\"og:title\" content=\"Born Ros\u00e8 Barcelona Ros\u00e9 Spritz 8%vol - Vinoforever\" \/>\n<meta property=\"og:description\" content=\"Vinoforever s\u00fcndis soovist pakkuda Eestis kvaliteetseid v\u00e4iksemate tootjate organic veine, teisis\u00f5nu maheveine.\" \/>\n<meta property=\"og:url\" content=\"https:\/\/vinoforever.ee\/en\/toode\/born-rose-barcelona-rose-spritz-8vol\/\" \/>\n<meta property=\"og:site_name\" content=\"Vinoforever\" \/>\n<meta property=\"article:publisher\" content=\"https:\/\/www.facebook.com\/vinoforever\/\" \/>\n<meta property=\"article:modified_time\" content=\"2026-04-17T14:57:21+00:00\" \/>\n<meta property=\"og:image\" content=\"https:\/\/vinoforever.ee\/wp-content\/uploads\/2026\/04\/Born-Rose-Spritz.png\" \/>\n\t<meta property=\"og:image:width\" content=\"740\" \/>\n\t<meta property=\"og:image:height\" content=\"740\" \/>\n\t<meta property=\"og:image:type\" content=\"image\/png\" \/>\n<meta name=\"twitter:label1\" content=\"Est. reading time\" \/>\n\t<meta name=\"twitter:data1\" content=\"1 minute\" \/>\n<script type=\"application\/ld+json\" class=\"yoast-schema-graph\">{\"@context\":\"https:\/\/schema.org\",\"@graph\":[{\"@type\":\"WebPage\",\"@id\":\"https:\/\/vinoforever.ee\/en\/toode\/born-rose-barcelona-rose-spritz-8vol\/\",\"url\":\"https:\/\/vinoforever.ee\/en\/toode\/born-rose-barcelona-rose-spritz-8vol\/\",\"name\":\"Born Ros\u00e8 Barcelona Ros\u00e9 Spritz 8%vol - Vinoforever\",\"isPartOf\":{\"@id\":\"https:\/\/vinoforever.ee\/en\/#website\"},\"primaryImageOfPage\":{\"@id\":\"https:\/\/vinoforever.ee\/en\/toode\/born-rose-barcelona-rose-spritz-8vol\/#primaryimage\"},\"image\":{\"@id\":\"https:\/\/vinoforever.ee\/en\/toode\/born-rose-barcelona-rose-spritz-8vol\/#primaryimage\"},\"thumbnailUrl\":\"https:\/\/vinoforever.ee\/wp-content\/uploads\/2026\/04\/Born-Rose-Spritz.png\",\"datePublished\":\"2026-04-17T14:54:23+00:00\",\"dateModified\":\"2026-04-17T14:57:21+00:00\",\"description\":\"Vinoforever s\u00fcndis soovist pakkuda Eestis kvaliteetseid v\u00e4iksemate tootjate organic veine, teisis\u00f5nu maheveine.\",\"breadcrumb\":{\"@id\":\"https:\/\/vinoforever.ee\/en\/toode\/born-rose-barcelona-rose-spritz-8vol\/#breadcrumb\"},\"inLanguage\":\"en-US\",\"potentialAction\":[{\"@type\":\"ReadAction\",\"target\":[\"https:\/\/vinoforever.ee\/en\/toode\/born-rose-barcelona-rose-spritz-8vol\/\"]}]},{\"@type\":\"ImageObject\",\"inLanguage\":\"en-US\",\"@id\":\"https:\/\/vinoforever.ee\/en\/toode\/born-rose-barcelona-rose-spritz-8vol\/#primaryimage\",\"url\":\"https:\/\/vinoforever.ee\/wp-content\/uploads\/2026\/04\/Born-Rose-Spritz.png\",\"contentUrl\":\"https:\/\/vinoforever.ee\/wp-content\/uploads\/2026\/04\/Born-Rose-Spritz.png\",\"width\":740,\"height\":740},{\"@type\":\"BreadcrumbList\",\"@id\":\"https:\/\/vinoforever.ee\/en\/toode\/born-rose-barcelona-rose-spritz-8vol\/#breadcrumb\",\"itemListElement\":[{\"@type\":\"ListItem\",\"position\":1,\"name\":\"Home\",\"item\":\"https:\/\/vinoforever.ee\/en\/\"},{\"@type\":\"ListItem\",\"position\":2,\"name\":\"Shop\",\"item\":\"https:\/\/vinoforever.ee\/en\/shop\/\"},{\"@type\":\"ListItem\",\"position\":3,\"name\":\"Born Ros\u00e8 Barcelona Ros\u00e9 Spritz 8%vol\"}]},{\"@type\":\"WebSite\",\"@id\":\"https:\/\/vinoforever.ee\/en\/#website\",\"url\":\"https:\/\/vinoforever.ee\/en\/\",\"name\":\"Vinoforever\",\"description\":\"Ainult head veinid\",\"publisher\":{\"@id\":\"https:\/\/vinoforever.ee\/en\/#organization\"},\"alternateName\":\"Mahedad veinid tunnustatud veinimajadelt\",\"potentialAction\":[{\"@type\":\"SearchAction\",\"target\":{\"@type\":\"EntryPoint\",\"urlTemplate\":\"https:\/\/vinoforever.ee\/en\/?s={search_term_string}\"},\"query-input\":{\"@type\":\"PropertyValueSpecification\",\"valueRequired\":true,\"valueName\":\"search_term_string\"}}],\"inLanguage\":\"en-US\"},{\"@type\":\"Organization\",\"@id\":\"https:\/\/vinoforever.ee\/en\/#organization\",\"name\":\"Vinoforever O\u00dc\",\"url\":\"https:\/\/vinoforever.ee\/en\/\",\"logo\":{\"@type\":\"ImageObject\",\"inLanguage\":\"en-US\",\"@id\":\"https:\/\/vinoforever.ee\/en\/#\/schema\/logo\/image\/\",\"url\":\"https:\/\/vinoforever.ee\/wp-content\/uploads\/2023\/01\/VinoForever_logo.png\",\"contentUrl\":\"https:\/\/vinoforever.ee\/wp-content\/uploads\/2023\/01\/VinoForever_logo.png\",\"width\":800,\"height\":300,\"caption\":\"Vinoforever O\u00dc\"},\"image\":{\"@id\":\"https:\/\/vinoforever.ee\/en\/#\/schema\/logo\/image\/\"},\"sameAs\":[\"https:\/\/www.facebook.com\/vinoforever\/\",\"https:\/\/www.instagram.com\/vinoforever_wines\/\"]}]}<\/script>\n<!-- \/ Yoast SEO plugin. -->","yoast_head_json":{"title":"Born Ros\u00e8 Barcelona Ros\u00e9 Spritz 8%vol - Vinoforever","description":"Vinoforever s\u00fcndis soovist pakkuda Eestis kvaliteetseid v\u00e4iksemate tootjate organic veine, teisis\u00f5nu maheveine.","robots":{"index":"index","follow":"follow","max-snippet":"max-snippet:-1","max-image-preview":"max-image-preview:large","max-video-preview":"max-video-preview:-1"},"canonical":"https:\/\/vinoforever.ee\/en\/toode\/born-rose-barcelona-rose-spritz-8vol\/","og_locale":"en_US","og_type":"article","og_title":"Born Ros\u00e8 Barcelona Ros\u00e9 Spritz 8%vol - Vinoforever","og_description":"Vinoforever s\u00fcndis soovist pakkuda Eestis kvaliteetseid v\u00e4iksemate tootjate organic veine, teisis\u00f5nu maheveine.","og_url":"https:\/\/vinoforever.ee\/en\/toode\/born-rose-barcelona-rose-spritz-8vol\/","og_site_name":"Vinoforever","article_publisher":"https:\/\/www.facebook.com\/vinoforever\/","article_modified_time":"2026-04-17T14:57:21+00:00","og_image":[{"width":740,"height":740,"url":"https:\/\/vinoforever.ee\/wp-content\/uploads\/2026\/04\/Born-Rose-Spritz.png","type":"image\/png"}],"twitter_misc":{"Est. reading time":"1 minute"},"schema":{"@context":"https:\/\/schema.org","@graph":[{"@type":"WebPage","@id":"https:\/\/vinoforever.ee\/en\/toode\/born-rose-barcelona-rose-spritz-8vol\/","url":"https:\/\/vinoforever.ee\/en\/toode\/born-rose-barcelona-rose-spritz-8vol\/","name":"Born Ros\u00e8 Barcelona Ros\u00e9 Spritz 8%vol - Vinoforever","isPartOf":{"@id":"https:\/\/vinoforever.ee\/en\/#website"},"primaryImageOfPage":{"@id":"https:\/\/vinoforever.ee\/en\/toode\/born-rose-barcelona-rose-spritz-8vol\/#primaryimage"},"image":{"@id":"https:\/\/vinoforever.ee\/en\/toode\/born-rose-barcelona-rose-spritz-8vol\/#primaryimage"},"thumbnailUrl":"https:\/\/vinoforever.ee\/wp-content\/uploads\/2026\/04\/Born-Rose-Spritz.png","datePublished":"2026-04-17T14:54:23+00:00","dateModified":"2026-04-17T14:57:21+00:00","description":"Vinoforever s\u00fcndis soovist pakkuda Eestis kvaliteetseid v\u00e4iksemate tootjate organic veine, teisis\u00f5nu maheveine.","breadcrumb":{"@id":"https:\/\/vinoforever.ee\/en\/toode\/born-rose-barcelona-rose-spritz-8vol\/#breadcrumb"},"inLanguage":"en-US","potentialAction":[{"@type":"ReadAction","target":["https:\/\/vinoforever.ee\/en\/toode\/born-rose-barcelona-rose-spritz-8vol\/"]}]},{"@type":"ImageObject","inLanguage":"en-US","@id":"https:\/\/vinoforever.ee\/en\/toode\/born-rose-barcelona-rose-spritz-8vol\/#primaryimage","url":"https:\/\/vinoforever.ee\/wp-content\/uploads\/2026\/04\/Born-Rose-Spritz.png","contentUrl":"https:\/\/vinoforever.ee\/wp-content\/uploads\/2026\/04\/Born-Rose-Spritz.png","width":740,"height":740},{"@type":"BreadcrumbList","@id":"https:\/\/vinoforever.ee\/en\/toode\/born-rose-barcelona-rose-spritz-8vol\/#breadcrumb","itemListElement":[{"@type":"ListItem","position":1,"name":"Home","item":"https:\/\/vinoforever.ee\/en\/"},{"@type":"ListItem","position":2,"name":"Shop","item":"https:\/\/vinoforever.ee\/en\/shop\/"},{"@type":"ListItem","position":3,"name":"Born Ros\u00e8 Barcelona Ros\u00e9 Spritz 8%vol"}]},{"@type":"WebSite","@id":"https:\/\/vinoforever.ee\/en\/#website","url":"https:\/\/vinoforever.ee\/en\/","name":"Vinoforever","description":"Ainult head veinid","publisher":{"@id":"https:\/\/vinoforever.ee\/en\/#organization"},"alternateName":"Mahedad veinid tunnustatud veinimajadelt","potentialAction":[{"@type":"SearchAction","target":{"@type":"EntryPoint","urlTemplate":"https:\/\/vinoforever.ee\/en\/?s={search_term_string}"},"query-input":{"@type":"PropertyValueSpecification","valueRequired":true,"valueName":"search_term_string"}}],"inLanguage":"en-US"},{"@type":"Organization","@id":"https:\/\/vinoforever.ee\/en\/#organization","name":"Vinoforever O\u00dc","url":"https:\/\/vinoforever.ee\/en\/","logo":{"@type":"ImageObject","inLanguage":"en-US","@id":"https:\/\/vinoforever.ee\/en\/#\/schema\/logo\/image\/","url":"https:\/\/vinoforever.ee\/wp-content\/uploads\/2023\/01\/VinoForever_logo.png","contentUrl":"https:\/\/vinoforever.ee\/wp-content\/uploads\/2023\/01\/VinoForever_logo.png","width":800,"height":300,"caption":"Vinoforever O\u00dc"},"image":{"@id":"https:\/\/vinoforever.ee\/en\/#\/schema\/logo\/image\/"},"sameAs":["https:\/\/www.facebook.com\/vinoforever\/","https:\/\/www.instagram.com\/vinoforever_wines\/"]}]}},"_links":{"self":[{"href":"https:\/\/vinoforever.ee\/en\/wp-json\/wp\/v2\/product\/12703","targetHints":{"allow":["GET"]}}],"collection":[{"href":"https:\/\/vinoforever.ee\/en\/wp-json\/wp\/v2\/product"}],"about":[{"href":"https:\/\/vinoforever.ee\/en\/wp-json\/wp\/v2\/types\/product"}],"replies":[{"embeddable":true,"href":"https:\/\/vinoforever.ee\/en\/wp-json\/wp\/v2\/comments?post=12703"}],"version-history":[{"count":3,"href":"https:\/\/vinoforever.ee\/en\/wp-json\/wp\/v2\/product\/12703\/revisions"}],"predecessor-version":[{"id":12705,"href":"https:\/\/vinoforever.ee\/en\/wp-json\/wp\/v2\/product\/12703\/revisions\/12705"}],"wp:featuredmedia":[{"embeddable":true,"href":"https:\/\/vinoforever.ee\/en\/wp-json\/wp\/v2\/media\/12682"}],"wp:attachment":[{"href":"https:\/\/vinoforever.ee\/en\/wp-json\/wp\/v2\/media?parent=12703"}],"wp:term":[{"taxonomy":"product_brand","embeddable":true,"href":"https:\/\/vinoforever.ee\/en\/wp-json\/wp\/v2\/product_brand?post=12703"},{"taxonomy":"product_cat","embeddable":true,"href":"https:\/\/vinoforever.ee\/en\/wp-json\/wp\/v2\/product_cat?post=12703"},{"taxonomy":"product_tag","embeddable":true,"href":"https:\/\/vinoforever.ee\/en\/wp-json\/wp\/v2\/product_tag?post=12703"}],"curies":[{"name":"wp","href":"https:\/\/api.w.org\/{rel}","templated":true}]}}