{"id":12709,"date":"2026-04-17T20:41:29","date_gmt":"2026-04-17T18:41:29","guid":{"rendered":"https:\/\/vinoforever.ee\/?post_type=product&#038;p=12709"},"modified":"2026-04-17T20:41:29","modified_gmt":"2026-04-17T18:41:29","slug":"rambla-by-born-rose-barcelona-organic-still-rose","status":"publish","type":"product","link":"https:\/\/vinoforever.ee\/en\/toode\/rambla-by-born-rose-barcelona-organic-still-rose\/","title":{"rendered":"Rambla by BORN ROS\u00c9 Barcelona Organic Still Ros\u00e9"},"content":{"rendered":"<p><strong>Viinamarjad<\/strong>: 60% Grenache Noir ja 40% Tempranillo<\/p>\n<p><strong>Veinist<\/strong>: \u00d5rn hele roosakas kroonlehetoon \u2013 klaasis s\u00e4rav ja kutsuv.<\/p>\n<p>Aroom elav ja v\u00e4ljendusrikas, v\u00e4rske tsitrusekoore n\u00fcansiga ning mahlaste punaste marjadega -maasikas, kirss. J\u00e4rgneb arbuusi ja valge virsiku noot, mida t\u00e4iendab \u00f5rn pehme n\u00fcanss.<\/p>\n<p>Maitselt samuti elav ja v\u00e4rskendav, esiplaanil k\u00fcpsed punased marjad. Karge happesus toob maitsed esile, viies pehme ja kergesti nauditava j\u00e4relmaitseni, kus p\u00fcsivad \u00f5rnalt magusad puuviljanoodid.<\/p>\n<p><strong>Toidusoovitus<\/strong>: Suurep\u00e4rane kaaslane Vahemere k\u00f6\u00f6gile \u2013 v\u00e4rsketest salatitest ja grillitud k\u00f6\u00f6giviljadest kuni rasvasema kala ja mereandideni. Ideaalne aperitiiviks ning sobib h\u00e4sti tapas\u2019e, sushi ja kergete suupistetega.<\/p>\n<p><strong>Serveerimis temperatuur<\/strong>: 6-8 \u00b0C<\/p>\n<p><strong>Alkoholisisaldus<\/strong>: 12%<\/p>\n<p><strong>Pudeli suurus<\/strong>: 75cl<\/p>\n<p>Mahe sertifitseerimis-\/kontroll asutus: ES-ECO-019-CT v\u00f5i Consell Catal\u00e0 de la Producci\u00f3 Agr\u00e0ria Ecol\u00f2gica<\/p>\n","protected":false},"excerpt":{"rendered":"<p>Viinamarjad: 60% Grenache Noir ja 40% Tempranillo Veinist: \u00d5rn hele roosakas kroonlehetoon \u2013 klaasis s\u00e4rav ja kutsuv. Aroom elav ja<\/p>\n","protected":false},"featured_media":12688,"comment_status":"open","ping_status":"closed","template":"","meta":[],"product_brand":[],"product_cat":[123,155],"product_tag":[],"class_list":{"0":"post-12709","1":"product","2":"type-product","3":"status-publish","4":"has-post-thumbnail","6":"product_cat-roosad-veinid","7":"product_cat-sooduspakkumised","9":"first","10":"instock","11":"sale","12":"taxable","13":"shipping-taxable","14":"purchasable","15":"product-type-simple"},"yoast_head":"<!-- This site is optimized with the Yoast SEO plugin v27.1 - https:\/\/yoast.com\/product\/yoast-seo-wordpress\/ -->\n<title>Rambla by BORN ROS\u00c9 Barcelona Organic Still Ros\u00e9 - Vinoforever<\/title>\n<meta name=\"description\" content=\"Vinoforever s\u00fcndis soovist pakkuda Eestis kvaliteetseid v\u00e4iksemate tootjate organic veine, teisis\u00f5nu maheveine.\" \/>\n<meta name=\"robots\" content=\"index, follow, max-snippet:-1, max-image-preview:large, max-video-preview:-1\" \/>\n<link rel=\"canonical\" href=\"https:\/\/vinoforever.ee\/en\/toode\/rambla-by-born-rose-barcelona-organic-still-rose\/\" \/>\n<meta property=\"og:locale\" content=\"en_US\" \/>\n<meta property=\"og:type\" content=\"article\" \/>\n<meta property=\"og:title\" content=\"Rambla by BORN ROS\u00c9 Barcelona Organic Still Ros\u00e9 - Vinoforever\" \/>\n<meta property=\"og:description\" content=\"Vinoforever s\u00fcndis soovist pakkuda Eestis kvaliteetseid v\u00e4iksemate tootjate organic veine, teisis\u00f5nu maheveine.\" \/>\n<meta property=\"og:url\" content=\"https:\/\/vinoforever.ee\/en\/toode\/rambla-by-born-rose-barcelona-organic-still-rose\/\" \/>\n<meta property=\"og:site_name\" content=\"Vinoforever\" \/>\n<meta property=\"article:publisher\" content=\"https:\/\/www.facebook.com\/vinoforever\/\" \/>\n<meta property=\"og:image\" content=\"https:\/\/vinoforever.ee\/wp-content\/uploads\/2026\/04\/Rambla-Rose.png\" \/>\n\t<meta property=\"og:image:width\" content=\"740\" \/>\n\t<meta property=\"og:image:height\" content=\"740\" \/>\n\t<meta property=\"og:image:type\" content=\"image\/png\" \/>\n<meta name=\"twitter:label1\" content=\"Est. reading time\" \/>\n\t<meta name=\"twitter:data1\" content=\"1 minute\" \/>\n<script type=\"application\/ld+json\" class=\"yoast-schema-graph\">{\"@context\":\"https:\/\/schema.org\",\"@graph\":[{\"@type\":\"WebPage\",\"@id\":\"https:\/\/vinoforever.ee\/en\/toode\/rambla-by-born-rose-barcelona-organic-still-rose\/\",\"url\":\"https:\/\/vinoforever.ee\/en\/toode\/rambla-by-born-rose-barcelona-organic-still-rose\/\",\"name\":\"Rambla by BORN ROS\u00c9 Barcelona Organic Still Ros\u00e9 - Vinoforever\",\"isPartOf\":{\"@id\":\"https:\/\/vinoforever.ee\/en\/#website\"},\"primaryImageOfPage\":{\"@id\":\"https:\/\/vinoforever.ee\/en\/toode\/rambla-by-born-rose-barcelona-organic-still-rose\/#primaryimage\"},\"image\":{\"@id\":\"https:\/\/vinoforever.ee\/en\/toode\/rambla-by-born-rose-barcelona-organic-still-rose\/#primaryimage\"},\"thumbnailUrl\":\"https:\/\/vinoforever.ee\/wp-content\/uploads\/2026\/04\/Rambla-Rose.png\",\"datePublished\":\"2026-04-17T18:41:29+00:00\",\"description\":\"Vinoforever s\u00fcndis soovist pakkuda Eestis kvaliteetseid v\u00e4iksemate tootjate organic veine, teisis\u00f5nu maheveine.\",\"breadcrumb\":{\"@id\":\"https:\/\/vinoforever.ee\/en\/toode\/rambla-by-born-rose-barcelona-organic-still-rose\/#breadcrumb\"},\"inLanguage\":\"en-US\",\"potentialAction\":[{\"@type\":\"ReadAction\",\"target\":[\"https:\/\/vinoforever.ee\/en\/toode\/rambla-by-born-rose-barcelona-organic-still-rose\/\"]}]},{\"@type\":\"ImageObject\",\"inLanguage\":\"en-US\",\"@id\":\"https:\/\/vinoforever.ee\/en\/toode\/rambla-by-born-rose-barcelona-organic-still-rose\/#primaryimage\",\"url\":\"https:\/\/vinoforever.ee\/wp-content\/uploads\/2026\/04\/Rambla-Rose.png\",\"contentUrl\":\"https:\/\/vinoforever.ee\/wp-content\/uploads\/2026\/04\/Rambla-Rose.png\",\"width\":740,\"height\":740},{\"@type\":\"BreadcrumbList\",\"@id\":\"https:\/\/vinoforever.ee\/en\/toode\/rambla-by-born-rose-barcelona-organic-still-rose\/#breadcrumb\",\"itemListElement\":[{\"@type\":\"ListItem\",\"position\":1,\"name\":\"Home\",\"item\":\"https:\/\/vinoforever.ee\/en\/\"},{\"@type\":\"ListItem\",\"position\":2,\"name\":\"Shop\",\"item\":\"https:\/\/vinoforever.ee\/en\/shop\/\"},{\"@type\":\"ListItem\",\"position\":3,\"name\":\"Rambla by BORN ROS\u00c9 Barcelona Organic Still Ros\u00e9\"}]},{\"@type\":\"WebSite\",\"@id\":\"https:\/\/vinoforever.ee\/en\/#website\",\"url\":\"https:\/\/vinoforever.ee\/en\/\",\"name\":\"Vinoforever\",\"description\":\"Ainult head veinid\",\"publisher\":{\"@id\":\"https:\/\/vinoforever.ee\/en\/#organization\"},\"alternateName\":\"Mahedad veinid tunnustatud veinimajadelt\",\"potentialAction\":[{\"@type\":\"SearchAction\",\"target\":{\"@type\":\"EntryPoint\",\"urlTemplate\":\"https:\/\/vinoforever.ee\/en\/?s={search_term_string}\"},\"query-input\":{\"@type\":\"PropertyValueSpecification\",\"valueRequired\":true,\"valueName\":\"search_term_string\"}}],\"inLanguage\":\"en-US\"},{\"@type\":\"Organization\",\"@id\":\"https:\/\/vinoforever.ee\/en\/#organization\",\"name\":\"Vinoforever O\u00dc\",\"url\":\"https:\/\/vinoforever.ee\/en\/\",\"logo\":{\"@type\":\"ImageObject\",\"inLanguage\":\"en-US\",\"@id\":\"https:\/\/vinoforever.ee\/en\/#\/schema\/logo\/image\/\",\"url\":\"https:\/\/vinoforever.ee\/wp-content\/uploads\/2023\/01\/VinoForever_logo.png\",\"contentUrl\":\"https:\/\/vinoforever.ee\/wp-content\/uploads\/2023\/01\/VinoForever_logo.png\",\"width\":800,\"height\":300,\"caption\":\"Vinoforever O\u00dc\"},\"image\":{\"@id\":\"https:\/\/vinoforever.ee\/en\/#\/schema\/logo\/image\/\"},\"sameAs\":[\"https:\/\/www.facebook.com\/vinoforever\/\",\"https:\/\/www.instagram.com\/vinoforever_wines\/\"]}]}<\/script>\n<!-- \/ Yoast SEO plugin. -->","yoast_head_json":{"title":"Rambla by BORN ROS\u00c9 Barcelona Organic Still Ros\u00e9 - Vinoforever","description":"Vinoforever s\u00fcndis soovist pakkuda Eestis kvaliteetseid v\u00e4iksemate tootjate organic veine, teisis\u00f5nu maheveine.","robots":{"index":"index","follow":"follow","max-snippet":"max-snippet:-1","max-image-preview":"max-image-preview:large","max-video-preview":"max-video-preview:-1"},"canonical":"https:\/\/vinoforever.ee\/en\/toode\/rambla-by-born-rose-barcelona-organic-still-rose\/","og_locale":"en_US","og_type":"article","og_title":"Rambla by BORN ROS\u00c9 Barcelona Organic Still Ros\u00e9 - Vinoforever","og_description":"Vinoforever s\u00fcndis soovist pakkuda Eestis kvaliteetseid v\u00e4iksemate tootjate organic veine, teisis\u00f5nu maheveine.","og_url":"https:\/\/vinoforever.ee\/en\/toode\/rambla-by-born-rose-barcelona-organic-still-rose\/","og_site_name":"Vinoforever","article_publisher":"https:\/\/www.facebook.com\/vinoforever\/","og_image":[{"width":740,"height":740,"url":"https:\/\/vinoforever.ee\/wp-content\/uploads\/2026\/04\/Rambla-Rose.png","type":"image\/png"}],"twitter_misc":{"Est. reading time":"1 minute"},"schema":{"@context":"https:\/\/schema.org","@graph":[{"@type":"WebPage","@id":"https:\/\/vinoforever.ee\/en\/toode\/rambla-by-born-rose-barcelona-organic-still-rose\/","url":"https:\/\/vinoforever.ee\/en\/toode\/rambla-by-born-rose-barcelona-organic-still-rose\/","name":"Rambla by BORN ROS\u00c9 Barcelona Organic Still Ros\u00e9 - Vinoforever","isPartOf":{"@id":"https:\/\/vinoforever.ee\/en\/#website"},"primaryImageOfPage":{"@id":"https:\/\/vinoforever.ee\/en\/toode\/rambla-by-born-rose-barcelona-organic-still-rose\/#primaryimage"},"image":{"@id":"https:\/\/vinoforever.ee\/en\/toode\/rambla-by-born-rose-barcelona-organic-still-rose\/#primaryimage"},"thumbnailUrl":"https:\/\/vinoforever.ee\/wp-content\/uploads\/2026\/04\/Rambla-Rose.png","datePublished":"2026-04-17T18:41:29+00:00","description":"Vinoforever s\u00fcndis soovist pakkuda Eestis kvaliteetseid v\u00e4iksemate tootjate organic veine, teisis\u00f5nu maheveine.","breadcrumb":{"@id":"https:\/\/vinoforever.ee\/en\/toode\/rambla-by-born-rose-barcelona-organic-still-rose\/#breadcrumb"},"inLanguage":"en-US","potentialAction":[{"@type":"ReadAction","target":["https:\/\/vinoforever.ee\/en\/toode\/rambla-by-born-rose-barcelona-organic-still-rose\/"]}]},{"@type":"ImageObject","inLanguage":"en-US","@id":"https:\/\/vinoforever.ee\/en\/toode\/rambla-by-born-rose-barcelona-organic-still-rose\/#primaryimage","url":"https:\/\/vinoforever.ee\/wp-content\/uploads\/2026\/04\/Rambla-Rose.png","contentUrl":"https:\/\/vinoforever.ee\/wp-content\/uploads\/2026\/04\/Rambla-Rose.png","width":740,"height":740},{"@type":"BreadcrumbList","@id":"https:\/\/vinoforever.ee\/en\/toode\/rambla-by-born-rose-barcelona-organic-still-rose\/#breadcrumb","itemListElement":[{"@type":"ListItem","position":1,"name":"Home","item":"https:\/\/vinoforever.ee\/en\/"},{"@type":"ListItem","position":2,"name":"Shop","item":"https:\/\/vinoforever.ee\/en\/shop\/"},{"@type":"ListItem","position":3,"name":"Rambla by BORN ROS\u00c9 Barcelona Organic Still Ros\u00e9"}]},{"@type":"WebSite","@id":"https:\/\/vinoforever.ee\/en\/#website","url":"https:\/\/vinoforever.ee\/en\/","name":"Vinoforever","description":"Ainult head veinid","publisher":{"@id":"https:\/\/vinoforever.ee\/en\/#organization"},"alternateName":"Mahedad veinid tunnustatud veinimajadelt","potentialAction":[{"@type":"SearchAction","target":{"@type":"EntryPoint","urlTemplate":"https:\/\/vinoforever.ee\/en\/?s={search_term_string}"},"query-input":{"@type":"PropertyValueSpecification","valueRequired":true,"valueName":"search_term_string"}}],"inLanguage":"en-US"},{"@type":"Organization","@id":"https:\/\/vinoforever.ee\/en\/#organization","name":"Vinoforever O\u00dc","url":"https:\/\/vinoforever.ee\/en\/","logo":{"@type":"ImageObject","inLanguage":"en-US","@id":"https:\/\/vinoforever.ee\/en\/#\/schema\/logo\/image\/","url":"https:\/\/vinoforever.ee\/wp-content\/uploads\/2023\/01\/VinoForever_logo.png","contentUrl":"https:\/\/vinoforever.ee\/wp-content\/uploads\/2023\/01\/VinoForever_logo.png","width":800,"height":300,"caption":"Vinoforever O\u00dc"},"image":{"@id":"https:\/\/vinoforever.ee\/en\/#\/schema\/logo\/image\/"},"sameAs":["https:\/\/www.facebook.com\/vinoforever\/","https:\/\/www.instagram.com\/vinoforever_wines\/"]}]}},"_links":{"self":[{"href":"https:\/\/vinoforever.ee\/en\/wp-json\/wp\/v2\/product\/12709","targetHints":{"allow":["GET"]}}],"collection":[{"href":"https:\/\/vinoforever.ee\/en\/wp-json\/wp\/v2\/product"}],"about":[{"href":"https:\/\/vinoforever.ee\/en\/wp-json\/wp\/v2\/types\/product"}],"replies":[{"embeddable":true,"href":"https:\/\/vinoforever.ee\/en\/wp-json\/wp\/v2\/comments?post=12709"}],"version-history":[{"count":1,"href":"https:\/\/vinoforever.ee\/en\/wp-json\/wp\/v2\/product\/12709\/revisions"}],"predecessor-version":[{"id":12710,"href":"https:\/\/vinoforever.ee\/en\/wp-json\/wp\/v2\/product\/12709\/revisions\/12710"}],"wp:featuredmedia":[{"embeddable":true,"href":"https:\/\/vinoforever.ee\/en\/wp-json\/wp\/v2\/media\/12688"}],"wp:attachment":[{"href":"https:\/\/vinoforever.ee\/en\/wp-json\/wp\/v2\/media?parent=12709"}],"wp:term":[{"taxonomy":"product_brand","embeddable":true,"href":"https:\/\/vinoforever.ee\/en\/wp-json\/wp\/v2\/product_brand?post=12709"},{"taxonomy":"product_cat","embeddable":true,"href":"https:\/\/vinoforever.ee\/en\/wp-json\/wp\/v2\/product_cat?post=12709"},{"taxonomy":"product_tag","embeddable":true,"href":"https:\/\/vinoforever.ee\/en\/wp-json\/wp\/v2\/product_tag?post=12709"}],"curies":[{"name":"wp","href":"https:\/\/api.w.org\/{rel}","templated":true}]}}