{"id":12713,"date":"2026-04-18T09:25:31","date_gmt":"2026-04-18T07:25:31","guid":{"rendered":"https:\/\/vinoforever.ee\/?post_type=product&#038;p=12713"},"modified":"2026-04-18T09:30:00","modified_gmt":"2026-04-18T07:30:00","slug":"rambla-by-born-rose-barcelona-organic-sparkling-rose-0vol","status":"publish","type":"product","link":"https:\/\/vinoforever.ee\/en\/toode\/rambla-by-born-rose-barcelona-organic-sparkling-rose-0vol\/","title":{"rendered":"Rambla by BORN ROS\u00c9 BARCELONA  Organic Sparkling Ros\u00e9 0% vol"},"content":{"rendered":"<p><strong>Viinamarjad<\/strong>: 60% Grenache Noir ja 40% Tempranillo<\/p>\n<p><strong>Veinist<\/strong>: V\u00e4rske ja marjane alkoholivaba ros\u00e8 vahuve, \u00f5rna roosa tooniga. Iseloomulik on karge happesus ning k\u00fcpsete punaste marjade elav maitseprofiil.<\/p>\n<p><strong>Koostis<\/strong>: Dealcoholiseeritud mahe roos\u00e9vein Hispaaniast, viinamarjavirre\/-mahl, looduslikud aroomid, CO\u2082, sulfitid.<\/p>\n<p>&nbsp;<\/p>\n<p>MIKS VALIDA ALKOHOLIVABA VAHUVEIN?<\/p>\n<p>0.0% alkoholisisaldusega ning vaid umbes 20 kcal 100 ml kohta \u2013 kuni 70% v\u00e4hem kaloreid v\u00f5rreldes tavalise veiniga. Ideaalne valik terviseteadlikele tarbijatele, autojuhtidele, lapseootel naistele, alkoholist loobujatele ning neile, kes j\u00e4rgivad usulisi piiranguid \u2013 ilma maitseelamuses j\u00e4releandmisi tegemata.<\/p>\n<p><strong>Toidusoovitus<\/strong>: aperitiivina v\u00f5i koos suupistete, mereandide, kergete tapaste ja magustoitudega.<\/p>\n<p><strong>Serveerimis temperatuur<\/strong>: 6-8 \u00b0C<\/p>\n<p><strong>Pudeli suurus<\/strong>: 75cl<\/p>\n<p><strong>S\u00e4ilivus<\/strong>: Parim tarbida 3 aasta jooksul alates tootmisest.<\/p>\n<p>&nbsp;<\/p>\n<p>Mahe sertifitseerimis-\/kontroll asutus: ES-ECO-019-CT v\u00f5i Consell Catal\u00e0 de la Producci\u00f3 Agr\u00e0ria Ecol\u00f2gica<\/p>\n","protected":false},"excerpt":{"rendered":"<p>Viinamarjad: 60% Grenache Noir ja 40% Tempranillo Veinist: V\u00e4rske ja marjane alkoholivaba ros\u00e8 vahuve, \u00f5rna roosa tooniga. Iseloomulik on karge<\/p>\n","protected":false},"featured_media":12686,"comment_status":"open","ping_status":"closed","template":"","meta":[],"product_brand":[],"product_cat":[209,123],"product_tag":[],"class_list":{"0":"post-12713","1":"product","2":"type-product","3":"status-publish","4":"has-post-thumbnail","6":"product_cat-alkoholivabad-tooted","7":"product_cat-roosad-veinid","9":"first","10":"instock","11":"sale","12":"taxable","13":"shipping-taxable","14":"purchasable","15":"product-type-simple"},"yoast_head":"<!-- This site is optimized with the Yoast SEO plugin v27.1 - https:\/\/yoast.com\/product\/yoast-seo-wordpress\/ -->\n<title>Rambla by BORN ROS\u00c9 BARCELONA Organic Sparkling Ros\u00e9 0% vol - Vinoforever<\/title>\n<meta name=\"description\" content=\"Vinoforever s\u00fcndis soovist pakkuda Eestis kvaliteetseid v\u00e4iksemate tootjate organic veine, teisis\u00f5nu maheveine.\" \/>\n<meta name=\"robots\" content=\"index, follow, max-snippet:-1, max-image-preview:large, max-video-preview:-1\" \/>\n<link rel=\"canonical\" href=\"https:\/\/vinoforever.ee\/en\/toode\/rambla-by-born-rose-barcelona-organic-sparkling-rose-0vol\/\" \/>\n<meta property=\"og:locale\" content=\"en_US\" \/>\n<meta property=\"og:type\" content=\"article\" \/>\n<meta property=\"og:title\" content=\"Rambla by BORN ROS\u00c9 BARCELONA Organic Sparkling Ros\u00e9 0% vol - Vinoforever\" \/>\n<meta property=\"og:description\" content=\"Vinoforever s\u00fcndis soovist pakkuda Eestis kvaliteetseid v\u00e4iksemate tootjate organic veine, teisis\u00f5nu maheveine.\" \/>\n<meta property=\"og:url\" content=\"https:\/\/vinoforever.ee\/en\/toode\/rambla-by-born-rose-barcelona-organic-sparkling-rose-0vol\/\" \/>\n<meta property=\"og:site_name\" content=\"Vinoforever\" \/>\n<meta property=\"article:publisher\" content=\"https:\/\/www.facebook.com\/vinoforever\/\" \/>\n<meta property=\"article:modified_time\" content=\"2026-04-18T07:30:00+00:00\" \/>\n<meta property=\"og:image\" content=\"https:\/\/vinoforever.ee\/wp-content\/uploads\/2026\/04\/Rambla-0.png\" \/>\n\t<meta property=\"og:image:width\" content=\"740\" \/>\n\t<meta property=\"og:image:height\" content=\"740\" \/>\n\t<meta property=\"og:image:type\" content=\"image\/png\" \/>\n<meta name=\"twitter:label1\" content=\"Est. reading time\" \/>\n\t<meta name=\"twitter:data1\" content=\"1 minute\" \/>\n<script type=\"application\/ld+json\" class=\"yoast-schema-graph\">{\"@context\":\"https:\/\/schema.org\",\"@graph\":[{\"@type\":\"WebPage\",\"@id\":\"https:\/\/vinoforever.ee\/en\/toode\/rambla-by-born-rose-barcelona-organic-sparkling-rose-0vol\/\",\"url\":\"https:\/\/vinoforever.ee\/en\/toode\/rambla-by-born-rose-barcelona-organic-sparkling-rose-0vol\/\",\"name\":\"Rambla by BORN ROS\u00c9 BARCELONA Organic Sparkling Ros\u00e9 0% vol - Vinoforever\",\"isPartOf\":{\"@id\":\"https:\/\/vinoforever.ee\/en\/#website\"},\"primaryImageOfPage\":{\"@id\":\"https:\/\/vinoforever.ee\/en\/toode\/rambla-by-born-rose-barcelona-organic-sparkling-rose-0vol\/#primaryimage\"},\"image\":{\"@id\":\"https:\/\/vinoforever.ee\/en\/toode\/rambla-by-born-rose-barcelona-organic-sparkling-rose-0vol\/#primaryimage\"},\"thumbnailUrl\":\"https:\/\/vinoforever.ee\/wp-content\/uploads\/2026\/04\/Rambla-0.png\",\"datePublished\":\"2026-04-18T07:25:31+00:00\",\"dateModified\":\"2026-04-18T07:30:00+00:00\",\"description\":\"Vinoforever s\u00fcndis soovist pakkuda Eestis kvaliteetseid v\u00e4iksemate tootjate organic veine, teisis\u00f5nu maheveine.\",\"breadcrumb\":{\"@id\":\"https:\/\/vinoforever.ee\/en\/toode\/rambla-by-born-rose-barcelona-organic-sparkling-rose-0vol\/#breadcrumb\"},\"inLanguage\":\"en-US\",\"potentialAction\":[{\"@type\":\"ReadAction\",\"target\":[\"https:\/\/vinoforever.ee\/en\/toode\/rambla-by-born-rose-barcelona-organic-sparkling-rose-0vol\/\"]}]},{\"@type\":\"ImageObject\",\"inLanguage\":\"en-US\",\"@id\":\"https:\/\/vinoforever.ee\/en\/toode\/rambla-by-born-rose-barcelona-organic-sparkling-rose-0vol\/#primaryimage\",\"url\":\"https:\/\/vinoforever.ee\/wp-content\/uploads\/2026\/04\/Rambla-0.png\",\"contentUrl\":\"https:\/\/vinoforever.ee\/wp-content\/uploads\/2026\/04\/Rambla-0.png\",\"width\":740,\"height\":740},{\"@type\":\"BreadcrumbList\",\"@id\":\"https:\/\/vinoforever.ee\/en\/toode\/rambla-by-born-rose-barcelona-organic-sparkling-rose-0vol\/#breadcrumb\",\"itemListElement\":[{\"@type\":\"ListItem\",\"position\":1,\"name\":\"Home\",\"item\":\"https:\/\/vinoforever.ee\/en\/\"},{\"@type\":\"ListItem\",\"position\":2,\"name\":\"Shop\",\"item\":\"https:\/\/vinoforever.ee\/en\/shop\/\"},{\"@type\":\"ListItem\",\"position\":3,\"name\":\"Rambla by BORN ROS\u00c9 BARCELONA Organic Sparkling Ros\u00e9 0% vol\"}]},{\"@type\":\"WebSite\",\"@id\":\"https:\/\/vinoforever.ee\/en\/#website\",\"url\":\"https:\/\/vinoforever.ee\/en\/\",\"name\":\"Vinoforever\",\"description\":\"Ainult head veinid\",\"publisher\":{\"@id\":\"https:\/\/vinoforever.ee\/en\/#organization\"},\"alternateName\":\"Mahedad veinid tunnustatud veinimajadelt\",\"potentialAction\":[{\"@type\":\"SearchAction\",\"target\":{\"@type\":\"EntryPoint\",\"urlTemplate\":\"https:\/\/vinoforever.ee\/en\/?s={search_term_string}\"},\"query-input\":{\"@type\":\"PropertyValueSpecification\",\"valueRequired\":true,\"valueName\":\"search_term_string\"}}],\"inLanguage\":\"en-US\"},{\"@type\":\"Organization\",\"@id\":\"https:\/\/vinoforever.ee\/en\/#organization\",\"name\":\"Vinoforever O\u00dc\",\"url\":\"https:\/\/vinoforever.ee\/en\/\",\"logo\":{\"@type\":\"ImageObject\",\"inLanguage\":\"en-US\",\"@id\":\"https:\/\/vinoforever.ee\/en\/#\/schema\/logo\/image\/\",\"url\":\"https:\/\/vinoforever.ee\/wp-content\/uploads\/2023\/01\/VinoForever_logo.png\",\"contentUrl\":\"https:\/\/vinoforever.ee\/wp-content\/uploads\/2023\/01\/VinoForever_logo.png\",\"width\":800,\"height\":300,\"caption\":\"Vinoforever O\u00dc\"},\"image\":{\"@id\":\"https:\/\/vinoforever.ee\/en\/#\/schema\/logo\/image\/\"},\"sameAs\":[\"https:\/\/www.facebook.com\/vinoforever\/\",\"https:\/\/www.instagram.com\/vinoforever_wines\/\"]}]}<\/script>\n<!-- \/ Yoast SEO plugin. -->","yoast_head_json":{"title":"Rambla by BORN ROS\u00c9 BARCELONA Organic Sparkling Ros\u00e9 0% vol - Vinoforever","description":"Vinoforever s\u00fcndis soovist pakkuda Eestis kvaliteetseid v\u00e4iksemate tootjate organic veine, teisis\u00f5nu maheveine.","robots":{"index":"index","follow":"follow","max-snippet":"max-snippet:-1","max-image-preview":"max-image-preview:large","max-video-preview":"max-video-preview:-1"},"canonical":"https:\/\/vinoforever.ee\/en\/toode\/rambla-by-born-rose-barcelona-organic-sparkling-rose-0vol\/","og_locale":"en_US","og_type":"article","og_title":"Rambla by BORN ROS\u00c9 BARCELONA Organic Sparkling Ros\u00e9 0% vol - Vinoforever","og_description":"Vinoforever s\u00fcndis soovist pakkuda Eestis kvaliteetseid v\u00e4iksemate tootjate organic veine, teisis\u00f5nu maheveine.","og_url":"https:\/\/vinoforever.ee\/en\/toode\/rambla-by-born-rose-barcelona-organic-sparkling-rose-0vol\/","og_site_name":"Vinoforever","article_publisher":"https:\/\/www.facebook.com\/vinoforever\/","article_modified_time":"2026-04-18T07:30:00+00:00","og_image":[{"width":740,"height":740,"url":"https:\/\/vinoforever.ee\/wp-content\/uploads\/2026\/04\/Rambla-0.png","type":"image\/png"}],"twitter_misc":{"Est. reading time":"1 minute"},"schema":{"@context":"https:\/\/schema.org","@graph":[{"@type":"WebPage","@id":"https:\/\/vinoforever.ee\/en\/toode\/rambla-by-born-rose-barcelona-organic-sparkling-rose-0vol\/","url":"https:\/\/vinoforever.ee\/en\/toode\/rambla-by-born-rose-barcelona-organic-sparkling-rose-0vol\/","name":"Rambla by BORN ROS\u00c9 BARCELONA Organic Sparkling Ros\u00e9 0% vol - Vinoforever","isPartOf":{"@id":"https:\/\/vinoforever.ee\/en\/#website"},"primaryImageOfPage":{"@id":"https:\/\/vinoforever.ee\/en\/toode\/rambla-by-born-rose-barcelona-organic-sparkling-rose-0vol\/#primaryimage"},"image":{"@id":"https:\/\/vinoforever.ee\/en\/toode\/rambla-by-born-rose-barcelona-organic-sparkling-rose-0vol\/#primaryimage"},"thumbnailUrl":"https:\/\/vinoforever.ee\/wp-content\/uploads\/2026\/04\/Rambla-0.png","datePublished":"2026-04-18T07:25:31+00:00","dateModified":"2026-04-18T07:30:00+00:00","description":"Vinoforever s\u00fcndis soovist pakkuda Eestis kvaliteetseid v\u00e4iksemate tootjate organic veine, teisis\u00f5nu maheveine.","breadcrumb":{"@id":"https:\/\/vinoforever.ee\/en\/toode\/rambla-by-born-rose-barcelona-organic-sparkling-rose-0vol\/#breadcrumb"},"inLanguage":"en-US","potentialAction":[{"@type":"ReadAction","target":["https:\/\/vinoforever.ee\/en\/toode\/rambla-by-born-rose-barcelona-organic-sparkling-rose-0vol\/"]}]},{"@type":"ImageObject","inLanguage":"en-US","@id":"https:\/\/vinoforever.ee\/en\/toode\/rambla-by-born-rose-barcelona-organic-sparkling-rose-0vol\/#primaryimage","url":"https:\/\/vinoforever.ee\/wp-content\/uploads\/2026\/04\/Rambla-0.png","contentUrl":"https:\/\/vinoforever.ee\/wp-content\/uploads\/2026\/04\/Rambla-0.png","width":740,"height":740},{"@type":"BreadcrumbList","@id":"https:\/\/vinoforever.ee\/en\/toode\/rambla-by-born-rose-barcelona-organic-sparkling-rose-0vol\/#breadcrumb","itemListElement":[{"@type":"ListItem","position":1,"name":"Home","item":"https:\/\/vinoforever.ee\/en\/"},{"@type":"ListItem","position":2,"name":"Shop","item":"https:\/\/vinoforever.ee\/en\/shop\/"},{"@type":"ListItem","position":3,"name":"Rambla by BORN ROS\u00c9 BARCELONA Organic Sparkling Ros\u00e9 0% vol"}]},{"@type":"WebSite","@id":"https:\/\/vinoforever.ee\/en\/#website","url":"https:\/\/vinoforever.ee\/en\/","name":"Vinoforever","description":"Ainult head veinid","publisher":{"@id":"https:\/\/vinoforever.ee\/en\/#organization"},"alternateName":"Mahedad veinid tunnustatud veinimajadelt","potentialAction":[{"@type":"SearchAction","target":{"@type":"EntryPoint","urlTemplate":"https:\/\/vinoforever.ee\/en\/?s={search_term_string}"},"query-input":{"@type":"PropertyValueSpecification","valueRequired":true,"valueName":"search_term_string"}}],"inLanguage":"en-US"},{"@type":"Organization","@id":"https:\/\/vinoforever.ee\/en\/#organization","name":"Vinoforever O\u00dc","url":"https:\/\/vinoforever.ee\/en\/","logo":{"@type":"ImageObject","inLanguage":"en-US","@id":"https:\/\/vinoforever.ee\/en\/#\/schema\/logo\/image\/","url":"https:\/\/vinoforever.ee\/wp-content\/uploads\/2023\/01\/VinoForever_logo.png","contentUrl":"https:\/\/vinoforever.ee\/wp-content\/uploads\/2023\/01\/VinoForever_logo.png","width":800,"height":300,"caption":"Vinoforever O\u00dc"},"image":{"@id":"https:\/\/vinoforever.ee\/en\/#\/schema\/logo\/image\/"},"sameAs":["https:\/\/www.facebook.com\/vinoforever\/","https:\/\/www.instagram.com\/vinoforever_wines\/"]}]}},"_links":{"self":[{"href":"https:\/\/vinoforever.ee\/en\/wp-json\/wp\/v2\/product\/12713","targetHints":{"allow":["GET"]}}],"collection":[{"href":"https:\/\/vinoforever.ee\/en\/wp-json\/wp\/v2\/product"}],"about":[{"href":"https:\/\/vinoforever.ee\/en\/wp-json\/wp\/v2\/types\/product"}],"replies":[{"embeddable":true,"href":"https:\/\/vinoforever.ee\/en\/wp-json\/wp\/v2\/comments?post=12713"}],"version-history":[{"count":2,"href":"https:\/\/vinoforever.ee\/en\/wp-json\/wp\/v2\/product\/12713\/revisions"}],"predecessor-version":[{"id":12715,"href":"https:\/\/vinoforever.ee\/en\/wp-json\/wp\/v2\/product\/12713\/revisions\/12715"}],"wp:featuredmedia":[{"embeddable":true,"href":"https:\/\/vinoforever.ee\/en\/wp-json\/wp\/v2\/media\/12686"}],"wp:attachment":[{"href":"https:\/\/vinoforever.ee\/en\/wp-json\/wp\/v2\/media?parent=12713"}],"wp:term":[{"taxonomy":"product_brand","embeddable":true,"href":"https:\/\/vinoforever.ee\/en\/wp-json\/wp\/v2\/product_brand?post=12713"},{"taxonomy":"product_cat","embeddable":true,"href":"https:\/\/vinoforever.ee\/en\/wp-json\/wp\/v2\/product_cat?post=12713"},{"taxonomy":"product_tag","embeddable":true,"href":"https:\/\/vinoforever.ee\/en\/wp-json\/wp\/v2\/product_tag?post=12713"}],"curies":[{"name":"wp","href":"https:\/\/api.w.org\/{rel}","templated":true}]}}