{"id":8478,"date":"2023-01-17T21:14:06","date_gmt":"2023-01-17T19:14:06","guid":{"rendered":"https:\/\/vinoforever.ee\/?post_type=product&#038;p=8478"},"modified":"2026-04-02T20:08:10","modified_gmt":"2026-04-02T18:08:10","slug":"savian-prosecco-superiore-docg-conegliano-valdobbiadene-organic","status":"publish","type":"product","link":"https:\/\/vinoforever.ee\/en\/toode\/savian-prosecco-superiore-docg-conegliano-valdobbiadene-organic\/","title":{"rendered":"Savian Prosecco Superiore Frizzante DOCG Conegliano Valdobbiadene"},"content":{"rendered":"<p><strong>Veinist:<\/strong> Valmistatud charmant meetodil 100% Glera viinamarjast. V\u00e4rske vahuvein, noor ja elegantne, s\u00e4rava helekollase tooniga. Aromaatne, tunda puuvilju n\u00e4iteks v\u00e4rske \u00f5una noote ja ka metsalilli. Suus elav, hea happesusega.<\/p>\n<p><strong>Toidusoovitus:<\/strong> Suurep\u00e4rane k\u00f6\u00f6giviljadest ja kalast valmistatud eelroogadega, risoto juurde ja taimetoiduga.<\/p>\n<p><strong>Serveerimis temperatuur:<\/strong> 8-10\u00b0C<\/p>\n<p><strong>Alkoholisisaldus:<\/strong> 11,5%<\/p>\n<p><strong>Pudeli suurus:<\/strong> 75cl<\/p>\n<p>Mahe sertifitseerimis-\/kontroll asutus: IT-BIO-006 v\u00f5i Istituto per la Certificazione Etica ed Ambientale<\/p>\n","protected":false},"excerpt":{"rendered":"<p>Veinist: Valmistatud charmant meetodil 100% Glera viinamarjast. V\u00e4rske vahuvein, noor ja elegantne, s\u00e4rava helekollase tooniga. Aromaatne, tunda puuvilju n\u00e4iteks v\u00e4rske<\/p>\n","protected":false},"featured_media":9467,"comment_status":"open","ping_status":"closed","template":"","meta":[],"product_brand":[],"product_cat":[71],"product_tag":[],"class_list":{"0":"post-8478","1":"product","2":"type-product","3":"status-publish","4":"has-post-thumbnail","6":"product_cat-vahuveinid","8":"first","9":"instock","10":"taxable","11":"shipping-taxable","12":"purchasable","13":"product-type-simple"},"yoast_head":"<!-- This site is optimized with the Yoast SEO plugin v27.1 - https:\/\/yoast.com\/product\/yoast-seo-wordpress\/ -->\n<title>Savian Prosecco Superiore Frizzante DOCG Conegliano Valdobbiadene - Vinoforever<\/title>\n<meta name=\"description\" content=\"Valmistatud charmant meetodil 100% Glera viinamarjast. V\u00e4rske vahuvein, noor ja elegantne, s\u00e4rava helekollase tooniga. Suus elav, hea happesusega.\" \/>\n<meta name=\"robots\" content=\"index, follow, max-snippet:-1, max-image-preview:large, max-video-preview:-1\" \/>\n<link rel=\"canonical\" href=\"https:\/\/vinoforever.ee\/en\/toode\/savian-prosecco-superiore-docg-conegliano-valdobbiadene-organic\/\" \/>\n<meta property=\"og:locale\" content=\"en_US\" \/>\n<meta property=\"og:type\" content=\"article\" \/>\n<meta property=\"og:title\" content=\"Savian Prosecco Superiore Frizzante DOCG Conegliano Valdobbiadene - Vinoforever\" \/>\n<meta property=\"og:description\" content=\"Valmistatud charmant meetodil 100% Glera viinamarjast. V\u00e4rske vahuvein, noor ja elegantne, s\u00e4rava helekollase tooniga. Suus elav, hea happesusega.\" \/>\n<meta property=\"og:url\" content=\"https:\/\/vinoforever.ee\/en\/toode\/savian-prosecco-superiore-docg-conegliano-valdobbiadene-organic\/\" \/>\n<meta property=\"og:site_name\" content=\"Vinoforever\" \/>\n<meta property=\"article:publisher\" content=\"https:\/\/www.facebook.com\/vinoforever\/\" \/>\n<meta property=\"article:modified_time\" content=\"2026-04-02T18:08:10+00:00\" \/>\n<meta property=\"og:image\" content=\"https:\/\/vinoforever.ee\/wp-content\/uploads\/2023\/01\/prosecco-superiore-docg-conegliano-valdobbiadene-savian-vini-box.png.jpg\" \/>\n\t<meta property=\"og:image:width\" content=\"740\" \/>\n\t<meta property=\"og:image:height\" content=\"740\" \/>\n\t<meta property=\"og:image:type\" content=\"image\/jpeg\" \/>\n<meta name=\"twitter:label1\" content=\"Est. reading time\" \/>\n\t<meta name=\"twitter:data1\" content=\"1 minute\" \/>\n<script type=\"application\/ld+json\" class=\"yoast-schema-graph\">{\"@context\":\"https:\/\/schema.org\",\"@graph\":[{\"@type\":\"WebPage\",\"@id\":\"https:\/\/vinoforever.ee\/en\/toode\/savian-prosecco-superiore-docg-conegliano-valdobbiadene-organic\/\",\"url\":\"https:\/\/vinoforever.ee\/en\/toode\/savian-prosecco-superiore-docg-conegliano-valdobbiadene-organic\/\",\"name\":\"Savian Prosecco Superiore Frizzante DOCG Conegliano Valdobbiadene - Vinoforever\",\"isPartOf\":{\"@id\":\"https:\/\/vinoforever.ee\/en\/#website\"},\"primaryImageOfPage\":{\"@id\":\"https:\/\/vinoforever.ee\/en\/toode\/savian-prosecco-superiore-docg-conegliano-valdobbiadene-organic\/#primaryimage\"},\"image\":{\"@id\":\"https:\/\/vinoforever.ee\/en\/toode\/savian-prosecco-superiore-docg-conegliano-valdobbiadene-organic\/#primaryimage\"},\"thumbnailUrl\":\"https:\/\/vinoforever.ee\/wp-content\/uploads\/2023\/01\/prosecco-superiore-docg-conegliano-valdobbiadene-savian-vini-box.png.jpg\",\"datePublished\":\"2023-01-17T19:14:06+00:00\",\"dateModified\":\"2026-04-02T18:08:10+00:00\",\"description\":\"Valmistatud charmant meetodil 100% Glera viinamarjast. V\u00e4rske vahuvein, noor ja elegantne, s\u00e4rava helekollase tooniga. Suus elav, hea happesusega.\",\"breadcrumb\":{\"@id\":\"https:\/\/vinoforever.ee\/en\/toode\/savian-prosecco-superiore-docg-conegliano-valdobbiadene-organic\/#breadcrumb\"},\"inLanguage\":\"en-US\",\"potentialAction\":[{\"@type\":\"ReadAction\",\"target\":[\"https:\/\/vinoforever.ee\/en\/toode\/savian-prosecco-superiore-docg-conegliano-valdobbiadene-organic\/\"]}]},{\"@type\":\"ImageObject\",\"inLanguage\":\"en-US\",\"@id\":\"https:\/\/vinoforever.ee\/en\/toode\/savian-prosecco-superiore-docg-conegliano-valdobbiadene-organic\/#primaryimage\",\"url\":\"https:\/\/vinoforever.ee\/wp-content\/uploads\/2023\/01\/prosecco-superiore-docg-conegliano-valdobbiadene-savian-vini-box.png.jpg\",\"contentUrl\":\"https:\/\/vinoforever.ee\/wp-content\/uploads\/2023\/01\/prosecco-superiore-docg-conegliano-valdobbiadene-savian-vini-box.png.jpg\",\"width\":740,\"height\":740,\"caption\":\"Savian Prosecco Superiore DOCG Conegliano Valdobbiadene \u2013 Orgaaniline vahuvein\"},{\"@type\":\"BreadcrumbList\",\"@id\":\"https:\/\/vinoforever.ee\/en\/toode\/savian-prosecco-superiore-docg-conegliano-valdobbiadene-organic\/#breadcrumb\",\"itemListElement\":[{\"@type\":\"ListItem\",\"position\":1,\"name\":\"Home\",\"item\":\"https:\/\/vinoforever.ee\/en\/\"},{\"@type\":\"ListItem\",\"position\":2,\"name\":\"Shop\",\"item\":\"https:\/\/vinoforever.ee\/en\/shop\/\"},{\"@type\":\"ListItem\",\"position\":3,\"name\":\"Savian Prosecco Superiore Frizzante DOCG Conegliano Valdobbiadene\"}]},{\"@type\":\"WebSite\",\"@id\":\"https:\/\/vinoforever.ee\/en\/#website\",\"url\":\"https:\/\/vinoforever.ee\/en\/\",\"name\":\"Vinoforever\",\"description\":\"Ainult head veinid\",\"publisher\":{\"@id\":\"https:\/\/vinoforever.ee\/en\/#organization\"},\"alternateName\":\"Mahedad veinid tunnustatud veinimajadelt\",\"potentialAction\":[{\"@type\":\"SearchAction\",\"target\":{\"@type\":\"EntryPoint\",\"urlTemplate\":\"https:\/\/vinoforever.ee\/en\/?s={search_term_string}\"},\"query-input\":{\"@type\":\"PropertyValueSpecification\",\"valueRequired\":true,\"valueName\":\"search_term_string\"}}],\"inLanguage\":\"en-US\"},{\"@type\":\"Organization\",\"@id\":\"https:\/\/vinoforever.ee\/en\/#organization\",\"name\":\"Vinoforever O\u00dc\",\"url\":\"https:\/\/vinoforever.ee\/en\/\",\"logo\":{\"@type\":\"ImageObject\",\"inLanguage\":\"en-US\",\"@id\":\"https:\/\/vinoforever.ee\/en\/#\/schema\/logo\/image\/\",\"url\":\"https:\/\/vinoforever.ee\/wp-content\/uploads\/2023\/01\/VinoForever_logo.png\",\"contentUrl\":\"https:\/\/vinoforever.ee\/wp-content\/uploads\/2023\/01\/VinoForever_logo.png\",\"width\":800,\"height\":300,\"caption\":\"Vinoforever O\u00dc\"},\"image\":{\"@id\":\"https:\/\/vinoforever.ee\/en\/#\/schema\/logo\/image\/\"},\"sameAs\":[\"https:\/\/www.facebook.com\/vinoforever\/\",\"https:\/\/www.instagram.com\/vinoforever_wines\/\"]}]}<\/script>\n<!-- \/ Yoast SEO plugin. -->","yoast_head_json":{"title":"Savian Prosecco Superiore Frizzante DOCG Conegliano Valdobbiadene - Vinoforever","description":"Valmistatud charmant meetodil 100% Glera viinamarjast. V\u00e4rske vahuvein, noor ja elegantne, s\u00e4rava helekollase tooniga. Suus elav, hea happesusega.","robots":{"index":"index","follow":"follow","max-snippet":"max-snippet:-1","max-image-preview":"max-image-preview:large","max-video-preview":"max-video-preview:-1"},"canonical":"https:\/\/vinoforever.ee\/en\/toode\/savian-prosecco-superiore-docg-conegliano-valdobbiadene-organic\/","og_locale":"en_US","og_type":"article","og_title":"Savian Prosecco Superiore Frizzante DOCG Conegliano Valdobbiadene - Vinoforever","og_description":"Valmistatud charmant meetodil 100% Glera viinamarjast. V\u00e4rske vahuvein, noor ja elegantne, s\u00e4rava helekollase tooniga. Suus elav, hea happesusega.","og_url":"https:\/\/vinoforever.ee\/en\/toode\/savian-prosecco-superiore-docg-conegliano-valdobbiadene-organic\/","og_site_name":"Vinoforever","article_publisher":"https:\/\/www.facebook.com\/vinoforever\/","article_modified_time":"2026-04-02T18:08:10+00:00","og_image":[{"width":740,"height":740,"url":"https:\/\/vinoforever.ee\/wp-content\/uploads\/2023\/01\/prosecco-superiore-docg-conegliano-valdobbiadene-savian-vini-box.png.jpg","type":"image\/jpeg"}],"twitter_misc":{"Est. reading time":"1 minute"},"schema":{"@context":"https:\/\/schema.org","@graph":[{"@type":"WebPage","@id":"https:\/\/vinoforever.ee\/en\/toode\/savian-prosecco-superiore-docg-conegliano-valdobbiadene-organic\/","url":"https:\/\/vinoforever.ee\/en\/toode\/savian-prosecco-superiore-docg-conegliano-valdobbiadene-organic\/","name":"Savian Prosecco Superiore Frizzante DOCG Conegliano Valdobbiadene - Vinoforever","isPartOf":{"@id":"https:\/\/vinoforever.ee\/en\/#website"},"primaryImageOfPage":{"@id":"https:\/\/vinoforever.ee\/en\/toode\/savian-prosecco-superiore-docg-conegliano-valdobbiadene-organic\/#primaryimage"},"image":{"@id":"https:\/\/vinoforever.ee\/en\/toode\/savian-prosecco-superiore-docg-conegliano-valdobbiadene-organic\/#primaryimage"},"thumbnailUrl":"https:\/\/vinoforever.ee\/wp-content\/uploads\/2023\/01\/prosecco-superiore-docg-conegliano-valdobbiadene-savian-vini-box.png.jpg","datePublished":"2023-01-17T19:14:06+00:00","dateModified":"2026-04-02T18:08:10+00:00","description":"Valmistatud charmant meetodil 100% Glera viinamarjast. V\u00e4rske vahuvein, noor ja elegantne, s\u00e4rava helekollase tooniga. Suus elav, hea happesusega.","breadcrumb":{"@id":"https:\/\/vinoforever.ee\/en\/toode\/savian-prosecco-superiore-docg-conegliano-valdobbiadene-organic\/#breadcrumb"},"inLanguage":"en-US","potentialAction":[{"@type":"ReadAction","target":["https:\/\/vinoforever.ee\/en\/toode\/savian-prosecco-superiore-docg-conegliano-valdobbiadene-organic\/"]}]},{"@type":"ImageObject","inLanguage":"en-US","@id":"https:\/\/vinoforever.ee\/en\/toode\/savian-prosecco-superiore-docg-conegliano-valdobbiadene-organic\/#primaryimage","url":"https:\/\/vinoforever.ee\/wp-content\/uploads\/2023\/01\/prosecco-superiore-docg-conegliano-valdobbiadene-savian-vini-box.png.jpg","contentUrl":"https:\/\/vinoforever.ee\/wp-content\/uploads\/2023\/01\/prosecco-superiore-docg-conegliano-valdobbiadene-savian-vini-box.png.jpg","width":740,"height":740,"caption":"Savian Prosecco Superiore DOCG Conegliano Valdobbiadene \u2013 Orgaaniline vahuvein"},{"@type":"BreadcrumbList","@id":"https:\/\/vinoforever.ee\/en\/toode\/savian-prosecco-superiore-docg-conegliano-valdobbiadene-organic\/#breadcrumb","itemListElement":[{"@type":"ListItem","position":1,"name":"Home","item":"https:\/\/vinoforever.ee\/en\/"},{"@type":"ListItem","position":2,"name":"Shop","item":"https:\/\/vinoforever.ee\/en\/shop\/"},{"@type":"ListItem","position":3,"name":"Savian Prosecco Superiore Frizzante DOCG Conegliano Valdobbiadene"}]},{"@type":"WebSite","@id":"https:\/\/vinoforever.ee\/en\/#website","url":"https:\/\/vinoforever.ee\/en\/","name":"Vinoforever","description":"Ainult head veinid","publisher":{"@id":"https:\/\/vinoforever.ee\/en\/#organization"},"alternateName":"Mahedad veinid tunnustatud veinimajadelt","potentialAction":[{"@type":"SearchAction","target":{"@type":"EntryPoint","urlTemplate":"https:\/\/vinoforever.ee\/en\/?s={search_term_string}"},"query-input":{"@type":"PropertyValueSpecification","valueRequired":true,"valueName":"search_term_string"}}],"inLanguage":"en-US"},{"@type":"Organization","@id":"https:\/\/vinoforever.ee\/en\/#organization","name":"Vinoforever O\u00dc","url":"https:\/\/vinoforever.ee\/en\/","logo":{"@type":"ImageObject","inLanguage":"en-US","@id":"https:\/\/vinoforever.ee\/en\/#\/schema\/logo\/image\/","url":"https:\/\/vinoforever.ee\/wp-content\/uploads\/2023\/01\/VinoForever_logo.png","contentUrl":"https:\/\/vinoforever.ee\/wp-content\/uploads\/2023\/01\/VinoForever_logo.png","width":800,"height":300,"caption":"Vinoforever O\u00dc"},"image":{"@id":"https:\/\/vinoforever.ee\/en\/#\/schema\/logo\/image\/"},"sameAs":["https:\/\/www.facebook.com\/vinoforever\/","https:\/\/www.instagram.com\/vinoforever_wines\/"]}]}},"_links":{"self":[{"href":"https:\/\/vinoforever.ee\/en\/wp-json\/wp\/v2\/product\/8478","targetHints":{"allow":["GET"]}}],"collection":[{"href":"https:\/\/vinoforever.ee\/en\/wp-json\/wp\/v2\/product"}],"about":[{"href":"https:\/\/vinoforever.ee\/en\/wp-json\/wp\/v2\/types\/product"}],"replies":[{"embeddable":true,"href":"https:\/\/vinoforever.ee\/en\/wp-json\/wp\/v2\/comments?post=8478"}],"version-history":[{"count":2,"href":"https:\/\/vinoforever.ee\/en\/wp-json\/wp\/v2\/product\/8478\/revisions"}],"predecessor-version":[{"id":11231,"href":"https:\/\/vinoforever.ee\/en\/wp-json\/wp\/v2\/product\/8478\/revisions\/11231"}],"wp:featuredmedia":[{"embeddable":true,"href":"https:\/\/vinoforever.ee\/en\/wp-json\/wp\/v2\/media\/9467"}],"wp:attachment":[{"href":"https:\/\/vinoforever.ee\/en\/wp-json\/wp\/v2\/media?parent=8478"}],"wp:term":[{"taxonomy":"product_brand","embeddable":true,"href":"https:\/\/vinoforever.ee\/en\/wp-json\/wp\/v2\/product_brand?post=8478"},{"taxonomy":"product_cat","embeddable":true,"href":"https:\/\/vinoforever.ee\/en\/wp-json\/wp\/v2\/product_cat?post=8478"},{"taxonomy":"product_tag","embeddable":true,"href":"https:\/\/vinoforever.ee\/en\/wp-json\/wp\/v2\/product_tag?post=8478"}],"curies":[{"name":"wp","href":"https:\/\/api.w.org\/{rel}","templated":true}]}}