{"id":8533,"date":"2023-01-17T22:52:12","date_gmt":"2023-01-17T20:52:12","guid":{"rendered":"https:\/\/vinoforever.ee\/?post_type=product&#038;p=8533"},"modified":"2025-06-30T21:20:53","modified_gmt":"2025-06-30T19:20:53","slug":"savian-prosecco-spumante-doc-brut-organic","status":"publish","type":"product","link":"https:\/\/vinoforever.ee\/en\/toode\/savian-prosecco-spumante-doc-brut-organic\/","title":{"rendered":"Prosecco Brut DOC Spumante &#8211; Savian"},"content":{"rendered":"<h2>Prosecco: Heas tasakaalus vahuvein, p\u00e4rjatud auhindadega Eestis ja v\u00e4lismaal&#8221;<\/h2>\n<p><strong>Veinist:<\/strong> Valmistatud charmant meetodil. Viinamarjad purustatakse ja pressitakse \u00f5rnalt, k\u00e4\u00e4ritatakse kontrollitud temperatuuril 15C juures. Intensiivse \u00f5lgkollase v\u00e4rvusega roheka helgiga vein. Aroomilt lopsakas, puuviljane, tunda pirni, rohelist \u00f5una, taustal greip ja sidrunikoor. Tunda ka t\u00fc\u00fcmiani ja salvei vihjeid. Maitselt t\u00e4idlane, m\u00f5nus ja p\u00fcsiv. Heas tasakaalus vahuvein.<\/p>\n<p><strong>Toidusoovitus:<\/strong> Ideaalne aperitiiviks koos kohaliku tsicchettiga. Suurep\u00e4rane mereanni risoto juurde aga ka teiste mereandidest valmistatud roogadega.<\/p>\n<p><strong>Auhinnad:<\/strong> Pronksmedal MilleismeBio 2021a.<\/p>\n<p>Aasta Vein 2023 <a href=\"https:\/\/aastavein.ee\/\">Aasta vein &#8211; Sinu abiline leidmaks parimaid veine Eestis<\/a> &#8211; h\u00f5be, mis t\u00e4hendab et tegu on omas klassis silmapaistvalt v\u00e4ga hea veiniga.<\/p>\n<p><strong>Serveerimis temperatuur:<\/strong> 6-8\u00b0C<\/p>\n<p><strong>Alkoholisisaldus:<\/strong> 11%<\/p>\n<p><strong>Pudeli suurus:<\/strong> 75cl<\/p>\n<p>Mahe sertifitseerimis-\/kontroll asutus: IT-BIO-006 v\u00f5i Istituto per la Certificazione Etica ed Ambientale<\/p>\n","protected":false},"excerpt":{"rendered":"<p>Prosecco: Heas tasakaalus vahuvein, p\u00e4rjatud auhindadega Eestis ja v\u00e4lismaal&#8221; Veinist: Valmistatud charmant meetodil. Viinamarjad purustatakse ja pressitakse \u00f5rnalt, k\u00e4\u00e4ritatakse kontrollitud<\/p>\n","protected":false},"featured_media":9427,"comment_status":"open","ping_status":"closed","template":"","meta":[],"product_brand":[],"product_cat":[71],"product_tag":[],"class_list":{"0":"post-8533","1":"product","2":"type-product","3":"status-publish","4":"has-post-thumbnail","6":"product_cat-vahuveinid","8":"first","9":"instock","10":"taxable","11":"shipping-taxable","12":"purchasable","13":"product-type-simple"},"yoast_head":"<!-- This site is optimized with the Yoast SEO plugin v27.1 - https:\/\/yoast.com\/product\/yoast-seo-wordpress\/ -->\n<title>Prosecco Brut DOC Spumante - Savian - Vinoforever<\/title>\n<meta name=\"description\" content=\"Prosecco mis valmistatud charmant meetodil. P\u00e4rjatud auhindadega Eestis ja v\u00e4lismaal. Maitselt t\u00e4idlane, m\u00f5nus ja p\u00fcsiv. Heas tasakaalus vahuvein.\" \/>\n<meta name=\"robots\" content=\"index, follow, max-snippet:-1, max-image-preview:large, max-video-preview:-1\" \/>\n<link rel=\"canonical\" href=\"https:\/\/vinoforever.ee\/en\/toode\/savian-prosecco-spumante-doc-brut-organic\/\" \/>\n<meta property=\"og:locale\" content=\"en_US\" \/>\n<meta property=\"og:type\" content=\"article\" \/>\n<meta property=\"og:title\" content=\"Prosecco Brut DOC Spumante - Savian - Vinoforever\" \/>\n<meta property=\"og:description\" content=\"Prosecco mis valmistatud charmant meetodil. P\u00e4rjatud auhindadega Eestis ja v\u00e4lismaal. Maitselt t\u00e4idlane, m\u00f5nus ja p\u00fcsiv. Heas tasakaalus vahuvein.\" \/>\n<meta property=\"og:url\" content=\"https:\/\/vinoforever.ee\/en\/toode\/savian-prosecco-spumante-doc-brut-organic\/\" \/>\n<meta property=\"og:site_name\" content=\"Vinoforever\" \/>\n<meta property=\"article:publisher\" content=\"https:\/\/www.facebook.com\/vinoforever\/\" \/>\n<meta property=\"article:modified_time\" content=\"2025-06-30T19:20:53+00:00\" \/>\n<meta property=\"og:image\" content=\"https:\/\/vinoforever.ee\/wp-content\/uploads\/2023\/02\/prosecco-spumante-doc-brut-savian-vini.png.jpg\" \/>\n\t<meta property=\"og:image:width\" content=\"740\" \/>\n\t<meta property=\"og:image:height\" content=\"740\" \/>\n\t<meta property=\"og:image:type\" content=\"image\/jpeg\" \/>\n<meta name=\"twitter:label1\" content=\"Est. reading time\" \/>\n\t<meta name=\"twitter:data1\" content=\"1 minute\" \/>\n<script type=\"application\/ld+json\" class=\"yoast-schema-graph\">{\"@context\":\"https:\/\/schema.org\",\"@graph\":[{\"@type\":\"WebPage\",\"@id\":\"https:\/\/vinoforever.ee\/en\/toode\/savian-prosecco-spumante-doc-brut-organic\/\",\"url\":\"https:\/\/vinoforever.ee\/en\/toode\/savian-prosecco-spumante-doc-brut-organic\/\",\"name\":\"Prosecco Brut DOC Spumante - Savian - Vinoforever\",\"isPartOf\":{\"@id\":\"https:\/\/vinoforever.ee\/en\/#website\"},\"primaryImageOfPage\":{\"@id\":\"https:\/\/vinoforever.ee\/en\/toode\/savian-prosecco-spumante-doc-brut-organic\/#primaryimage\"},\"image\":{\"@id\":\"https:\/\/vinoforever.ee\/en\/toode\/savian-prosecco-spumante-doc-brut-organic\/#primaryimage\"},\"thumbnailUrl\":\"https:\/\/vinoforever.ee\/wp-content\/uploads\/2023\/02\/prosecco-spumante-doc-brut-savian-vini.png.jpg\",\"datePublished\":\"2023-01-17T20:52:12+00:00\",\"dateModified\":\"2025-06-30T19:20:53+00:00\",\"description\":\"Prosecco mis valmistatud charmant meetodil. P\u00e4rjatud auhindadega Eestis ja v\u00e4lismaal. Maitselt t\u00e4idlane, m\u00f5nus ja p\u00fcsiv. Heas tasakaalus vahuvein.\",\"breadcrumb\":{\"@id\":\"https:\/\/vinoforever.ee\/en\/toode\/savian-prosecco-spumante-doc-brut-organic\/#breadcrumb\"},\"inLanguage\":\"en-US\",\"potentialAction\":[{\"@type\":\"ReadAction\",\"target\":[\"https:\/\/vinoforever.ee\/en\/toode\/savian-prosecco-spumante-doc-brut-organic\/\"]}]},{\"@type\":\"ImageObject\",\"inLanguage\":\"en-US\",\"@id\":\"https:\/\/vinoforever.ee\/en\/toode\/savian-prosecco-spumante-doc-brut-organic\/#primaryimage\",\"url\":\"https:\/\/vinoforever.ee\/wp-content\/uploads\/2023\/02\/prosecco-spumante-doc-brut-savian-vini.png.jpg\",\"contentUrl\":\"https:\/\/vinoforever.ee\/wp-content\/uploads\/2023\/02\/prosecco-spumante-doc-brut-savian-vini.png.jpg\",\"width\":740,\"height\":740,\"caption\":\"Savian Prosecco Spumante DOC Brut - Orgaaniline vahuvein\"},{\"@type\":\"BreadcrumbList\",\"@id\":\"https:\/\/vinoforever.ee\/en\/toode\/savian-prosecco-spumante-doc-brut-organic\/#breadcrumb\",\"itemListElement\":[{\"@type\":\"ListItem\",\"position\":1,\"name\":\"Home\",\"item\":\"https:\/\/vinoforever.ee\/en\/\"},{\"@type\":\"ListItem\",\"position\":2,\"name\":\"Shop\",\"item\":\"https:\/\/vinoforever.ee\/en\/shop\/\"},{\"@type\":\"ListItem\",\"position\":3,\"name\":\"Prosecco Brut DOC Spumante &#8211; Savian\"}]},{\"@type\":\"WebSite\",\"@id\":\"https:\/\/vinoforever.ee\/en\/#website\",\"url\":\"https:\/\/vinoforever.ee\/en\/\",\"name\":\"Vinoforever\",\"description\":\"Ainult head veinid\",\"publisher\":{\"@id\":\"https:\/\/vinoforever.ee\/en\/#organization\"},\"alternateName\":\"Mahedad veinid tunnustatud veinimajadelt\",\"potentialAction\":[{\"@type\":\"SearchAction\",\"target\":{\"@type\":\"EntryPoint\",\"urlTemplate\":\"https:\/\/vinoforever.ee\/en\/?s={search_term_string}\"},\"query-input\":{\"@type\":\"PropertyValueSpecification\",\"valueRequired\":true,\"valueName\":\"search_term_string\"}}],\"inLanguage\":\"en-US\"},{\"@type\":\"Organization\",\"@id\":\"https:\/\/vinoforever.ee\/en\/#organization\",\"name\":\"Vinoforever O\u00dc\",\"url\":\"https:\/\/vinoforever.ee\/en\/\",\"logo\":{\"@type\":\"ImageObject\",\"inLanguage\":\"en-US\",\"@id\":\"https:\/\/vinoforever.ee\/en\/#\/schema\/logo\/image\/\",\"url\":\"https:\/\/vinoforever.ee\/wp-content\/uploads\/2023\/01\/VinoForever_logo.png\",\"contentUrl\":\"https:\/\/vinoforever.ee\/wp-content\/uploads\/2023\/01\/VinoForever_logo.png\",\"width\":800,\"height\":300,\"caption\":\"Vinoforever O\u00dc\"},\"image\":{\"@id\":\"https:\/\/vinoforever.ee\/en\/#\/schema\/logo\/image\/\"},\"sameAs\":[\"https:\/\/www.facebook.com\/vinoforever\/\",\"https:\/\/www.instagram.com\/vinoforever_wines\/\"]}]}<\/script>\n<!-- \/ Yoast SEO plugin. -->","yoast_head_json":{"title":"Prosecco Brut DOC Spumante - Savian - Vinoforever","description":"Prosecco mis valmistatud charmant meetodil. P\u00e4rjatud auhindadega Eestis ja v\u00e4lismaal. Maitselt t\u00e4idlane, m\u00f5nus ja p\u00fcsiv. Heas tasakaalus vahuvein.","robots":{"index":"index","follow":"follow","max-snippet":"max-snippet:-1","max-image-preview":"max-image-preview:large","max-video-preview":"max-video-preview:-1"},"canonical":"https:\/\/vinoforever.ee\/en\/toode\/savian-prosecco-spumante-doc-brut-organic\/","og_locale":"en_US","og_type":"article","og_title":"Prosecco Brut DOC Spumante - Savian - Vinoforever","og_description":"Prosecco mis valmistatud charmant meetodil. P\u00e4rjatud auhindadega Eestis ja v\u00e4lismaal. Maitselt t\u00e4idlane, m\u00f5nus ja p\u00fcsiv. Heas tasakaalus vahuvein.","og_url":"https:\/\/vinoforever.ee\/en\/toode\/savian-prosecco-spumante-doc-brut-organic\/","og_site_name":"Vinoforever","article_publisher":"https:\/\/www.facebook.com\/vinoforever\/","article_modified_time":"2025-06-30T19:20:53+00:00","og_image":[{"width":740,"height":740,"url":"https:\/\/vinoforever.ee\/wp-content\/uploads\/2023\/02\/prosecco-spumante-doc-brut-savian-vini.png.jpg","type":"image\/jpeg"}],"twitter_misc":{"Est. reading time":"1 minute"},"schema":{"@context":"https:\/\/schema.org","@graph":[{"@type":"WebPage","@id":"https:\/\/vinoforever.ee\/en\/toode\/savian-prosecco-spumante-doc-brut-organic\/","url":"https:\/\/vinoforever.ee\/en\/toode\/savian-prosecco-spumante-doc-brut-organic\/","name":"Prosecco Brut DOC Spumante - Savian - Vinoforever","isPartOf":{"@id":"https:\/\/vinoforever.ee\/en\/#website"},"primaryImageOfPage":{"@id":"https:\/\/vinoforever.ee\/en\/toode\/savian-prosecco-spumante-doc-brut-organic\/#primaryimage"},"image":{"@id":"https:\/\/vinoforever.ee\/en\/toode\/savian-prosecco-spumante-doc-brut-organic\/#primaryimage"},"thumbnailUrl":"https:\/\/vinoforever.ee\/wp-content\/uploads\/2023\/02\/prosecco-spumante-doc-brut-savian-vini.png.jpg","datePublished":"2023-01-17T20:52:12+00:00","dateModified":"2025-06-30T19:20:53+00:00","description":"Prosecco mis valmistatud charmant meetodil. P\u00e4rjatud auhindadega Eestis ja v\u00e4lismaal. Maitselt t\u00e4idlane, m\u00f5nus ja p\u00fcsiv. Heas tasakaalus vahuvein.","breadcrumb":{"@id":"https:\/\/vinoforever.ee\/en\/toode\/savian-prosecco-spumante-doc-brut-organic\/#breadcrumb"},"inLanguage":"en-US","potentialAction":[{"@type":"ReadAction","target":["https:\/\/vinoforever.ee\/en\/toode\/savian-prosecco-spumante-doc-brut-organic\/"]}]},{"@type":"ImageObject","inLanguage":"en-US","@id":"https:\/\/vinoforever.ee\/en\/toode\/savian-prosecco-spumante-doc-brut-organic\/#primaryimage","url":"https:\/\/vinoforever.ee\/wp-content\/uploads\/2023\/02\/prosecco-spumante-doc-brut-savian-vini.png.jpg","contentUrl":"https:\/\/vinoforever.ee\/wp-content\/uploads\/2023\/02\/prosecco-spumante-doc-brut-savian-vini.png.jpg","width":740,"height":740,"caption":"Savian Prosecco Spumante DOC Brut - Orgaaniline vahuvein"},{"@type":"BreadcrumbList","@id":"https:\/\/vinoforever.ee\/en\/toode\/savian-prosecco-spumante-doc-brut-organic\/#breadcrumb","itemListElement":[{"@type":"ListItem","position":1,"name":"Home","item":"https:\/\/vinoforever.ee\/en\/"},{"@type":"ListItem","position":2,"name":"Shop","item":"https:\/\/vinoforever.ee\/en\/shop\/"},{"@type":"ListItem","position":3,"name":"Prosecco Brut DOC Spumante &#8211; Savian"}]},{"@type":"WebSite","@id":"https:\/\/vinoforever.ee\/en\/#website","url":"https:\/\/vinoforever.ee\/en\/","name":"Vinoforever","description":"Ainult head veinid","publisher":{"@id":"https:\/\/vinoforever.ee\/en\/#organization"},"alternateName":"Mahedad veinid tunnustatud veinimajadelt","potentialAction":[{"@type":"SearchAction","target":{"@type":"EntryPoint","urlTemplate":"https:\/\/vinoforever.ee\/en\/?s={search_term_string}"},"query-input":{"@type":"PropertyValueSpecification","valueRequired":true,"valueName":"search_term_string"}}],"inLanguage":"en-US"},{"@type":"Organization","@id":"https:\/\/vinoforever.ee\/en\/#organization","name":"Vinoforever O\u00dc","url":"https:\/\/vinoforever.ee\/en\/","logo":{"@type":"ImageObject","inLanguage":"en-US","@id":"https:\/\/vinoforever.ee\/en\/#\/schema\/logo\/image\/","url":"https:\/\/vinoforever.ee\/wp-content\/uploads\/2023\/01\/VinoForever_logo.png","contentUrl":"https:\/\/vinoforever.ee\/wp-content\/uploads\/2023\/01\/VinoForever_logo.png","width":800,"height":300,"caption":"Vinoforever O\u00dc"},"image":{"@id":"https:\/\/vinoforever.ee\/en\/#\/schema\/logo\/image\/"},"sameAs":["https:\/\/www.facebook.com\/vinoforever\/","https:\/\/www.instagram.com\/vinoforever_wines\/"]}]}},"_links":{"self":[{"href":"https:\/\/vinoforever.ee\/en\/wp-json\/wp\/v2\/product\/8533","targetHints":{"allow":["GET"]}}],"collection":[{"href":"https:\/\/vinoforever.ee\/en\/wp-json\/wp\/v2\/product"}],"about":[{"href":"https:\/\/vinoforever.ee\/en\/wp-json\/wp\/v2\/types\/product"}],"replies":[{"embeddable":true,"href":"https:\/\/vinoforever.ee\/en\/wp-json\/wp\/v2\/comments?post=8533"}],"version-history":[{"count":5,"href":"https:\/\/vinoforever.ee\/en\/wp-json\/wp\/v2\/product\/8533\/revisions"}],"predecessor-version":[{"id":11249,"href":"https:\/\/vinoforever.ee\/en\/wp-json\/wp\/v2\/product\/8533\/revisions\/11249"}],"wp:featuredmedia":[{"embeddable":true,"href":"https:\/\/vinoforever.ee\/en\/wp-json\/wp\/v2\/media\/9427"}],"wp:attachment":[{"href":"https:\/\/vinoforever.ee\/en\/wp-json\/wp\/v2\/media?parent=8533"}],"wp:term":[{"taxonomy":"product_brand","embeddable":true,"href":"https:\/\/vinoforever.ee\/en\/wp-json\/wp\/v2\/product_brand?post=8533"},{"taxonomy":"product_cat","embeddable":true,"href":"https:\/\/vinoforever.ee\/en\/wp-json\/wp\/v2\/product_cat?post=8533"},{"taxonomy":"product_tag","embeddable":true,"href":"https:\/\/vinoforever.ee\/en\/wp-json\/wp\/v2\/product_tag?post=8533"}],"curies":[{"name":"wp","href":"https:\/\/api.w.org\/{rel}","templated":true}]}}