{"id":8536,"date":"2023-01-17T23:04:58","date_gmt":"2023-01-17T21:04:58","guid":{"rendered":"https:\/\/vinoforever.ee\/?post_type=product&#038;p=8536"},"modified":"2026-01-16T20:44:53","modified_gmt":"2026-01-16T18:44:53","slug":"prosecco-spumante-doc-extra-dry-organic","status":"publish","type":"product","link":"https:\/\/vinoforever.ee\/en\/toode\/prosecco-spumante-doc-extra-dry-organic\/","title":{"rendered":"Prosecco Extra Dry DOC Spumante &#8211; Savian"},"content":{"rendered":"<h2>Prosecco: \u00d5rnade aroomide ja peene maitsega, auhindadega p\u00e4rjatud vahuvein&#8221;<\/h2>\n<p><strong><br \/>\nVeinist:\u00a0<\/strong>P\u00e4rast viinamarjaistanduse parimate kobarate valimist, pressitakse marjad, kontollitud temperatuuril k\u00e4\u00e4ritamine 14C juures, et saada silmale peen perlaa\u017e. See tehnika v\u00f5imaldab \u00f5rnu aroome ja maitseid. S\u00e4rava \u00f5lkollase v\u00e4rvusega, peen ja p\u00fcsiv vahusus. Puuviljane \u2013 greip, ananass, kollane \u00f5un aga ka tunda lillelisust \u2013 akaatsia, emajuur, salvei. Maitselt pehme, kerge, m\u00f5nusalt s\u00e4rtsakas, p\u00fcsiv.<\/p>\n<p><strong>Veinit\u00fc\u00fcp:<\/strong> Vahuvein<br \/>\n<strong>Veinit\u00fc\u00fcbialaliik:<\/strong> Prosecco<\/p>\n<p><strong>Toidusoovitus:\u00a0<\/strong>Aperatiivina, risoto ja karpide juurde<\/p>\n<p><strong>Auhinnad:<\/strong> Kuldmedal &#8211; Milleisme Bio 2023, Kuldmedal \u2013 BioWeinPreis 2019, Kuldmedal &#8211; Berliner Wine Trophy 2019 Winter Edition, Pronksmedal &#8211; 2019 Merano Wine Festival The WineHunter Award<\/p>\n<p><strong>Serveerimis temperatuur:<\/strong> 8-10\u00b0C<\/p>\n<p><strong>Alkoholisisaldus:<\/strong> 11%<\/p>\n<p><strong>Pudeli suurus:<\/strong> 75cl<\/p>\n<p>Mahe sertifitseerimis-\/kontroll asutus: IT-BIO-006 v\u00f5i Istituto per la Certificazione Etica ed Ambientale<\/p>\n","protected":false},"excerpt":{"rendered":"<p>Prosecco: \u00d5rnade aroomide ja peene maitsega, auhindadega p\u00e4rjatud vahuvein&#8221; Veinist:\u00a0P\u00e4rast viinamarjaistanduse parimate kobarate valimist, pressitakse marjad, kontollitud temperatuuril k\u00e4\u00e4ritamine 14C<\/p>\n","protected":false},"featured_media":9425,"comment_status":"open","ping_status":"closed","template":"","meta":[],"product_brand":[],"product_cat":[155,71],"product_tag":[],"class_list":{"0":"post-8536","1":"product","2":"type-product","3":"status-publish","4":"has-post-thumbnail","6":"product_cat-sooduspakkumised","7":"product_cat-vahuveinid","9":"first","10":"instock","11":"sale","12":"taxable","13":"shipping-taxable","14":"purchasable","15":"product-type-simple"},"yoast_head":"<!-- This site is optimized with the Yoast SEO plugin v27.1 - https:\/\/yoast.com\/product\/yoast-seo-wordpress\/ -->\n<title>Prosecco Extra Dry DOC Spumante - Savian - Vinoforever<\/title>\n<meta name=\"description\" content=\"Prosecco mis on v\u00f5itnud hulgaliselt auhindu. P\u00e4rast parimate kobarate valimist, pressitakse marjad, kontollitud temperatuuril k\u00e4\u00e4ritamine 14\u00b0C juures.\" \/>\n<meta name=\"robots\" content=\"index, follow, max-snippet:-1, max-image-preview:large, max-video-preview:-1\" \/>\n<link rel=\"canonical\" href=\"https:\/\/vinoforever.ee\/en\/toode\/prosecco-spumante-doc-extra-dry-organic\/\" \/>\n<meta property=\"og:locale\" content=\"en_US\" \/>\n<meta property=\"og:type\" content=\"article\" \/>\n<meta property=\"og:title\" content=\"Prosecco Extra Dry DOC Spumante - Savian - Vinoforever\" \/>\n<meta property=\"og:description\" content=\"Prosecco mis on v\u00f5itnud hulgaliselt auhindu. P\u00e4rast parimate kobarate valimist, pressitakse marjad, kontollitud temperatuuril k\u00e4\u00e4ritamine 14\u00b0C juures.\" \/>\n<meta property=\"og:url\" content=\"https:\/\/vinoforever.ee\/en\/toode\/prosecco-spumante-doc-extra-dry-organic\/\" \/>\n<meta property=\"og:site_name\" content=\"Vinoforever\" \/>\n<meta property=\"article:publisher\" content=\"https:\/\/www.facebook.com\/vinoforever\/\" \/>\n<meta property=\"article:modified_time\" content=\"2026-01-16T18:44:53+00:00\" \/>\n<meta property=\"og:image\" content=\"https:\/\/vinoforever.ee\/wp-content\/uploads\/2023\/02\/prosecco-spumante-doc-extra-dry-savian-vini.png.jpg\" \/>\n\t<meta property=\"og:image:width\" content=\"740\" \/>\n\t<meta property=\"og:image:height\" content=\"740\" \/>\n\t<meta property=\"og:image:type\" content=\"image\/jpeg\" \/>\n<meta name=\"twitter:label1\" content=\"Est. reading time\" \/>\n\t<meta name=\"twitter:data1\" content=\"1 minute\" \/>\n<script type=\"application\/ld+json\" class=\"yoast-schema-graph\">{\"@context\":\"https:\/\/schema.org\",\"@graph\":[{\"@type\":\"WebPage\",\"@id\":\"https:\/\/vinoforever.ee\/en\/toode\/prosecco-spumante-doc-extra-dry-organic\/\",\"url\":\"https:\/\/vinoforever.ee\/en\/toode\/prosecco-spumante-doc-extra-dry-organic\/\",\"name\":\"Prosecco Extra Dry DOC Spumante - Savian - Vinoforever\",\"isPartOf\":{\"@id\":\"https:\/\/vinoforever.ee\/en\/#website\"},\"primaryImageOfPage\":{\"@id\":\"https:\/\/vinoforever.ee\/en\/toode\/prosecco-spumante-doc-extra-dry-organic\/#primaryimage\"},\"image\":{\"@id\":\"https:\/\/vinoforever.ee\/en\/toode\/prosecco-spumante-doc-extra-dry-organic\/#primaryimage\"},\"thumbnailUrl\":\"https:\/\/vinoforever.ee\/wp-content\/uploads\/2023\/02\/prosecco-spumante-doc-extra-dry-savian-vini.png.jpg\",\"datePublished\":\"2023-01-17T21:04:58+00:00\",\"dateModified\":\"2026-01-16T18:44:53+00:00\",\"description\":\"Prosecco mis on v\u00f5itnud hulgaliselt auhindu. P\u00e4rast parimate kobarate valimist, pressitakse marjad, kontollitud temperatuuril k\u00e4\u00e4ritamine 14\u00b0C juures.\",\"breadcrumb\":{\"@id\":\"https:\/\/vinoforever.ee\/en\/toode\/prosecco-spumante-doc-extra-dry-organic\/#breadcrumb\"},\"inLanguage\":\"en-US\",\"potentialAction\":[{\"@type\":\"ReadAction\",\"target\":[\"https:\/\/vinoforever.ee\/en\/toode\/prosecco-spumante-doc-extra-dry-organic\/\"]}]},{\"@type\":\"ImageObject\",\"inLanguage\":\"en-US\",\"@id\":\"https:\/\/vinoforever.ee\/en\/toode\/prosecco-spumante-doc-extra-dry-organic\/#primaryimage\",\"url\":\"https:\/\/vinoforever.ee\/wp-content\/uploads\/2023\/02\/prosecco-spumante-doc-extra-dry-savian-vini.png.jpg\",\"contentUrl\":\"https:\/\/vinoforever.ee\/wp-content\/uploads\/2023\/02\/prosecco-spumante-doc-extra-dry-savian-vini.png.jpg\",\"width\":740,\"height\":740,\"caption\":\"Savian Prosecco Spumante DOC Extra Dry - Orgaaniline vahuvein\"},{\"@type\":\"BreadcrumbList\",\"@id\":\"https:\/\/vinoforever.ee\/en\/toode\/prosecco-spumante-doc-extra-dry-organic\/#breadcrumb\",\"itemListElement\":[{\"@type\":\"ListItem\",\"position\":1,\"name\":\"Home\",\"item\":\"https:\/\/vinoforever.ee\/en\/\"},{\"@type\":\"ListItem\",\"position\":2,\"name\":\"Shop\",\"item\":\"https:\/\/vinoforever.ee\/en\/shop\/\"},{\"@type\":\"ListItem\",\"position\":3,\"name\":\"Prosecco Extra Dry DOC Spumante &#8211; Savian\"}]},{\"@type\":\"WebSite\",\"@id\":\"https:\/\/vinoforever.ee\/en\/#website\",\"url\":\"https:\/\/vinoforever.ee\/en\/\",\"name\":\"Vinoforever\",\"description\":\"Ainult head veinid\",\"publisher\":{\"@id\":\"https:\/\/vinoforever.ee\/en\/#organization\"},\"alternateName\":\"Mahedad veinid tunnustatud veinimajadelt\",\"potentialAction\":[{\"@type\":\"SearchAction\",\"target\":{\"@type\":\"EntryPoint\",\"urlTemplate\":\"https:\/\/vinoforever.ee\/en\/?s={search_term_string}\"},\"query-input\":{\"@type\":\"PropertyValueSpecification\",\"valueRequired\":true,\"valueName\":\"search_term_string\"}}],\"inLanguage\":\"en-US\"},{\"@type\":\"Organization\",\"@id\":\"https:\/\/vinoforever.ee\/en\/#organization\",\"name\":\"Vinoforever O\u00dc\",\"url\":\"https:\/\/vinoforever.ee\/en\/\",\"logo\":{\"@type\":\"ImageObject\",\"inLanguage\":\"en-US\",\"@id\":\"https:\/\/vinoforever.ee\/en\/#\/schema\/logo\/image\/\",\"url\":\"https:\/\/vinoforever.ee\/wp-content\/uploads\/2023\/01\/VinoForever_logo.png\",\"contentUrl\":\"https:\/\/vinoforever.ee\/wp-content\/uploads\/2023\/01\/VinoForever_logo.png\",\"width\":800,\"height\":300,\"caption\":\"Vinoforever O\u00dc\"},\"image\":{\"@id\":\"https:\/\/vinoforever.ee\/en\/#\/schema\/logo\/image\/\"},\"sameAs\":[\"https:\/\/www.facebook.com\/vinoforever\/\",\"https:\/\/www.instagram.com\/vinoforever_wines\/\"]}]}<\/script>\n<!-- \/ Yoast SEO plugin. -->","yoast_head_json":{"title":"Prosecco Extra Dry DOC Spumante - Savian - Vinoforever","description":"Prosecco mis on v\u00f5itnud hulgaliselt auhindu. P\u00e4rast parimate kobarate valimist, pressitakse marjad, kontollitud temperatuuril k\u00e4\u00e4ritamine 14\u00b0C juures.","robots":{"index":"index","follow":"follow","max-snippet":"max-snippet:-1","max-image-preview":"max-image-preview:large","max-video-preview":"max-video-preview:-1"},"canonical":"https:\/\/vinoforever.ee\/en\/toode\/prosecco-spumante-doc-extra-dry-organic\/","og_locale":"en_US","og_type":"article","og_title":"Prosecco Extra Dry DOC Spumante - Savian - Vinoforever","og_description":"Prosecco mis on v\u00f5itnud hulgaliselt auhindu. P\u00e4rast parimate kobarate valimist, pressitakse marjad, kontollitud temperatuuril k\u00e4\u00e4ritamine 14\u00b0C juures.","og_url":"https:\/\/vinoforever.ee\/en\/toode\/prosecco-spumante-doc-extra-dry-organic\/","og_site_name":"Vinoforever","article_publisher":"https:\/\/www.facebook.com\/vinoforever\/","article_modified_time":"2026-01-16T18:44:53+00:00","og_image":[{"width":740,"height":740,"url":"https:\/\/vinoforever.ee\/wp-content\/uploads\/2023\/02\/prosecco-spumante-doc-extra-dry-savian-vini.png.jpg","type":"image\/jpeg"}],"twitter_misc":{"Est. reading time":"1 minute"},"schema":{"@context":"https:\/\/schema.org","@graph":[{"@type":"WebPage","@id":"https:\/\/vinoforever.ee\/en\/toode\/prosecco-spumante-doc-extra-dry-organic\/","url":"https:\/\/vinoforever.ee\/en\/toode\/prosecco-spumante-doc-extra-dry-organic\/","name":"Prosecco Extra Dry DOC Spumante - Savian - Vinoforever","isPartOf":{"@id":"https:\/\/vinoforever.ee\/en\/#website"},"primaryImageOfPage":{"@id":"https:\/\/vinoforever.ee\/en\/toode\/prosecco-spumante-doc-extra-dry-organic\/#primaryimage"},"image":{"@id":"https:\/\/vinoforever.ee\/en\/toode\/prosecco-spumante-doc-extra-dry-organic\/#primaryimage"},"thumbnailUrl":"https:\/\/vinoforever.ee\/wp-content\/uploads\/2023\/02\/prosecco-spumante-doc-extra-dry-savian-vini.png.jpg","datePublished":"2023-01-17T21:04:58+00:00","dateModified":"2026-01-16T18:44:53+00:00","description":"Prosecco mis on v\u00f5itnud hulgaliselt auhindu. P\u00e4rast parimate kobarate valimist, pressitakse marjad, kontollitud temperatuuril k\u00e4\u00e4ritamine 14\u00b0C juures.","breadcrumb":{"@id":"https:\/\/vinoforever.ee\/en\/toode\/prosecco-spumante-doc-extra-dry-organic\/#breadcrumb"},"inLanguage":"en-US","potentialAction":[{"@type":"ReadAction","target":["https:\/\/vinoforever.ee\/en\/toode\/prosecco-spumante-doc-extra-dry-organic\/"]}]},{"@type":"ImageObject","inLanguage":"en-US","@id":"https:\/\/vinoforever.ee\/en\/toode\/prosecco-spumante-doc-extra-dry-organic\/#primaryimage","url":"https:\/\/vinoforever.ee\/wp-content\/uploads\/2023\/02\/prosecco-spumante-doc-extra-dry-savian-vini.png.jpg","contentUrl":"https:\/\/vinoforever.ee\/wp-content\/uploads\/2023\/02\/prosecco-spumante-doc-extra-dry-savian-vini.png.jpg","width":740,"height":740,"caption":"Savian Prosecco Spumante DOC Extra Dry - Orgaaniline vahuvein"},{"@type":"BreadcrumbList","@id":"https:\/\/vinoforever.ee\/en\/toode\/prosecco-spumante-doc-extra-dry-organic\/#breadcrumb","itemListElement":[{"@type":"ListItem","position":1,"name":"Home","item":"https:\/\/vinoforever.ee\/en\/"},{"@type":"ListItem","position":2,"name":"Shop","item":"https:\/\/vinoforever.ee\/en\/shop\/"},{"@type":"ListItem","position":3,"name":"Prosecco Extra Dry DOC Spumante &#8211; Savian"}]},{"@type":"WebSite","@id":"https:\/\/vinoforever.ee\/en\/#website","url":"https:\/\/vinoforever.ee\/en\/","name":"Vinoforever","description":"Ainult head veinid","publisher":{"@id":"https:\/\/vinoforever.ee\/en\/#organization"},"alternateName":"Mahedad veinid tunnustatud veinimajadelt","potentialAction":[{"@type":"SearchAction","target":{"@type":"EntryPoint","urlTemplate":"https:\/\/vinoforever.ee\/en\/?s={search_term_string}"},"query-input":{"@type":"PropertyValueSpecification","valueRequired":true,"valueName":"search_term_string"}}],"inLanguage":"en-US"},{"@type":"Organization","@id":"https:\/\/vinoforever.ee\/en\/#organization","name":"Vinoforever O\u00dc","url":"https:\/\/vinoforever.ee\/en\/","logo":{"@type":"ImageObject","inLanguage":"en-US","@id":"https:\/\/vinoforever.ee\/en\/#\/schema\/logo\/image\/","url":"https:\/\/vinoforever.ee\/wp-content\/uploads\/2023\/01\/VinoForever_logo.png","contentUrl":"https:\/\/vinoforever.ee\/wp-content\/uploads\/2023\/01\/VinoForever_logo.png","width":800,"height":300,"caption":"Vinoforever O\u00dc"},"image":{"@id":"https:\/\/vinoforever.ee\/en\/#\/schema\/logo\/image\/"},"sameAs":["https:\/\/www.facebook.com\/vinoforever\/","https:\/\/www.instagram.com\/vinoforever_wines\/"]}]}},"_links":{"self":[{"href":"https:\/\/vinoforever.ee\/en\/wp-json\/wp\/v2\/product\/8536","targetHints":{"allow":["GET"]}}],"collection":[{"href":"https:\/\/vinoforever.ee\/en\/wp-json\/wp\/v2\/product"}],"about":[{"href":"https:\/\/vinoforever.ee\/en\/wp-json\/wp\/v2\/types\/product"}],"replies":[{"embeddable":true,"href":"https:\/\/vinoforever.ee\/en\/wp-json\/wp\/v2\/comments?post=8536"}],"version-history":[{"count":5,"href":"https:\/\/vinoforever.ee\/en\/wp-json\/wp\/v2\/product\/8536\/revisions"}],"predecessor-version":[{"id":11452,"href":"https:\/\/vinoforever.ee\/en\/wp-json\/wp\/v2\/product\/8536\/revisions\/11452"}],"wp:featuredmedia":[{"embeddable":true,"href":"https:\/\/vinoforever.ee\/en\/wp-json\/wp\/v2\/media\/9425"}],"wp:attachment":[{"href":"https:\/\/vinoforever.ee\/en\/wp-json\/wp\/v2\/media?parent=8536"}],"wp:term":[{"taxonomy":"product_brand","embeddable":true,"href":"https:\/\/vinoforever.ee\/en\/wp-json\/wp\/v2\/product_brand?post=8536"},{"taxonomy":"product_cat","embeddable":true,"href":"https:\/\/vinoforever.ee\/en\/wp-json\/wp\/v2\/product_cat?post=8536"},{"taxonomy":"product_tag","embeddable":true,"href":"https:\/\/vinoforever.ee\/en\/wp-json\/wp\/v2\/product_tag?post=8536"}],"curies":[{"name":"wp","href":"https:\/\/api.w.org\/{rel}","templated":true}]}}