{"id":8548,"date":"2023-01-17T23:11:54","date_gmt":"2023-01-17T21:11:54","guid":{"rendered":"https:\/\/vinoforever.ee\/?post_type=product&#038;p=8548"},"modified":"2025-10-04T20:16:41","modified_gmt":"2025-10-04T18:16:41","slug":"savian-prosecco-rose-spumantedoc-extra-dry-organic","status":"publish","type":"product","link":"https:\/\/vinoforever.ee\/en\/toode\/savian-prosecco-rose-spumantedoc-extra-dry-organic\/","title":{"rendered":"Prosecco Ros\u00e9 Extra Dry DOC Spumante &#8211; Savian"},"content":{"rendered":"<h2>Prosecco ros\u00e9: \u00d5rna puuderroosa tooniga, paljude peente mullidega vahuvein.<\/h2>\n<p><strong>Veinist:<\/strong> \u00d5rna puuderroosa tooniga, paljude peente mullidega vahuvein. L\u00f5hnas tunda puuviljasust ja marjasust &#8211; vaarikas, lit\u0161i, papaia. Samas ka elegantseid lillearoome \u2013 roosi kroonlehtedest ja pojengist p\u00f5imitud. \u00dcmar \u00f5rn maitsebukett, tunda vaarikat, mineraalsust, v\u00e4rskust.<\/p>\n<p><strong>Toidusoovitus:<\/strong> Ideaalne aperatiiviks aga ka mereandide juurde, tempura krevettidega lisandiks fenkoli-apelsinisalat.<\/p>\n<p><strong>Auhinnad:<\/strong> H\u00f5bemedal &#8211; MillesimeBio 2022, Kuldmedal &#8211; 2021 Gilbert &amp; Gaillard, Kuldmedal &#8211; Berliner Wine Trophy Winter Tasting 2021, Kuldmedal &#8211; 2021 Asian Wine Trophy, 85 punkti Mundus Vini spring tasting 2021<\/p>\n<p>Aasta Vein 2024 <a href=\"https:\/\/aastavein.ee\/\">Aasta vein &#8211; Sinu abiline leidmaks parimaid veine Eestis<\/a> &#8211; h\u00f5be, mis t\u00e4hendab et tegu on omas klassis silmapaistvalt v\u00e4ga hea veiniga.<\/p>\n<p>Itaalia Veinipidu Haapsalus 2025a. 2.koht<\/p>\n<p><strong>Serveerimis temperatuur:<\/strong> 6-8\u00b0C<\/p>\n<p><strong>Alkoholisisaldus:<\/strong> 11%<\/p>\n<p><strong>Pudeli suurus:<\/strong> 75cl<\/p>\n<p>Mahe sertifitseerimis-\/kontroll asutus: IT-BIO-006 v\u00f5i Istituto per la Certificazione Etica ed Ambientale<\/p>\n","protected":false},"excerpt":{"rendered":"<p>Prosecco ros\u00e9: \u00d5rna puuderroosa tooniga, paljude peente mullidega vahuvein. Veinist: \u00d5rna puuderroosa tooniga, paljude peente mullidega vahuvein. L\u00f5hnas tunda puuviljasust<\/p>\n","protected":false},"featured_media":12420,"comment_status":"open","ping_status":"closed","template":"","meta":[],"product_brand":[],"product_cat":[123,155,71],"product_tag":[],"class_list":{"0":"post-8548","1":"product","2":"type-product","3":"status-publish","4":"has-post-thumbnail","6":"product_cat-roosad-veinid","7":"product_cat-sooduspakkumised","8":"product_cat-vahuveinid","10":"first","11":"instock","12":"sale","13":"taxable","14":"shipping-taxable","15":"purchasable","16":"product-type-simple"},"yoast_head":"<!-- This site is optimized with the Yoast SEO plugin v27.1 - https:\/\/yoast.com\/product\/yoast-seo-wordpress\/ -->\n<title>Prosecco Ros\u00e9 Extra Dry DOC Spumante - Savian - Vinoforever<\/title>\n<meta name=\"description\" content=\"Prosecco ros\u00e9 - \u00f5rna puuderroosa tooniga, paljude peente mullidega. \u00dcmar \u00f5rn maitsebukett, tunda vaarikat, mineraalsust, v\u00e4rskust. Eesti aastavein 2024\" \/>\n<meta name=\"robots\" content=\"index, follow, max-snippet:-1, max-image-preview:large, max-video-preview:-1\" \/>\n<link rel=\"canonical\" href=\"https:\/\/vinoforever.ee\/en\/toode\/savian-prosecco-rose-spumantedoc-extra-dry-organic\/\" \/>\n<meta property=\"og:locale\" content=\"en_US\" \/>\n<meta property=\"og:type\" content=\"article\" \/>\n<meta property=\"og:title\" content=\"Prosecco Ros\u00e9 Extra Dry DOC Spumante - Savian - Vinoforever\" \/>\n<meta property=\"og:description\" content=\"Prosecco ros\u00e9 - \u00f5rna puuderroosa tooniga, paljude peente mullidega. \u00dcmar \u00f5rn maitsebukett, tunda vaarikat, mineraalsust, v\u00e4rskust. Eesti aastavein 2024\" \/>\n<meta property=\"og:url\" content=\"https:\/\/vinoforever.ee\/en\/toode\/savian-prosecco-rose-spumantedoc-extra-dry-organic\/\" \/>\n<meta property=\"og:site_name\" content=\"Vinoforever\" \/>\n<meta property=\"article:publisher\" content=\"https:\/\/www.facebook.com\/vinoforever\/\" \/>\n<meta property=\"article:modified_time\" content=\"2025-10-04T18:16:41+00:00\" \/>\n<meta property=\"og:image\" content=\"https:\/\/vinoforever.ee\/wp-content\/uploads\/2023\/01\/Savian-Prosecco-Rose-Itaalia-veinipidu.jpg\" \/>\n\t<meta property=\"og:image:width\" content=\"740\" \/>\n\t<meta property=\"og:image:height\" content=\"740\" \/>\n\t<meta property=\"og:image:type\" content=\"image\/jpeg\" \/>\n<meta name=\"twitter:label1\" content=\"Est. reading time\" \/>\n\t<meta name=\"twitter:data1\" content=\"1 minute\" \/>\n<script type=\"application\/ld+json\" class=\"yoast-schema-graph\">{\"@context\":\"https:\/\/schema.org\",\"@graph\":[{\"@type\":\"WebPage\",\"@id\":\"https:\/\/vinoforever.ee\/en\/toode\/savian-prosecco-rose-spumantedoc-extra-dry-organic\/\",\"url\":\"https:\/\/vinoforever.ee\/en\/toode\/savian-prosecco-rose-spumantedoc-extra-dry-organic\/\",\"name\":\"Prosecco Ros\u00e9 Extra Dry DOC Spumante - Savian - Vinoforever\",\"isPartOf\":{\"@id\":\"https:\/\/vinoforever.ee\/en\/#website\"},\"primaryImageOfPage\":{\"@id\":\"https:\/\/vinoforever.ee\/en\/toode\/savian-prosecco-rose-spumantedoc-extra-dry-organic\/#primaryimage\"},\"image\":{\"@id\":\"https:\/\/vinoforever.ee\/en\/toode\/savian-prosecco-rose-spumantedoc-extra-dry-organic\/#primaryimage\"},\"thumbnailUrl\":\"https:\/\/vinoforever.ee\/wp-content\/uploads\/2023\/01\/Savian-Prosecco-Rose-Itaalia-veinipidu.jpg\",\"datePublished\":\"2023-01-17T21:11:54+00:00\",\"dateModified\":\"2025-10-04T18:16:41+00:00\",\"description\":\"Prosecco ros\u00e9 - \u00f5rna puuderroosa tooniga, paljude peente mullidega. \u00dcmar \u00f5rn maitsebukett, tunda vaarikat, mineraalsust, v\u00e4rskust. Eesti aastavein 2024\",\"breadcrumb\":{\"@id\":\"https:\/\/vinoforever.ee\/en\/toode\/savian-prosecco-rose-spumantedoc-extra-dry-organic\/#breadcrumb\"},\"inLanguage\":\"en-US\",\"potentialAction\":[{\"@type\":\"ReadAction\",\"target\":[\"https:\/\/vinoforever.ee\/en\/toode\/savian-prosecco-rose-spumantedoc-extra-dry-organic\/\"]}]},{\"@type\":\"ImageObject\",\"inLanguage\":\"en-US\",\"@id\":\"https:\/\/vinoforever.ee\/en\/toode\/savian-prosecco-rose-spumantedoc-extra-dry-organic\/#primaryimage\",\"url\":\"https:\/\/vinoforever.ee\/wp-content\/uploads\/2023\/01\/Savian-Prosecco-Rose-Itaalia-veinipidu.jpg\",\"contentUrl\":\"https:\/\/vinoforever.ee\/wp-content\/uploads\/2023\/01\/Savian-Prosecco-Rose-Itaalia-veinipidu.jpg\",\"width\":740,\"height\":740},{\"@type\":\"BreadcrumbList\",\"@id\":\"https:\/\/vinoforever.ee\/en\/toode\/savian-prosecco-rose-spumantedoc-extra-dry-organic\/#breadcrumb\",\"itemListElement\":[{\"@type\":\"ListItem\",\"position\":1,\"name\":\"Home\",\"item\":\"https:\/\/vinoforever.ee\/en\/\"},{\"@type\":\"ListItem\",\"position\":2,\"name\":\"Shop\",\"item\":\"https:\/\/vinoforever.ee\/en\/shop\/\"},{\"@type\":\"ListItem\",\"position\":3,\"name\":\"Prosecco Ros\u00e9 Extra Dry DOC Spumante &#8211; Savian\"}]},{\"@type\":\"WebSite\",\"@id\":\"https:\/\/vinoforever.ee\/en\/#website\",\"url\":\"https:\/\/vinoforever.ee\/en\/\",\"name\":\"Vinoforever\",\"description\":\"Ainult head veinid\",\"publisher\":{\"@id\":\"https:\/\/vinoforever.ee\/en\/#organization\"},\"alternateName\":\"Mahedad veinid tunnustatud veinimajadelt\",\"potentialAction\":[{\"@type\":\"SearchAction\",\"target\":{\"@type\":\"EntryPoint\",\"urlTemplate\":\"https:\/\/vinoforever.ee\/en\/?s={search_term_string}\"},\"query-input\":{\"@type\":\"PropertyValueSpecification\",\"valueRequired\":true,\"valueName\":\"search_term_string\"}}],\"inLanguage\":\"en-US\"},{\"@type\":\"Organization\",\"@id\":\"https:\/\/vinoforever.ee\/en\/#organization\",\"name\":\"Vinoforever O\u00dc\",\"url\":\"https:\/\/vinoforever.ee\/en\/\",\"logo\":{\"@type\":\"ImageObject\",\"inLanguage\":\"en-US\",\"@id\":\"https:\/\/vinoforever.ee\/en\/#\/schema\/logo\/image\/\",\"url\":\"https:\/\/vinoforever.ee\/wp-content\/uploads\/2023\/01\/VinoForever_logo.png\",\"contentUrl\":\"https:\/\/vinoforever.ee\/wp-content\/uploads\/2023\/01\/VinoForever_logo.png\",\"width\":800,\"height\":300,\"caption\":\"Vinoforever O\u00dc\"},\"image\":{\"@id\":\"https:\/\/vinoforever.ee\/en\/#\/schema\/logo\/image\/\"},\"sameAs\":[\"https:\/\/www.facebook.com\/vinoforever\/\",\"https:\/\/www.instagram.com\/vinoforever_wines\/\"]}]}<\/script>\n<!-- \/ Yoast SEO plugin. -->","yoast_head_json":{"title":"Prosecco Ros\u00e9 Extra Dry DOC Spumante - Savian - Vinoforever","description":"Prosecco ros\u00e9 - \u00f5rna puuderroosa tooniga, paljude peente mullidega. \u00dcmar \u00f5rn maitsebukett, tunda vaarikat, mineraalsust, v\u00e4rskust. Eesti aastavein 2024","robots":{"index":"index","follow":"follow","max-snippet":"max-snippet:-1","max-image-preview":"max-image-preview:large","max-video-preview":"max-video-preview:-1"},"canonical":"https:\/\/vinoforever.ee\/en\/toode\/savian-prosecco-rose-spumantedoc-extra-dry-organic\/","og_locale":"en_US","og_type":"article","og_title":"Prosecco Ros\u00e9 Extra Dry DOC Spumante - Savian - Vinoforever","og_description":"Prosecco ros\u00e9 - \u00f5rna puuderroosa tooniga, paljude peente mullidega. \u00dcmar \u00f5rn maitsebukett, tunda vaarikat, mineraalsust, v\u00e4rskust. Eesti aastavein 2024","og_url":"https:\/\/vinoforever.ee\/en\/toode\/savian-prosecco-rose-spumantedoc-extra-dry-organic\/","og_site_name":"Vinoforever","article_publisher":"https:\/\/www.facebook.com\/vinoforever\/","article_modified_time":"2025-10-04T18:16:41+00:00","og_image":[{"width":740,"height":740,"url":"https:\/\/vinoforever.ee\/wp-content\/uploads\/2023\/01\/Savian-Prosecco-Rose-Itaalia-veinipidu.jpg","type":"image\/jpeg"}],"twitter_misc":{"Est. reading time":"1 minute"},"schema":{"@context":"https:\/\/schema.org","@graph":[{"@type":"WebPage","@id":"https:\/\/vinoforever.ee\/en\/toode\/savian-prosecco-rose-spumantedoc-extra-dry-organic\/","url":"https:\/\/vinoforever.ee\/en\/toode\/savian-prosecco-rose-spumantedoc-extra-dry-organic\/","name":"Prosecco Ros\u00e9 Extra Dry DOC Spumante - Savian - Vinoforever","isPartOf":{"@id":"https:\/\/vinoforever.ee\/en\/#website"},"primaryImageOfPage":{"@id":"https:\/\/vinoforever.ee\/en\/toode\/savian-prosecco-rose-spumantedoc-extra-dry-organic\/#primaryimage"},"image":{"@id":"https:\/\/vinoforever.ee\/en\/toode\/savian-prosecco-rose-spumantedoc-extra-dry-organic\/#primaryimage"},"thumbnailUrl":"https:\/\/vinoforever.ee\/wp-content\/uploads\/2023\/01\/Savian-Prosecco-Rose-Itaalia-veinipidu.jpg","datePublished":"2023-01-17T21:11:54+00:00","dateModified":"2025-10-04T18:16:41+00:00","description":"Prosecco ros\u00e9 - \u00f5rna puuderroosa tooniga, paljude peente mullidega. \u00dcmar \u00f5rn maitsebukett, tunda vaarikat, mineraalsust, v\u00e4rskust. Eesti aastavein 2024","breadcrumb":{"@id":"https:\/\/vinoforever.ee\/en\/toode\/savian-prosecco-rose-spumantedoc-extra-dry-organic\/#breadcrumb"},"inLanguage":"en-US","potentialAction":[{"@type":"ReadAction","target":["https:\/\/vinoforever.ee\/en\/toode\/savian-prosecco-rose-spumantedoc-extra-dry-organic\/"]}]},{"@type":"ImageObject","inLanguage":"en-US","@id":"https:\/\/vinoforever.ee\/en\/toode\/savian-prosecco-rose-spumantedoc-extra-dry-organic\/#primaryimage","url":"https:\/\/vinoforever.ee\/wp-content\/uploads\/2023\/01\/Savian-Prosecco-Rose-Itaalia-veinipidu.jpg","contentUrl":"https:\/\/vinoforever.ee\/wp-content\/uploads\/2023\/01\/Savian-Prosecco-Rose-Itaalia-veinipidu.jpg","width":740,"height":740},{"@type":"BreadcrumbList","@id":"https:\/\/vinoforever.ee\/en\/toode\/savian-prosecco-rose-spumantedoc-extra-dry-organic\/#breadcrumb","itemListElement":[{"@type":"ListItem","position":1,"name":"Home","item":"https:\/\/vinoforever.ee\/en\/"},{"@type":"ListItem","position":2,"name":"Shop","item":"https:\/\/vinoforever.ee\/en\/shop\/"},{"@type":"ListItem","position":3,"name":"Prosecco Ros\u00e9 Extra Dry DOC Spumante &#8211; Savian"}]},{"@type":"WebSite","@id":"https:\/\/vinoforever.ee\/en\/#website","url":"https:\/\/vinoforever.ee\/en\/","name":"Vinoforever","description":"Ainult head veinid","publisher":{"@id":"https:\/\/vinoforever.ee\/en\/#organization"},"alternateName":"Mahedad veinid tunnustatud veinimajadelt","potentialAction":[{"@type":"SearchAction","target":{"@type":"EntryPoint","urlTemplate":"https:\/\/vinoforever.ee\/en\/?s={search_term_string}"},"query-input":{"@type":"PropertyValueSpecification","valueRequired":true,"valueName":"search_term_string"}}],"inLanguage":"en-US"},{"@type":"Organization","@id":"https:\/\/vinoforever.ee\/en\/#organization","name":"Vinoforever O\u00dc","url":"https:\/\/vinoforever.ee\/en\/","logo":{"@type":"ImageObject","inLanguage":"en-US","@id":"https:\/\/vinoforever.ee\/en\/#\/schema\/logo\/image\/","url":"https:\/\/vinoforever.ee\/wp-content\/uploads\/2023\/01\/VinoForever_logo.png","contentUrl":"https:\/\/vinoforever.ee\/wp-content\/uploads\/2023\/01\/VinoForever_logo.png","width":800,"height":300,"caption":"Vinoforever O\u00dc"},"image":{"@id":"https:\/\/vinoforever.ee\/en\/#\/schema\/logo\/image\/"},"sameAs":["https:\/\/www.facebook.com\/vinoforever\/","https:\/\/www.instagram.com\/vinoforever_wines\/"]}]}},"_links":{"self":[{"href":"https:\/\/vinoforever.ee\/en\/wp-json\/wp\/v2\/product\/8548","targetHints":{"allow":["GET"]}}],"collection":[{"href":"https:\/\/vinoforever.ee\/en\/wp-json\/wp\/v2\/product"}],"about":[{"href":"https:\/\/vinoforever.ee\/en\/wp-json\/wp\/v2\/types\/product"}],"replies":[{"embeddable":true,"href":"https:\/\/vinoforever.ee\/en\/wp-json\/wp\/v2\/comments?post=8548"}],"version-history":[{"count":5,"href":"https:\/\/vinoforever.ee\/en\/wp-json\/wp\/v2\/product\/8548\/revisions"}],"predecessor-version":[{"id":12423,"href":"https:\/\/vinoforever.ee\/en\/wp-json\/wp\/v2\/product\/8548\/revisions\/12423"}],"wp:featuredmedia":[{"embeddable":true,"href":"https:\/\/vinoforever.ee\/en\/wp-json\/wp\/v2\/media\/12420"}],"wp:attachment":[{"href":"https:\/\/vinoforever.ee\/en\/wp-json\/wp\/v2\/media?parent=8548"}],"wp:term":[{"taxonomy":"product_brand","embeddable":true,"href":"https:\/\/vinoforever.ee\/en\/wp-json\/wp\/v2\/product_brand?post=8548"},{"taxonomy":"product_cat","embeddable":true,"href":"https:\/\/vinoforever.ee\/en\/wp-json\/wp\/v2\/product_cat?post=8548"},{"taxonomy":"product_tag","embeddable":true,"href":"https:\/\/vinoforever.ee\/en\/wp-json\/wp\/v2\/product_tag?post=8548"}],"curies":[{"name":"wp","href":"https:\/\/api.w.org\/{rel}","templated":true}]}}