{"id":8553,"date":"2023-01-17T23:23:33","date_gmt":"2023-01-17T21:23:33","guid":{"rendered":"https:\/\/vinoforever.ee\/?post_type=product&#038;p=8553"},"modified":"2025-11-30T12:33:40","modified_gmt":"2025-11-30T10:33:40","slug":"savian-pinot-grigio-doc-venezia-organic","status":"publish","type":"product","link":"https:\/\/vinoforever.ee\/en\/toode\/savian-pinot-grigio-doc-venezia-organic\/","title":{"rendered":"Savian Pinot Grigio DOC Venezia"},"content":{"rendered":"<p><strong>Veinist:<\/strong> Pinot Grigio on veinimaja \u00fcks t\u00e4htsamaid veine. See vein pakub silmailu, v\u00e4rvitoonil on erinevad varjundid kahvatukollasest kuni liivakarva toonini. Aroomilt puuviljase karakteriga mida saadavad mandli noodid. Maitselt puuviljane samas kerge, pehme ja harmooniline. Vein on puhas ja siiras, kergelt joodav ja nauditav.<\/p>\n<p><strong>Toidusoovitus:<\/strong> Aperatiivina, \u00fcrtidega ja seentega valmistatud toitudega.<\/p>\n<p><strong>Auhinnad:\u00a0<\/strong>Tartu Linnavein 2023a. 3 koht<\/p>\n<p>Pronksmedal &#8211; MilleismeBio 2022a., H\u00f5bemedal &#8211; Mundus Vini spring tasting 2018a., Pronksmedal &#8211; Decanter World Wine Awards 2018a., 87 punkti Wine Align April 2019a., 87 points Mundus Vini spring tasting 2021a., 83 points Mundus Vini spring tasting 2019<\/p>\n<p><strong>Serveerimis temperatuur:<\/strong> 8-10\u00b0C<\/p>\n<p><strong>Alkoholisisaldus:<\/strong> 12,5%<\/p>\n<p><strong>Pudeli suurus:<\/strong> 75cl<\/p>\n<p>Mahe sertifitseerimis-\/kontroll asutus: IT-BIO-006 v\u00f5i Istituto per la Certificazione Etica ed Ambientale<\/p>\n","protected":false},"excerpt":{"rendered":"<p>&nbsp;<\/p>\n<p>&nbsp;<\/p>\n","protected":false},"featured_media":11539,"comment_status":"open","ping_status":"closed","template":"","meta":[],"product_brand":[],"product_cat":[103],"product_tag":[],"class_list":{"0":"post-8553","1":"product","2":"type-product","3":"status-publish","4":"has-post-thumbnail","6":"product_cat-valged-veinid","8":"first","9":"instock","10":"taxable","11":"shipping-taxable","12":"purchasable","13":"product-type-simple"},"yoast_head":"<!-- This site is optimized with the Yoast SEO plugin v27.1 - https:\/\/yoast.com\/product\/yoast-seo-wordpress\/ -->\n<title>Savian Pinot Grigio DOC Venezia - Mahe valge vein<\/title>\n<meta name=\"description\" content=\"Pinot Grigio on veinimaja \u00fcks t\u00e4htsamaid veine. Maitselt puuviljane samas kerge, pehme ja harmooniline. Vein on puhas ja siiras, kergelt joodav ja nauditav.\" \/>\n<meta name=\"robots\" content=\"index, follow, max-snippet:-1, max-image-preview:large, max-video-preview:-1\" \/>\n<link rel=\"canonical\" href=\"https:\/\/vinoforever.ee\/en\/toode\/savian-pinot-grigio-doc-venezia-organic\/\" \/>\n<meta property=\"og:locale\" content=\"en_US\" \/>\n<meta property=\"og:type\" content=\"article\" \/>\n<meta property=\"og:title\" content=\"Savian Pinot Grigio DOC Venezia - Mahe valge vein\" \/>\n<meta property=\"og:description\" content=\"Pinot Grigio on veinimaja \u00fcks t\u00e4htsamaid veine. Maitselt puuviljane samas kerge, pehme ja harmooniline. Vein on puhas ja siiras, kergelt joodav ja nauditav.\" \/>\n<meta property=\"og:url\" content=\"https:\/\/vinoforever.ee\/en\/toode\/savian-pinot-grigio-doc-venezia-organic\/\" \/>\n<meta property=\"og:site_name\" content=\"Vinoforever\" \/>\n<meta property=\"article:publisher\" content=\"https:\/\/www.facebook.com\/vinoforever\/\" \/>\n<meta property=\"article:modified_time\" content=\"2025-11-30T10:33:40+00:00\" \/>\n<meta property=\"og:image\" content=\"https:\/\/vinoforever.ee\/wp-content\/uploads\/2023\/01\/pinot-grigio-doc-venezia-savian-vini-tartu-linna-vein.jpg\" \/>\n\t<meta property=\"og:image:width\" content=\"740\" \/>\n\t<meta property=\"og:image:height\" content=\"740\" \/>\n\t<meta property=\"og:image:type\" content=\"image\/jpeg\" \/>\n<meta name=\"twitter:label1\" content=\"Est. reading time\" \/>\n\t<meta name=\"twitter:data1\" content=\"1 minute\" \/>\n<script type=\"application\/ld+json\" class=\"yoast-schema-graph\">{\"@context\":\"https:\/\/schema.org\",\"@graph\":[{\"@type\":\"WebPage\",\"@id\":\"https:\/\/vinoforever.ee\/en\/toode\/savian-pinot-grigio-doc-venezia-organic\/\",\"url\":\"https:\/\/vinoforever.ee\/en\/toode\/savian-pinot-grigio-doc-venezia-organic\/\",\"name\":\"Savian Pinot Grigio DOC Venezia - Mahe valge vein\",\"isPartOf\":{\"@id\":\"https:\/\/vinoforever.ee\/en\/#website\"},\"primaryImageOfPage\":{\"@id\":\"https:\/\/vinoforever.ee\/en\/toode\/savian-pinot-grigio-doc-venezia-organic\/#primaryimage\"},\"image\":{\"@id\":\"https:\/\/vinoforever.ee\/en\/toode\/savian-pinot-grigio-doc-venezia-organic\/#primaryimage\"},\"thumbnailUrl\":\"https:\/\/vinoforever.ee\/wp-content\/uploads\/2023\/01\/pinot-grigio-doc-venezia-savian-vini-tartu-linna-vein.jpg\",\"datePublished\":\"2023-01-17T21:23:33+00:00\",\"dateModified\":\"2025-11-30T10:33:40+00:00\",\"description\":\"Pinot Grigio on veinimaja \u00fcks t\u00e4htsamaid veine. Maitselt puuviljane samas kerge, pehme ja harmooniline. Vein on puhas ja siiras, kergelt joodav ja nauditav.\",\"breadcrumb\":{\"@id\":\"https:\/\/vinoforever.ee\/en\/toode\/savian-pinot-grigio-doc-venezia-organic\/#breadcrumb\"},\"inLanguage\":\"en-US\",\"potentialAction\":[{\"@type\":\"ReadAction\",\"target\":[\"https:\/\/vinoforever.ee\/en\/toode\/savian-pinot-grigio-doc-venezia-organic\/\"]}]},{\"@type\":\"ImageObject\",\"inLanguage\":\"en-US\",\"@id\":\"https:\/\/vinoforever.ee\/en\/toode\/savian-pinot-grigio-doc-venezia-organic\/#primaryimage\",\"url\":\"https:\/\/vinoforever.ee\/wp-content\/uploads\/2023\/01\/pinot-grigio-doc-venezia-savian-vini-tartu-linna-vein.jpg\",\"contentUrl\":\"https:\/\/vinoforever.ee\/wp-content\/uploads\/2023\/01\/pinot-grigio-doc-venezia-savian-vini-tartu-linna-vein.jpg\",\"width\":740,\"height\":740,\"caption\":\"Auhinnatud valge vein Savian Pinot Grigio DOC Venezia\"},{\"@type\":\"BreadcrumbList\",\"@id\":\"https:\/\/vinoforever.ee\/en\/toode\/savian-pinot-grigio-doc-venezia-organic\/#breadcrumb\",\"itemListElement\":[{\"@type\":\"ListItem\",\"position\":1,\"name\":\"Home\",\"item\":\"https:\/\/vinoforever.ee\/en\/\"},{\"@type\":\"ListItem\",\"position\":2,\"name\":\"Shop\",\"item\":\"https:\/\/vinoforever.ee\/en\/shop\/\"},{\"@type\":\"ListItem\",\"position\":3,\"name\":\"Savian Pinot Grigio DOC Venezia\"}]},{\"@type\":\"WebSite\",\"@id\":\"https:\/\/vinoforever.ee\/en\/#website\",\"url\":\"https:\/\/vinoforever.ee\/en\/\",\"name\":\"Vinoforever\",\"description\":\"Ainult head veinid\",\"publisher\":{\"@id\":\"https:\/\/vinoforever.ee\/en\/#organization\"},\"alternateName\":\"Mahedad veinid tunnustatud veinimajadelt\",\"potentialAction\":[{\"@type\":\"SearchAction\",\"target\":{\"@type\":\"EntryPoint\",\"urlTemplate\":\"https:\/\/vinoforever.ee\/en\/?s={search_term_string}\"},\"query-input\":{\"@type\":\"PropertyValueSpecification\",\"valueRequired\":true,\"valueName\":\"search_term_string\"}}],\"inLanguage\":\"en-US\"},{\"@type\":\"Organization\",\"@id\":\"https:\/\/vinoforever.ee\/en\/#organization\",\"name\":\"Vinoforever O\u00dc\",\"url\":\"https:\/\/vinoforever.ee\/en\/\",\"logo\":{\"@type\":\"ImageObject\",\"inLanguage\":\"en-US\",\"@id\":\"https:\/\/vinoforever.ee\/en\/#\/schema\/logo\/image\/\",\"url\":\"https:\/\/vinoforever.ee\/wp-content\/uploads\/2023\/01\/VinoForever_logo.png\",\"contentUrl\":\"https:\/\/vinoforever.ee\/wp-content\/uploads\/2023\/01\/VinoForever_logo.png\",\"width\":800,\"height\":300,\"caption\":\"Vinoforever O\u00dc\"},\"image\":{\"@id\":\"https:\/\/vinoforever.ee\/en\/#\/schema\/logo\/image\/\"},\"sameAs\":[\"https:\/\/www.facebook.com\/vinoforever\/\",\"https:\/\/www.instagram.com\/vinoforever_wines\/\"]}]}<\/script>\n<!-- \/ Yoast SEO plugin. -->","yoast_head_json":{"title":"Savian Pinot Grigio DOC Venezia - Mahe valge vein","description":"Pinot Grigio on veinimaja \u00fcks t\u00e4htsamaid veine. Maitselt puuviljane samas kerge, pehme ja harmooniline. Vein on puhas ja siiras, kergelt joodav ja nauditav.","robots":{"index":"index","follow":"follow","max-snippet":"max-snippet:-1","max-image-preview":"max-image-preview:large","max-video-preview":"max-video-preview:-1"},"canonical":"https:\/\/vinoforever.ee\/en\/toode\/savian-pinot-grigio-doc-venezia-organic\/","og_locale":"en_US","og_type":"article","og_title":"Savian Pinot Grigio DOC Venezia - Mahe valge vein","og_description":"Pinot Grigio on veinimaja \u00fcks t\u00e4htsamaid veine. Maitselt puuviljane samas kerge, pehme ja harmooniline. Vein on puhas ja siiras, kergelt joodav ja nauditav.","og_url":"https:\/\/vinoforever.ee\/en\/toode\/savian-pinot-grigio-doc-venezia-organic\/","og_site_name":"Vinoforever","article_publisher":"https:\/\/www.facebook.com\/vinoforever\/","article_modified_time":"2025-11-30T10:33:40+00:00","og_image":[{"width":740,"height":740,"url":"https:\/\/vinoforever.ee\/wp-content\/uploads\/2023\/01\/pinot-grigio-doc-venezia-savian-vini-tartu-linna-vein.jpg","type":"image\/jpeg"}],"twitter_misc":{"Est. reading time":"1 minute"},"schema":{"@context":"https:\/\/schema.org","@graph":[{"@type":"WebPage","@id":"https:\/\/vinoforever.ee\/en\/toode\/savian-pinot-grigio-doc-venezia-organic\/","url":"https:\/\/vinoforever.ee\/en\/toode\/savian-pinot-grigio-doc-venezia-organic\/","name":"Savian Pinot Grigio DOC Venezia - Mahe valge vein","isPartOf":{"@id":"https:\/\/vinoforever.ee\/en\/#website"},"primaryImageOfPage":{"@id":"https:\/\/vinoforever.ee\/en\/toode\/savian-pinot-grigio-doc-venezia-organic\/#primaryimage"},"image":{"@id":"https:\/\/vinoforever.ee\/en\/toode\/savian-pinot-grigio-doc-venezia-organic\/#primaryimage"},"thumbnailUrl":"https:\/\/vinoforever.ee\/wp-content\/uploads\/2023\/01\/pinot-grigio-doc-venezia-savian-vini-tartu-linna-vein.jpg","datePublished":"2023-01-17T21:23:33+00:00","dateModified":"2025-11-30T10:33:40+00:00","description":"Pinot Grigio on veinimaja \u00fcks t\u00e4htsamaid veine. Maitselt puuviljane samas kerge, pehme ja harmooniline. Vein on puhas ja siiras, kergelt joodav ja nauditav.","breadcrumb":{"@id":"https:\/\/vinoforever.ee\/en\/toode\/savian-pinot-grigio-doc-venezia-organic\/#breadcrumb"},"inLanguage":"en-US","potentialAction":[{"@type":"ReadAction","target":["https:\/\/vinoforever.ee\/en\/toode\/savian-pinot-grigio-doc-venezia-organic\/"]}]},{"@type":"ImageObject","inLanguage":"en-US","@id":"https:\/\/vinoforever.ee\/en\/toode\/savian-pinot-grigio-doc-venezia-organic\/#primaryimage","url":"https:\/\/vinoforever.ee\/wp-content\/uploads\/2023\/01\/pinot-grigio-doc-venezia-savian-vini-tartu-linna-vein.jpg","contentUrl":"https:\/\/vinoforever.ee\/wp-content\/uploads\/2023\/01\/pinot-grigio-doc-venezia-savian-vini-tartu-linna-vein.jpg","width":740,"height":740,"caption":"Auhinnatud valge vein Savian Pinot Grigio DOC Venezia"},{"@type":"BreadcrumbList","@id":"https:\/\/vinoforever.ee\/en\/toode\/savian-pinot-grigio-doc-venezia-organic\/#breadcrumb","itemListElement":[{"@type":"ListItem","position":1,"name":"Home","item":"https:\/\/vinoforever.ee\/en\/"},{"@type":"ListItem","position":2,"name":"Shop","item":"https:\/\/vinoforever.ee\/en\/shop\/"},{"@type":"ListItem","position":3,"name":"Savian Pinot Grigio DOC Venezia"}]},{"@type":"WebSite","@id":"https:\/\/vinoforever.ee\/en\/#website","url":"https:\/\/vinoforever.ee\/en\/","name":"Vinoforever","description":"Ainult head veinid","publisher":{"@id":"https:\/\/vinoforever.ee\/en\/#organization"},"alternateName":"Mahedad veinid tunnustatud veinimajadelt","potentialAction":[{"@type":"SearchAction","target":{"@type":"EntryPoint","urlTemplate":"https:\/\/vinoforever.ee\/en\/?s={search_term_string}"},"query-input":{"@type":"PropertyValueSpecification","valueRequired":true,"valueName":"search_term_string"}}],"inLanguage":"en-US"},{"@type":"Organization","@id":"https:\/\/vinoforever.ee\/en\/#organization","name":"Vinoforever O\u00dc","url":"https:\/\/vinoforever.ee\/en\/","logo":{"@type":"ImageObject","inLanguage":"en-US","@id":"https:\/\/vinoforever.ee\/en\/#\/schema\/logo\/image\/","url":"https:\/\/vinoforever.ee\/wp-content\/uploads\/2023\/01\/VinoForever_logo.png","contentUrl":"https:\/\/vinoforever.ee\/wp-content\/uploads\/2023\/01\/VinoForever_logo.png","width":800,"height":300,"caption":"Vinoforever O\u00dc"},"image":{"@id":"https:\/\/vinoforever.ee\/en\/#\/schema\/logo\/image\/"},"sameAs":["https:\/\/www.facebook.com\/vinoforever\/","https:\/\/www.instagram.com\/vinoforever_wines\/"]}]}},"_links":{"self":[{"href":"https:\/\/vinoforever.ee\/en\/wp-json\/wp\/v2\/product\/8553","targetHints":{"allow":["GET"]}}],"collection":[{"href":"https:\/\/vinoforever.ee\/en\/wp-json\/wp\/v2\/product"}],"about":[{"href":"https:\/\/vinoforever.ee\/en\/wp-json\/wp\/v2\/types\/product"}],"replies":[{"embeddable":true,"href":"https:\/\/vinoforever.ee\/en\/wp-json\/wp\/v2\/comments?post=8553"}],"version-history":[{"count":4,"href":"https:\/\/vinoforever.ee\/en\/wp-json\/wp\/v2\/product\/8553\/revisions"}],"predecessor-version":[{"id":11536,"href":"https:\/\/vinoforever.ee\/en\/wp-json\/wp\/v2\/product\/8553\/revisions\/11536"}],"wp:featuredmedia":[{"embeddable":true,"href":"https:\/\/vinoforever.ee\/en\/wp-json\/wp\/v2\/media\/11539"}],"wp:attachment":[{"href":"https:\/\/vinoforever.ee\/en\/wp-json\/wp\/v2\/media?parent=8553"}],"wp:term":[{"taxonomy":"product_brand","embeddable":true,"href":"https:\/\/vinoforever.ee\/en\/wp-json\/wp\/v2\/product_brand?post=8553"},{"taxonomy":"product_cat","embeddable":true,"href":"https:\/\/vinoforever.ee\/en\/wp-json\/wp\/v2\/product_cat?post=8553"},{"taxonomy":"product_tag","embeddable":true,"href":"https:\/\/vinoforever.ee\/en\/wp-json\/wp\/v2\/product_tag?post=8553"}],"curies":[{"name":"wp","href":"https:\/\/api.w.org\/{rel}","templated":true}]}}