{"id":8555,"date":"2023-01-17T23:26:24","date_gmt":"2023-01-17T21:26:24","guid":{"rendered":"https:\/\/vinoforever.ee\/?post_type=product&#038;p=8555"},"modified":"2026-04-02T20:06:58","modified_gmt":"2026-04-02T18:06:58","slug":"savian-lison-classico-docg-organic","status":"publish","type":"product","link":"https:\/\/vinoforever.ee\/en\/toode\/savian-lison-classico-docg-organic\/","title":{"rendered":"Savian Lison Classico DOCG Lison"},"content":{"rendered":"<p><strong>Veinist:<\/strong> Selle imelise veini nimele on lisatud nimetus &#8220;Classico&#8221; t\u00e4nu meie viinamarjaistanduste asukohale, mis on tunnustatud mikropiirkond. Vein on kahvatukollane \u00f5rna roheka varundiga. Puuviljase aroomipaletiga, tunda troopilisi puuvilju, valget virsikut ja akaatsia mee noote aga ka sarapuup\u00e4hkleid ja k\u00fcpsetusv\u00fcrtse. Maitselt \u00fcmar ja kreemjas, v\u00e4rske happe ja puuviljase karakteriga kuiv valge vein.<\/p>\n<p><strong>Toidusoovitus:<\/strong> Sobib suurep\u00e4raselt kergete eelroogade juurde, k\u00f6\u00f6giviljasupide ja pehmete juustudega.<\/p>\n<p><strong>Auhinnad:<\/strong> H\u00f5bemedal &#8211; PAR International Organic Wine Award 2019 Wine System AG, 93 punkti Vinitaly 2022 contest Wine without walls.<\/p>\n<p>Aasta Vein 2023 <a href=\"https:\/\/aastavein.ee\/\">Aasta vein &#8211; Sinu abiline leidmaks parimaid veine Eestis<\/a>\u00a0 &#8211; pronks, mis t\u00e4hendab et tegu on omas klassis hea veiniga.<\/p>\n<p><strong>Serveerimis temperatuur:<\/strong> 10-12\u00b0C<\/p>\n<p><strong>Alkoholisisaldus:<\/strong> 13%<\/p>\n<p><strong>Pudeli suurus:<\/strong> 75cl<\/p>\n<p>Mahe sertifitseerimis-\/kontroll asutus: IT-BIO-006 v\u00f5i Istituto per la Certificazione Etica ed Ambientale<\/p>\n","protected":false},"excerpt":{"rendered":"<p>Veinist: Selle imelise veini nimele on lisatud nimetus &#8220;Classico&#8221; t\u00e4nu meie viinamarjaistanduste asukohale, mis on tunnustatud mikropiirkond. Vein on kahvatukollane<\/p>\n","protected":false},"featured_media":9413,"comment_status":"open","ping_status":"closed","template":"","meta":[],"product_brand":[],"product_cat":[103],"product_tag":[],"class_list":{"0":"post-8555","1":"product","2":"type-product","3":"status-publish","4":"has-post-thumbnail","6":"product_cat-valged-veinid","8":"first","9":"instock","10":"taxable","11":"shipping-taxable","12":"purchasable","13":"product-type-simple"},"yoast_head":"<!-- This site is optimized with the Yoast SEO plugin v27.1 - https:\/\/yoast.com\/product\/yoast-seo-wordpress\/ -->\n<title>Savian Lison Classico DOCG - Mahe valge vein<\/title>\n<meta name=\"description\" content=\"&quot;Classico&quot; on tunnustatud istanduste piirkond. Kahvatukollane \u00f5rna roheka varjundiga. Maitse \u00fcmar ja kreemjas, v\u00e4rske happe ja puuviljane kuiv valge vein.\" \/>\n<meta name=\"robots\" content=\"index, follow, max-snippet:-1, max-image-preview:large, max-video-preview:-1\" \/>\n<link rel=\"canonical\" href=\"https:\/\/vinoforever.ee\/en\/toode\/savian-lison-classico-docg-organic\/\" \/>\n<meta property=\"og:locale\" content=\"en_US\" \/>\n<meta property=\"og:type\" content=\"article\" \/>\n<meta property=\"og:title\" content=\"Savian Lison Classico DOCG - Mahe valge vein\" \/>\n<meta property=\"og:description\" content=\"&quot;Classico&quot; on tunnustatud istanduste piirkond. Kahvatukollane \u00f5rna roheka varjundiga. Maitse \u00fcmar ja kreemjas, v\u00e4rske happe ja puuviljane kuiv valge vein.\" \/>\n<meta property=\"og:url\" content=\"https:\/\/vinoforever.ee\/en\/toode\/savian-lison-classico-docg-organic\/\" \/>\n<meta property=\"og:site_name\" content=\"Vinoforever\" \/>\n<meta property=\"article:publisher\" content=\"https:\/\/www.facebook.com\/vinoforever\/\" \/>\n<meta property=\"article:modified_time\" content=\"2026-04-02T18:06:58+00:00\" \/>\n<meta property=\"og:image\" content=\"https:\/\/vinoforever.ee\/wp-content\/uploads\/2023\/02\/lison-classico-docg-savian-vini.png.jpg\" \/>\n\t<meta property=\"og:image:width\" content=\"740\" \/>\n\t<meta property=\"og:image:height\" content=\"740\" \/>\n\t<meta property=\"og:image:type\" content=\"image\/jpeg\" \/>\n<meta name=\"twitter:label1\" content=\"Est. reading time\" \/>\n\t<meta name=\"twitter:data1\" content=\"1 minute\" \/>\n<script type=\"application\/ld+json\" class=\"yoast-schema-graph\">{\"@context\":\"https:\/\/schema.org\",\"@graph\":[{\"@type\":\"WebPage\",\"@id\":\"https:\/\/vinoforever.ee\/en\/toode\/savian-lison-classico-docg-organic\/\",\"url\":\"https:\/\/vinoforever.ee\/en\/toode\/savian-lison-classico-docg-organic\/\",\"name\":\"Savian Lison Classico DOCG - Mahe valge vein\",\"isPartOf\":{\"@id\":\"https:\/\/vinoforever.ee\/en\/#website\"},\"primaryImageOfPage\":{\"@id\":\"https:\/\/vinoforever.ee\/en\/toode\/savian-lison-classico-docg-organic\/#primaryimage\"},\"image\":{\"@id\":\"https:\/\/vinoforever.ee\/en\/toode\/savian-lison-classico-docg-organic\/#primaryimage\"},\"thumbnailUrl\":\"https:\/\/vinoforever.ee\/wp-content\/uploads\/2023\/02\/lison-classico-docg-savian-vini.png.jpg\",\"datePublished\":\"2023-01-17T21:26:24+00:00\",\"dateModified\":\"2026-04-02T18:06:58+00:00\",\"description\":\"\\\"Classico\\\" on tunnustatud istanduste piirkond. Kahvatukollane \u00f5rna roheka varjundiga. Maitse \u00fcmar ja kreemjas, v\u00e4rske happe ja puuviljane kuiv valge vein.\",\"breadcrumb\":{\"@id\":\"https:\/\/vinoforever.ee\/en\/toode\/savian-lison-classico-docg-organic\/#breadcrumb\"},\"inLanguage\":\"en-US\",\"potentialAction\":[{\"@type\":\"ReadAction\",\"target\":[\"https:\/\/vinoforever.ee\/en\/toode\/savian-lison-classico-docg-organic\/\"]}]},{\"@type\":\"ImageObject\",\"inLanguage\":\"en-US\",\"@id\":\"https:\/\/vinoforever.ee\/en\/toode\/savian-lison-classico-docg-organic\/#primaryimage\",\"url\":\"https:\/\/vinoforever.ee\/wp-content\/uploads\/2023\/02\/lison-classico-docg-savian-vini.png.jpg\",\"contentUrl\":\"https:\/\/vinoforever.ee\/wp-content\/uploads\/2023\/02\/lison-classico-docg-savian-vini.png.jpg\",\"width\":740,\"height\":740,\"caption\":\"Savian Lison Classico DOCG \u2013 Orgaaniline valge vein\"},{\"@type\":\"BreadcrumbList\",\"@id\":\"https:\/\/vinoforever.ee\/en\/toode\/savian-lison-classico-docg-organic\/#breadcrumb\",\"itemListElement\":[{\"@type\":\"ListItem\",\"position\":1,\"name\":\"Home\",\"item\":\"https:\/\/vinoforever.ee\/en\/\"},{\"@type\":\"ListItem\",\"position\":2,\"name\":\"Shop\",\"item\":\"https:\/\/vinoforever.ee\/en\/shop\/\"},{\"@type\":\"ListItem\",\"position\":3,\"name\":\"Savian Lison Classico DOCG Lison\"}]},{\"@type\":\"WebSite\",\"@id\":\"https:\/\/vinoforever.ee\/en\/#website\",\"url\":\"https:\/\/vinoforever.ee\/en\/\",\"name\":\"Vinoforever\",\"description\":\"Ainult head veinid\",\"publisher\":{\"@id\":\"https:\/\/vinoforever.ee\/en\/#organization\"},\"alternateName\":\"Mahedad veinid tunnustatud veinimajadelt\",\"potentialAction\":[{\"@type\":\"SearchAction\",\"target\":{\"@type\":\"EntryPoint\",\"urlTemplate\":\"https:\/\/vinoforever.ee\/en\/?s={search_term_string}\"},\"query-input\":{\"@type\":\"PropertyValueSpecification\",\"valueRequired\":true,\"valueName\":\"search_term_string\"}}],\"inLanguage\":\"en-US\"},{\"@type\":\"Organization\",\"@id\":\"https:\/\/vinoforever.ee\/en\/#organization\",\"name\":\"Vinoforever O\u00dc\",\"url\":\"https:\/\/vinoforever.ee\/en\/\",\"logo\":{\"@type\":\"ImageObject\",\"inLanguage\":\"en-US\",\"@id\":\"https:\/\/vinoforever.ee\/en\/#\/schema\/logo\/image\/\",\"url\":\"https:\/\/vinoforever.ee\/wp-content\/uploads\/2023\/01\/VinoForever_logo.png\",\"contentUrl\":\"https:\/\/vinoforever.ee\/wp-content\/uploads\/2023\/01\/VinoForever_logo.png\",\"width\":800,\"height\":300,\"caption\":\"Vinoforever O\u00dc\"},\"image\":{\"@id\":\"https:\/\/vinoforever.ee\/en\/#\/schema\/logo\/image\/\"},\"sameAs\":[\"https:\/\/www.facebook.com\/vinoforever\/\",\"https:\/\/www.instagram.com\/vinoforever_wines\/\"]}]}<\/script>\n<!-- \/ Yoast SEO plugin. -->","yoast_head_json":{"title":"Savian Lison Classico DOCG - Mahe valge vein","description":"\"Classico\" on tunnustatud istanduste piirkond. Kahvatukollane \u00f5rna roheka varjundiga. Maitse \u00fcmar ja kreemjas, v\u00e4rske happe ja puuviljane kuiv valge vein.","robots":{"index":"index","follow":"follow","max-snippet":"max-snippet:-1","max-image-preview":"max-image-preview:large","max-video-preview":"max-video-preview:-1"},"canonical":"https:\/\/vinoforever.ee\/en\/toode\/savian-lison-classico-docg-organic\/","og_locale":"en_US","og_type":"article","og_title":"Savian Lison Classico DOCG - Mahe valge vein","og_description":"\"Classico\" on tunnustatud istanduste piirkond. Kahvatukollane \u00f5rna roheka varjundiga. Maitse \u00fcmar ja kreemjas, v\u00e4rske happe ja puuviljane kuiv valge vein.","og_url":"https:\/\/vinoforever.ee\/en\/toode\/savian-lison-classico-docg-organic\/","og_site_name":"Vinoforever","article_publisher":"https:\/\/www.facebook.com\/vinoforever\/","article_modified_time":"2026-04-02T18:06:58+00:00","og_image":[{"width":740,"height":740,"url":"https:\/\/vinoforever.ee\/wp-content\/uploads\/2023\/02\/lison-classico-docg-savian-vini.png.jpg","type":"image\/jpeg"}],"twitter_misc":{"Est. reading time":"1 minute"},"schema":{"@context":"https:\/\/schema.org","@graph":[{"@type":"WebPage","@id":"https:\/\/vinoforever.ee\/en\/toode\/savian-lison-classico-docg-organic\/","url":"https:\/\/vinoforever.ee\/en\/toode\/savian-lison-classico-docg-organic\/","name":"Savian Lison Classico DOCG - Mahe valge vein","isPartOf":{"@id":"https:\/\/vinoforever.ee\/en\/#website"},"primaryImageOfPage":{"@id":"https:\/\/vinoforever.ee\/en\/toode\/savian-lison-classico-docg-organic\/#primaryimage"},"image":{"@id":"https:\/\/vinoforever.ee\/en\/toode\/savian-lison-classico-docg-organic\/#primaryimage"},"thumbnailUrl":"https:\/\/vinoforever.ee\/wp-content\/uploads\/2023\/02\/lison-classico-docg-savian-vini.png.jpg","datePublished":"2023-01-17T21:26:24+00:00","dateModified":"2026-04-02T18:06:58+00:00","description":"\"Classico\" on tunnustatud istanduste piirkond. Kahvatukollane \u00f5rna roheka varjundiga. Maitse \u00fcmar ja kreemjas, v\u00e4rske happe ja puuviljane kuiv valge vein.","breadcrumb":{"@id":"https:\/\/vinoforever.ee\/en\/toode\/savian-lison-classico-docg-organic\/#breadcrumb"},"inLanguage":"en-US","potentialAction":[{"@type":"ReadAction","target":["https:\/\/vinoforever.ee\/en\/toode\/savian-lison-classico-docg-organic\/"]}]},{"@type":"ImageObject","inLanguage":"en-US","@id":"https:\/\/vinoforever.ee\/en\/toode\/savian-lison-classico-docg-organic\/#primaryimage","url":"https:\/\/vinoforever.ee\/wp-content\/uploads\/2023\/02\/lison-classico-docg-savian-vini.png.jpg","contentUrl":"https:\/\/vinoforever.ee\/wp-content\/uploads\/2023\/02\/lison-classico-docg-savian-vini.png.jpg","width":740,"height":740,"caption":"Savian Lison Classico DOCG \u2013 Orgaaniline valge vein"},{"@type":"BreadcrumbList","@id":"https:\/\/vinoforever.ee\/en\/toode\/savian-lison-classico-docg-organic\/#breadcrumb","itemListElement":[{"@type":"ListItem","position":1,"name":"Home","item":"https:\/\/vinoforever.ee\/en\/"},{"@type":"ListItem","position":2,"name":"Shop","item":"https:\/\/vinoforever.ee\/en\/shop\/"},{"@type":"ListItem","position":3,"name":"Savian Lison Classico DOCG Lison"}]},{"@type":"WebSite","@id":"https:\/\/vinoforever.ee\/en\/#website","url":"https:\/\/vinoforever.ee\/en\/","name":"Vinoforever","description":"Ainult head veinid","publisher":{"@id":"https:\/\/vinoforever.ee\/en\/#organization"},"alternateName":"Mahedad veinid tunnustatud veinimajadelt","potentialAction":[{"@type":"SearchAction","target":{"@type":"EntryPoint","urlTemplate":"https:\/\/vinoforever.ee\/en\/?s={search_term_string}"},"query-input":{"@type":"PropertyValueSpecification","valueRequired":true,"valueName":"search_term_string"}}],"inLanguage":"en-US"},{"@type":"Organization","@id":"https:\/\/vinoforever.ee\/en\/#organization","name":"Vinoforever O\u00dc","url":"https:\/\/vinoforever.ee\/en\/","logo":{"@type":"ImageObject","inLanguage":"en-US","@id":"https:\/\/vinoforever.ee\/en\/#\/schema\/logo\/image\/","url":"https:\/\/vinoforever.ee\/wp-content\/uploads\/2023\/01\/VinoForever_logo.png","contentUrl":"https:\/\/vinoforever.ee\/wp-content\/uploads\/2023\/01\/VinoForever_logo.png","width":800,"height":300,"caption":"Vinoforever O\u00dc"},"image":{"@id":"https:\/\/vinoforever.ee\/en\/#\/schema\/logo\/image\/"},"sameAs":["https:\/\/www.facebook.com\/vinoforever\/","https:\/\/www.instagram.com\/vinoforever_wines\/"]}]}},"_links":{"self":[{"href":"https:\/\/vinoforever.ee\/en\/wp-json\/wp\/v2\/product\/8555","targetHints":{"allow":["GET"]}}],"collection":[{"href":"https:\/\/vinoforever.ee\/en\/wp-json\/wp\/v2\/product"}],"about":[{"href":"https:\/\/vinoforever.ee\/en\/wp-json\/wp\/v2\/types\/product"}],"replies":[{"embeddable":true,"href":"https:\/\/vinoforever.ee\/en\/wp-json\/wp\/v2\/comments?post=8555"}],"version-history":[{"count":5,"href":"https:\/\/vinoforever.ee\/en\/wp-json\/wp\/v2\/product\/8555\/revisions"}],"predecessor-version":[{"id":11251,"href":"https:\/\/vinoforever.ee\/en\/wp-json\/wp\/v2\/product\/8555\/revisions\/11251"}],"wp:featuredmedia":[{"embeddable":true,"href":"https:\/\/vinoforever.ee\/en\/wp-json\/wp\/v2\/media\/9413"}],"wp:attachment":[{"href":"https:\/\/vinoforever.ee\/en\/wp-json\/wp\/v2\/media?parent=8555"}],"wp:term":[{"taxonomy":"product_brand","embeddable":true,"href":"https:\/\/vinoforever.ee\/en\/wp-json\/wp\/v2\/product_brand?post=8555"},{"taxonomy":"product_cat","embeddable":true,"href":"https:\/\/vinoforever.ee\/en\/wp-json\/wp\/v2\/product_cat?post=8555"},{"taxonomy":"product_tag","embeddable":true,"href":"https:\/\/vinoforever.ee\/en\/wp-json\/wp\/v2\/product_tag?post=8555"}],"curies":[{"name":"wp","href":"https:\/\/api.w.org\/{rel}","templated":true}]}}