{"id":8559,"date":"2023-01-17T23:32:09","date_gmt":"2023-01-17T21:32:09","guid":{"rendered":"https:\/\/vinoforever.ee\/?post_type=product&#038;p=8559"},"modified":"2026-02-03T16:32:16","modified_gmt":"2026-02-03T14:32:16","slug":"savian-merlot-doc-venezia-organic","status":"publish","type":"product","link":"https:\/\/vinoforever.ee\/en\/toode\/savian-merlot-doc-venezia-organic\/","title":{"rendered":"Savian Merlot DOC Venezia"},"content":{"rendered":"<p><strong>Veinist:<\/strong> Viinapuud millest seda veini valmistatakse on umbes kuusk\u00fcmmend aastat vanad. Vein on rubiinpunase tooniga. Aroom lopsakas, tunda balsamicot, musts\u00f5start, mustikamoosi, seedrit, musta pipart ja puidusust. Maitselt heas tasakaalus, meeldivalt pehme. Marjase iseloomuga, l\u00f5ppmaitses tunda mentooli noote. Isikup\u00e4rane vein, milles marjasus p\u00f5imub k\u00fcpsete tanniinidega, kehalt t\u00e4idlane.<\/p>\n<p><strong>Toidusoovitus:<\/strong> Hautatud k\u00fc\u00fclik aromaatsete \u00fcrtidega, veiselihaga pajaroog.<\/p>\n<p><strong>Serveerimis temperatuur:<\/strong> 16-18\u00b0C<\/p>\n<p><strong>Alkoholisisaldus:<\/strong> 12,5%<\/p>\n<p><strong>Pudeli suurus:<\/strong> 75cl<\/p>\n<p>Mahe sertifitseerimis-\/kontroll asutus: IT-BIO-006 v\u00f5i Istituto per la Certificazione Etica ed Ambientale<\/p>\n<p>&nbsp;<\/p>\n<p>&nbsp;<\/p>\n","protected":false},"excerpt":{"rendered":"<p>Veinist: Viinapuud millest seda veini valmistatakse on umbes kuusk\u00fcmmend aastat vanad. Vein on rubiinpunase tooniga. Aroom lopsakas, tunda balsamicot, musts\u00f5start,<\/p>\n","protected":false},"featured_media":9419,"comment_status":"open","ping_status":"closed","template":"","meta":[],"product_brand":[],"product_cat":[20],"product_tag":[],"class_list":{"0":"post-8559","1":"product","2":"type-product","3":"status-publish","4":"has-post-thumbnail","6":"product_cat-punased-veinid","8":"first","9":"instock","10":"taxable","11":"shipping-taxable","12":"purchasable","13":"product-type-simple"},"yoast_head":"<!-- This site is optimized with the Yoast SEO plugin v27.1 - https:\/\/yoast.com\/product\/yoast-seo-wordpress\/ -->\n<title>Savian Merlot DOC Venezia - Mahe punane vein<\/title>\n<meta name=\"description\" content=\"Viinapuud millest seda veini valmistatakse on umbes kuusk\u00fcmmend aastat vanad. Isikup\u00e4rane punane vein, milles marjasus p\u00f5imub k\u00fcpsete tanniinidega.\" \/>\n<meta name=\"robots\" content=\"index, follow, max-snippet:-1, max-image-preview:large, max-video-preview:-1\" \/>\n<link rel=\"canonical\" href=\"https:\/\/vinoforever.ee\/en\/toode\/savian-merlot-doc-venezia-organic\/\" \/>\n<meta property=\"og:locale\" content=\"en_US\" \/>\n<meta property=\"og:type\" content=\"article\" \/>\n<meta property=\"og:title\" content=\"Savian Merlot DOC Venezia - Mahe punane vein\" \/>\n<meta property=\"og:description\" content=\"Viinapuud millest seda veini valmistatakse on umbes kuusk\u00fcmmend aastat vanad. Isikup\u00e4rane punane vein, milles marjasus p\u00f5imub k\u00fcpsete tanniinidega.\" \/>\n<meta property=\"og:url\" content=\"https:\/\/vinoforever.ee\/en\/toode\/savian-merlot-doc-venezia-organic\/\" \/>\n<meta property=\"og:site_name\" content=\"Vinoforever\" \/>\n<meta property=\"article:publisher\" content=\"https:\/\/www.facebook.com\/vinoforever\/\" \/>\n<meta property=\"article:modified_time\" content=\"2026-02-03T14:32:16+00:00\" \/>\n<meta property=\"og:image\" content=\"https:\/\/vinoforever.ee\/wp-content\/uploads\/2023\/02\/merlot-doc-venezia-savian-vini.jpg\" \/>\n\t<meta property=\"og:image:width\" content=\"740\" \/>\n\t<meta property=\"og:image:height\" content=\"740\" \/>\n\t<meta property=\"og:image:type\" content=\"image\/jpeg\" \/>\n<meta name=\"twitter:label1\" content=\"Est. reading time\" \/>\n\t<meta name=\"twitter:data1\" content=\"1 minute\" \/>\n<script type=\"application\/ld+json\" class=\"yoast-schema-graph\">{\"@context\":\"https:\/\/schema.org\",\"@graph\":[{\"@type\":\"WebPage\",\"@id\":\"https:\/\/vinoforever.ee\/en\/toode\/savian-merlot-doc-venezia-organic\/\",\"url\":\"https:\/\/vinoforever.ee\/en\/toode\/savian-merlot-doc-venezia-organic\/\",\"name\":\"Savian Merlot DOC Venezia - Mahe punane vein\",\"isPartOf\":{\"@id\":\"https:\/\/vinoforever.ee\/en\/#website\"},\"primaryImageOfPage\":{\"@id\":\"https:\/\/vinoforever.ee\/en\/toode\/savian-merlot-doc-venezia-organic\/#primaryimage\"},\"image\":{\"@id\":\"https:\/\/vinoforever.ee\/en\/toode\/savian-merlot-doc-venezia-organic\/#primaryimage\"},\"thumbnailUrl\":\"https:\/\/vinoforever.ee\/wp-content\/uploads\/2023\/02\/merlot-doc-venezia-savian-vini.jpg\",\"datePublished\":\"2023-01-17T21:32:09+00:00\",\"dateModified\":\"2026-02-03T14:32:16+00:00\",\"description\":\"Viinapuud millest seda veini valmistatakse on umbes kuusk\u00fcmmend aastat vanad. Isikup\u00e4rane punane vein, milles marjasus p\u00f5imub k\u00fcpsete tanniinidega.\",\"breadcrumb\":{\"@id\":\"https:\/\/vinoforever.ee\/en\/toode\/savian-merlot-doc-venezia-organic\/#breadcrumb\"},\"inLanguage\":\"en-US\",\"potentialAction\":[{\"@type\":\"ReadAction\",\"target\":[\"https:\/\/vinoforever.ee\/en\/toode\/savian-merlot-doc-venezia-organic\/\"]}]},{\"@type\":\"ImageObject\",\"inLanguage\":\"en-US\",\"@id\":\"https:\/\/vinoforever.ee\/en\/toode\/savian-merlot-doc-venezia-organic\/#primaryimage\",\"url\":\"https:\/\/vinoforever.ee\/wp-content\/uploads\/2023\/02\/merlot-doc-venezia-savian-vini.jpg\",\"contentUrl\":\"https:\/\/vinoforever.ee\/wp-content\/uploads\/2023\/02\/merlot-doc-venezia-savian-vini.jpg\",\"width\":740,\"height\":740,\"caption\":\"Savian Merlot DOC Venezia \u2013 Orgaaniline punane vein\"},{\"@type\":\"BreadcrumbList\",\"@id\":\"https:\/\/vinoforever.ee\/en\/toode\/savian-merlot-doc-venezia-organic\/#breadcrumb\",\"itemListElement\":[{\"@type\":\"ListItem\",\"position\":1,\"name\":\"Home\",\"item\":\"https:\/\/vinoforever.ee\/en\/\"},{\"@type\":\"ListItem\",\"position\":2,\"name\":\"Shop\",\"item\":\"https:\/\/vinoforever.ee\/en\/shop\/\"},{\"@type\":\"ListItem\",\"position\":3,\"name\":\"Savian Merlot DOC Venezia\"}]},{\"@type\":\"WebSite\",\"@id\":\"https:\/\/vinoforever.ee\/en\/#website\",\"url\":\"https:\/\/vinoforever.ee\/en\/\",\"name\":\"Vinoforever\",\"description\":\"Ainult head veinid\",\"publisher\":{\"@id\":\"https:\/\/vinoforever.ee\/en\/#organization\"},\"alternateName\":\"Mahedad veinid tunnustatud veinimajadelt\",\"potentialAction\":[{\"@type\":\"SearchAction\",\"target\":{\"@type\":\"EntryPoint\",\"urlTemplate\":\"https:\/\/vinoforever.ee\/en\/?s={search_term_string}\"},\"query-input\":{\"@type\":\"PropertyValueSpecification\",\"valueRequired\":true,\"valueName\":\"search_term_string\"}}],\"inLanguage\":\"en-US\"},{\"@type\":\"Organization\",\"@id\":\"https:\/\/vinoforever.ee\/en\/#organization\",\"name\":\"Vinoforever O\u00dc\",\"url\":\"https:\/\/vinoforever.ee\/en\/\",\"logo\":{\"@type\":\"ImageObject\",\"inLanguage\":\"en-US\",\"@id\":\"https:\/\/vinoforever.ee\/en\/#\/schema\/logo\/image\/\",\"url\":\"https:\/\/vinoforever.ee\/wp-content\/uploads\/2023\/01\/VinoForever_logo.png\",\"contentUrl\":\"https:\/\/vinoforever.ee\/wp-content\/uploads\/2023\/01\/VinoForever_logo.png\",\"width\":800,\"height\":300,\"caption\":\"Vinoforever O\u00dc\"},\"image\":{\"@id\":\"https:\/\/vinoforever.ee\/en\/#\/schema\/logo\/image\/\"},\"sameAs\":[\"https:\/\/www.facebook.com\/vinoforever\/\",\"https:\/\/www.instagram.com\/vinoforever_wines\/\"]}]}<\/script>\n<!-- \/ Yoast SEO plugin. -->","yoast_head_json":{"title":"Savian Merlot DOC Venezia - Mahe punane vein","description":"Viinapuud millest seda veini valmistatakse on umbes kuusk\u00fcmmend aastat vanad. Isikup\u00e4rane punane vein, milles marjasus p\u00f5imub k\u00fcpsete tanniinidega.","robots":{"index":"index","follow":"follow","max-snippet":"max-snippet:-1","max-image-preview":"max-image-preview:large","max-video-preview":"max-video-preview:-1"},"canonical":"https:\/\/vinoforever.ee\/en\/toode\/savian-merlot-doc-venezia-organic\/","og_locale":"en_US","og_type":"article","og_title":"Savian Merlot DOC Venezia - Mahe punane vein","og_description":"Viinapuud millest seda veini valmistatakse on umbes kuusk\u00fcmmend aastat vanad. Isikup\u00e4rane punane vein, milles marjasus p\u00f5imub k\u00fcpsete tanniinidega.","og_url":"https:\/\/vinoforever.ee\/en\/toode\/savian-merlot-doc-venezia-organic\/","og_site_name":"Vinoforever","article_publisher":"https:\/\/www.facebook.com\/vinoforever\/","article_modified_time":"2026-02-03T14:32:16+00:00","og_image":[{"width":740,"height":740,"url":"https:\/\/vinoforever.ee\/wp-content\/uploads\/2023\/02\/merlot-doc-venezia-savian-vini.jpg","type":"image\/jpeg"}],"twitter_misc":{"Est. reading time":"1 minute"},"schema":{"@context":"https:\/\/schema.org","@graph":[{"@type":"WebPage","@id":"https:\/\/vinoforever.ee\/en\/toode\/savian-merlot-doc-venezia-organic\/","url":"https:\/\/vinoforever.ee\/en\/toode\/savian-merlot-doc-venezia-organic\/","name":"Savian Merlot DOC Venezia - Mahe punane vein","isPartOf":{"@id":"https:\/\/vinoforever.ee\/en\/#website"},"primaryImageOfPage":{"@id":"https:\/\/vinoforever.ee\/en\/toode\/savian-merlot-doc-venezia-organic\/#primaryimage"},"image":{"@id":"https:\/\/vinoforever.ee\/en\/toode\/savian-merlot-doc-venezia-organic\/#primaryimage"},"thumbnailUrl":"https:\/\/vinoforever.ee\/wp-content\/uploads\/2023\/02\/merlot-doc-venezia-savian-vini.jpg","datePublished":"2023-01-17T21:32:09+00:00","dateModified":"2026-02-03T14:32:16+00:00","description":"Viinapuud millest seda veini valmistatakse on umbes kuusk\u00fcmmend aastat vanad. Isikup\u00e4rane punane vein, milles marjasus p\u00f5imub k\u00fcpsete tanniinidega.","breadcrumb":{"@id":"https:\/\/vinoforever.ee\/en\/toode\/savian-merlot-doc-venezia-organic\/#breadcrumb"},"inLanguage":"en-US","potentialAction":[{"@type":"ReadAction","target":["https:\/\/vinoforever.ee\/en\/toode\/savian-merlot-doc-venezia-organic\/"]}]},{"@type":"ImageObject","inLanguage":"en-US","@id":"https:\/\/vinoforever.ee\/en\/toode\/savian-merlot-doc-venezia-organic\/#primaryimage","url":"https:\/\/vinoforever.ee\/wp-content\/uploads\/2023\/02\/merlot-doc-venezia-savian-vini.jpg","contentUrl":"https:\/\/vinoforever.ee\/wp-content\/uploads\/2023\/02\/merlot-doc-venezia-savian-vini.jpg","width":740,"height":740,"caption":"Savian Merlot DOC Venezia \u2013 Orgaaniline punane vein"},{"@type":"BreadcrumbList","@id":"https:\/\/vinoforever.ee\/en\/toode\/savian-merlot-doc-venezia-organic\/#breadcrumb","itemListElement":[{"@type":"ListItem","position":1,"name":"Home","item":"https:\/\/vinoforever.ee\/en\/"},{"@type":"ListItem","position":2,"name":"Shop","item":"https:\/\/vinoforever.ee\/en\/shop\/"},{"@type":"ListItem","position":3,"name":"Savian Merlot DOC Venezia"}]},{"@type":"WebSite","@id":"https:\/\/vinoforever.ee\/en\/#website","url":"https:\/\/vinoforever.ee\/en\/","name":"Vinoforever","description":"Ainult head veinid","publisher":{"@id":"https:\/\/vinoforever.ee\/en\/#organization"},"alternateName":"Mahedad veinid tunnustatud veinimajadelt","potentialAction":[{"@type":"SearchAction","target":{"@type":"EntryPoint","urlTemplate":"https:\/\/vinoforever.ee\/en\/?s={search_term_string}"},"query-input":{"@type":"PropertyValueSpecification","valueRequired":true,"valueName":"search_term_string"}}],"inLanguage":"en-US"},{"@type":"Organization","@id":"https:\/\/vinoforever.ee\/en\/#organization","name":"Vinoforever O\u00dc","url":"https:\/\/vinoforever.ee\/en\/","logo":{"@type":"ImageObject","inLanguage":"en-US","@id":"https:\/\/vinoforever.ee\/en\/#\/schema\/logo\/image\/","url":"https:\/\/vinoforever.ee\/wp-content\/uploads\/2023\/01\/VinoForever_logo.png","contentUrl":"https:\/\/vinoforever.ee\/wp-content\/uploads\/2023\/01\/VinoForever_logo.png","width":800,"height":300,"caption":"Vinoforever O\u00dc"},"image":{"@id":"https:\/\/vinoforever.ee\/en\/#\/schema\/logo\/image\/"},"sameAs":["https:\/\/www.facebook.com\/vinoforever\/","https:\/\/www.instagram.com\/vinoforever_wines\/"]}]}},"_links":{"self":[{"href":"https:\/\/vinoforever.ee\/en\/wp-json\/wp\/v2\/product\/8559","targetHints":{"allow":["GET"]}}],"collection":[{"href":"https:\/\/vinoforever.ee\/en\/wp-json\/wp\/v2\/product"}],"about":[{"href":"https:\/\/vinoforever.ee\/en\/wp-json\/wp\/v2\/types\/product"}],"replies":[{"embeddable":true,"href":"https:\/\/vinoforever.ee\/en\/wp-json\/wp\/v2\/comments?post=8559"}],"version-history":[{"count":3,"href":"https:\/\/vinoforever.ee\/en\/wp-json\/wp\/v2\/product\/8559\/revisions"}],"predecessor-version":[{"id":11825,"href":"https:\/\/vinoforever.ee\/en\/wp-json\/wp\/v2\/product\/8559\/revisions\/11825"}],"wp:featuredmedia":[{"embeddable":true,"href":"https:\/\/vinoforever.ee\/en\/wp-json\/wp\/v2\/media\/9419"}],"wp:attachment":[{"href":"https:\/\/vinoforever.ee\/en\/wp-json\/wp\/v2\/media?parent=8559"}],"wp:term":[{"taxonomy":"product_brand","embeddable":true,"href":"https:\/\/vinoforever.ee\/en\/wp-json\/wp\/v2\/product_brand?post=8559"},{"taxonomy":"product_cat","embeddable":true,"href":"https:\/\/vinoforever.ee\/en\/wp-json\/wp\/v2\/product_cat?post=8559"},{"taxonomy":"product_tag","embeddable":true,"href":"https:\/\/vinoforever.ee\/en\/wp-json\/wp\/v2\/product_tag?post=8559"}],"curies":[{"name":"wp","href":"https:\/\/api.w.org\/{rel}","templated":true}]}}