{"id":9344,"date":"2023-02-27T08:32:44","date_gmt":"2023-02-27T06:32:44","guid":{"rendered":"https:\/\/vinoforever.ee\/?post_type=product&#038;p=9344"},"modified":"2025-12-08T20:41:15","modified_gmt":"2025-12-08T18:41:15","slug":"miquel-jane-baltana-blanc-orgaaniline-vein","status":"publish","type":"product","link":"https:\/\/vinoforever.ee\/en\/toode\/miquel-jane-baltana-blanc-orgaaniline-vein\/","title":{"rendered":"Miquel Jan\u00e9 Baltana Blanc"},"content":{"rendered":"<p><strong>Veinist:<\/strong> V\u00e4rske, noor kuiv valge vein. V\u00e4rvilt kirgas helekollane, roheka varjundiga. Aroomilt kerge, tunda valgeid lilli, v\u00e4rskeid heledaid puuvilju. Maitses on tunda rohkem puuviljasust kui l\u00f5hnas, veinis on tunda v\u00fcrtse, \u00fcrdisust \u2013 aniisi noodid, v\u00e4rskeid puuvilju \u2013 pirn, hele virsik, aprikoos.<\/p>\n<p><strong>Toidusoovitus:<\/strong> Sobib h\u00e4sti aperitiiviks ja niisama nautimiseks \u2013 ehe suvevein. Kergemate toitudega: salatid, hele v\u00e4herasvane kala, kergemad juustud.<\/p>\n<p><strong>Auhinnad<\/strong>: Aasta Vein 2025 <a href=\"https:\/\/aastavein.ee\/\">Aasta vein &#8211; Sinu abiline leidmaks parimaid veine Eestis<\/a> &#8211; kuld, mis t\u00e4hendab, et tegu on rahvusvahelises m\u00f5\u00f5tmes tipptasemel veiniga.<\/p>\n<p><strong>Serveerimis temperatuur:<\/strong> 8-10\u00b0C<\/p>\n<p><strong>Alkoholisisaldus:<\/strong> 12,5%<\/p>\n<p><strong>Pudeli suurus:<\/strong> 75cl<\/p>\n<p>Mahe sertifitseerimis-\/kontroll asutus: ES-ECO-019-CT v\u00f5i Consell Catal\u00e0 de la Producci\u00f3 Agr\u00e0ria Ecol\u00f2gica<\/p>\n<p><iframe loading=\"lazy\" title=\"Wine tasting Xarel.lo d&#039;al\u00e7ada, Miquel Jan\u00e9 cellar\" width=\"500\" height=\"281\" src=\"https:\/\/www.youtube.com\/embed\/Iy3zCBjLiM8?feature=oembed\" frameborder=\"0\" allow=\"accelerometer; autoplay; clipboard-write; encrypted-media; gyroscope; picture-in-picture; web-share\" referrerpolicy=\"strict-origin-when-cross-origin\" allowfullscreen><\/iframe><\/p>\n","protected":false},"excerpt":{"rendered":"<p>Veinist: V\u00e4rske, noor kuiv valge vein. V\u00e4rvilt kirgas helekollane, roheka varjundiga. Aroomilt kerge, tunda valgeid lilli, v\u00e4rskeid heledaid puuvilju. Maitses<\/p>\n","protected":false},"featured_media":12370,"comment_status":"open","ping_status":"closed","template":"","meta":[],"product_brand":[],"product_cat":[103],"product_tag":[],"class_list":{"0":"post-9344","1":"product","2":"type-product","3":"status-publish","4":"has-post-thumbnail","6":"product_cat-valged-veinid","8":"first","9":"outofstock","10":"taxable","11":"shipping-taxable","12":"purchasable","13":"product-type-simple"},"yoast_head":"<!-- This site is optimized with the Yoast SEO plugin v27.1 - https:\/\/yoast.com\/product\/yoast-seo-wordpress\/ -->\n<title>Miquel Jan\u00e9 Baltana Blanc - Mahe valge vein<\/title>\n<meta name=\"description\" content=\"V\u00e4rske, noor kuiv valge vein. Sobib h\u00e4sti aperitiiviks ja niisama nautimiseks \u2013 ehe suvevein. Salatid, hele v\u00e4herasvane kala, kergemad juustud.\" \/>\n<meta name=\"robots\" content=\"index, follow, max-snippet:-1, max-image-preview:large, max-video-preview:-1\" \/>\n<link rel=\"canonical\" href=\"https:\/\/vinoforever.ee\/en\/toode\/miquel-jane-baltana-blanc-orgaaniline-vein\/\" \/>\n<meta property=\"og:locale\" content=\"en_US\" \/>\n<meta property=\"og:type\" content=\"article\" \/>\n<meta property=\"og:title\" content=\"Miquel Jan\u00e9 Baltana Blanc - Mahe valge vein\" \/>\n<meta property=\"og:description\" content=\"V\u00e4rske, noor kuiv valge vein. Sobib h\u00e4sti aperitiiviks ja niisama nautimiseks \u2013 ehe suvevein. Salatid, hele v\u00e4herasvane kala, kergemad juustud.\" \/>\n<meta property=\"og:url\" content=\"https:\/\/vinoforever.ee\/en\/toode\/miquel-jane-baltana-blanc-orgaaniline-vein\/\" \/>\n<meta property=\"og:site_name\" content=\"Vinoforever\" \/>\n<meta property=\"article:publisher\" content=\"https:\/\/www.facebook.com\/vinoforever\/\" \/>\n<meta property=\"article:modified_time\" content=\"2025-12-08T18:41:15+00:00\" \/>\n<meta property=\"og:image\" content=\"https:\/\/vinoforever.ee\/wp-content\/uploads\/2023\/02\/baltana-blanc-2020-aasta-vein-2025.jpg\" \/>\n\t<meta property=\"og:image:width\" content=\"702\" \/>\n\t<meta property=\"og:image:height\" content=\"702\" \/>\n\t<meta property=\"og:image:type\" content=\"image\/jpeg\" \/>\n<meta name=\"twitter:label1\" content=\"Est. reading time\" \/>\n\t<meta name=\"twitter:data1\" content=\"1 minute\" \/>\n<script type=\"application\/ld+json\" class=\"yoast-schema-graph\">{\"@context\":\"https:\/\/schema.org\",\"@graph\":[{\"@type\":\"WebPage\",\"@id\":\"https:\/\/vinoforever.ee\/en\/toode\/miquel-jane-baltana-blanc-orgaaniline-vein\/\",\"url\":\"https:\/\/vinoforever.ee\/en\/toode\/miquel-jane-baltana-blanc-orgaaniline-vein\/\",\"name\":\"Miquel Jan\u00e9 Baltana Blanc - Mahe valge vein\",\"isPartOf\":{\"@id\":\"https:\/\/vinoforever.ee\/en\/#website\"},\"primaryImageOfPage\":{\"@id\":\"https:\/\/vinoforever.ee\/en\/toode\/miquel-jane-baltana-blanc-orgaaniline-vein\/#primaryimage\"},\"image\":{\"@id\":\"https:\/\/vinoforever.ee\/en\/toode\/miquel-jane-baltana-blanc-orgaaniline-vein\/#primaryimage\"},\"thumbnailUrl\":\"https:\/\/vinoforever.ee\/wp-content\/uploads\/2023\/02\/baltana-blanc-2020-aasta-vein-2025.jpg\",\"datePublished\":\"2023-02-27T06:32:44+00:00\",\"dateModified\":\"2025-12-08T18:41:15+00:00\",\"description\":\"V\u00e4rske, noor kuiv valge vein. Sobib h\u00e4sti aperitiiviks ja niisama nautimiseks \u2013 ehe suvevein. Salatid, hele v\u00e4herasvane kala, kergemad juustud.\",\"breadcrumb\":{\"@id\":\"https:\/\/vinoforever.ee\/en\/toode\/miquel-jane-baltana-blanc-orgaaniline-vein\/#breadcrumb\"},\"inLanguage\":\"en-US\",\"potentialAction\":[{\"@type\":\"ReadAction\",\"target\":[\"https:\/\/vinoforever.ee\/en\/toode\/miquel-jane-baltana-blanc-orgaaniline-vein\/\"]}]},{\"@type\":\"ImageObject\",\"inLanguage\":\"en-US\",\"@id\":\"https:\/\/vinoforever.ee\/en\/toode\/miquel-jane-baltana-blanc-orgaaniline-vein\/#primaryimage\",\"url\":\"https:\/\/vinoforever.ee\/wp-content\/uploads\/2023\/02\/baltana-blanc-2020-aasta-vein-2025.jpg\",\"contentUrl\":\"https:\/\/vinoforever.ee\/wp-content\/uploads\/2023\/02\/baltana-blanc-2020-aasta-vein-2025.jpg\",\"width\":702,\"height\":702,\"caption\":\"Aasta Vein 2025 - Kuldmedal - Miquel Jane Baltana Blanc\"},{\"@type\":\"BreadcrumbList\",\"@id\":\"https:\/\/vinoforever.ee\/en\/toode\/miquel-jane-baltana-blanc-orgaaniline-vein\/#breadcrumb\",\"itemListElement\":[{\"@type\":\"ListItem\",\"position\":1,\"name\":\"Home\",\"item\":\"https:\/\/vinoforever.ee\/en\/\"},{\"@type\":\"ListItem\",\"position\":2,\"name\":\"Shop\",\"item\":\"https:\/\/vinoforever.ee\/en\/shop\/\"},{\"@type\":\"ListItem\",\"position\":3,\"name\":\"Miquel Jan\u00e9 Baltana Blanc\"}]},{\"@type\":\"WebSite\",\"@id\":\"https:\/\/vinoforever.ee\/en\/#website\",\"url\":\"https:\/\/vinoforever.ee\/en\/\",\"name\":\"Vinoforever\",\"description\":\"Ainult head veinid\",\"publisher\":{\"@id\":\"https:\/\/vinoforever.ee\/en\/#organization\"},\"alternateName\":\"Mahedad veinid tunnustatud veinimajadelt\",\"potentialAction\":[{\"@type\":\"SearchAction\",\"target\":{\"@type\":\"EntryPoint\",\"urlTemplate\":\"https:\/\/vinoforever.ee\/en\/?s={search_term_string}\"},\"query-input\":{\"@type\":\"PropertyValueSpecification\",\"valueRequired\":true,\"valueName\":\"search_term_string\"}}],\"inLanguage\":\"en-US\"},{\"@type\":\"Organization\",\"@id\":\"https:\/\/vinoforever.ee\/en\/#organization\",\"name\":\"Vinoforever O\u00dc\",\"url\":\"https:\/\/vinoforever.ee\/en\/\",\"logo\":{\"@type\":\"ImageObject\",\"inLanguage\":\"en-US\",\"@id\":\"https:\/\/vinoforever.ee\/en\/#\/schema\/logo\/image\/\",\"url\":\"https:\/\/vinoforever.ee\/wp-content\/uploads\/2023\/01\/VinoForever_logo.png\",\"contentUrl\":\"https:\/\/vinoforever.ee\/wp-content\/uploads\/2023\/01\/VinoForever_logo.png\",\"width\":800,\"height\":300,\"caption\":\"Vinoforever O\u00dc\"},\"image\":{\"@id\":\"https:\/\/vinoforever.ee\/en\/#\/schema\/logo\/image\/\"},\"sameAs\":[\"https:\/\/www.facebook.com\/vinoforever\/\",\"https:\/\/www.instagram.com\/vinoforever_wines\/\"]}]}<\/script>\n<!-- \/ Yoast SEO plugin. -->","yoast_head_json":{"title":"Miquel Jan\u00e9 Baltana Blanc - Mahe valge vein","description":"V\u00e4rske, noor kuiv valge vein. Sobib h\u00e4sti aperitiiviks ja niisama nautimiseks \u2013 ehe suvevein. Salatid, hele v\u00e4herasvane kala, kergemad juustud.","robots":{"index":"index","follow":"follow","max-snippet":"max-snippet:-1","max-image-preview":"max-image-preview:large","max-video-preview":"max-video-preview:-1"},"canonical":"https:\/\/vinoforever.ee\/en\/toode\/miquel-jane-baltana-blanc-orgaaniline-vein\/","og_locale":"en_US","og_type":"article","og_title":"Miquel Jan\u00e9 Baltana Blanc - Mahe valge vein","og_description":"V\u00e4rske, noor kuiv valge vein. Sobib h\u00e4sti aperitiiviks ja niisama nautimiseks \u2013 ehe suvevein. Salatid, hele v\u00e4herasvane kala, kergemad juustud.","og_url":"https:\/\/vinoforever.ee\/en\/toode\/miquel-jane-baltana-blanc-orgaaniline-vein\/","og_site_name":"Vinoforever","article_publisher":"https:\/\/www.facebook.com\/vinoforever\/","article_modified_time":"2025-12-08T18:41:15+00:00","og_image":[{"width":702,"height":702,"url":"https:\/\/vinoforever.ee\/wp-content\/uploads\/2023\/02\/baltana-blanc-2020-aasta-vein-2025.jpg","type":"image\/jpeg"}],"twitter_misc":{"Est. reading time":"1 minute"},"schema":{"@context":"https:\/\/schema.org","@graph":[{"@type":"WebPage","@id":"https:\/\/vinoforever.ee\/en\/toode\/miquel-jane-baltana-blanc-orgaaniline-vein\/","url":"https:\/\/vinoforever.ee\/en\/toode\/miquel-jane-baltana-blanc-orgaaniline-vein\/","name":"Miquel Jan\u00e9 Baltana Blanc - Mahe valge vein","isPartOf":{"@id":"https:\/\/vinoforever.ee\/en\/#website"},"primaryImageOfPage":{"@id":"https:\/\/vinoforever.ee\/en\/toode\/miquel-jane-baltana-blanc-orgaaniline-vein\/#primaryimage"},"image":{"@id":"https:\/\/vinoforever.ee\/en\/toode\/miquel-jane-baltana-blanc-orgaaniline-vein\/#primaryimage"},"thumbnailUrl":"https:\/\/vinoforever.ee\/wp-content\/uploads\/2023\/02\/baltana-blanc-2020-aasta-vein-2025.jpg","datePublished":"2023-02-27T06:32:44+00:00","dateModified":"2025-12-08T18:41:15+00:00","description":"V\u00e4rske, noor kuiv valge vein. Sobib h\u00e4sti aperitiiviks ja niisama nautimiseks \u2013 ehe suvevein. Salatid, hele v\u00e4herasvane kala, kergemad juustud.","breadcrumb":{"@id":"https:\/\/vinoforever.ee\/en\/toode\/miquel-jane-baltana-blanc-orgaaniline-vein\/#breadcrumb"},"inLanguage":"en-US","potentialAction":[{"@type":"ReadAction","target":["https:\/\/vinoforever.ee\/en\/toode\/miquel-jane-baltana-blanc-orgaaniline-vein\/"]}]},{"@type":"ImageObject","inLanguage":"en-US","@id":"https:\/\/vinoforever.ee\/en\/toode\/miquel-jane-baltana-blanc-orgaaniline-vein\/#primaryimage","url":"https:\/\/vinoforever.ee\/wp-content\/uploads\/2023\/02\/baltana-blanc-2020-aasta-vein-2025.jpg","contentUrl":"https:\/\/vinoforever.ee\/wp-content\/uploads\/2023\/02\/baltana-blanc-2020-aasta-vein-2025.jpg","width":702,"height":702,"caption":"Aasta Vein 2025 - Kuldmedal - Miquel Jane Baltana Blanc"},{"@type":"BreadcrumbList","@id":"https:\/\/vinoforever.ee\/en\/toode\/miquel-jane-baltana-blanc-orgaaniline-vein\/#breadcrumb","itemListElement":[{"@type":"ListItem","position":1,"name":"Home","item":"https:\/\/vinoforever.ee\/en\/"},{"@type":"ListItem","position":2,"name":"Shop","item":"https:\/\/vinoforever.ee\/en\/shop\/"},{"@type":"ListItem","position":3,"name":"Miquel Jan\u00e9 Baltana Blanc"}]},{"@type":"WebSite","@id":"https:\/\/vinoforever.ee\/en\/#website","url":"https:\/\/vinoforever.ee\/en\/","name":"Vinoforever","description":"Ainult head veinid","publisher":{"@id":"https:\/\/vinoforever.ee\/en\/#organization"},"alternateName":"Mahedad veinid tunnustatud veinimajadelt","potentialAction":[{"@type":"SearchAction","target":{"@type":"EntryPoint","urlTemplate":"https:\/\/vinoforever.ee\/en\/?s={search_term_string}"},"query-input":{"@type":"PropertyValueSpecification","valueRequired":true,"valueName":"search_term_string"}}],"inLanguage":"en-US"},{"@type":"Organization","@id":"https:\/\/vinoforever.ee\/en\/#organization","name":"Vinoforever O\u00dc","url":"https:\/\/vinoforever.ee\/en\/","logo":{"@type":"ImageObject","inLanguage":"en-US","@id":"https:\/\/vinoforever.ee\/en\/#\/schema\/logo\/image\/","url":"https:\/\/vinoforever.ee\/wp-content\/uploads\/2023\/01\/VinoForever_logo.png","contentUrl":"https:\/\/vinoforever.ee\/wp-content\/uploads\/2023\/01\/VinoForever_logo.png","width":800,"height":300,"caption":"Vinoforever O\u00dc"},"image":{"@id":"https:\/\/vinoforever.ee\/en\/#\/schema\/logo\/image\/"},"sameAs":["https:\/\/www.facebook.com\/vinoforever\/","https:\/\/www.instagram.com\/vinoforever_wines\/"]}]}},"_links":{"self":[{"href":"https:\/\/vinoforever.ee\/en\/wp-json\/wp\/v2\/product\/9344","targetHints":{"allow":["GET"]}}],"collection":[{"href":"https:\/\/vinoforever.ee\/en\/wp-json\/wp\/v2\/product"}],"about":[{"href":"https:\/\/vinoforever.ee\/en\/wp-json\/wp\/v2\/types\/product"}],"replies":[{"embeddable":true,"href":"https:\/\/vinoforever.ee\/en\/wp-json\/wp\/v2\/comments?post=9344"}],"version-history":[{"count":4,"href":"https:\/\/vinoforever.ee\/en\/wp-json\/wp\/v2\/product\/9344\/revisions"}],"predecessor-version":[{"id":12384,"href":"https:\/\/vinoforever.ee\/en\/wp-json\/wp\/v2\/product\/9344\/revisions\/12384"}],"wp:featuredmedia":[{"embeddable":true,"href":"https:\/\/vinoforever.ee\/en\/wp-json\/wp\/v2\/media\/12370"}],"wp:attachment":[{"href":"https:\/\/vinoforever.ee\/en\/wp-json\/wp\/v2\/media?parent=9344"}],"wp:term":[{"taxonomy":"product_brand","embeddable":true,"href":"https:\/\/vinoforever.ee\/en\/wp-json\/wp\/v2\/product_brand?post=9344"},{"taxonomy":"product_cat","embeddable":true,"href":"https:\/\/vinoforever.ee\/en\/wp-json\/wp\/v2\/product_cat?post=9344"},{"taxonomy":"product_tag","embeddable":true,"href":"https:\/\/vinoforever.ee\/en\/wp-json\/wp\/v2\/product_tag?post=9344"}],"curies":[{"name":"wp","href":"https:\/\/api.w.org\/{rel}","templated":true}]}}