{"id":9350,"date":"2023-02-27T08:47:25","date_gmt":"2023-02-27T06:47:25","guid":{"rendered":"https:\/\/vinoforever.ee\/?post_type=product&#038;p=9350"},"modified":"2025-11-07T17:04:12","modified_gmt":"2025-11-07T15:04:12","slug":"miquel-jane-sauvignon-blanc-orgaaniline-valge-vein","status":"publish","type":"product","link":"https:\/\/vinoforever.ee\/en\/toode\/miquel-jane-sauvignon-blanc-orgaaniline-valge-vein\/","title":{"rendered":"Miquel Jan\u00e9 Sauvignon Blanc"},"content":{"rendered":"<p><strong>Veinist:<\/strong> Miquel Jan\u00e9 veinikeldri t\u00e4ht. Vein on valmistatud nende noorima istanduse marjadest, 12 a vanad taimed, mis on h\u00e4sti kohanenud nende kliimas. Veini k\u00e4\u00e4ritatakse roostevabast terasest mahutis, et vein oleks v\u00e4rske ja aromaatne. Vein on helekollane, kuldse helgiga. Aroomilt lopsakas, tunda troopilisi puuvilju \u2013 lit\u0161i, passion, mango, melon, ananass. Maitselt on vein kuiv, lisaks lit\u0161ile, lisanduvad tsitrused \u2013 sidrun, laim, tunda \u00fcrdisust, mineraalsust. Vein on kompleksne ja heas tasakaalus.<br \/>\n<strong>Toidusoovitus:<\/strong> Ideaalne vein lihtsalt nautimiseks (toiduta) aga sobib h\u00e4sti ka sushi juurde ja v\u00e4herasvasest heledast kalast valmistatud toitudega.<br \/>\n<strong>Serveerimis temperatuur:<\/strong>\u00a08-10\u00b0C<br \/>\n<strong>Alkoholisisaldus:<\/strong> 12%<br \/>\n<strong>Pudeli suurus:<\/strong> 75cl<\/p>\n<p>Mahe sertifitseerimis-\/kontroll asutus: ES-ECO-019-CT v\u00f5i Consell Catal\u00e0 de la Producci\u00f3 Agr\u00e0ria Ecol\u00f2gica<\/p>\n<p><iframe loading=\"lazy\" title=\"Wine tasting Sauvignon Blanc, Miquel Jan\u00e9 cellar\" width=\"500\" height=\"281\" src=\"https:\/\/www.youtube.com\/embed\/QF97eG59rjE?feature=oembed\" frameborder=\"0\" allow=\"accelerometer; autoplay; clipboard-write; encrypted-media; gyroscope; picture-in-picture; web-share\" referrerpolicy=\"strict-origin-when-cross-origin\" allowfullscreen><\/iframe><\/p>\n","protected":false},"excerpt":{"rendered":"<p>Veinist: Miquel Jan\u00e9 veinikeldri t\u00e4ht. Vein on valmistatud nende noorima istanduse marjadest, 12 a vanad taimed, mis on h\u00e4sti kohanenud<\/p>\n","protected":false},"featured_media":9457,"comment_status":"open","ping_status":"closed","template":"","meta":[],"product_brand":[],"product_cat":[155,103],"product_tag":[],"class_list":{"0":"post-9350","1":"product","2":"type-product","3":"status-publish","4":"has-post-thumbnail","6":"product_cat-sooduspakkumised","7":"product_cat-valged-veinid","9":"first","10":"instock","11":"sale","12":"taxable","13":"shipping-taxable","14":"purchasable","15":"product-type-simple"},"yoast_head":"<!-- This site is optimized with the Yoast SEO plugin v27.1 - https:\/\/yoast.com\/product\/yoast-seo-wordpress\/ -->\n<title>Miquel Jan\u00e9 Sauvignon Blanc - Mahe valge vein<\/title>\n<meta name=\"description\" content=\"Miquel Jan\u00e9 veinikeldri t\u00e4ht. Maitselt on vein kuiv, lisaks lit\u0161ile, lisanduvad tsitrused \u2013 sidrun, laim, tunda \u00fcrdisust, mineraalsust.\" \/>\n<meta name=\"robots\" content=\"index, follow, max-snippet:-1, max-image-preview:large, max-video-preview:-1\" \/>\n<link rel=\"canonical\" href=\"https:\/\/vinoforever.ee\/en\/toode\/miquel-jane-sauvignon-blanc-orgaaniline-valge-vein\/\" \/>\n<meta property=\"og:locale\" content=\"en_US\" \/>\n<meta property=\"og:type\" content=\"article\" \/>\n<meta property=\"og:title\" content=\"Miquel Jan\u00e9 Sauvignon Blanc - Mahe valge vein\" \/>\n<meta property=\"og:description\" content=\"Miquel Jan\u00e9 veinikeldri t\u00e4ht. Maitselt on vein kuiv, lisaks lit\u0161ile, lisanduvad tsitrused \u2013 sidrun, laim, tunda \u00fcrdisust, mineraalsust.\" \/>\n<meta property=\"og:url\" content=\"https:\/\/vinoforever.ee\/en\/toode\/miquel-jane-sauvignon-blanc-orgaaniline-valge-vein\/\" \/>\n<meta property=\"og:site_name\" content=\"Vinoforever\" \/>\n<meta property=\"article:publisher\" content=\"https:\/\/www.facebook.com\/vinoforever\/\" \/>\n<meta property=\"article:modified_time\" content=\"2025-11-07T15:04:12+00:00\" \/>\n<meta property=\"og:image\" content=\"https:\/\/vinoforever.ee\/wp-content\/uploads\/2023\/02\/sauvignon-200.jpg\" \/>\n\t<meta property=\"og:image:width\" content=\"698\" \/>\n\t<meta property=\"og:image:height\" content=\"698\" \/>\n\t<meta property=\"og:image:type\" content=\"image\/jpeg\" \/>\n<meta name=\"twitter:label1\" content=\"Est. reading time\" \/>\n\t<meta name=\"twitter:data1\" content=\"1 minute\" \/>\n<script type=\"application\/ld+json\" class=\"yoast-schema-graph\">{\"@context\":\"https:\/\/schema.org\",\"@graph\":[{\"@type\":\"WebPage\",\"@id\":\"https:\/\/vinoforever.ee\/en\/toode\/miquel-jane-sauvignon-blanc-orgaaniline-valge-vein\/\",\"url\":\"https:\/\/vinoforever.ee\/en\/toode\/miquel-jane-sauvignon-blanc-orgaaniline-valge-vein\/\",\"name\":\"Miquel Jan\u00e9 Sauvignon Blanc - Mahe valge vein\",\"isPartOf\":{\"@id\":\"https:\/\/vinoforever.ee\/en\/#website\"},\"primaryImageOfPage\":{\"@id\":\"https:\/\/vinoforever.ee\/en\/toode\/miquel-jane-sauvignon-blanc-orgaaniline-valge-vein\/#primaryimage\"},\"image\":{\"@id\":\"https:\/\/vinoforever.ee\/en\/toode\/miquel-jane-sauvignon-blanc-orgaaniline-valge-vein\/#primaryimage\"},\"thumbnailUrl\":\"https:\/\/vinoforever.ee\/wp-content\/uploads\/2023\/02\/sauvignon-200.jpg\",\"datePublished\":\"2023-02-27T06:47:25+00:00\",\"dateModified\":\"2025-11-07T15:04:12+00:00\",\"description\":\"Miquel Jan\u00e9 veinikeldri t\u00e4ht. Maitselt on vein kuiv, lisaks lit\u0161ile, lisanduvad tsitrused \u2013 sidrun, laim, tunda \u00fcrdisust, mineraalsust.\",\"breadcrumb\":{\"@id\":\"https:\/\/vinoforever.ee\/en\/toode\/miquel-jane-sauvignon-blanc-orgaaniline-valge-vein\/#breadcrumb\"},\"inLanguage\":\"en-US\",\"potentialAction\":[{\"@type\":\"ReadAction\",\"target\":[\"https:\/\/vinoforever.ee\/en\/toode\/miquel-jane-sauvignon-blanc-orgaaniline-valge-vein\/\"]}]},{\"@type\":\"ImageObject\",\"inLanguage\":\"en-US\",\"@id\":\"https:\/\/vinoforever.ee\/en\/toode\/miquel-jane-sauvignon-blanc-orgaaniline-valge-vein\/#primaryimage\",\"url\":\"https:\/\/vinoforever.ee\/wp-content\/uploads\/2023\/02\/sauvignon-200.jpg\",\"contentUrl\":\"https:\/\/vinoforever.ee\/wp-content\/uploads\/2023\/02\/sauvignon-200.jpg\",\"width\":698,\"height\":698,\"caption\":\"Miquel Jan\u00e9 Sauvignon Blanc - Orgaaniline valge vein\"},{\"@type\":\"BreadcrumbList\",\"@id\":\"https:\/\/vinoforever.ee\/en\/toode\/miquel-jane-sauvignon-blanc-orgaaniline-valge-vein\/#breadcrumb\",\"itemListElement\":[{\"@type\":\"ListItem\",\"position\":1,\"name\":\"Home\",\"item\":\"https:\/\/vinoforever.ee\/en\/\"},{\"@type\":\"ListItem\",\"position\":2,\"name\":\"Shop\",\"item\":\"https:\/\/vinoforever.ee\/en\/shop\/\"},{\"@type\":\"ListItem\",\"position\":3,\"name\":\"Miquel Jan\u00e9 Sauvignon Blanc\"}]},{\"@type\":\"WebSite\",\"@id\":\"https:\/\/vinoforever.ee\/en\/#website\",\"url\":\"https:\/\/vinoforever.ee\/en\/\",\"name\":\"Vinoforever\",\"description\":\"Ainult head veinid\",\"publisher\":{\"@id\":\"https:\/\/vinoforever.ee\/en\/#organization\"},\"alternateName\":\"Mahedad veinid tunnustatud veinimajadelt\",\"potentialAction\":[{\"@type\":\"SearchAction\",\"target\":{\"@type\":\"EntryPoint\",\"urlTemplate\":\"https:\/\/vinoforever.ee\/en\/?s={search_term_string}\"},\"query-input\":{\"@type\":\"PropertyValueSpecification\",\"valueRequired\":true,\"valueName\":\"search_term_string\"}}],\"inLanguage\":\"en-US\"},{\"@type\":\"Organization\",\"@id\":\"https:\/\/vinoforever.ee\/en\/#organization\",\"name\":\"Vinoforever O\u00dc\",\"url\":\"https:\/\/vinoforever.ee\/en\/\",\"logo\":{\"@type\":\"ImageObject\",\"inLanguage\":\"en-US\",\"@id\":\"https:\/\/vinoforever.ee\/en\/#\/schema\/logo\/image\/\",\"url\":\"https:\/\/vinoforever.ee\/wp-content\/uploads\/2023\/01\/VinoForever_logo.png\",\"contentUrl\":\"https:\/\/vinoforever.ee\/wp-content\/uploads\/2023\/01\/VinoForever_logo.png\",\"width\":800,\"height\":300,\"caption\":\"Vinoforever O\u00dc\"},\"image\":{\"@id\":\"https:\/\/vinoforever.ee\/en\/#\/schema\/logo\/image\/\"},\"sameAs\":[\"https:\/\/www.facebook.com\/vinoforever\/\",\"https:\/\/www.instagram.com\/vinoforever_wines\/\"]}]}<\/script>\n<!-- \/ Yoast SEO plugin. -->","yoast_head_json":{"title":"Miquel Jan\u00e9 Sauvignon Blanc - Mahe valge vein","description":"Miquel Jan\u00e9 veinikeldri t\u00e4ht. Maitselt on vein kuiv, lisaks lit\u0161ile, lisanduvad tsitrused \u2013 sidrun, laim, tunda \u00fcrdisust, mineraalsust.","robots":{"index":"index","follow":"follow","max-snippet":"max-snippet:-1","max-image-preview":"max-image-preview:large","max-video-preview":"max-video-preview:-1"},"canonical":"https:\/\/vinoforever.ee\/en\/toode\/miquel-jane-sauvignon-blanc-orgaaniline-valge-vein\/","og_locale":"en_US","og_type":"article","og_title":"Miquel Jan\u00e9 Sauvignon Blanc - Mahe valge vein","og_description":"Miquel Jan\u00e9 veinikeldri t\u00e4ht. Maitselt on vein kuiv, lisaks lit\u0161ile, lisanduvad tsitrused \u2013 sidrun, laim, tunda \u00fcrdisust, mineraalsust.","og_url":"https:\/\/vinoforever.ee\/en\/toode\/miquel-jane-sauvignon-blanc-orgaaniline-valge-vein\/","og_site_name":"Vinoforever","article_publisher":"https:\/\/www.facebook.com\/vinoforever\/","article_modified_time":"2025-11-07T15:04:12+00:00","og_image":[{"width":698,"height":698,"url":"https:\/\/vinoforever.ee\/wp-content\/uploads\/2023\/02\/sauvignon-200.jpg","type":"image\/jpeg"}],"twitter_misc":{"Est. reading time":"1 minute"},"schema":{"@context":"https:\/\/schema.org","@graph":[{"@type":"WebPage","@id":"https:\/\/vinoforever.ee\/en\/toode\/miquel-jane-sauvignon-blanc-orgaaniline-valge-vein\/","url":"https:\/\/vinoforever.ee\/en\/toode\/miquel-jane-sauvignon-blanc-orgaaniline-valge-vein\/","name":"Miquel Jan\u00e9 Sauvignon Blanc - Mahe valge vein","isPartOf":{"@id":"https:\/\/vinoforever.ee\/en\/#website"},"primaryImageOfPage":{"@id":"https:\/\/vinoforever.ee\/en\/toode\/miquel-jane-sauvignon-blanc-orgaaniline-valge-vein\/#primaryimage"},"image":{"@id":"https:\/\/vinoforever.ee\/en\/toode\/miquel-jane-sauvignon-blanc-orgaaniline-valge-vein\/#primaryimage"},"thumbnailUrl":"https:\/\/vinoforever.ee\/wp-content\/uploads\/2023\/02\/sauvignon-200.jpg","datePublished":"2023-02-27T06:47:25+00:00","dateModified":"2025-11-07T15:04:12+00:00","description":"Miquel Jan\u00e9 veinikeldri t\u00e4ht. Maitselt on vein kuiv, lisaks lit\u0161ile, lisanduvad tsitrused \u2013 sidrun, laim, tunda \u00fcrdisust, mineraalsust.","breadcrumb":{"@id":"https:\/\/vinoforever.ee\/en\/toode\/miquel-jane-sauvignon-blanc-orgaaniline-valge-vein\/#breadcrumb"},"inLanguage":"en-US","potentialAction":[{"@type":"ReadAction","target":["https:\/\/vinoforever.ee\/en\/toode\/miquel-jane-sauvignon-blanc-orgaaniline-valge-vein\/"]}]},{"@type":"ImageObject","inLanguage":"en-US","@id":"https:\/\/vinoforever.ee\/en\/toode\/miquel-jane-sauvignon-blanc-orgaaniline-valge-vein\/#primaryimage","url":"https:\/\/vinoforever.ee\/wp-content\/uploads\/2023\/02\/sauvignon-200.jpg","contentUrl":"https:\/\/vinoforever.ee\/wp-content\/uploads\/2023\/02\/sauvignon-200.jpg","width":698,"height":698,"caption":"Miquel Jan\u00e9 Sauvignon Blanc - Orgaaniline valge vein"},{"@type":"BreadcrumbList","@id":"https:\/\/vinoforever.ee\/en\/toode\/miquel-jane-sauvignon-blanc-orgaaniline-valge-vein\/#breadcrumb","itemListElement":[{"@type":"ListItem","position":1,"name":"Home","item":"https:\/\/vinoforever.ee\/en\/"},{"@type":"ListItem","position":2,"name":"Shop","item":"https:\/\/vinoforever.ee\/en\/shop\/"},{"@type":"ListItem","position":3,"name":"Miquel Jan\u00e9 Sauvignon Blanc"}]},{"@type":"WebSite","@id":"https:\/\/vinoforever.ee\/en\/#website","url":"https:\/\/vinoforever.ee\/en\/","name":"Vinoforever","description":"Ainult head veinid","publisher":{"@id":"https:\/\/vinoforever.ee\/en\/#organization"},"alternateName":"Mahedad veinid tunnustatud veinimajadelt","potentialAction":[{"@type":"SearchAction","target":{"@type":"EntryPoint","urlTemplate":"https:\/\/vinoforever.ee\/en\/?s={search_term_string}"},"query-input":{"@type":"PropertyValueSpecification","valueRequired":true,"valueName":"search_term_string"}}],"inLanguage":"en-US"},{"@type":"Organization","@id":"https:\/\/vinoforever.ee\/en\/#organization","name":"Vinoforever O\u00dc","url":"https:\/\/vinoforever.ee\/en\/","logo":{"@type":"ImageObject","inLanguage":"en-US","@id":"https:\/\/vinoforever.ee\/en\/#\/schema\/logo\/image\/","url":"https:\/\/vinoforever.ee\/wp-content\/uploads\/2023\/01\/VinoForever_logo.png","contentUrl":"https:\/\/vinoforever.ee\/wp-content\/uploads\/2023\/01\/VinoForever_logo.png","width":800,"height":300,"caption":"Vinoforever O\u00dc"},"image":{"@id":"https:\/\/vinoforever.ee\/en\/#\/schema\/logo\/image\/"},"sameAs":["https:\/\/www.facebook.com\/vinoforever\/","https:\/\/www.instagram.com\/vinoforever_wines\/"]}]}},"_links":{"self":[{"href":"https:\/\/vinoforever.ee\/en\/wp-json\/wp\/v2\/product\/9350","targetHints":{"allow":["GET"]}}],"collection":[{"href":"https:\/\/vinoforever.ee\/en\/wp-json\/wp\/v2\/product"}],"about":[{"href":"https:\/\/vinoforever.ee\/en\/wp-json\/wp\/v2\/types\/product"}],"replies":[{"embeddable":true,"href":"https:\/\/vinoforever.ee\/en\/wp-json\/wp\/v2\/comments?post=9350"}],"version-history":[{"count":3,"href":"https:\/\/vinoforever.ee\/en\/wp-json\/wp\/v2\/product\/9350\/revisions"}],"predecessor-version":[{"id":11218,"href":"https:\/\/vinoforever.ee\/en\/wp-json\/wp\/v2\/product\/9350\/revisions\/11218"}],"wp:featuredmedia":[{"embeddable":true,"href":"https:\/\/vinoforever.ee\/en\/wp-json\/wp\/v2\/media\/9457"}],"wp:attachment":[{"href":"https:\/\/vinoforever.ee\/en\/wp-json\/wp\/v2\/media?parent=9350"}],"wp:term":[{"taxonomy":"product_brand","embeddable":true,"href":"https:\/\/vinoforever.ee\/en\/wp-json\/wp\/v2\/product_brand?post=9350"},{"taxonomy":"product_cat","embeddable":true,"href":"https:\/\/vinoforever.ee\/en\/wp-json\/wp\/v2\/product_cat?post=9350"},{"taxonomy":"product_tag","embeddable":true,"href":"https:\/\/vinoforever.ee\/en\/wp-json\/wp\/v2\/product_tag?post=9350"}],"curies":[{"name":"wp","href":"https:\/\/api.w.org\/{rel}","templated":true}]}}