{"id":9354,"date":"2023-02-27T09:00:37","date_gmt":"2023-02-27T07:00:37","guid":{"rendered":"https:\/\/vinoforever.ee\/?post_type=product&#038;p=9354"},"modified":"2025-11-07T17:03:56","modified_gmt":"2025-11-07T15:03:56","slug":"miquel-jane-baltana-rosado-orgaaniline-roosa-vein","status":"publish","type":"product","link":"https:\/\/vinoforever.ee\/en\/toode\/miquel-jane-baltana-rosado-orgaaniline-roosa-vein\/","title":{"rendered":"Miquel Jan\u00e9 Baltana Rosado"},"content":{"rendered":"<p><strong>Veinist:<\/strong> Vein on toodetud t\u00e4ielikult nende talus Cal Costases, viinapuuaed on umbes 500 m kaugusel veinikeldrist. Veini roosa v\u00e4rv tuleb kestadega koos k\u00e4\u00e4ritamisest, kestadel hoitakse 6\u201310 tundi, seej\u00e4rel pressitakse, k\u00e4\u00e4ritatakse kontrollitud temperatuuril, et s\u00e4ilitada maksimaalsed aroomid. Vein on heleda rubiinpunase tooniga, ei ole v\u00e4ga intensiivne. Aroomilt v\u00e4rske ja marjane, tunda maasikaid, granaat\u00f5una. Maitselt pehme, tunda samuti maasikaid.<\/p>\n<p><strong>Toidusoovitus:<\/strong> Suupistetega \u2013 oliivid, Manchego juust. Pastatoitudega, grillitud l\u00f5he juurde.<\/p>\n<p><strong>Serveerimis temperatuur:<\/strong>\u00a08-10\u00b0C<\/p>\n<p><strong>Alkoholisisaldus:<\/strong> 12,5%<\/p>\n<p><strong>Pudeli suurus:<\/strong> 75cl<\/p>\n<p>Mahe sertifitseerimis-\/kontroll asutus: ES-ECO-019-CT v\u00f5i Consell Catal\u00e0 de la Producci\u00f3 Agr\u00e0ria Ecol\u00f2gica<\/p>\n<p>&nbsp;<\/p>\n<p><iframe loading=\"lazy\" title=\"Weinprobe Baltana rose Miquel Jan\u00e9 Weinkeller\" width=\"500\" height=\"281\" src=\"https:\/\/www.youtube.com\/embed\/Sj7d82gpgC0?feature=oembed\" frameborder=\"0\" allow=\"accelerometer; autoplay; clipboard-write; encrypted-media; gyroscope; picture-in-picture; web-share\" referrerpolicy=\"strict-origin-when-cross-origin\" allowfullscreen><\/iframe><\/p>\n<p>&nbsp;<\/p>\n<p>&nbsp;<\/p>\n","protected":false},"excerpt":{"rendered":"<p>Veinist: Vein on toodetud t\u00e4ielikult nende talus Cal Costases, viinapuuaed on umbes 500 m kaugusel veinikeldrist. Veini roosa v\u00e4rv tuleb<\/p>\n","protected":false},"featured_media":9459,"comment_status":"open","ping_status":"closed","template":"","meta":[],"product_brand":[],"product_cat":[123],"product_tag":[],"class_list":{"0":"post-9354","1":"product","2":"type-product","3":"status-publish","4":"has-post-thumbnail","6":"product_cat-roosad-veinid","8":"first","9":"instock","10":"taxable","11":"shipping-taxable","12":"purchasable","13":"product-type-simple"},"yoast_head":"<!-- This site is optimized with the Yoast SEO plugin v27.1 - https:\/\/yoast.com\/product\/yoast-seo-wordpress\/ -->\n<title>Miquel Jan\u00e9 Baltana Rosado - Mahe roosa vein<\/title>\n<meta name=\"description\" content=\"See roosa orgaaniline vein on aroomilt v\u00e4rske ja marjane, tunda maasikaid, granaat\u00f5una. Maitselt pehme, tunda samuti maasikaid.\" \/>\n<meta name=\"robots\" content=\"index, follow, max-snippet:-1, max-image-preview:large, max-video-preview:-1\" \/>\n<link rel=\"canonical\" href=\"https:\/\/vinoforever.ee\/en\/toode\/miquel-jane-baltana-rosado-orgaaniline-roosa-vein\/\" \/>\n<meta property=\"og:locale\" content=\"en_US\" \/>\n<meta property=\"og:type\" content=\"article\" \/>\n<meta property=\"og:title\" content=\"Miquel Jan\u00e9 Baltana Rosado - Mahe roosa vein\" \/>\n<meta property=\"og:description\" content=\"See roosa orgaaniline vein on aroomilt v\u00e4rske ja marjane, tunda maasikaid, granaat\u00f5una. Maitselt pehme, tunda samuti maasikaid.\" \/>\n<meta property=\"og:url\" content=\"https:\/\/vinoforever.ee\/en\/toode\/miquel-jane-baltana-rosado-orgaaniline-roosa-vein\/\" \/>\n<meta property=\"og:site_name\" content=\"Vinoforever\" \/>\n<meta property=\"article:publisher\" content=\"https:\/\/www.facebook.com\/vinoforever\/\" \/>\n<meta property=\"article:modified_time\" content=\"2025-11-07T15:03:56+00:00\" \/>\n<meta property=\"og:image\" content=\"https:\/\/vinoforever.ee\/wp-content\/uploads\/2023\/02\/baltana-rosat-200.jpg\" \/>\n\t<meta property=\"og:image:width\" content=\"698\" \/>\n\t<meta property=\"og:image:height\" content=\"698\" \/>\n\t<meta property=\"og:image:type\" content=\"image\/jpeg\" \/>\n<meta name=\"twitter:label1\" content=\"Est. reading time\" \/>\n\t<meta name=\"twitter:data1\" content=\"1 minute\" \/>\n<script type=\"application\/ld+json\" class=\"yoast-schema-graph\">{\"@context\":\"https:\/\/schema.org\",\"@graph\":[{\"@type\":\"WebPage\",\"@id\":\"https:\/\/vinoforever.ee\/en\/toode\/miquel-jane-baltana-rosado-orgaaniline-roosa-vein\/\",\"url\":\"https:\/\/vinoforever.ee\/en\/toode\/miquel-jane-baltana-rosado-orgaaniline-roosa-vein\/\",\"name\":\"Miquel Jan\u00e9 Baltana Rosado - Mahe roosa vein\",\"isPartOf\":{\"@id\":\"https:\/\/vinoforever.ee\/en\/#website\"},\"primaryImageOfPage\":{\"@id\":\"https:\/\/vinoforever.ee\/en\/toode\/miquel-jane-baltana-rosado-orgaaniline-roosa-vein\/#primaryimage\"},\"image\":{\"@id\":\"https:\/\/vinoforever.ee\/en\/toode\/miquel-jane-baltana-rosado-orgaaniline-roosa-vein\/#primaryimage\"},\"thumbnailUrl\":\"https:\/\/vinoforever.ee\/wp-content\/uploads\/2023\/02\/baltana-rosat-200.jpg\",\"datePublished\":\"2023-02-27T07:00:37+00:00\",\"dateModified\":\"2025-11-07T15:03:56+00:00\",\"description\":\"See roosa orgaaniline vein on aroomilt v\u00e4rske ja marjane, tunda maasikaid, granaat\u00f5una. Maitselt pehme, tunda samuti maasikaid.\",\"breadcrumb\":{\"@id\":\"https:\/\/vinoforever.ee\/en\/toode\/miquel-jane-baltana-rosado-orgaaniline-roosa-vein\/#breadcrumb\"},\"inLanguage\":\"en-US\",\"potentialAction\":[{\"@type\":\"ReadAction\",\"target\":[\"https:\/\/vinoforever.ee\/en\/toode\/miquel-jane-baltana-rosado-orgaaniline-roosa-vein\/\"]}]},{\"@type\":\"ImageObject\",\"inLanguage\":\"en-US\",\"@id\":\"https:\/\/vinoforever.ee\/en\/toode\/miquel-jane-baltana-rosado-orgaaniline-roosa-vein\/#primaryimage\",\"url\":\"https:\/\/vinoforever.ee\/wp-content\/uploads\/2023\/02\/baltana-rosat-200.jpg\",\"contentUrl\":\"https:\/\/vinoforever.ee\/wp-content\/uploads\/2023\/02\/baltana-rosat-200.jpg\",\"width\":698,\"height\":698,\"caption\":\"Miquel Jan\u00e9 Baltana Rosado - Orgaaniline roosa vein\"},{\"@type\":\"BreadcrumbList\",\"@id\":\"https:\/\/vinoforever.ee\/en\/toode\/miquel-jane-baltana-rosado-orgaaniline-roosa-vein\/#breadcrumb\",\"itemListElement\":[{\"@type\":\"ListItem\",\"position\":1,\"name\":\"Home\",\"item\":\"https:\/\/vinoforever.ee\/en\/\"},{\"@type\":\"ListItem\",\"position\":2,\"name\":\"Shop\",\"item\":\"https:\/\/vinoforever.ee\/en\/shop\/\"},{\"@type\":\"ListItem\",\"position\":3,\"name\":\"Miquel Jan\u00e9 Baltana Rosado\"}]},{\"@type\":\"WebSite\",\"@id\":\"https:\/\/vinoforever.ee\/en\/#website\",\"url\":\"https:\/\/vinoforever.ee\/en\/\",\"name\":\"Vinoforever\",\"description\":\"Ainult head veinid\",\"publisher\":{\"@id\":\"https:\/\/vinoforever.ee\/en\/#organization\"},\"alternateName\":\"Mahedad veinid tunnustatud veinimajadelt\",\"potentialAction\":[{\"@type\":\"SearchAction\",\"target\":{\"@type\":\"EntryPoint\",\"urlTemplate\":\"https:\/\/vinoforever.ee\/en\/?s={search_term_string}\"},\"query-input\":{\"@type\":\"PropertyValueSpecification\",\"valueRequired\":true,\"valueName\":\"search_term_string\"}}],\"inLanguage\":\"en-US\"},{\"@type\":\"Organization\",\"@id\":\"https:\/\/vinoforever.ee\/en\/#organization\",\"name\":\"Vinoforever O\u00dc\",\"url\":\"https:\/\/vinoforever.ee\/en\/\",\"logo\":{\"@type\":\"ImageObject\",\"inLanguage\":\"en-US\",\"@id\":\"https:\/\/vinoforever.ee\/en\/#\/schema\/logo\/image\/\",\"url\":\"https:\/\/vinoforever.ee\/wp-content\/uploads\/2023\/01\/VinoForever_logo.png\",\"contentUrl\":\"https:\/\/vinoforever.ee\/wp-content\/uploads\/2023\/01\/VinoForever_logo.png\",\"width\":800,\"height\":300,\"caption\":\"Vinoforever O\u00dc\"},\"image\":{\"@id\":\"https:\/\/vinoforever.ee\/en\/#\/schema\/logo\/image\/\"},\"sameAs\":[\"https:\/\/www.facebook.com\/vinoforever\/\",\"https:\/\/www.instagram.com\/vinoforever_wines\/\"]}]}<\/script>\n<!-- \/ Yoast SEO plugin. -->","yoast_head_json":{"title":"Miquel Jan\u00e9 Baltana Rosado - Mahe roosa vein","description":"See roosa orgaaniline vein on aroomilt v\u00e4rske ja marjane, tunda maasikaid, granaat\u00f5una. Maitselt pehme, tunda samuti maasikaid.","robots":{"index":"index","follow":"follow","max-snippet":"max-snippet:-1","max-image-preview":"max-image-preview:large","max-video-preview":"max-video-preview:-1"},"canonical":"https:\/\/vinoforever.ee\/en\/toode\/miquel-jane-baltana-rosado-orgaaniline-roosa-vein\/","og_locale":"en_US","og_type":"article","og_title":"Miquel Jan\u00e9 Baltana Rosado - Mahe roosa vein","og_description":"See roosa orgaaniline vein on aroomilt v\u00e4rske ja marjane, tunda maasikaid, granaat\u00f5una. Maitselt pehme, tunda samuti maasikaid.","og_url":"https:\/\/vinoforever.ee\/en\/toode\/miquel-jane-baltana-rosado-orgaaniline-roosa-vein\/","og_site_name":"Vinoforever","article_publisher":"https:\/\/www.facebook.com\/vinoforever\/","article_modified_time":"2025-11-07T15:03:56+00:00","og_image":[{"width":698,"height":698,"url":"https:\/\/vinoforever.ee\/wp-content\/uploads\/2023\/02\/baltana-rosat-200.jpg","type":"image\/jpeg"}],"twitter_misc":{"Est. reading time":"1 minute"},"schema":{"@context":"https:\/\/schema.org","@graph":[{"@type":"WebPage","@id":"https:\/\/vinoforever.ee\/en\/toode\/miquel-jane-baltana-rosado-orgaaniline-roosa-vein\/","url":"https:\/\/vinoforever.ee\/en\/toode\/miquel-jane-baltana-rosado-orgaaniline-roosa-vein\/","name":"Miquel Jan\u00e9 Baltana Rosado - Mahe roosa vein","isPartOf":{"@id":"https:\/\/vinoforever.ee\/en\/#website"},"primaryImageOfPage":{"@id":"https:\/\/vinoforever.ee\/en\/toode\/miquel-jane-baltana-rosado-orgaaniline-roosa-vein\/#primaryimage"},"image":{"@id":"https:\/\/vinoforever.ee\/en\/toode\/miquel-jane-baltana-rosado-orgaaniline-roosa-vein\/#primaryimage"},"thumbnailUrl":"https:\/\/vinoforever.ee\/wp-content\/uploads\/2023\/02\/baltana-rosat-200.jpg","datePublished":"2023-02-27T07:00:37+00:00","dateModified":"2025-11-07T15:03:56+00:00","description":"See roosa orgaaniline vein on aroomilt v\u00e4rske ja marjane, tunda maasikaid, granaat\u00f5una. Maitselt pehme, tunda samuti maasikaid.","breadcrumb":{"@id":"https:\/\/vinoforever.ee\/en\/toode\/miquel-jane-baltana-rosado-orgaaniline-roosa-vein\/#breadcrumb"},"inLanguage":"en-US","potentialAction":[{"@type":"ReadAction","target":["https:\/\/vinoforever.ee\/en\/toode\/miquel-jane-baltana-rosado-orgaaniline-roosa-vein\/"]}]},{"@type":"ImageObject","inLanguage":"en-US","@id":"https:\/\/vinoforever.ee\/en\/toode\/miquel-jane-baltana-rosado-orgaaniline-roosa-vein\/#primaryimage","url":"https:\/\/vinoforever.ee\/wp-content\/uploads\/2023\/02\/baltana-rosat-200.jpg","contentUrl":"https:\/\/vinoforever.ee\/wp-content\/uploads\/2023\/02\/baltana-rosat-200.jpg","width":698,"height":698,"caption":"Miquel Jan\u00e9 Baltana Rosado - Orgaaniline roosa vein"},{"@type":"BreadcrumbList","@id":"https:\/\/vinoforever.ee\/en\/toode\/miquel-jane-baltana-rosado-orgaaniline-roosa-vein\/#breadcrumb","itemListElement":[{"@type":"ListItem","position":1,"name":"Home","item":"https:\/\/vinoforever.ee\/en\/"},{"@type":"ListItem","position":2,"name":"Shop","item":"https:\/\/vinoforever.ee\/en\/shop\/"},{"@type":"ListItem","position":3,"name":"Miquel Jan\u00e9 Baltana Rosado"}]},{"@type":"WebSite","@id":"https:\/\/vinoforever.ee\/en\/#website","url":"https:\/\/vinoforever.ee\/en\/","name":"Vinoforever","description":"Ainult head veinid","publisher":{"@id":"https:\/\/vinoforever.ee\/en\/#organization"},"alternateName":"Mahedad veinid tunnustatud veinimajadelt","potentialAction":[{"@type":"SearchAction","target":{"@type":"EntryPoint","urlTemplate":"https:\/\/vinoforever.ee\/en\/?s={search_term_string}"},"query-input":{"@type":"PropertyValueSpecification","valueRequired":true,"valueName":"search_term_string"}}],"inLanguage":"en-US"},{"@type":"Organization","@id":"https:\/\/vinoforever.ee\/en\/#organization","name":"Vinoforever O\u00dc","url":"https:\/\/vinoforever.ee\/en\/","logo":{"@type":"ImageObject","inLanguage":"en-US","@id":"https:\/\/vinoforever.ee\/en\/#\/schema\/logo\/image\/","url":"https:\/\/vinoforever.ee\/wp-content\/uploads\/2023\/01\/VinoForever_logo.png","contentUrl":"https:\/\/vinoforever.ee\/wp-content\/uploads\/2023\/01\/VinoForever_logo.png","width":800,"height":300,"caption":"Vinoforever O\u00dc"},"image":{"@id":"https:\/\/vinoforever.ee\/en\/#\/schema\/logo\/image\/"},"sameAs":["https:\/\/www.facebook.com\/vinoforever\/","https:\/\/www.instagram.com\/vinoforever_wines\/"]}]}},"_links":{"self":[{"href":"https:\/\/vinoforever.ee\/en\/wp-json\/wp\/v2\/product\/9354","targetHints":{"allow":["GET"]}}],"collection":[{"href":"https:\/\/vinoforever.ee\/en\/wp-json\/wp\/v2\/product"}],"about":[{"href":"https:\/\/vinoforever.ee\/en\/wp-json\/wp\/v2\/types\/product"}],"replies":[{"embeddable":true,"href":"https:\/\/vinoforever.ee\/en\/wp-json\/wp\/v2\/comments?post=9354"}],"version-history":[{"count":5,"href":"https:\/\/vinoforever.ee\/en\/wp-json\/wp\/v2\/product\/9354\/revisions"}],"predecessor-version":[{"id":12179,"href":"https:\/\/vinoforever.ee\/en\/wp-json\/wp\/v2\/product\/9354\/revisions\/12179"}],"wp:featuredmedia":[{"embeddable":true,"href":"https:\/\/vinoforever.ee\/en\/wp-json\/wp\/v2\/media\/9459"}],"wp:attachment":[{"href":"https:\/\/vinoforever.ee\/en\/wp-json\/wp\/v2\/media?parent=9354"}],"wp:term":[{"taxonomy":"product_brand","embeddable":true,"href":"https:\/\/vinoforever.ee\/en\/wp-json\/wp\/v2\/product_brand?post=9354"},{"taxonomy":"product_cat","embeddable":true,"href":"https:\/\/vinoforever.ee\/en\/wp-json\/wp\/v2\/product_cat?post=9354"},{"taxonomy":"product_tag","embeddable":true,"href":"https:\/\/vinoforever.ee\/en\/wp-json\/wp\/v2\/product_tag?post=9354"}],"curies":[{"name":"wp","href":"https:\/\/api.w.org\/{rel}","templated":true}]}}