{"id":9360,"date":"2023-02-27T09:08:40","date_gmt":"2023-02-27T07:08:40","guid":{"rendered":"https:\/\/vinoforever.ee\/?post_type=product&#038;p=9360"},"modified":"2025-11-07T17:03:39","modified_gmt":"2025-11-07T15:03:39","slug":"miquel-jane-syrah-orgaaniline-punane-vein","status":"publish","type":"product","link":"https:\/\/vinoforever.ee\/en\/toode\/miquel-jane-syrah-orgaaniline-punane-vein\/","title":{"rendered":"Miquel Jan\u00e9 Syrah"},"content":{"rendered":"<p><strong>Veinist:<\/strong> Viinamarjad on p\u00e4rit 25-aastastest viinapuudest, mis asuvad Foix\u2019 looduspargis Castellet i la Gornalis. Viinamarjad koristatakse masinaga varahommikul ja transporditakse kohe veinikotta. Vein k\u00e4\u00e4rib koos kestadega kontrollitud temperatuuril 23 kraadi juures. Maitse j\u00e4rgi otsustatakse millal (10\u201315 p\u00e4eva) kestad eemaldatakse, \u00f5rnalt pressides. Kui k\u00e4\u00e4rimine on l\u00f5ppenud, algab malolaktiline k\u00e4\u00e4rimine. P\u00e4rast seda k\u00fcpseb roostevabast terases mahutites 4\u20135 kuud, tehes mitu batonnage\u2019i. Syrah\u2019le iseloomuliku v\u00e4rviga, mis on granaat\u00f5unamahla tooni lillaka varjundiga. Aroomilt lopsakalt marjane \u2013 kirss, maasikas, tunda ka Syrah\u2019le omast piprasust. Maitselt v\u00e4rske, marjane, tunda ka \u00fcrdisust. Vein on heas tasakaalus, v\u00e4rskete marjatanniinidega.<\/p>\n<p><strong>Toidusoovitus:<\/strong> Ideaalne kaaslane v\u00e4rskete juustudega \u2013 Brie, Camembert.<\/p>\n<p><strong>Serveerimis temperatuur:<\/strong> 16-18\u00b0C<\/p>\n<p><strong>Alkoholisisaldus:<\/strong> 13,5%<\/p>\n<p><strong>Pudeli suurus:<\/strong> 75cl<\/p>\n<p>Mahe sertifitseerimis-\/kontroll asutus: ES-ECO-019-CT v\u00f5i Consell Catal\u00e0 de la Producci\u00f3 Agr\u00e0ria Ecol\u00f2gica<\/p>\n<table border=\"0\" width=\"497\" cellspacing=\"0\" cellpadding=\"0\">\n<colgroup>\n<col width=\"497\" \/><\/colgroup>\n<tbody>\n<tr>\n<td class=\"xl65\" width=\"497\" height=\"20\"><\/td>\n<\/tr>\n<\/tbody>\n<\/table>\n<p><iframe loading=\"lazy\" title=\"Wine tasting Syrah, Miquel Jan\u00e9 cellar\" width=\"500\" height=\"281\" src=\"https:\/\/www.youtube.com\/embed\/jRuZecME14M?feature=oembed\" frameborder=\"0\" allow=\"accelerometer; autoplay; clipboard-write; encrypted-media; gyroscope; picture-in-picture; web-share\" referrerpolicy=\"strict-origin-when-cross-origin\" allowfullscreen><\/iframe><\/p>\n","protected":false},"excerpt":{"rendered":"<p>Veinist: Viinamarjad on p\u00e4rit 25-aastastest viinapuudest, mis asuvad Foix\u2019 looduspargis Castellet i la Gornalis. Viinamarjad koristatakse masinaga varahommikul ja transporditakse<\/p>\n","protected":false},"featured_media":9461,"comment_status":"open","ping_status":"closed","template":"","meta":[],"product_brand":[],"product_cat":[20],"product_tag":[],"class_list":{"0":"post-9360","1":"product","2":"type-product","3":"status-publish","4":"has-post-thumbnail","6":"product_cat-punased-veinid","8":"first","9":"instock","10":"taxable","11":"shipping-taxable","12":"purchasable","13":"product-type-simple"},"yoast_head":"<!-- This site is optimized with the Yoast SEO plugin v27.1 - https:\/\/yoast.com\/product\/yoast-seo-wordpress\/ -->\n<title>Miquel Jan\u00e9 Syrah - Mahe punane vein<\/title>\n<meta name=\"description\" content=\"See orgaaniline punane vein on aroomilt lopsakalt marjane \u2013 kirss, maasikas, tunda ka Syrah\u2019le omast piprasust. Maitselt v\u00e4rske, marjane, tunda ka \u00fcrdisust.\" \/>\n<meta name=\"robots\" content=\"index, follow, max-snippet:-1, max-image-preview:large, max-video-preview:-1\" \/>\n<link rel=\"canonical\" href=\"https:\/\/vinoforever.ee\/en\/toode\/miquel-jane-syrah-orgaaniline-punane-vein\/\" \/>\n<meta property=\"og:locale\" content=\"en_US\" \/>\n<meta property=\"og:type\" content=\"article\" \/>\n<meta property=\"og:title\" content=\"Miquel Jan\u00e9 Syrah - Mahe punane vein\" \/>\n<meta property=\"og:description\" content=\"See orgaaniline punane vein on aroomilt lopsakalt marjane \u2013 kirss, maasikas, tunda ka Syrah\u2019le omast piprasust. Maitselt v\u00e4rske, marjane, tunda ka \u00fcrdisust.\" \/>\n<meta property=\"og:url\" content=\"https:\/\/vinoforever.ee\/en\/toode\/miquel-jane-syrah-orgaaniline-punane-vein\/\" \/>\n<meta property=\"og:site_name\" content=\"Vinoforever\" \/>\n<meta property=\"article:publisher\" content=\"https:\/\/www.facebook.com\/vinoforever\/\" \/>\n<meta property=\"article:modified_time\" content=\"2025-11-07T15:03:39+00:00\" \/>\n<meta property=\"og:image\" content=\"https:\/\/vinoforever.ee\/wp-content\/uploads\/2023\/02\/syrah200.jpg\" \/>\n\t<meta property=\"og:image:width\" content=\"698\" \/>\n\t<meta property=\"og:image:height\" content=\"698\" \/>\n\t<meta property=\"og:image:type\" content=\"image\/jpeg\" \/>\n<meta name=\"twitter:label1\" content=\"Est. reading time\" \/>\n\t<meta name=\"twitter:data1\" content=\"1 minute\" \/>\n<script type=\"application\/ld+json\" class=\"yoast-schema-graph\">{\"@context\":\"https:\/\/schema.org\",\"@graph\":[{\"@type\":\"WebPage\",\"@id\":\"https:\/\/vinoforever.ee\/en\/toode\/miquel-jane-syrah-orgaaniline-punane-vein\/\",\"url\":\"https:\/\/vinoforever.ee\/en\/toode\/miquel-jane-syrah-orgaaniline-punane-vein\/\",\"name\":\"Miquel Jan\u00e9 Syrah - Mahe punane vein\",\"isPartOf\":{\"@id\":\"https:\/\/vinoforever.ee\/en\/#website\"},\"primaryImageOfPage\":{\"@id\":\"https:\/\/vinoforever.ee\/en\/toode\/miquel-jane-syrah-orgaaniline-punane-vein\/#primaryimage\"},\"image\":{\"@id\":\"https:\/\/vinoforever.ee\/en\/toode\/miquel-jane-syrah-orgaaniline-punane-vein\/#primaryimage\"},\"thumbnailUrl\":\"https:\/\/vinoforever.ee\/wp-content\/uploads\/2023\/02\/syrah200.jpg\",\"datePublished\":\"2023-02-27T07:08:40+00:00\",\"dateModified\":\"2025-11-07T15:03:39+00:00\",\"description\":\"See orgaaniline punane vein on aroomilt lopsakalt marjane \u2013 kirss, maasikas, tunda ka Syrah\u2019le omast piprasust. Maitselt v\u00e4rske, marjane, tunda ka \u00fcrdisust.\",\"breadcrumb\":{\"@id\":\"https:\/\/vinoforever.ee\/en\/toode\/miquel-jane-syrah-orgaaniline-punane-vein\/#breadcrumb\"},\"inLanguage\":\"en-US\",\"potentialAction\":[{\"@type\":\"ReadAction\",\"target\":[\"https:\/\/vinoforever.ee\/en\/toode\/miquel-jane-syrah-orgaaniline-punane-vein\/\"]}]},{\"@type\":\"ImageObject\",\"inLanguage\":\"en-US\",\"@id\":\"https:\/\/vinoforever.ee\/en\/toode\/miquel-jane-syrah-orgaaniline-punane-vein\/#primaryimage\",\"url\":\"https:\/\/vinoforever.ee\/wp-content\/uploads\/2023\/02\/syrah200.jpg\",\"contentUrl\":\"https:\/\/vinoforever.ee\/wp-content\/uploads\/2023\/02\/syrah200.jpg\",\"width\":698,\"height\":698,\"caption\":\"Miquel Jan\u00e9 Syrah - Orgaaniline punane vein\"},{\"@type\":\"BreadcrumbList\",\"@id\":\"https:\/\/vinoforever.ee\/en\/toode\/miquel-jane-syrah-orgaaniline-punane-vein\/#breadcrumb\",\"itemListElement\":[{\"@type\":\"ListItem\",\"position\":1,\"name\":\"Home\",\"item\":\"https:\/\/vinoforever.ee\/en\/\"},{\"@type\":\"ListItem\",\"position\":2,\"name\":\"Shop\",\"item\":\"https:\/\/vinoforever.ee\/en\/shop\/\"},{\"@type\":\"ListItem\",\"position\":3,\"name\":\"Miquel Jan\u00e9 Syrah\"}]},{\"@type\":\"WebSite\",\"@id\":\"https:\/\/vinoforever.ee\/en\/#website\",\"url\":\"https:\/\/vinoforever.ee\/en\/\",\"name\":\"Vinoforever\",\"description\":\"Ainult head veinid\",\"publisher\":{\"@id\":\"https:\/\/vinoforever.ee\/en\/#organization\"},\"alternateName\":\"Mahedad veinid tunnustatud veinimajadelt\",\"potentialAction\":[{\"@type\":\"SearchAction\",\"target\":{\"@type\":\"EntryPoint\",\"urlTemplate\":\"https:\/\/vinoforever.ee\/en\/?s={search_term_string}\"},\"query-input\":{\"@type\":\"PropertyValueSpecification\",\"valueRequired\":true,\"valueName\":\"search_term_string\"}}],\"inLanguage\":\"en-US\"},{\"@type\":\"Organization\",\"@id\":\"https:\/\/vinoforever.ee\/en\/#organization\",\"name\":\"Vinoforever O\u00dc\",\"url\":\"https:\/\/vinoforever.ee\/en\/\",\"logo\":{\"@type\":\"ImageObject\",\"inLanguage\":\"en-US\",\"@id\":\"https:\/\/vinoforever.ee\/en\/#\/schema\/logo\/image\/\",\"url\":\"https:\/\/vinoforever.ee\/wp-content\/uploads\/2023\/01\/VinoForever_logo.png\",\"contentUrl\":\"https:\/\/vinoforever.ee\/wp-content\/uploads\/2023\/01\/VinoForever_logo.png\",\"width\":800,\"height\":300,\"caption\":\"Vinoforever O\u00dc\"},\"image\":{\"@id\":\"https:\/\/vinoforever.ee\/en\/#\/schema\/logo\/image\/\"},\"sameAs\":[\"https:\/\/www.facebook.com\/vinoforever\/\",\"https:\/\/www.instagram.com\/vinoforever_wines\/\"]}]}<\/script>\n<!-- \/ Yoast SEO plugin. -->","yoast_head_json":{"title":"Miquel Jan\u00e9 Syrah - Mahe punane vein","description":"See orgaaniline punane vein on aroomilt lopsakalt marjane \u2013 kirss, maasikas, tunda ka Syrah\u2019le omast piprasust. Maitselt v\u00e4rske, marjane, tunda ka \u00fcrdisust.","robots":{"index":"index","follow":"follow","max-snippet":"max-snippet:-1","max-image-preview":"max-image-preview:large","max-video-preview":"max-video-preview:-1"},"canonical":"https:\/\/vinoforever.ee\/en\/toode\/miquel-jane-syrah-orgaaniline-punane-vein\/","og_locale":"en_US","og_type":"article","og_title":"Miquel Jan\u00e9 Syrah - Mahe punane vein","og_description":"See orgaaniline punane vein on aroomilt lopsakalt marjane \u2013 kirss, maasikas, tunda ka Syrah\u2019le omast piprasust. Maitselt v\u00e4rske, marjane, tunda ka \u00fcrdisust.","og_url":"https:\/\/vinoforever.ee\/en\/toode\/miquel-jane-syrah-orgaaniline-punane-vein\/","og_site_name":"Vinoforever","article_publisher":"https:\/\/www.facebook.com\/vinoforever\/","article_modified_time":"2025-11-07T15:03:39+00:00","og_image":[{"width":698,"height":698,"url":"https:\/\/vinoforever.ee\/wp-content\/uploads\/2023\/02\/syrah200.jpg","type":"image\/jpeg"}],"twitter_misc":{"Est. reading time":"1 minute"},"schema":{"@context":"https:\/\/schema.org","@graph":[{"@type":"WebPage","@id":"https:\/\/vinoforever.ee\/en\/toode\/miquel-jane-syrah-orgaaniline-punane-vein\/","url":"https:\/\/vinoforever.ee\/en\/toode\/miquel-jane-syrah-orgaaniline-punane-vein\/","name":"Miquel Jan\u00e9 Syrah - Mahe punane vein","isPartOf":{"@id":"https:\/\/vinoforever.ee\/en\/#website"},"primaryImageOfPage":{"@id":"https:\/\/vinoforever.ee\/en\/toode\/miquel-jane-syrah-orgaaniline-punane-vein\/#primaryimage"},"image":{"@id":"https:\/\/vinoforever.ee\/en\/toode\/miquel-jane-syrah-orgaaniline-punane-vein\/#primaryimage"},"thumbnailUrl":"https:\/\/vinoforever.ee\/wp-content\/uploads\/2023\/02\/syrah200.jpg","datePublished":"2023-02-27T07:08:40+00:00","dateModified":"2025-11-07T15:03:39+00:00","description":"See orgaaniline punane vein on aroomilt lopsakalt marjane \u2013 kirss, maasikas, tunda ka Syrah\u2019le omast piprasust. Maitselt v\u00e4rske, marjane, tunda ka \u00fcrdisust.","breadcrumb":{"@id":"https:\/\/vinoforever.ee\/en\/toode\/miquel-jane-syrah-orgaaniline-punane-vein\/#breadcrumb"},"inLanguage":"en-US","potentialAction":[{"@type":"ReadAction","target":["https:\/\/vinoforever.ee\/en\/toode\/miquel-jane-syrah-orgaaniline-punane-vein\/"]}]},{"@type":"ImageObject","inLanguage":"en-US","@id":"https:\/\/vinoforever.ee\/en\/toode\/miquel-jane-syrah-orgaaniline-punane-vein\/#primaryimage","url":"https:\/\/vinoforever.ee\/wp-content\/uploads\/2023\/02\/syrah200.jpg","contentUrl":"https:\/\/vinoforever.ee\/wp-content\/uploads\/2023\/02\/syrah200.jpg","width":698,"height":698,"caption":"Miquel Jan\u00e9 Syrah - Orgaaniline punane vein"},{"@type":"BreadcrumbList","@id":"https:\/\/vinoforever.ee\/en\/toode\/miquel-jane-syrah-orgaaniline-punane-vein\/#breadcrumb","itemListElement":[{"@type":"ListItem","position":1,"name":"Home","item":"https:\/\/vinoforever.ee\/en\/"},{"@type":"ListItem","position":2,"name":"Shop","item":"https:\/\/vinoforever.ee\/en\/shop\/"},{"@type":"ListItem","position":3,"name":"Miquel Jan\u00e9 Syrah"}]},{"@type":"WebSite","@id":"https:\/\/vinoforever.ee\/en\/#website","url":"https:\/\/vinoforever.ee\/en\/","name":"Vinoforever","description":"Ainult head veinid","publisher":{"@id":"https:\/\/vinoforever.ee\/en\/#organization"},"alternateName":"Mahedad veinid tunnustatud veinimajadelt","potentialAction":[{"@type":"SearchAction","target":{"@type":"EntryPoint","urlTemplate":"https:\/\/vinoforever.ee\/en\/?s={search_term_string}"},"query-input":{"@type":"PropertyValueSpecification","valueRequired":true,"valueName":"search_term_string"}}],"inLanguage":"en-US"},{"@type":"Organization","@id":"https:\/\/vinoforever.ee\/en\/#organization","name":"Vinoforever O\u00dc","url":"https:\/\/vinoforever.ee\/en\/","logo":{"@type":"ImageObject","inLanguage":"en-US","@id":"https:\/\/vinoforever.ee\/en\/#\/schema\/logo\/image\/","url":"https:\/\/vinoforever.ee\/wp-content\/uploads\/2023\/01\/VinoForever_logo.png","contentUrl":"https:\/\/vinoforever.ee\/wp-content\/uploads\/2023\/01\/VinoForever_logo.png","width":800,"height":300,"caption":"Vinoforever O\u00dc"},"image":{"@id":"https:\/\/vinoforever.ee\/en\/#\/schema\/logo\/image\/"},"sameAs":["https:\/\/www.facebook.com\/vinoforever\/","https:\/\/www.instagram.com\/vinoforever_wines\/"]}]}},"_links":{"self":[{"href":"https:\/\/vinoforever.ee\/en\/wp-json\/wp\/v2\/product\/9360","targetHints":{"allow":["GET"]}}],"collection":[{"href":"https:\/\/vinoforever.ee\/en\/wp-json\/wp\/v2\/product"}],"about":[{"href":"https:\/\/vinoforever.ee\/en\/wp-json\/wp\/v2\/types\/product"}],"replies":[{"embeddable":true,"href":"https:\/\/vinoforever.ee\/en\/wp-json\/wp\/v2\/comments?post=9360"}],"version-history":[{"count":5,"href":"https:\/\/vinoforever.ee\/en\/wp-json\/wp\/v2\/product\/9360\/revisions"}],"predecessor-version":[{"id":12189,"href":"https:\/\/vinoforever.ee\/en\/wp-json\/wp\/v2\/product\/9360\/revisions\/12189"}],"wp:featuredmedia":[{"embeddable":true,"href":"https:\/\/vinoforever.ee\/en\/wp-json\/wp\/v2\/media\/9461"}],"wp:attachment":[{"href":"https:\/\/vinoforever.ee\/en\/wp-json\/wp\/v2\/media?parent=9360"}],"wp:term":[{"taxonomy":"product_brand","embeddable":true,"href":"https:\/\/vinoforever.ee\/en\/wp-json\/wp\/v2\/product_brand?post=9360"},{"taxonomy":"product_cat","embeddable":true,"href":"https:\/\/vinoforever.ee\/en\/wp-json\/wp\/v2\/product_cat?post=9360"},{"taxonomy":"product_tag","embeddable":true,"href":"https:\/\/vinoforever.ee\/en\/wp-json\/wp\/v2\/product_tag?post=9360"}],"curies":[{"name":"wp","href":"https:\/\/api.w.org\/{rel}","templated":true}]}}