{"id":9371,"date":"2023-02-27T09:29:07","date_gmt":"2023-02-27T07:29:07","guid":{"rendered":"https:\/\/vinoforever.ee\/?post_type=product&#038;p=9371"},"modified":"2025-09-21T20:10:18","modified_gmt":"2025-09-21T18:10:18","slug":"miquel-jane-classic-penedes-reserva-sauvignon-blanc-orgaaniline-vahuvein","status":"publish","type":"product","link":"https:\/\/vinoforever.ee\/en\/toode\/miquel-jane-classic-penedes-reserva-sauvignon-blanc-orgaaniline-vahuvein\/","title":{"rendered":"Miquel Jan\u00e9 Classic Penedes Reserva Sauvignon Blanc Brut Nature"},"content":{"rendered":"<p><strong>Veinist:<\/strong> Traditsioonilisel meetodil valmistatud vahuvein, mis on settel k\u00fcpsenud v\u00e4hemalt 15 kuud. See vahuvein on 100% orgaaniline, 100% Pened\u00e8s ja 100% Reserva. Unikaalne vahuvein, mis on valmistatud veinimaja t\u00e4htsordist, milleks on Sauvignon Blanc. Vein on s\u00e4rava kuldse tooniga, mullid t\u00f5usevad pehmelt pinnale. L\u00f5hnas tunda troopilisi puuvilju, lillelisust ja settel k\u00fcpsemisest tulenevat r\u00f6stisust. Maitses tunda samuti puuvilju: lit\u0161it, granaat\u00f5una, laimi, ananassi, pirni. Heas tasakaalus kompleksne vein, avaneb klaasis, tuues esile \u00fcha uusi n\u00fcansse ja arengunoote.<\/p>\n<p><strong>Toidusoovitus:<\/strong> Aperitiiviks, kergemate toitudega: eelroad, valge liha, aga ka puuviljadega. Ideaalne niisama nautimiseks.<\/p>\n<p><strong>Serveerimis temperatuur:<\/strong>\u00a08-10\u00b0C<\/p>\n<p><strong>Alkoholisisaldus:<\/strong> 12%<\/p>\n<p><strong>Pudeli suurus:<\/strong> 75cl<\/p>\n<p>Mahe sertifitseerimis-\/kontroll asutus: ES-ECO-019-CT v\u00f5i Consell Catal\u00e0 de la Producci\u00f3 Agr\u00e0ria Ecol\u00f2gica<\/p>\n<p><iframe loading=\"lazy\" title=\"Wine tasting Cla\u0300ssic Penede\u0300s Sauvignon Blanc, Miquel Jan\u00e9 cellar\" width=\"500\" height=\"281\" src=\"https:\/\/www.youtube.com\/embed\/amwTdh5I6L0?feature=oembed\" frameborder=\"0\" allow=\"accelerometer; autoplay; clipboard-write; encrypted-media; gyroscope; picture-in-picture; web-share\" referrerpolicy=\"strict-origin-when-cross-origin\" allowfullscreen><\/iframe><\/p>\n","protected":false},"excerpt":{"rendered":"<p>Veinist: Traditsioonilisel meetodil valmistatud vahuvein, mis on settel k\u00fcpsenud v\u00e4hemalt 15 kuud. See vahuvein on 100% orgaaniline, 100% Pened\u00e8s ja<\/p>\n","protected":false},"featured_media":11831,"comment_status":"open","ping_status":"closed","template":"","meta":[],"product_brand":[],"product_cat":[71],"product_tag":[],"class_list":{"0":"post-9371","1":"product","2":"type-product","3":"status-publish","4":"has-post-thumbnail","6":"product_cat-vahuveinid","8":"first","9":"instock","10":"taxable","11":"shipping-taxable","12":"purchasable","13":"product-type-simple"},"yoast_head":"<!-- This site is optimized with the Yoast SEO plugin v27.1 - https:\/\/yoast.com\/product\/yoast-seo-wordpress\/ -->\n<title>Miquel Jan\u00e9 Classic Penedes Reserva Sauvignon Blanc - Mahe vahuvein<\/title>\n<meta name=\"description\" content=\"Unikaalne vahuvein, mis on valmistatud veinimaja t\u00e4htsordist, milleks on Sauvignon Blanc. Heas tasakaalus, avaneb klaasis, tuues esile \u00fcha uusi n\u00fcansse ja arengunoote.\" \/>\n<meta name=\"robots\" content=\"index, follow, max-snippet:-1, max-image-preview:large, max-video-preview:-1\" \/>\n<link rel=\"canonical\" href=\"https:\/\/vinoforever.ee\/en\/toode\/miquel-jane-classic-penedes-reserva-sauvignon-blanc-orgaaniline-vahuvein\/\" \/>\n<meta property=\"og:locale\" content=\"en_US\" \/>\n<meta property=\"og:type\" content=\"article\" \/>\n<meta property=\"og:title\" content=\"Miquel Jan\u00e9 Classic Penedes Reserva Sauvignon Blanc - Mahe vahuvein\" \/>\n<meta property=\"og:description\" content=\"Unikaalne vahuvein, mis on valmistatud veinimaja t\u00e4htsordist, milleks on Sauvignon Blanc. Heas tasakaalus, avaneb klaasis, tuues esile \u00fcha uusi n\u00fcansse ja arengunoote.\" \/>\n<meta property=\"og:url\" content=\"https:\/\/vinoforever.ee\/en\/toode\/miquel-jane-classic-penedes-reserva-sauvignon-blanc-orgaaniline-vahuvein\/\" \/>\n<meta property=\"og:site_name\" content=\"Vinoforever\" \/>\n<meta property=\"article:publisher\" content=\"https:\/\/www.facebook.com\/vinoforever\/\" \/>\n<meta property=\"article:modified_time\" content=\"2025-09-21T18:10:18+00:00\" \/>\n<meta property=\"og:image\" content=\"https:\/\/vinoforever.ee\/wp-content\/uploads\/2024\/03\/classic-sauvignon-sense-capsula-740x740-1.png\" \/>\n\t<meta property=\"og:image:width\" content=\"740\" \/>\n\t<meta property=\"og:image:height\" content=\"740\" \/>\n\t<meta property=\"og:image:type\" content=\"image\/png\" \/>\n<meta name=\"twitter:label1\" content=\"Est. reading time\" \/>\n\t<meta name=\"twitter:data1\" content=\"1 minute\" \/>\n<script type=\"application\/ld+json\" class=\"yoast-schema-graph\">{\"@context\":\"https:\/\/schema.org\",\"@graph\":[{\"@type\":\"WebPage\",\"@id\":\"https:\/\/vinoforever.ee\/en\/toode\/miquel-jane-classic-penedes-reserva-sauvignon-blanc-orgaaniline-vahuvein\/\",\"url\":\"https:\/\/vinoforever.ee\/en\/toode\/miquel-jane-classic-penedes-reserva-sauvignon-blanc-orgaaniline-vahuvein\/\",\"name\":\"Miquel Jan\u00e9 Classic Penedes Reserva Sauvignon Blanc - Mahe vahuvein\",\"isPartOf\":{\"@id\":\"https:\/\/vinoforever.ee\/en\/#website\"},\"primaryImageOfPage\":{\"@id\":\"https:\/\/vinoforever.ee\/en\/toode\/miquel-jane-classic-penedes-reserva-sauvignon-blanc-orgaaniline-vahuvein\/#primaryimage\"},\"image\":{\"@id\":\"https:\/\/vinoforever.ee\/en\/toode\/miquel-jane-classic-penedes-reserva-sauvignon-blanc-orgaaniline-vahuvein\/#primaryimage\"},\"thumbnailUrl\":\"https:\/\/vinoforever.ee\/wp-content\/uploads\/2024\/03\/classic-sauvignon-sense-capsula-740x740-1.png\",\"datePublished\":\"2023-02-27T07:29:07+00:00\",\"dateModified\":\"2025-09-21T18:10:18+00:00\",\"description\":\"Unikaalne vahuvein, mis on valmistatud veinimaja t\u00e4htsordist, milleks on Sauvignon Blanc. Heas tasakaalus, avaneb klaasis, tuues esile \u00fcha uusi n\u00fcansse ja arengunoote.\",\"breadcrumb\":{\"@id\":\"https:\/\/vinoforever.ee\/en\/toode\/miquel-jane-classic-penedes-reserva-sauvignon-blanc-orgaaniline-vahuvein\/#breadcrumb\"},\"inLanguage\":\"en-US\",\"potentialAction\":[{\"@type\":\"ReadAction\",\"target\":[\"https:\/\/vinoforever.ee\/en\/toode\/miquel-jane-classic-penedes-reserva-sauvignon-blanc-orgaaniline-vahuvein\/\"]}]},{\"@type\":\"ImageObject\",\"inLanguage\":\"en-US\",\"@id\":\"https:\/\/vinoforever.ee\/en\/toode\/miquel-jane-classic-penedes-reserva-sauvignon-blanc-orgaaniline-vahuvein\/#primaryimage\",\"url\":\"https:\/\/vinoforever.ee\/wp-content\/uploads\/2024\/03\/classic-sauvignon-sense-capsula-740x740-1.png\",\"contentUrl\":\"https:\/\/vinoforever.ee\/wp-content\/uploads\/2024\/03\/classic-sauvignon-sense-capsula-740x740-1.png\",\"width\":740,\"height\":740},{\"@type\":\"BreadcrumbList\",\"@id\":\"https:\/\/vinoforever.ee\/en\/toode\/miquel-jane-classic-penedes-reserva-sauvignon-blanc-orgaaniline-vahuvein\/#breadcrumb\",\"itemListElement\":[{\"@type\":\"ListItem\",\"position\":1,\"name\":\"Home\",\"item\":\"https:\/\/vinoforever.ee\/en\/\"},{\"@type\":\"ListItem\",\"position\":2,\"name\":\"Shop\",\"item\":\"https:\/\/vinoforever.ee\/en\/shop\/\"},{\"@type\":\"ListItem\",\"position\":3,\"name\":\"Miquel Jan\u00e9 Classic Penedes Reserva Sauvignon Blanc Brut Nature\"}]},{\"@type\":\"WebSite\",\"@id\":\"https:\/\/vinoforever.ee\/en\/#website\",\"url\":\"https:\/\/vinoforever.ee\/en\/\",\"name\":\"Vinoforever\",\"description\":\"Ainult head veinid\",\"publisher\":{\"@id\":\"https:\/\/vinoforever.ee\/en\/#organization\"},\"alternateName\":\"Mahedad veinid tunnustatud veinimajadelt\",\"potentialAction\":[{\"@type\":\"SearchAction\",\"target\":{\"@type\":\"EntryPoint\",\"urlTemplate\":\"https:\/\/vinoforever.ee\/en\/?s={search_term_string}\"},\"query-input\":{\"@type\":\"PropertyValueSpecification\",\"valueRequired\":true,\"valueName\":\"search_term_string\"}}],\"inLanguage\":\"en-US\"},{\"@type\":\"Organization\",\"@id\":\"https:\/\/vinoforever.ee\/en\/#organization\",\"name\":\"Vinoforever O\u00dc\",\"url\":\"https:\/\/vinoforever.ee\/en\/\",\"logo\":{\"@type\":\"ImageObject\",\"inLanguage\":\"en-US\",\"@id\":\"https:\/\/vinoforever.ee\/en\/#\/schema\/logo\/image\/\",\"url\":\"https:\/\/vinoforever.ee\/wp-content\/uploads\/2023\/01\/VinoForever_logo.png\",\"contentUrl\":\"https:\/\/vinoforever.ee\/wp-content\/uploads\/2023\/01\/VinoForever_logo.png\",\"width\":800,\"height\":300,\"caption\":\"Vinoforever O\u00dc\"},\"image\":{\"@id\":\"https:\/\/vinoforever.ee\/en\/#\/schema\/logo\/image\/\"},\"sameAs\":[\"https:\/\/www.facebook.com\/vinoforever\/\",\"https:\/\/www.instagram.com\/vinoforever_wines\/\"]}]}<\/script>\n<!-- \/ Yoast SEO plugin. -->","yoast_head_json":{"title":"Miquel Jan\u00e9 Classic Penedes Reserva Sauvignon Blanc - Mahe vahuvein","description":"Unikaalne vahuvein, mis on valmistatud veinimaja t\u00e4htsordist, milleks on Sauvignon Blanc. Heas tasakaalus, avaneb klaasis, tuues esile \u00fcha uusi n\u00fcansse ja arengunoote.","robots":{"index":"index","follow":"follow","max-snippet":"max-snippet:-1","max-image-preview":"max-image-preview:large","max-video-preview":"max-video-preview:-1"},"canonical":"https:\/\/vinoforever.ee\/en\/toode\/miquel-jane-classic-penedes-reserva-sauvignon-blanc-orgaaniline-vahuvein\/","og_locale":"en_US","og_type":"article","og_title":"Miquel Jan\u00e9 Classic Penedes Reserva Sauvignon Blanc - Mahe vahuvein","og_description":"Unikaalne vahuvein, mis on valmistatud veinimaja t\u00e4htsordist, milleks on Sauvignon Blanc. Heas tasakaalus, avaneb klaasis, tuues esile \u00fcha uusi n\u00fcansse ja arengunoote.","og_url":"https:\/\/vinoforever.ee\/en\/toode\/miquel-jane-classic-penedes-reserva-sauvignon-blanc-orgaaniline-vahuvein\/","og_site_name":"Vinoforever","article_publisher":"https:\/\/www.facebook.com\/vinoforever\/","article_modified_time":"2025-09-21T18:10:18+00:00","og_image":[{"width":740,"height":740,"url":"https:\/\/vinoforever.ee\/wp-content\/uploads\/2024\/03\/classic-sauvignon-sense-capsula-740x740-1.png","type":"image\/png"}],"twitter_misc":{"Est. reading time":"1 minute"},"schema":{"@context":"https:\/\/schema.org","@graph":[{"@type":"WebPage","@id":"https:\/\/vinoforever.ee\/en\/toode\/miquel-jane-classic-penedes-reserva-sauvignon-blanc-orgaaniline-vahuvein\/","url":"https:\/\/vinoforever.ee\/en\/toode\/miquel-jane-classic-penedes-reserva-sauvignon-blanc-orgaaniline-vahuvein\/","name":"Miquel Jan\u00e9 Classic Penedes Reserva Sauvignon Blanc - Mahe vahuvein","isPartOf":{"@id":"https:\/\/vinoforever.ee\/en\/#website"},"primaryImageOfPage":{"@id":"https:\/\/vinoforever.ee\/en\/toode\/miquel-jane-classic-penedes-reserva-sauvignon-blanc-orgaaniline-vahuvein\/#primaryimage"},"image":{"@id":"https:\/\/vinoforever.ee\/en\/toode\/miquel-jane-classic-penedes-reserva-sauvignon-blanc-orgaaniline-vahuvein\/#primaryimage"},"thumbnailUrl":"https:\/\/vinoforever.ee\/wp-content\/uploads\/2024\/03\/classic-sauvignon-sense-capsula-740x740-1.png","datePublished":"2023-02-27T07:29:07+00:00","dateModified":"2025-09-21T18:10:18+00:00","description":"Unikaalne vahuvein, mis on valmistatud veinimaja t\u00e4htsordist, milleks on Sauvignon Blanc. Heas tasakaalus, avaneb klaasis, tuues esile \u00fcha uusi n\u00fcansse ja arengunoote.","breadcrumb":{"@id":"https:\/\/vinoforever.ee\/en\/toode\/miquel-jane-classic-penedes-reserva-sauvignon-blanc-orgaaniline-vahuvein\/#breadcrumb"},"inLanguage":"en-US","potentialAction":[{"@type":"ReadAction","target":["https:\/\/vinoforever.ee\/en\/toode\/miquel-jane-classic-penedes-reserva-sauvignon-blanc-orgaaniline-vahuvein\/"]}]},{"@type":"ImageObject","inLanguage":"en-US","@id":"https:\/\/vinoforever.ee\/en\/toode\/miquel-jane-classic-penedes-reserva-sauvignon-blanc-orgaaniline-vahuvein\/#primaryimage","url":"https:\/\/vinoforever.ee\/wp-content\/uploads\/2024\/03\/classic-sauvignon-sense-capsula-740x740-1.png","contentUrl":"https:\/\/vinoforever.ee\/wp-content\/uploads\/2024\/03\/classic-sauvignon-sense-capsula-740x740-1.png","width":740,"height":740},{"@type":"BreadcrumbList","@id":"https:\/\/vinoforever.ee\/en\/toode\/miquel-jane-classic-penedes-reserva-sauvignon-blanc-orgaaniline-vahuvein\/#breadcrumb","itemListElement":[{"@type":"ListItem","position":1,"name":"Home","item":"https:\/\/vinoforever.ee\/en\/"},{"@type":"ListItem","position":2,"name":"Shop","item":"https:\/\/vinoforever.ee\/en\/shop\/"},{"@type":"ListItem","position":3,"name":"Miquel Jan\u00e9 Classic Penedes Reserva Sauvignon Blanc Brut Nature"}]},{"@type":"WebSite","@id":"https:\/\/vinoforever.ee\/en\/#website","url":"https:\/\/vinoforever.ee\/en\/","name":"Vinoforever","description":"Ainult head veinid","publisher":{"@id":"https:\/\/vinoforever.ee\/en\/#organization"},"alternateName":"Mahedad veinid tunnustatud veinimajadelt","potentialAction":[{"@type":"SearchAction","target":{"@type":"EntryPoint","urlTemplate":"https:\/\/vinoforever.ee\/en\/?s={search_term_string}"},"query-input":{"@type":"PropertyValueSpecification","valueRequired":true,"valueName":"search_term_string"}}],"inLanguage":"en-US"},{"@type":"Organization","@id":"https:\/\/vinoforever.ee\/en\/#organization","name":"Vinoforever O\u00dc","url":"https:\/\/vinoforever.ee\/en\/","logo":{"@type":"ImageObject","inLanguage":"en-US","@id":"https:\/\/vinoforever.ee\/en\/#\/schema\/logo\/image\/","url":"https:\/\/vinoforever.ee\/wp-content\/uploads\/2023\/01\/VinoForever_logo.png","contentUrl":"https:\/\/vinoforever.ee\/wp-content\/uploads\/2023\/01\/VinoForever_logo.png","width":800,"height":300,"caption":"Vinoforever O\u00dc"},"image":{"@id":"https:\/\/vinoforever.ee\/en\/#\/schema\/logo\/image\/"},"sameAs":["https:\/\/www.facebook.com\/vinoforever\/","https:\/\/www.instagram.com\/vinoforever_wines\/"]}]}},"_links":{"self":[{"href":"https:\/\/vinoforever.ee\/en\/wp-json\/wp\/v2\/product\/9371","targetHints":{"allow":["GET"]}}],"collection":[{"href":"https:\/\/vinoforever.ee\/en\/wp-json\/wp\/v2\/product"}],"about":[{"href":"https:\/\/vinoforever.ee\/en\/wp-json\/wp\/v2\/types\/product"}],"replies":[{"embeddable":true,"href":"https:\/\/vinoforever.ee\/en\/wp-json\/wp\/v2\/comments?post=9371"}],"version-history":[{"count":5,"href":"https:\/\/vinoforever.ee\/en\/wp-json\/wp\/v2\/product\/9371\/revisions"}],"predecessor-version":[{"id":11222,"href":"https:\/\/vinoforever.ee\/en\/wp-json\/wp\/v2\/product\/9371\/revisions\/11222"}],"wp:featuredmedia":[{"embeddable":true,"href":"https:\/\/vinoforever.ee\/en\/wp-json\/wp\/v2\/media\/11831"}],"wp:attachment":[{"href":"https:\/\/vinoforever.ee\/en\/wp-json\/wp\/v2\/media?parent=9371"}],"wp:term":[{"taxonomy":"product_brand","embeddable":true,"href":"https:\/\/vinoforever.ee\/en\/wp-json\/wp\/v2\/product_brand?post=9371"},{"taxonomy":"product_cat","embeddable":true,"href":"https:\/\/vinoforever.ee\/en\/wp-json\/wp\/v2\/product_cat?post=9371"},{"taxonomy":"product_tag","embeddable":true,"href":"https:\/\/vinoforever.ee\/en\/wp-json\/wp\/v2\/product_tag?post=9371"}],"curies":[{"name":"wp","href":"https:\/\/api.w.org\/{rel}","templated":true}]}}